{"id":390,"date":"2018-09-27T21:23:19","date_gmt":"2018-09-27T21:23:19","guid":{"rendered":"https:\/\/stranijezici.ffzg.unizg.hr\/?page_id=390"},"modified":"2018-12-12T00:35:47","modified_gmt":"2018-12-12T00:35:47","slug":"vol41n2","status":"publish","type":"page","link":"https:\/\/stranijezici.ffzg.unizg.hr\/index.php\/vol41n2\/","title":{"rendered":"Vol 41. (2)"},"content":{"rendered":"<ul style=\"list-style-type:none\">\n<li><a href=\"https:\/\/stranijezici.ffzg.unizg.hr\/wp-content\/uploads\/2018\/12\/sj41_2_str113-114.pdf\" target=\"_blank\"><strong>UVODNA RIJE\u010c<\/strong><\/a> (str. 113-114)<\/li>\n<p>  &nbsp;<\/p>\n<li><a href=\"https:\/\/stranijezici.ffzg.unizg.hr\/wp-content\/uploads\/2018\/12\/sj41_2_str115-140.pdf\" target=\"_blank\"><strong>CORPUS-BASED ANALYSIS OF PARTICIPLE CLAUSES IN ENGLISH AND CROATIAN MARITIME INSTITUTIONAL TEXTS<\/strong><\/a> (str. 115-140)<\/li>\n<ul style=\"list-style-type:none\">\n<li>&emsp;&emsp; Mirjana Borucinsky, Sandra Tominac Coslovich<\/li>\n<li>&emsp;&emsp; Izvorni znanstveni \u010dlanak<\/li>\n<\/ul>\n<\/li>\n<p>  &nbsp;<\/p>\n<li><a href=\"https:\/\/stranijezici.ffzg.unizg.hr\/wp-content\/uploads\/2018\/12\/sj41_2_str141-152.pdf\" target=\"_blank\"><strong>TERMINOLO\u0160KE SLO\u017dENICE, KOLOKABILNOST I NORMA<\/strong><\/a> (str. 141-152)<\/li>\n<ul style=\"list-style-type:none\">\n<li>&emsp;&emsp; Ivana \u0160piranec<\/li>\n<li>&emsp;&emsp; Izvorni znanstveni \u010dlanak<\/li>\n<\/ul>\n<\/li>\n<p>  &nbsp;<\/p>\n<li><a href=\"https:\/\/stranijezici.ffzg.unizg.hr\/wp-content\/uploads\/2018\/12\/sj41_2_str153-170.pdf\" target=\"_blank\"><strong>DVA U JEDAN, JEDAN U DVA: VJEROVANJA U\u010cENIKA I U\u010cITELJA O U\u010cENJU DVAJU STRANIH JEZIKA<\/strong><\/a> (str. 153-170)<\/li>\n<ul style=\"list-style-type:none\">\n<li>&emsp;&emsp; Nino\u010dka Truck-Biljan<\/li>\n<li>&emsp;&emsp; Izvorni znanstveni \u010dlanak<\/li>\n<\/ul>\n<\/li>\n<p>  &nbsp;<\/p>\n<li><a href=\"https:\/\/stranijezici.ffzg.unizg.hr\/wp-content\/uploads\/2018\/12\/sj41_2_str171-192.pdf\" target=\"_blank\"><strong>POPSONGS IM DAF-UNTERRICHT<\/strong><\/a> (str. 171-192)<\/li>\n<ul style=\"list-style-type:none\">\n<li>&emsp;&emsp; Irena Petru\u0161i\u0107-Hluch\u00fd<\/li>\n<li>&emsp;&emsp; Stru\u010dni \u010dlanak<\/li>\n<\/ul>\n<\/li>\n<p>  &nbsp;<\/p>\n<li><a href=\"https:\/\/stranijezici.ffzg.unizg.hr\/wp-content\/uploads\/2018\/12\/sj41_2_str193-206.pdf\" target=\"_blank\"><strong>LIRSKA PJESMA U NASTAVI ENGLESKOGA JEZIKA<\/strong><\/a> (str. 193-206)<\/li>\n<ul style=\"list-style-type:none\">\n<li>&emsp;&emsp; Leonarda Lovrovi\u0107<\/li>\n<li>&emsp;&emsp; Stru\u010dni \u010dlanak<\/li>\n<\/ul>\n<\/li>\n<p>  &nbsp;<\/p>\n<li><a href=\"https:\/\/stranijezici.ffzg.unizg.hr\/wp-content\/uploads\/2018\/12\/sj41_2_str207-218.pdf\" target=\"_blank\"><strong>\u017dIVE SLIKE U NASTAVI STRANIH JEZIKA<\/strong><\/a> (str. 207-218)<\/li>\n<ul style=\"list-style-type:none\">\n<li>&emsp;&emsp; Mirna Jak\u0161i\u0107<\/li>\n<li>&emsp;&emsp; Stru\u010dni \u010dlanak<\/li>\n<\/ul>\n<\/li>\n<p>  &nbsp;<\/p>\n<li><a href=\"https:\/\/stranijezici.ffzg.unizg.hr\/wp-content\/uploads\/2018\/12\/sj41_2_str219-222.pdf\" target=\"_blank\"><strong>PRIKAZ ZBORNIKA \u201eINTRODUIRE LE PORTFOLIO EUROP\u00c9EN DES LANGUES\u201c<\/strong><\/a> (str. 219-222)<\/li>\n<ul style=\"list-style-type:none\">\n<li>&emsp;&emsp; Gorana Biki\u0107-Cari\u0107<\/li>\n<li>&emsp;&emsp; Prikaz<\/li>\n<\/ul>\n<\/li>\n<p>  &nbsp;<\/p>\n<li><a href=\"https:\/\/stranijezici.ffzg.unizg.hr\/wp-content\/uploads\/2018\/12\/sj41_2_str223.pdf\" target=\"_blank\"><strong>PRIKAZ GRAMATI\u010cKE VJE\u017dBENICE KOCHBUCH DER DEUTSCHEN GRAMMATIK 2<\/strong><\/a> (str. 223-226)<\/li>\n<ul style=\"list-style-type:none\">\n<li>&emsp;&emsp; Sanja Cimer<\/li>\n<li>&emsp;&emsp; Prikaz<\/li>\n<\/ul>\n<\/li>\n<p>  &nbsp;\n<\/ul>\n","protected":false},"excerpt":{"rendered":"<p>UVODNA RIJE\u010c (str. 113-114) &nbsp; CORPUS-BASED ANALYSIS OF PARTICIPLE CLAUSES IN ENGLISH AND CROATIAN MARITIME INSTITUTIONAL TEXTS (str. 115-140) &emsp;&emsp; Mirjana Borucinsky, Sandra Tominac Coslovich &emsp;&emsp; Izvorni znanstveni \u010dlanak &nbsp; TERMINOLO\u0160KE SLO\u017dENICE, KOLOKABILNOST I NORMA (str. 141-152) &emsp;&emsp; Ivana \u0160piranec &emsp;&emsp; Izvorni znanstveni \u010dlanak &nbsp; DVA U JEDAN, JEDAN U DVA: VJEROVANJA U\u010cENIKA I U\u010cITELJA &hellip; <\/p>\n<p class=\"link-more\"><a href=\"https:\/\/stranijezici.ffzg.unizg.hr\/index.php\/vol41n2\/\" class=\"more-link\">Continue reading<span class=\"screen-reader-text\"> &#8220;Vol 41. (2)&#8221;<\/span><\/a><\/p>\n","protected":false},"author":2,"featured_media":0,"parent":0,"menu_order":0,"comment_status":"closed","ping_status":"closed","template":"","meta":{"ngg_post_thumbnail":0,"footnotes":""},"class_list":["post-390","page","type-page","status-publish","hentry"],"_links":{"self":[{"href":"https:\/\/stranijezici.ffzg.unizg.hr\/index.php\/wp-json\/wp\/v2\/pages\/390","targetHints":{"allow":["GET"]}}],"collection":[{"href":"https:\/\/stranijezici.ffzg.unizg.hr\/index.php\/wp-json\/wp\/v2\/pages"}],"about":[{"href":"https:\/\/stranijezici.ffzg.unizg.hr\/index.php\/wp-json\/wp\/v2\/types\/page"}],"author":[{"embeddable":true,"href":"https:\/\/stranijezici.ffzg.unizg.hr\/index.php\/wp-json\/wp\/v2\/users\/2"}],"replies":[{"embeddable":true,"href":"https:\/\/stranijezici.ffzg.unizg.hr\/index.php\/wp-json\/wp\/v2\/comments?post=390"}],"version-history":[{"count":7,"href":"https:\/\/stranijezici.ffzg.unizg.hr\/index.php\/wp-json\/wp\/v2\/pages\/390\/revisions"}],"predecessor-version":[{"id":1552,"href":"https:\/\/stranijezici.ffzg.unizg.hr\/index.php\/wp-json\/wp\/v2\/pages\/390\/revisions\/1552"}],"wp:attachment":[{"href":"https:\/\/stranijezici.ffzg.unizg.hr\/index.php\/wp-json\/wp\/v2\/media?parent=390"}],"curies":[{"name":"wp","href":"https:\/\/api.w.org\/{rel}","templated":true}]}}