{"id":3680,"date":"2022-06-02T13:03:34","date_gmt":"2022-06-02T13:03:34","guid":{"rendered":"https:\/\/stranijezici.ffzg.unizg.hr\/?page_id=3680"},"modified":"2022-06-04T18:07:40","modified_gmt":"2022-06-04T18:07:40","slug":"vol-51-1","status":"publish","type":"page","link":"https:\/\/stranijezici.ffzg.unizg.hr\/index.php\/vol-51-1\/","title":{"rendered":"Vol 51. (1)"},"content":{"rendered":"<p><span style=\"font-size: 11pt; color: #447373;\"><strong>2022.,<\/strong> <strong>Vol. 51, No. 1<\/strong><\/span><br \/>\n<span style=\"font-size: 11pt;\"><br \/>\n<\/span><span style=\"font-size: 11pt;\">Dario Mari\u0107<\/span><br \/>\n<span style=\"font-size: 11pt;\"><strong><a href=\"https:\/\/stranijezici.ffzg.unizg.hr\/wp-content\/uploads\/2022\/06\/SJ_51_1_1.pdf\">Das prosodische Muster bei der \u00c4u\u00dferung von Unfassbarem im Deutschen<br \/>\n<\/a><\/strong>&#8211; str. 5<\/span><br \/>\n<span style=\"font-size: 11pt;\">(izvorni znanstveni rad)<\/span><\/p>\n<p><span style=\"font-size: 11pt;\">Iva Lu\u010dev, Lucija Luki\u0107 Jakop\u010devi\u0107 i Vi\u0161nja \u0160piljak<\/span><br \/>\n<span style=\"font-size: 11pt;\"><strong><a href=\"https:\/\/stranijezici.ffzg.unizg.hr\/wp-content\/uploads\/2022\/06\/SJ_51_1_2.pdf\">Iskustva predava\u010da stranih jezika struke u visokom \u0161kolstvu Republike Hrvatske u <em>online <\/em>nastavi 2020.<br \/>\n<\/a><\/strong>&#8211; str. 23<\/span><br \/>\n<span style=\"font-size: 11pt;\">(izvorni znanstveni rad)<\/span><\/p>\n<p><span style=\"font-size: 11pt;\">Daliborka Sari\u0107 i Majda Boji\u0107<\/span><br \/>\n<span style=\"font-size: 11pt;\"><strong><a href=\"https:\/\/stranijezici.ffzg.unizg.hr\/wp-content\/uploads\/2022\/06\/SJ_51_1_3.pdf\">Reforma portugalskoga pravopisa<br \/>\n<\/a><\/strong>&#8211; str. 55<\/span><br \/>\n<span style=\"font-size: 11pt;\">(pregledni rad)<\/span><\/p>\n<p><span style=\"font-size: 11pt;\">Vildana Dubravac<\/span><br \/>\n<span style=\"font-size: 11pt;\"><strong><a href=\"https:\/\/stranijezici.ffzg.unizg.hr\/wp-content\/uploads\/2022\/06\/SJ_51_1_4.pdf\">Explicit and implicit knowledge of English tenses of primary school EFL learners in Bosnia and Herzegovina<br \/>\n<\/a><\/strong>&#8211; str. 77<\/span><br \/>\n<span style=\"font-size: 11pt;\">(prethodno priop\u0107enje)<\/span><\/p>\n<p><span style=\"font-size: 11pt;\">Manuela Karlak, Rahaela Varga i Ivana \u0106osi\u0107<\/span><br \/>\n<span style=\"font-size: 11pt;\"><strong><a href=\"https:\/\/stranijezici.ffzg.unizg.hr\/wp-content\/uploads\/2022\/06\/SJ_51_1_5.pdf\">Kompetencije za pou\u010davanje djece rane i pred\u0161kolske dobi engleskom kao stranom jeziku<br \/>\n<\/a><\/strong>&#8211; str. 105<\/span><br \/>\n<span style=\"font-size: 11pt;\">(stru\u010dni rad)<\/span><\/p>\n<p>&nbsp;<\/p>\n<p><span style=\"color: #447373; font-size: 11pt;\"><strong>Prikazi<\/strong><\/span><\/p>\n<p><span style=\"font-size: 11pt;\"><strong><a href=\"https:\/\/stranijezici.ffzg.unizg.hr\/wp-content\/uploads\/2022\/06\/SJ_51_1_6.pdf\">Alene Moyer (2021) The Gifted Language Learner: A Case of Nature or Nurture?<br \/>\n<\/a><\/strong>&#8211; str. 127<\/span><br \/>\n<span style=\"font-size: 11pt;\">Jasenka \u010cengi\u0107<\/span><\/p>\n<p><span style=\"font-size: 11pt;\"><strong><a href=\"https:\/\/stranijezici.ffzg.unizg.hr\/wp-content\/uploads\/2022\/06\/SJ_51_1_7.pdf\">XXXV. me\u0111unarodni znanstveni skup HDPL-a: <em>Jezik u digitalnom okru\u017eenju<br \/>\n<\/em><\/a><\/strong>&#8211; str. 131<\/span><br \/>\n<span style=\"font-size: 11pt;\">Ana Miki\u0107 \u010coli\u0107 i Maja Glu\u0161ac<\/span><\/p>\n<p><span style=\"font-size: 11pt;\"><strong><a href=\"https:\/\/stranijezici.ffzg.unizg.hr\/wp-content\/uploads\/2022\/06\/SJ_51_1_8.pdf\">X. me\u0111unarodni znanstveni skup Dijete i jezik danas: <em>\u010citanje u suvremenom okru\u017eenju\/Reading in Contemporary Context<br \/>\n<\/em><\/a><\/strong>&#8211; str. 137<\/span><br \/>\n<span style=\"font-size: 11pt;\">Ivana Trtanj<\/span><\/p>\n<p>&nbsp;<\/p>\n<p><span style=\"font-size: 11pt;\"> <img loading=\"lazy\" decoding=\"async\" class=\"alignnone size-full wp-image-3703\" src=\"https:\/\/stranijezici.ffzg.unizg.hr\/wp-content\/uploads\/2022\/06\/NASLOVNICA-51-1-2022-A-i-B.png\" alt=\"\" width=\"754\" height=\"526\" srcset=\"https:\/\/stranijezici.ffzg.unizg.hr\/wp-content\/uploads\/2022\/06\/NASLOVNICA-51-1-2022-A-i-B.png 754w, https:\/\/stranijezici.ffzg.unizg.hr\/wp-content\/uploads\/2022\/06\/NASLOVNICA-51-1-2022-A-i-B-300x209.png 300w, https:\/\/stranijezici.ffzg.unizg.hr\/wp-content\/uploads\/2022\/06\/NASLOVNICA-51-1-2022-A-i-B-24x17.png 24w, https:\/\/stranijezici.ffzg.unizg.hr\/wp-content\/uploads\/2022\/06\/NASLOVNICA-51-1-2022-A-i-B-36x25.png 36w, https:\/\/stranijezici.ffzg.unizg.hr\/wp-content\/uploads\/2022\/06\/NASLOVNICA-51-1-2022-A-i-B-48x33.png 48w\" sizes=\"auto, (max-width: 706px) 89vw, (max-width: 767px) 82vw, 740px\" \/><br \/>\n<\/span><\/p>\n<p><img loading=\"lazy\" decoding=\"async\" class=\"alignnone size-full wp-image-3704\" src=\"https:\/\/stranijezici.ffzg.unizg.hr\/wp-content\/uploads\/2022\/06\/NASLOVNICA-51-1-2022-A.png\" alt=\"\" width=\"400\" height=\"581\" srcset=\"https:\/\/stranijezici.ffzg.unizg.hr\/wp-content\/uploads\/2022\/06\/NASLOVNICA-51-1-2022-A.png 400w, https:\/\/stranijezici.ffzg.unizg.hr\/wp-content\/uploads\/2022\/06\/NASLOVNICA-51-1-2022-A-207x300.png 207w, https:\/\/stranijezici.ffzg.unizg.hr\/wp-content\/uploads\/2022\/06\/NASLOVNICA-51-1-2022-A-17x24.png 17w, https:\/\/stranijezici.ffzg.unizg.hr\/wp-content\/uploads\/2022\/06\/NASLOVNICA-51-1-2022-A-25x36.png 25w, https:\/\/stranijezici.ffzg.unizg.hr\/wp-content\/uploads\/2022\/06\/NASLOVNICA-51-1-2022-A-33x48.png 33w\" sizes=\"auto, (max-width: 400px) 100vw, 400px\" \/><\/p>\n","protected":false},"excerpt":{"rendered":"<p>2022., Vol. 51, No. 1 Dario Mari\u0107 Das prosodische Muster bei der \u00c4u\u00dferung von Unfassbarem im Deutschen &#8211; str. 5 (izvorni znanstveni rad) Iva Lu\u010dev, Lucija Luki\u0107 Jakop\u010devi\u0107 i Vi\u0161nja \u0160piljak Iskustva predava\u010da stranih jezika struke u visokom \u0161kolstvu Republike Hrvatske u online nastavi 2020. &#8211; str. 23 (izvorni znanstveni rad) Daliborka Sari\u0107 i Majda &hellip; <\/p>\n<p class=\"link-more\"><a href=\"https:\/\/stranijezici.ffzg.unizg.hr\/index.php\/vol-51-1\/\" class=\"more-link\">Continue reading<span class=\"screen-reader-text\"> &#8220;Vol 51. (1)&#8221;<\/span><\/a><\/p>\n","protected":false},"author":3,"featured_media":0,"parent":0,"menu_order":0,"comment_status":"closed","ping_status":"closed","template":"","meta":{"ngg_post_thumbnail":0,"footnotes":""},"class_list":["post-3680","page","type-page","status-publish","hentry"],"_links":{"self":[{"href":"https:\/\/stranijezici.ffzg.unizg.hr\/index.php\/wp-json\/wp\/v2\/pages\/3680","targetHints":{"allow":["GET"]}}],"collection":[{"href":"https:\/\/stranijezici.ffzg.unizg.hr\/index.php\/wp-json\/wp\/v2\/pages"}],"about":[{"href":"https:\/\/stranijezici.ffzg.unizg.hr\/index.php\/wp-json\/wp\/v2\/types\/page"}],"author":[{"embeddable":true,"href":"https:\/\/stranijezici.ffzg.unizg.hr\/index.php\/wp-json\/wp\/v2\/users\/3"}],"replies":[{"embeddable":true,"href":"https:\/\/stranijezici.ffzg.unizg.hr\/index.php\/wp-json\/wp\/v2\/comments?post=3680"}],"version-history":[{"count":16,"href":"https:\/\/stranijezici.ffzg.unizg.hr\/index.php\/wp-json\/wp\/v2\/pages\/3680\/revisions"}],"predecessor-version":[{"id":3714,"href":"https:\/\/stranijezici.ffzg.unizg.hr\/index.php\/wp-json\/wp\/v2\/pages\/3680\/revisions\/3714"}],"wp:attachment":[{"href":"https:\/\/stranijezici.ffzg.unizg.hr\/index.php\/wp-json\/wp\/v2\/media?parent=3680"}],"curies":[{"name":"wp","href":"https:\/\/api.w.org\/{rel}","templated":true}]}}