{"id":322,"date":"2018-09-23T13:57:57","date_gmt":"2018-09-23T13:57:57","guid":{"rendered":"https:\/\/stranijezici.ffzg.unizg.hr\/?page_id=322"},"modified":"2020-02-07T12:04:39","modified_gmt":"2020-02-07T12:04:39","slug":"vol44n1","status":"publish","type":"page","link":"https:\/\/stranijezici.ffzg.unizg.hr\/index.php\/vol44n1\/","title":{"rendered":"Vol 44. (1)"},"content":{"rendered":"<ul style=\"list-style-type:none\">\n<li><a href=\"https:\/\/stranijezici.ffzg.unizg.hr\/wp-content\/uploads\/2018\/09\/sj44_1_str4-28.pdf\" target=\"_blank\"><strong>ZADOVOLJSTVO POSLOM NASTAVNIKA NJEMA\u010cKOGA JEZIKA U HRVATSKOJ <\/strong><\/a> (str. 4-28)<\/li>\n<ul style=\"list-style-type:none\">\n<li>&emsp;&emsp; Jasminka Pernjek, Ivana Mati\u0107<\/li>\n<li>&emsp;&emsp; Izvorni znanstveni \u010dlanak<\/li>\n<\/ul>\n<\/li>\n<p>  &nbsp;<\/p>\n<li><a href=\"https:\/\/stranijezici.ffzg.unizg.hr\/wp-content\/uploads\/2018\/09\/sj44_1_str29-53.pdf\" target=\"_blank\"><strong>POTI\u010cU LI UD\u017dBENICI ZA RANO U\u010cENJE STRANOG JEZIKA RAZVOJ STRATEGIJA U\u010cENJA VOKABULARA? <\/strong><\/a> (str. 29-53)<\/li>\n<ul style=\"list-style-type:none\">\n<li>&emsp;&emsp; Marija Andraka, Ankica Jurkovi\u0107<\/li>\n<li>&emsp;&emsp; Izvorni znanstveni \u010dlanak<\/li>\n<\/ul>\n<\/li>\n<p>  &nbsp;<\/p>\n<li><a href=\"https:\/\/stranijezici.ffzg.unizg.hr\/wp-content\/uploads\/2018\/09\/sj44_1_str54-66.pdf\" target=\"_blank\"><strong>ODNOS STRATEGIJA U\u010cENJA I AFEKTIVNIH \u010cIMBENIKA U U\u010cENJU STRANIH JEZIKA<\/strong><\/a> (str. 54-66)<\/li>\n<ul style=\"list-style-type:none\">\n<li>&emsp;&emsp; Ivana Mati\u0107<\/li>\n<li>&emsp;&emsp; Pregledni \u010dlanak<\/li>\n<\/ul>\n<\/li>\n<p>  &nbsp;<\/p>\n<li><a href=\"https:\/\/stranijezici.ffzg.unizg.hr\/wp-content\/uploads\/2018\/09\/sj44_1_str67-69.pdf\" target=\"_blank\"><strong>PRIKAZ RJE\u010cNIKA DIZIONARIO DELLE COLLOCAZIONI. LE COMBINAZIONI DELLE PAROLE IN ITALIANO. <\/strong><\/a> (str. 67-69)<\/li>\n<ul style=\"list-style-type:none\">\n<li>&emsp;&emsp; Vesna De\u017eeljin<\/li>\n<li>&emsp;&emsp; Prikaz<\/li>\n<\/ul>\n<\/li>\n<p>  &nbsp;<\/p>\n<li><a href=\"https:\/\/stranijezici.ffzg.unizg.hr\/wp-content\/uploads\/2018\/09\/sj44_1_str70-73.pdf\" target=\"_blank\"><strong>I. ME\u0110UNARODNA KONFERENCIJA UDRUGE NASTAVNIKA JEZIKA STRUKE NA VISOKO\u0160KOLSKIM USTANOVAMA &#8220;OD TEORIJE DO PRAKSE U JEZIKU STRUKE\u201d<\/strong><\/a> (str. 70-73)<\/li>\n<ul style=\"list-style-type:none\">\n<li>&emsp;&emsp; Izidora Radek<\/li>\n<li>&emsp;&emsp; Prikaz<\/li>\n<\/ul>\n<\/li>\n<p>  &nbsp;\n<\/ul>\n","protected":false},"excerpt":{"rendered":"<p>ZADOVOLJSTVO POSLOM NASTAVNIKA NJEMA\u010cKOGA JEZIKA U HRVATSKOJ (str. 4-28) &emsp;&emsp; Jasminka Pernjek, Ivana Mati\u0107 &emsp;&emsp; Izvorni znanstveni \u010dlanak &nbsp; POTI\u010cU LI UD\u017dBENICI ZA RANO U\u010cENJE STRANOG JEZIKA RAZVOJ STRATEGIJA U\u010cENJA VOKABULARA? (str. 29-53) &emsp;&emsp; Marija Andraka, Ankica Jurkovi\u0107 &emsp;&emsp; Izvorni znanstveni \u010dlanak &nbsp; ODNOS STRATEGIJA U\u010cENJA I AFEKTIVNIH \u010cIMBENIKA U U\u010cENJU STRANIH JEZIKA (str. 54-66) &hellip; <\/p>\n<p class=\"link-more\"><a href=\"https:\/\/stranijezici.ffzg.unizg.hr\/index.php\/vol44n1\/\" class=\"more-link\">Continue reading<span class=\"screen-reader-text\"> &#8220;Vol 44. (1)&#8221;<\/span><\/a><\/p>\n","protected":false},"author":2,"featured_media":0,"parent":0,"menu_order":0,"comment_status":"closed","ping_status":"closed","template":"","meta":{"ngg_post_thumbnail":0,"footnotes":""},"class_list":["post-322","page","type-page","status-publish","hentry"],"_links":{"self":[{"href":"https:\/\/stranijezici.ffzg.unizg.hr\/index.php\/wp-json\/wp\/v2\/pages\/322","targetHints":{"allow":["GET"]}}],"collection":[{"href":"https:\/\/stranijezici.ffzg.unizg.hr\/index.php\/wp-json\/wp\/v2\/pages"}],"about":[{"href":"https:\/\/stranijezici.ffzg.unizg.hr\/index.php\/wp-json\/wp\/v2\/types\/page"}],"author":[{"embeddable":true,"href":"https:\/\/stranijezici.ffzg.unizg.hr\/index.php\/wp-json\/wp\/v2\/users\/2"}],"replies":[{"embeddable":true,"href":"https:\/\/stranijezici.ffzg.unizg.hr\/index.php\/wp-json\/wp\/v2\/comments?post=322"}],"version-history":[{"count":6,"href":"https:\/\/stranijezici.ffzg.unizg.hr\/index.php\/wp-json\/wp\/v2\/pages\/322\/revisions"}],"predecessor-version":[{"id":1984,"href":"https:\/\/stranijezici.ffzg.unizg.hr\/index.php\/wp-json\/wp\/v2\/pages\/322\/revisions\/1984"}],"wp:attachment":[{"href":"https:\/\/stranijezici.ffzg.unizg.hr\/index.php\/wp-json\/wp\/v2\/media?parent=322"}],"curies":[{"name":"wp","href":"https:\/\/api.w.org\/{rel}","templated":true}]}}