{"id":320,"date":"2018-09-23T13:57:27","date_gmt":"2018-09-23T13:57:27","guid":{"rendered":"https:\/\/stranijezici.ffzg.unizg.hr\/?page_id=320"},"modified":"2020-02-07T12:03:37","modified_gmt":"2020-02-07T12:03:37","slug":"vol44n2","status":"publish","type":"page","link":"https:\/\/stranijezici.ffzg.unizg.hr\/index.php\/vol44n2\/","title":{"rendered":"Vol 44. (2)"},"content":{"rendered":"<ul style=\"list-style-type:none\">\n<li><a href=\"https:\/\/stranijezici.ffzg.unizg.hr\/wp-content\/uploads\/2018\/09\/sj44_2_str82-109.pdf\" target=\"_blank\"><strong>VOCABULARY DATA-DRIVEN LEARNING IN ENGLISH FOR SPECIFIC PURPOSES: THE CASE OF STUDENTS&#8217; VOCABULARY FILES <\/strong><\/a> (str. 82-109)<\/li>\n<ul style=\"list-style-type:none\">\n<li>&emsp;&emsp; Sanja Marinov<\/li>\n<li>&emsp;&emsp; Pregledni \u010dlanak<\/li>\n<\/ul>\n<\/li>\n<p>  &nbsp;<\/p>\n<li><a href=\"https:\/\/stranijezici.ffzg.unizg.hr\/wp-content\/uploads\/2018\/09\/sj44_2_str110-128.pdf\" target=\"_blank\"><strong>GLOTODIDAKTI\u010cKI POGLED NA HRVATSKI PRAVOPIS <\/strong><\/a> (str. 110-128)<\/li>\n<ul style=\"list-style-type:none\">\n<li>&emsp;&emsp; Sanda Lucija Udier <\/li>\n<li>&emsp;&emsp; Pregledni \u010dlanak<\/li>\n<\/ul>\n<\/li>\n<p>  &nbsp;<\/p>\n<li><a href=\"https:\/\/stranijezici.ffzg.unizg.hr\/wp-content\/uploads\/2018\/09\/sj44_2_str129-145.pdf\" target=\"_blank\"><strong>SOCIJALNO-KOGNITIVNI PRISTUP SAMOREGULIRANOM U\u010cENJU INOGA JEZIKA<\/strong><\/a> (str. 129-145)<\/li>\n<ul style=\"list-style-type:none\">\n<li>&emsp;&emsp; Brankica Bo\u0161njak Terzi\u0107 <\/li>\n<li>&emsp;&emsp; Pregledni \u010dlanak<\/li>\n<\/ul>\n<\/li>\n<p>  &nbsp;<\/p>\n<li><a href=\"https:\/\/stranijezici.ffzg.unizg.hr\/wp-content\/uploads\/2018\/09\/sj44_2_str146-149.pdf\" target=\"_blank\"><strong>PRIKAZ KNJIGE: \u0160IME STAR\u010cEVI\u0106 \u2013 OD RI\u010cI DO RI\u010cOSLOVJA <\/strong><\/a> (str. 146-149)<\/li>\n<ul style=\"list-style-type:none\">\n<li>&emsp;&emsp; Anastazija Vlasteli\u0107 <\/li>\n<li>&emsp;&emsp; Prikaz<\/li>\n<\/ul>\n<\/li>\n<p>  &nbsp;<\/p>\n<li><a href=\"https:\/\/stranijezici.ffzg.unizg.hr\/wp-content\/uploads\/2018\/09\/sj44_2_str150-152.pdf\" target=\"_blank\"><strong>XXX. ME\u0110UNARODNI ZNANSTVENI SKUP HRVATSKOGA DRU\u0160TVA ZA PRIMIJENJENU LINVISTIKU \u201eJEZIK KAO PREDMET PROU\u010cAVANJA I JEZIK KAO PREDMET POU\u010cAVANJA\u201d <\/strong><\/a> (str. 150-152)<\/li>\n<ul style=\"list-style-type:none\">\n<li>&emsp;&emsp; Vesna De\u017eeljin<\/li>\n<li>&emsp;&emsp; Prikaz<\/li>\n<\/ul>\n<\/li>\n<p>  &nbsp;\n<\/ul>\n","protected":false},"excerpt":{"rendered":"<p>VOCABULARY DATA-DRIVEN LEARNING IN ENGLISH FOR SPECIFIC PURPOSES: THE CASE OF STUDENTS&#8217; VOCABULARY FILES (str. 82-109) &emsp;&emsp; Sanja Marinov &emsp;&emsp; Pregledni \u010dlanak &nbsp; GLOTODIDAKTI\u010cKI POGLED NA HRVATSKI PRAVOPIS (str. 110-128) &emsp;&emsp; Sanda Lucija Udier &emsp;&emsp; Pregledni \u010dlanak &nbsp; SOCIJALNO-KOGNITIVNI PRISTUP SAMOREGULIRANOM U\u010cENJU INOGA JEZIKA (str. 129-145) &emsp;&emsp; Brankica Bo\u0161njak Terzi\u0107 &emsp;&emsp; Pregledni \u010dlanak &nbsp; PRIKAZ &hellip; <\/p>\n<p class=\"link-more\"><a href=\"https:\/\/stranijezici.ffzg.unizg.hr\/index.php\/vol44n2\/\" class=\"more-link\">Continue reading<span class=\"screen-reader-text\"> &#8220;Vol 44. (2)&#8221;<\/span><\/a><\/p>\n","protected":false},"author":2,"featured_media":0,"parent":0,"menu_order":0,"comment_status":"closed","ping_status":"closed","template":"","meta":{"ngg_post_thumbnail":0,"footnotes":""},"class_list":["post-320","page","type-page","status-publish","hentry"],"_links":{"self":[{"href":"https:\/\/stranijezici.ffzg.unizg.hr\/index.php\/wp-json\/wp\/v2\/pages\/320","targetHints":{"allow":["GET"]}}],"collection":[{"href":"https:\/\/stranijezici.ffzg.unizg.hr\/index.php\/wp-json\/wp\/v2\/pages"}],"about":[{"href":"https:\/\/stranijezici.ffzg.unizg.hr\/index.php\/wp-json\/wp\/v2\/types\/page"}],"author":[{"embeddable":true,"href":"https:\/\/stranijezici.ffzg.unizg.hr\/index.php\/wp-json\/wp\/v2\/users\/2"}],"replies":[{"embeddable":true,"href":"https:\/\/stranijezici.ffzg.unizg.hr\/index.php\/wp-json\/wp\/v2\/comments?post=320"}],"version-history":[{"count":6,"href":"https:\/\/stranijezici.ffzg.unizg.hr\/index.php\/wp-json\/wp\/v2\/pages\/320\/revisions"}],"predecessor-version":[{"id":375,"href":"https:\/\/stranijezici.ffzg.unizg.hr\/index.php\/wp-json\/wp\/v2\/pages\/320\/revisions\/375"}],"wp:attachment":[{"href":"https:\/\/stranijezici.ffzg.unizg.hr\/index.php\/wp-json\/wp\/v2\/media?parent=320"}],"curies":[{"name":"wp","href":"https:\/\/api.w.org\/{rel}","templated":true}]}}