{"id":3162,"date":"2021-12-17T17:44:21","date_gmt":"2021-12-17T17:44:21","guid":{"rendered":"https:\/\/stranijezici.ffzg.unizg.hr\/?page_id=3162"},"modified":"2025-02-07T13:46:58","modified_gmt":"2025-02-07T13:46:58","slug":"impressum","status":"publish","type":"page","link":"https:\/\/stranijezici.ffzg.unizg.hr\/index.php\/impressum\/","title":{"rendered":"Impressum"},"content":{"rendered":"<p><strong>Strani jezici <\/strong>: \u010dasopis za primijenjenu lingvistiku<strong><br \/>\n<\/strong><\/p>\n<p>UDK: 811:37<br \/>\nISSN 0351-0840 (Tisak)<br \/>\nISSN 2459-671X (Online)<\/p>\n<p><strong>Glavna urednica<br \/>\n<\/strong>Lidija Cviki\u0107<strong><br \/>\n<\/strong><\/p>\n<p><strong>Izvr\u0161na urednica<br \/>\n<\/strong>Maja An\u0111el<\/p>\n<p><strong>Uredni\u010dki odbor<br \/>\n<\/strong>Ilona Feld-Knapp (Budimpe\u0161ta, Ma\u0111arska)<br \/>\nGa\u00ebtanelle Gilquin (Louvain, Belgija)<br \/>\nSa\u0161a Jazbec (Maribor, Slovenija)<br \/>\nTihana Kra\u0161 (Rijeka, Hrvatska)<br \/>\nMarija L\u00fctze-Miculini\u0107 (Zagreb, Hrvatska)<br \/>\nSandra Marde\u0161i\u0107 (Zagreb, Hrvatska)<br \/>\nMaja Mili\u010devi\u0107 Petrovi\u0107 (Bologna, Italija)<br \/>\nMarija Omazi\u0107 (Osijek, Hrvatska)<br \/>\nVi\u0161nja Pavi\u010di\u0107 Taka\u010d (Osijek, Hrvatska)<br \/>\nMiros\u0142aw Pawlak (Pozna\u0144, Poljska)<br \/>\nLeonard Pon (Osijek, Hrvatska)<br \/>\nMilica Sabo (Jena, Njema\u010dka)<\/p>\n<p><strong>Uredni\u010dki savjet<br \/>\n<\/strong>Hana Bergerov\u00e1 (\u00dast\u00ed nad Labem, \u010ce\u0161ka)<br \/>\nJune Eyckmans (Ghent, Belgija)<br \/>\nHermann Funk (Jena, Njema\u010dka)<br \/>\nJonas Granfeldt (Lund, \u0160vedska)<br \/>\nMartin Howard (Cork, Irska)<br \/>\nZrinka Jelaska (Zagreb, Hrvatska)<br \/>\nMarijana Kresi\u0107 Vukosav (Zadar, Hrvatska)<br \/>\nTanja Kupisch (Konstanz, Njema\u010dka)<br \/>\nLucilla Lopriore (Rim, Italija)<br \/>\nAna Petravi\u0107 (Zagreb, Hrvatska)<br \/>\nSimone Pfenninger (Zurich, \u0160vicarska)<br \/>\nJason Rothman (Tromso, Norve\u0161ka)<br \/>\nElena Savova (Sofija, Bugarska)<br \/>\nHenry Tyne (Perpignan, Francuska)<br \/>\nIrena Vodopija-Krstanovi\u0107 (Rijeka, Hrvatska)<br \/>\nHeike Zinsmeister (Hamburg, Njema\u010dka)<\/p>\n<p><strong>Tajnik<br \/>\n<\/strong>Bojan Prosenjak<br \/>\n<strong><br \/>\nTehni\u010dki urednici<br \/>\n<\/strong>Mila Mar\u0161i\u0107<br \/>\nIvana Matijevi\u0107<\/p>\n<p><strong>Lektura<br \/>\n<\/strong>Bo\u017eica Vui\u0107 (hrvatski jezik)<br \/>\nAlexander D. Hoyt (engleski jezik)<\/p>\n<p><strong>Korektura<br \/>\n<\/strong>Bo\u017eica Vui\u0107<\/p>\n<p><strong>Naslovnica<br \/>\n<\/strong>\u0160kolska knjiga d.d.<\/p>\n<p><strong>Grafika, slog i prijelom<br \/>\n<\/strong>Kre\u0161imir Rezo<\/p>\n<p>Prilozi objavljeni u <em>Stranim jezicima <\/em>referiraju se u sljede\u0107im sekundarnim&nbsp; izvorima: DOAJ, ERIH PLUS, Linguistics and Language Behaviour Abstracts, Linguistic Bibliography Online, MLA Directory of Periodicals, MLA International Bibliography, Hr\u010dak.<\/p>\n<p>\u010casopis izlazi dva puta godi\u0161nje.<\/p>\n<p><strong>Adresa uredni\u0161tva<br \/>\n<\/strong>Filozofski fakultet,<br \/>\nOdsjek za anglistiku<br \/>\nI. Lu\u010di\u0107a 3, 10 000 Zagreb,<br \/>\nRepublika Hrvatska<\/p>\n<p>e-adresa: <a href=\"mailto:strani.jezici@m.ffzg.hr\">strani.jezici@m.ffzg.hr<\/a><br \/>\nWeb: <a href=\"https:\/\/stranijezici.ffzg.unizg.hr\/\">https:\/\/stranijezici.ffzg.unizg.hr\/<\/a><\/p>\n<p><strong>&nbsp;<\/strong><strong>Pretplata<br \/>\n<\/strong>Godi\u0161nja pretplata 25,00 \u20ac<br \/>\nPojedini broj 15,00 \u20ac<br \/>\nHrvatsko filolo\u0161ko dru\u0161tvo<br \/>\nI. Lu\u010di\u0107a 3, 10 000 Zagreb, Hrvatska<br \/>\nhfdzagreb@gmail.com<br \/>\nIban: HR7423600001101551990<br \/>\nZagreba\u010dka banka d.d.<\/p>\n<p>Izla\u017eenje \u010dasopisa financijski potpoma\u017ee Ministarstvo znanosti i obrazovanja Republike Hrvatske.<\/p>\n<p><strong>Elektroni\u010dka ina\u010dica dostupna je na:<br \/>\n<\/strong><a href=\"https:\/\/stranijezici.ffzg.unizg.hr\/\">https:\/\/stranijezici.ffzg.unizg.hr\/<\/a><br \/>\ni<br \/>\n<a href=\"https:\/\/hrcak.srce.hr\/strani-jezici\">https:\/\/hrcak.srce.hr\/strani-jezici<\/a><\/p>\n<p><strong>Izdava\u010d<br \/>\n<\/strong>Odjel za strane jezike Hrvatskoga filolo\u0161kog dru\u0161tva<\/p>\n<p><strong>Naklada<br \/>\n<\/strong>100 primjeraka<\/p>\n<p><span style=\"font-size: 8pt; color: #808080;\">____________<\/span><br \/>\n<span style=\"font-size: 8pt; color: #808080;\">(prema broju 2, LII, 2023.)<br \/>\na\u017eurirano 17.1.2024.<br \/>\na\u017eurirano 7.2.2025.<br \/>\n<\/span><\/p>\n<p>&nbsp;<\/p>\n<p>&nbsp;<\/p>\n","protected":false},"excerpt":{"rendered":"<p>Strani jezici : \u010dasopis za primijenjenu lingvistiku UDK: 811:37 ISSN 0351-0840 (Tisak) ISSN 2459-671X (Online) Glavna urednica Lidija Cviki\u0107 Izvr\u0161na urednica Maja An\u0111el Uredni\u010dki odbor Ilona Feld-Knapp (Budimpe\u0161ta, Ma\u0111arska) Ga\u00ebtanelle Gilquin (Louvain, Belgija) Sa\u0161a Jazbec (Maribor, Slovenija) Tihana Kra\u0161 (Rijeka, Hrvatska) Marija L\u00fctze-Miculini\u0107 (Zagreb, Hrvatska) Sandra Marde\u0161i\u0107 (Zagreb, Hrvatska) Maja Mili\u010devi\u0107 Petrovi\u0107 (Bologna, Italija) Marija &hellip; <\/p>\n<p class=\"link-more\"><a href=\"https:\/\/stranijezici.ffzg.unizg.hr\/index.php\/impressum\/\" class=\"more-link\">Continue reading<span class=\"screen-reader-text\"> &#8220;Impressum&#8221;<\/span><\/a><\/p>\n","protected":false},"author":2,"featured_media":0,"parent":0,"menu_order":0,"comment_status":"closed","ping_status":"closed","template":"","meta":{"ngg_post_thumbnail":0,"footnotes":""},"class_list":["post-3162","page","type-page","status-publish","hentry"],"_links":{"self":[{"href":"https:\/\/stranijezici.ffzg.unizg.hr\/index.php\/wp-json\/wp\/v2\/pages\/3162","targetHints":{"allow":["GET"]}}],"collection":[{"href":"https:\/\/stranijezici.ffzg.unizg.hr\/index.php\/wp-json\/wp\/v2\/pages"}],"about":[{"href":"https:\/\/stranijezici.ffzg.unizg.hr\/index.php\/wp-json\/wp\/v2\/types\/page"}],"author":[{"embeddable":true,"href":"https:\/\/stranijezici.ffzg.unizg.hr\/index.php\/wp-json\/wp\/v2\/users\/2"}],"replies":[{"embeddable":true,"href":"https:\/\/stranijezici.ffzg.unizg.hr\/index.php\/wp-json\/wp\/v2\/comments?post=3162"}],"version-history":[{"count":23,"href":"https:\/\/stranijezici.ffzg.unizg.hr\/index.php\/wp-json\/wp\/v2\/pages\/3162\/revisions"}],"predecessor-version":[{"id":4931,"href":"https:\/\/stranijezici.ffzg.unizg.hr\/index.php\/wp-json\/wp\/v2\/pages\/3162\/revisions\/4931"}],"wp:attachment":[{"href":"https:\/\/stranijezici.ffzg.unizg.hr\/index.php\/wp-json\/wp\/v2\/media?parent=3162"}],"curies":[{"name":"wp","href":"https:\/\/api.w.org\/{rel}","templated":true}]}}