{"id":315,"date":"2018-09-23T13:55:08","date_gmt":"2018-09-23T13:55:08","guid":{"rendered":"https:\/\/stranijezici.ffzg.unizg.hr\/?page_id=315"},"modified":"2020-02-07T12:01:13","modified_gmt":"2020-02-07T12:01:13","slug":"vol44n4","status":"publish","type":"page","link":"https:\/\/stranijezici.ffzg.unizg.hr\/index.php\/vol44n4\/","title":{"rendered":"Vol 44. (4)"},"content":{"rendered":"<ul style=\"list-style-type:none\">\n<li><a href=\"https:\/\/stranijezici.ffzg.unizg.hr\/wp-content\/uploads\/2018\/09\/sj44_4_str232-243.pdf\" target=\"_blank\"><strong>NASTAVA STRANIH JEZIKA:UPOTREBA TEHNOLOGIJE<\/strong><\/a> (str. 232-243)<\/li>\n<ul style=\"list-style-type:none\">\n<li>&emsp;&emsp; Marijana Janji\u0107, Sara Librenjak, Kristina Kocijan<\/li>\n<li>&emsp;&emsp; Prethodno priop\u0107enje<\/li>\n<\/ul>\n<\/li>\n<p>  &nbsp;<\/p>\n<li><a href=\"https:\/\/stranijezici.ffzg.unizg.hr\/wp-content\/uploads\/2018\/09\/sj44_4_str244-259.pdf\" target=\"_blank\"><strong>UN RACCONTO DI NATALE DI DINO BUZZATI NELL\u2019INSEGNAMENTO DELLA LINGUA E CULTURA ITALIANA<\/strong><\/a> (str. 244-259)<\/li>\n<ul style=\"list-style-type:none\">\n<li>&emsp;&emsp; Ana Maroevi\u0107 <\/li>\n<li>&emsp;&emsp; Stru\u010dni \u010dlanak<\/li>\n<\/ul>\n<\/li>\n<p>  &nbsp;<\/p>\n<li><a href=\"https:\/\/stranijezici.ffzg.unizg.hr\/wp-content\/uploads\/2018\/09\/sj44_4_str260-278.pdf\" target=\"_blank\"><strong>LE COLLOCAZIONI ITALIANE NELL\u2019INSEGNAMENTO DELL\u2019ITALIANO COME L2<\/strong><\/a> (str. 260-278)<\/li>\n<ul style=\"list-style-type:none\">\n<li>&emsp;&emsp; Danijela Beri\u0161i\u0107 Anti\u0107<\/li>\n<li>&emsp;&emsp; Stru\u010dni \u010dlanak<\/li>\n<\/ul>\n<\/li>\n<p>  &nbsp;<\/p>\n<li><a href=\"https:\/\/stranijezici.ffzg.unizg.hr\/wp-content\/uploads\/2018\/09\/sj44_4_str279-283.pdf\" target=\"_blank\"><strong>PRIKAZ KNJIGE: PROPAST STANDARDNOGA JEZIKA<\/strong><\/a> (str. 279-283)<\/li>\n<ul style=\"list-style-type:none\">\n<li>&emsp;&emsp; Radovan Lu\u010di\u0107<\/li>\n<li>&emsp;&emsp; Prikaz<\/li>\n<\/ul>\n<\/li>\n<p>  &nbsp;\n<\/ul>\n","protected":false},"excerpt":{"rendered":"<p>NASTAVA STRANIH JEZIKA:UPOTREBA TEHNOLOGIJE (str. 232-243) &emsp;&emsp; Marijana Janji\u0107, Sara Librenjak, Kristina Kocijan &emsp;&emsp; Prethodno priop\u0107enje &nbsp; UN RACCONTO DI NATALE DI DINO BUZZATI NELL\u2019INSEGNAMENTO DELLA LINGUA E CULTURA ITALIANA (str. 244-259) &emsp;&emsp; Ana Maroevi\u0107 &emsp;&emsp; Stru\u010dni \u010dlanak &nbsp; LE COLLOCAZIONI ITALIANE NELL\u2019INSEGNAMENTO DELL\u2019ITALIANO COME L2 (str. 260-278) &emsp;&emsp; Danijela Beri\u0161i\u0107 Anti\u0107 &emsp;&emsp; Stru\u010dni \u010dlanak &hellip; <\/p>\n<p class=\"link-more\"><a href=\"https:\/\/stranijezici.ffzg.unizg.hr\/index.php\/vol44n4\/\" class=\"more-link\">Continue reading<span class=\"screen-reader-text\"> &#8220;Vol 44. (4)&#8221;<\/span><\/a><\/p>\n","protected":false},"author":2,"featured_media":0,"parent":0,"menu_order":0,"comment_status":"closed","ping_status":"closed","template":"","meta":{"ngg_post_thumbnail":0,"footnotes":""},"class_list":["post-315","page","type-page","status-publish","hentry"],"_links":{"self":[{"href":"https:\/\/stranijezici.ffzg.unizg.hr\/index.php\/wp-json\/wp\/v2\/pages\/315","targetHints":{"allow":["GET"]}}],"collection":[{"href":"https:\/\/stranijezici.ffzg.unizg.hr\/index.php\/wp-json\/wp\/v2\/pages"}],"about":[{"href":"https:\/\/stranijezici.ffzg.unizg.hr\/index.php\/wp-json\/wp\/v2\/types\/page"}],"author":[{"embeddable":true,"href":"https:\/\/stranijezici.ffzg.unizg.hr\/index.php\/wp-json\/wp\/v2\/users\/2"}],"replies":[{"embeddable":true,"href":"https:\/\/stranijezici.ffzg.unizg.hr\/index.php\/wp-json\/wp\/v2\/comments?post=315"}],"version-history":[{"count":9,"href":"https:\/\/stranijezici.ffzg.unizg.hr\/index.php\/wp-json\/wp\/v2\/pages\/315\/revisions"}],"predecessor-version":[{"id":1979,"href":"https:\/\/stranijezici.ffzg.unizg.hr\/index.php\/wp-json\/wp\/v2\/pages\/315\/revisions\/1979"}],"wp:attachment":[{"href":"https:\/\/stranijezici.ffzg.unizg.hr\/index.php\/wp-json\/wp\/v2\/media?parent=315"}],"curies":[{"name":"wp","href":"https:\/\/api.w.org\/{rel}","templated":true}]}}