{"id":3136,"date":"2021-12-17T13:57:33","date_gmt":"2021-12-17T13:57:33","guid":{"rendered":"https:\/\/stranijezici.ffzg.unizg.hr\/?page_id=3136"},"modified":"2022-01-07T15:50:27","modified_gmt":"2022-01-07T15:50:27","slug":"vol-50-2","status":"publish","type":"page","link":"https:\/\/stranijezici.ffzg.unizg.hr\/index.php\/vol-50-2\/","title":{"rendered":"Vol 50. (2)"},"content":{"rendered":"<p><span style=\"font-size: 10pt; color: #447373;\"><strong>2021.,<\/strong> <strong>Vol. 50, No. 2<\/strong><\/span><br \/>\n<span style=\"font-size: 11pt;\"><br \/>\nGordana Hr\u017eica, Marina \u010camber i Ana Ka\u0161telan\u010di\u0107 Igrc:<\/span><br \/>\n<span style=\"font-size: 11pt;\"><a href=\"https:\/\/stranijezici.ffzg.unizg.hr\/wp-content\/uploads\/2022\/01\/SJ_50_2_1.pdf\" rel=\"noopener\"><em><strong>The Acquisition of Croatian prepositional phrases by mono- and bilingual children<\/strong><\/em><\/a><br \/>\n&#8211; str. 159<\/span><br \/>\n<span style=\"font-size: 11pt;\">(izvorni znanstveni rad)<\/span><\/p>\n<p><span style=\"font-size: 11pt;\">Nata\u0161a Pavlovi\u0107 i Goranka Antunovi\u0107:<\/span><br \/>\n<span style=\"font-size: 11pt;\"><a href=\"https:\/\/stranijezici.ffzg.unizg.hr\/wp-content\/uploads\/2022\/01\/SJ_50_2_2.pdf\"><em><strong>Towards acquiring post-editing abilities through research-informed practical tasks<\/strong><\/em><\/a><br \/>\n&#8211; str. 185<\/span><br \/>\n<span style=\"font-size: 11pt;\">(izvorni znanstveni rad)<\/span><\/p>\n<p><span style=\"font-size: 11pt;\">Hrisztalina Hrisztova-Gotthardt i R\u00e9ka Werner:<\/span><br \/>\n<span style=\"font-size: 11pt;\"><a href=\"https:\/\/stranijezici.ffzg.unizg.hr\/wp-content\/uploads\/2022\/01\/SJ_50_2_3.pdf\"><em><strong>Improving the fairness of ECL listening tests by detecting gender-biased items<\/strong><\/em><\/a><br \/>\n&#8211; str. 207<\/span><br \/>\n<span style=\"font-size: 11pt;\">(izvorni znanstveni rad)<\/span><\/p>\n<p><span style=\"font-size: 11pt;\">Tanja \u0110uri\u0107:<\/span><br \/>\n<span style=\"font-size: 11pt;\"><a href=\"https:\/\/stranijezici.ffzg.unizg.hr\/wp-content\/uploads\/2022\/01\/SJ_50_2_4.pdf\"><em><strong>Suvremeni informacijski i komunikacijski alati u provo\u0111enju nastave stranoga jezika na daljinu<\/strong><\/em> <\/a><br \/>\n&#8211; str. 235<\/span><br \/>\n<span style=\"font-size: 11pt;\">(prethodno priop\u0107enje)<\/span><\/p>\n<p><span style=\"font-size: 11pt;\">Marina Mrazovac:<\/span><br \/>\n<span style=\"font-size: 11pt;\"><a href=\"https:\/\/stranijezici.ffzg.unizg.hr\/wp-content\/uploads\/2022\/01\/SJ_50_2_5.pdf\"><em><strong>Humor u nastavi stranoga jezika<\/strong><\/em><\/a><br \/>\n&#8211; 267<\/span><br \/>\n<span style=\"font-size: 11pt;\">(pregledni rad)<\/span><\/p>\n<p><span style=\"font-size: 11pt;\">Ivana Ba\u0161i\u0107 i Marina Zubak Pivarski:<\/span><br \/>\n<span style=\"font-size: 11pt;\"><a href=\"https:\/\/stranijezici.ffzg.unizg.hr\/wp-content\/uploads\/2022\/01\/SJ_50_2_6.pdf\"><em><strong>Nastavni\u010dka i studentska procjena u procesu definiranja i (pre)vrednovanja ishoda i sadr\u017eaja kolegija Analiza engleskih tekstova<\/strong><\/em><\/a><br \/>\n&#8211; str. 279<\/span><br \/>\n<span style=\"font-size: 11pt;\">(stru\u010dni rad)<\/span><\/p>\n<p><span style=\"font-size: 11pt;\">Kristina Katalini\u0107:<\/span><br \/>\n<span style=\"font-size: 11pt;\"><a href=\"https:\/\/stranijezici.ffzg.unizg.hr\/wp-content\/uploads\/2022\/01\/SJ_50_2_7.pdf\"><em><strong>Studentska procjena va\u017enosti usvajanja pravilnoga izgovora u ma\u0111arskom kao stranom jeziku<\/strong><\/em><\/a><br \/>\n&#8211; str. 303<\/span><br \/>\n<span style=\"font-size: 11pt;\">(stru\u010dni rad)<\/span><\/p>\n<p>&nbsp;<\/p>\n<p><span style=\"font-size: 11pt;\">\u00a0<img loading=\"lazy\" decoding=\"async\" class=\"alignnone size-full wp-image-3173\" src=\"https:\/\/stranijezici.ffzg.unizg.hr\/wp-content\/uploads\/2021\/12\/NASLOVNICA-50-2-2021-A-i-B.png\" alt=\"\" width=\"758\" height=\"526\" srcset=\"https:\/\/stranijezici.ffzg.unizg.hr\/wp-content\/uploads\/2021\/12\/NASLOVNICA-50-2-2021-A-i-B.png 758w, https:\/\/stranijezici.ffzg.unizg.hr\/wp-content\/uploads\/2021\/12\/NASLOVNICA-50-2-2021-A-i-B-300x208.png 300w\" sizes=\"auto, (max-width: 706px) 89vw, (max-width: 767px) 82vw, 740px\" \/><\/span><\/p>\n<p><img loading=\"lazy\" decoding=\"async\" class=\"alignnone size-full wp-image-3174\" src=\"https:\/\/stranijezici.ffzg.unizg.hr\/wp-content\/uploads\/2021\/12\/NASLOVNICA-50-2-2021-A.png\" alt=\"\" width=\"400\" height=\"585\" srcset=\"https:\/\/stranijezici.ffzg.unizg.hr\/wp-content\/uploads\/2021\/12\/NASLOVNICA-50-2-2021-A.png 400w, https:\/\/stranijezici.ffzg.unizg.hr\/wp-content\/uploads\/2021\/12\/NASLOVNICA-50-2-2021-A-205x300.png 205w\" sizes=\"auto, (max-width: 400px) 100vw, 400px\" \/><\/p>\n","protected":false},"excerpt":{"rendered":"<p>2021., Vol. 50, No. 2 Gordana Hr\u017eica, Marina \u010camber i Ana Ka\u0161telan\u010di\u0107 Igrc: The Acquisition of Croatian prepositional phrases by mono- and bilingual children &#8211; str. 159 (izvorni znanstveni rad) Nata\u0161a Pavlovi\u0107 i Goranka Antunovi\u0107: Towards acquiring post-editing abilities through research-informed practical tasks &#8211; str. 185 (izvorni znanstveni rad) Hrisztalina Hrisztova-Gotthardt i R\u00e9ka Werner: Improving &hellip; <\/p>\n<p class=\"link-more\"><a href=\"https:\/\/stranijezici.ffzg.unizg.hr\/index.php\/vol-50-2\/\" class=\"more-link\">Continue reading<span class=\"screen-reader-text\"> &#8220;Vol 50. (2)&#8221;<\/span><\/a><\/p>\n","protected":false},"author":2,"featured_media":0,"parent":0,"menu_order":0,"comment_status":"closed","ping_status":"closed","template":"","meta":{"ngg_post_thumbnail":0,"footnotes":""},"class_list":["post-3136","page","type-page","status-publish","hentry"],"_links":{"self":[{"href":"https:\/\/stranijezici.ffzg.unizg.hr\/index.php\/wp-json\/wp\/v2\/pages\/3136","targetHints":{"allow":["GET"]}}],"collection":[{"href":"https:\/\/stranijezici.ffzg.unizg.hr\/index.php\/wp-json\/wp\/v2\/pages"}],"about":[{"href":"https:\/\/stranijezici.ffzg.unizg.hr\/index.php\/wp-json\/wp\/v2\/types\/page"}],"author":[{"embeddable":true,"href":"https:\/\/stranijezici.ffzg.unizg.hr\/index.php\/wp-json\/wp\/v2\/users\/2"}],"replies":[{"embeddable":true,"href":"https:\/\/stranijezici.ffzg.unizg.hr\/index.php\/wp-json\/wp\/v2\/comments?post=3136"}],"version-history":[{"count":15,"href":"https:\/\/stranijezici.ffzg.unizg.hr\/index.php\/wp-json\/wp\/v2\/pages\/3136\/revisions"}],"predecessor-version":[{"id":4549,"href":"https:\/\/stranijezici.ffzg.unizg.hr\/index.php\/wp-json\/wp\/v2\/pages\/3136\/revisions\/4549"}],"wp:attachment":[{"href":"https:\/\/stranijezici.ffzg.unizg.hr\/index.php\/wp-json\/wp\/v2\/media?parent=3136"}],"curies":[{"name":"wp","href":"https:\/\/api.w.org\/{rel}","templated":true}]}}