{"id":313,"date":"2018-09-23T13:54:15","date_gmt":"2018-09-23T13:54:15","guid":{"rendered":"https:\/\/stranijezici.ffzg.unizg.hr\/?page_id=313"},"modified":"2020-02-07T12:00:51","modified_gmt":"2020-02-07T12:00:51","slug":"vol45n1","status":"publish","type":"page","link":"https:\/\/stranijezici.ffzg.unizg.hr\/index.php\/vol45n1\/","title":{"rendered":"Vol 45. (1)"},"content":{"rendered":"<ul style=\"list-style-type:none\">\n<li><a href=\"https:\/\/stranijezici.ffzg.unizg.hr\/wp-content\/uploads\/2018\/12\/SJ45_1-str3.pdf\" target=\"_blank\"><strong>UVODNA RIJE\u010c<\/strong><\/a> (str. 3)<\/li>\n<p><\/p>\n<li><a href=\"https:\/\/stranijezici.ffzg.unizg.hr\/wp-content\/uploads\/2018\/09\/sj45_1_str4-22.pdf\" target=\"_blank\"><strong>KOMUNIKACIJSKA JEZI\u010cNA KOMPETENCIJA STUDENATA NA PO\u010cETKU STUDIJA NJEMA\u010cKOGA JEZIKA I KNJI\u017dEVNOSTI<\/strong><\/a> (str. 4-22)<\/li>\n<ul style=\"list-style-type:none\">\n<li>&emsp;&emsp; Vesna Bagari\u0107 Medve, Silvija Berkec<\/li>\n<li>&emsp;&emsp; Izvorni znanstveni \u010dlanak<\/li>\n<\/ul>\n<\/li>\n<p>  &nbsp;<\/p>\n<li><a href=\"https:\/\/stranijezici.ffzg.unizg.hr\/wp-content\/uploads\/2018\/09\/sj45_1_str23-39.pdf\" target=\"_blank\"><strong>DVA SPECIFI\u010cNA TIPA ZAVISNIH SURE\u010cENICA U NJEMA\u010cKOM JEZIKU: KOMPLEMENTNE SURE\u010cENICE S VEZNIKOM WENN I KAUZALNE SURE\u010cENICE (V-1) SA \u010cESTICOM DOCH S POSEBNIM OSVRTOM NA NJIHOV PRIJEVOD NA HRVATSKI<\/strong><\/a> (str. 23-39)<\/li>\n<ul style=\"list-style-type:none\">\n<li>&emsp;&emsp; Vesna Ivan\u010devi\u0107 Je\u017eek, Antonela Konjevod<\/li>\n<li>&emsp;&emsp; Prethodno priop\u0107enje<\/li>\n<\/ul>\n<\/li>\n<p>  &nbsp;<\/p>\n<li><a href=\"https:\/\/stranijezici.ffzg.unizg.hr\/wp-content\/uploads\/2018\/09\/sj45_1_str40-53.pdf\" target=\"_blank\"><strong>ULAGANJE U INI JEZIK \u2013 JEDAN OD PREDUVJETA U\u010cENJA INOG JEZIKA I OBLIKOVANJA DRU\u0160TVENO-KULTURNOG IDENTITETA <\/strong><\/a> (str. 40-53)<\/li>\n<ul style=\"list-style-type:none\">\n<li>&emsp;&emsp; Rea Luji\u0107<\/li>\n<li>&emsp;&emsp; Pregledni \u010dlanak<\/li>\n<\/ul>\n<\/li>\n<p>  &nbsp;<\/p>\n<li><a href=\"https:\/\/stranijezici.ffzg.unizg.hr\/wp-content\/uploads\/2018\/09\/sj45_1_str54-58.pdf\" target=\"_blank\"><strong>ME\u0110UNARODNI ZNANSTVENI SKUP \u201eLA VALUTAZIONE NELL&#8217;INSEGNAMENTO DELLE LINGUE E LETTERATURE STRANIERE&#8221; <\/strong><\/a> (str. 54-58)<\/li>\n<ul style=\"list-style-type:none\">\n<li>&emsp;&emsp; Vesna De\u017eeljin<\/li>\n<li>&emsp;&emsp; Prikaz<\/li>\n<\/ul>\n<\/li>\n<p>  &nbsp;<\/p>\n<li><a href=\"https:\/\/stranijezici.ffzg.unizg.hr\/wp-content\/uploads\/2018\/09\/sj45_1_str59-60.pdf\" target=\"_blank\"><strong>Katja Mladineo (1928.-2016.) <\/strong><\/a> (str. 59-60)<\/li>\n<ul style=\"list-style-type:none\">\n<li>&emsp;&emsp; Marijana Mi\u0161eti\u0107, Nevia Raos <\/li>\n<li>&emsp;&emsp; In memoriam<\/li>\n<\/ul>\n<\/li>\n<p>  &nbsp;\n<\/ul>\n","protected":false},"excerpt":{"rendered":"<p>UVODNA RIJE\u010c (str. 3) KOMUNIKACIJSKA JEZI\u010cNA KOMPETENCIJA STUDENATA NA PO\u010cETKU STUDIJA NJEMA\u010cKOGA JEZIKA I KNJI\u017dEVNOSTI (str. 4-22) &emsp;&emsp; Vesna Bagari\u0107 Medve, Silvija Berkec &emsp;&emsp; Izvorni znanstveni \u010dlanak &nbsp; DVA SPECIFI\u010cNA TIPA ZAVISNIH SURE\u010cENICA U NJEMA\u010cKOM JEZIKU: KOMPLEMENTNE SURE\u010cENICE S VEZNIKOM WENN I KAUZALNE SURE\u010cENICE (V-1) SA \u010cESTICOM DOCH S POSEBNIM OSVRTOM NA NJIHOV PRIJEVOD NA &hellip; <\/p>\n<p class=\"link-more\"><a href=\"https:\/\/stranijezici.ffzg.unizg.hr\/index.php\/vol45n1\/\" class=\"more-link\">Continue reading<span class=\"screen-reader-text\"> &#8220;Vol 45. (1)&#8221;<\/span><\/a><\/p>\n","protected":false},"author":2,"featured_media":0,"parent":0,"menu_order":0,"comment_status":"closed","ping_status":"closed","template":"","meta":{"ngg_post_thumbnail":0,"footnotes":""},"class_list":["post-313","page","type-page","status-publish","hentry"],"_links":{"self":[{"href":"https:\/\/stranijezici.ffzg.unizg.hr\/index.php\/wp-json\/wp\/v2\/pages\/313","targetHints":{"allow":["GET"]}}],"collection":[{"href":"https:\/\/stranijezici.ffzg.unizg.hr\/index.php\/wp-json\/wp\/v2\/pages"}],"about":[{"href":"https:\/\/stranijezici.ffzg.unizg.hr\/index.php\/wp-json\/wp\/v2\/types\/page"}],"author":[{"embeddable":true,"href":"https:\/\/stranijezici.ffzg.unizg.hr\/index.php\/wp-json\/wp\/v2\/users\/2"}],"replies":[{"embeddable":true,"href":"https:\/\/stranijezici.ffzg.unizg.hr\/index.php\/wp-json\/wp\/v2\/comments?post=313"}],"version-history":[{"count":9,"href":"https:\/\/stranijezici.ffzg.unizg.hr\/index.php\/wp-json\/wp\/v2\/pages\/313\/revisions"}],"predecessor-version":[{"id":1978,"href":"https:\/\/stranijezici.ffzg.unizg.hr\/index.php\/wp-json\/wp\/v2\/pages\/313\/revisions\/1978"}],"wp:attachment":[{"href":"https:\/\/stranijezici.ffzg.unizg.hr\/index.php\/wp-json\/wp\/v2\/media?parent=313"}],"curies":[{"name":"wp","href":"https:\/\/api.w.org\/{rel}","templated":true}]}}