{"id":311,"date":"2018-09-23T13:53:45","date_gmt":"2018-09-23T13:53:45","guid":{"rendered":"https:\/\/stranijezici.ffzg.unizg.hr\/?page_id=311"},"modified":"2020-02-07T12:00:28","modified_gmt":"2020-02-07T12:00:28","slug":"vol45n2","status":"publish","type":"page","link":"https:\/\/stranijezici.ffzg.unizg.hr\/index.php\/vol45n2\/","title":{"rendered":"Vol 45. (2)"},"content":{"rendered":"<ul style=\"list-style-type:none\">\n<li><a href=\"https:\/\/stranijezici.ffzg.unizg.hr\/wp-content\/uploads\/2018\/12\/SJ45_2-str3.pdf\" target=\"_blank\"><strong>UVODNA RIJE\u010c<\/strong><\/a> (str. 69)<\/li>\n<p><\/p>\n<li><a href=\"https:\/\/stranijezici.ffzg.unizg.hr\/wp-content\/uploads\/2018\/09\/sj45_2_str70-87.pdf\" target=\"_blank\"><strong>RAZLIKE U MOTIVACIJI ZA U\u010cENJE ENGLESKOGA I NJEMA\u010cKOGA KAO STRANIH JEZIKA U U\u010cENIKA MLA\u0110E \u0160KOLSKE DOBI <\/strong><\/a> (str. 70-87)<\/li>\n<ul style=\"list-style-type:none\">\n<li>&emsp;&emsp; Manuela Karlak, Dajana \u0160imi\u0107<\/li>\n<li>&emsp;&emsp; Izvorni znanstveni \u010dlanak<\/li>\n<\/ul>\n<\/li>\n<p>  &nbsp;<\/p>\n<li><a href=\"https:\/\/stranijezici.ffzg.unizg.hr\/wp-content\/uploads\/2018\/09\/sj45_2_str88-101.pdf\" target=\"_blank\"><strong>ULOGA I VA\u017dNOST STRU\u010cNIH I ZNANSTVENIH TEKSTOVA U NASTAVI STRANIH JEZIKA STRUK\u0100<\/strong><\/a> (str. 88-101)<\/li>\n<ul style=\"list-style-type:none\">\n<li>&emsp;&emsp; Neda Bori\u0107<\/li>\n<li>&emsp;&emsp; Pregledni \u010dlanak<\/li>\n<\/ul>\n<\/li>\n<p>  &nbsp;<\/p>\n<li><a href=\"https:\/\/stranijezici.ffzg.unizg.hr\/wp-content\/uploads\/2018\/09\/sj45_2_str102-115.pdf\" target=\"_blank\"><strong>STUDENTSKA PROCJENA VA\u017dNOSTI GRAMATIKE NJEMA\u010cKOGA JEZIKA U NASTAVI JEZIKA STRUKE<\/strong><\/a> (str. 102-115)<\/li>\n<ul style=\"list-style-type:none\">\n<li>&emsp;&emsp; Mirna Petanjek <\/li>\n<li>&emsp;&emsp; Stru\u010dni \u010dlanak<\/li>\n<\/ul>\n<\/li>\n<p>  &nbsp;<\/p>\n<li><a href=\"https:\/\/stranijezici.ffzg.unizg.hr\/wp-content\/uploads\/2018\/09\/sj45_2_str116-118.pdf\" target=\"_blank\"><strong>PRIKAZ ZBORNIKA APPLIED LINGUISTICS RESEARCH AND METHODOLOGY<\/strong><\/a> (str. 116-118)<\/li>\n<ul style=\"list-style-type:none\">\n<li>&emsp;&emsp; Kristina Cergol Kova\u010devi\u0107<\/li>\n<li>&emsp;&emsp; Prikaz<\/li>\n<\/ul>\n<\/li>\n<p>  &nbsp;<\/p>\n<li><a href=\"https:\/\/stranijezici.ffzg.unizg.hr\/wp-content\/uploads\/2018\/09\/sj45_2_str119-124.pdf\" target=\"_blank\"><strong>XXXI. ME\u0110UNARODNI ZNANSTVENI SKUP HRVATSKOGA DRU\u0160TVA ZA PRIMIJENJENU LINGVISTIKU JEZIK I NJEGOVI U\u010cINCI<\/strong><\/a> (str. 119-124)<\/li>\n<ul style=\"list-style-type:none\">\n<li>&emsp;&emsp; Vesna De\u017eeljin<\/li>\n<li>&emsp;&emsp; Prikaz<\/li>\n<\/ul>\n<\/li>\n<p>  &nbsp;<\/p>\n<li><a href=\"https:\/\/stranijezici.ffzg.unizg.hr\/wp-content\/uploads\/2018\/09\/sj45_2_str125-127.pdf\" target=\"_blank\"><strong>Marija (Maja) Zaninovi\u0107 (1932. \u2013 2016.)<\/strong><\/a> (str. 125-127)<\/li>\n<ul style=\"list-style-type:none\">\n<li>&emsp;&emsp; Dubravka Dubravec Laba\u0161<\/li>\n<li>&emsp;&emsp; In memoriam<\/li>\n<\/ul>\n<\/li>\n<\/ul>\n","protected":false},"excerpt":{"rendered":"<p>UVODNA RIJE\u010c (str. 69) RAZLIKE U MOTIVACIJI ZA U\u010cENJE ENGLESKOGA I NJEMA\u010cKOGA KAO STRANIH JEZIKA U U\u010cENIKA MLA\u0110E \u0160KOLSKE DOBI (str. 70-87) &emsp;&emsp; Manuela Karlak, Dajana \u0160imi\u0107 &emsp;&emsp; Izvorni znanstveni \u010dlanak &nbsp; ULOGA I VA\u017dNOST STRU\u010cNIH I ZNANSTVENIH TEKSTOVA U NASTAVI STRANIH JEZIKA STRUK\u0100 (str. 88-101) &emsp;&emsp; Neda Bori\u0107 &emsp;&emsp; Pregledni \u010dlanak &nbsp; STUDENTSKA PROCJENA &hellip; <\/p>\n<p class=\"link-more\"><a href=\"https:\/\/stranijezici.ffzg.unizg.hr\/index.php\/vol45n2\/\" class=\"more-link\">Continue reading<span class=\"screen-reader-text\"> &#8220;Vol 45. (2)&#8221;<\/span><\/a><\/p>\n","protected":false},"author":2,"featured_media":0,"parent":0,"menu_order":0,"comment_status":"closed","ping_status":"closed","template":"","meta":{"ngg_post_thumbnail":0,"footnotes":""},"class_list":["post-311","page","type-page","status-publish","hentry"],"_links":{"self":[{"href":"https:\/\/stranijezici.ffzg.unizg.hr\/index.php\/wp-json\/wp\/v2\/pages\/311","targetHints":{"allow":["GET"]}}],"collection":[{"href":"https:\/\/stranijezici.ffzg.unizg.hr\/index.php\/wp-json\/wp\/v2\/pages"}],"about":[{"href":"https:\/\/stranijezici.ffzg.unizg.hr\/index.php\/wp-json\/wp\/v2\/types\/page"}],"author":[{"embeddable":true,"href":"https:\/\/stranijezici.ffzg.unizg.hr\/index.php\/wp-json\/wp\/v2\/users\/2"}],"replies":[{"embeddable":true,"href":"https:\/\/stranijezici.ffzg.unizg.hr\/index.php\/wp-json\/wp\/v2\/comments?post=311"}],"version-history":[{"count":8,"href":"https:\/\/stranijezici.ffzg.unizg.hr\/index.php\/wp-json\/wp\/v2\/pages\/311\/revisions"}],"predecessor-version":[{"id":1976,"href":"https:\/\/stranijezici.ffzg.unizg.hr\/index.php\/wp-json\/wp\/v2\/pages\/311\/revisions\/1976"}],"wp:attachment":[{"href":"https:\/\/stranijezici.ffzg.unizg.hr\/index.php\/wp-json\/wp\/v2\/media?parent=311"}],"curies":[{"name":"wp","href":"https:\/\/api.w.org\/{rel}","templated":true}]}}