{"id":2928,"date":"2021-04-22T16:46:54","date_gmt":"2021-04-22T16:46:54","guid":{"rendered":"https:\/\/stranijezici.ffzg.unizg.hr\/?page_id=2928"},"modified":"2026-03-30T09:03:16","modified_gmt":"2026-03-30T09:03:16","slug":"obavijesti","status":"publish","type":"page","link":"https:\/\/stranijezici.ffzg.unizg.hr\/index.php\/obavijesti\/","title":{"rendered":"Obavijesti"},"content":{"rendered":"<ul>\n<li><span style=\"color: #0f7373;\"><strong>NOVI BROJ \u010dasopisa <em>Strani jezici<\/em><br \/>\nBroj 2 &#8211; 2025&nbsp; dostupan je na <a href=\"https:\/\/stranijezici.ffzg.unizg.hr\/index.php\/vol-54-2\/\">poveznici<\/a><br \/>\n<\/strong><\/span><\/li>\n<\/ul>\n<p><span style=\"color: #79998d;\">***********************************************************<\/span><\/p>\n<ul>\n<li><span style=\"color: #0f7373;\"><strong><a href=\"https:\/\/stranijezici.ffzg.unizg.hr\/index.php\/okrugli-stol-50-godina-stranih-jezika-1-3-2023\/\">Okrugli stol:&nbsp; <span style=\"color: #155e5e;\">50 godina <em>Stranih jezika<\/em><\/span> (1.3.2023.)<\/a><\/strong><\/span><\/li>\n<\/ul>\n<p><span style=\"color: #79998d;\">***********************************************************<\/span><\/p>\n<ul>\n<li><strong><span style=\"color: #ff0000;\">NOVO!<\/span> <\/strong>(od sije\u010dnja 2022.)<\/li>\n<\/ul>\n<p>Molimo autore da za prijavu rukopisa koriste isklju\u010divo elektroni\u010dki sustav prijavljivanja radova <em><strong>Comet<\/strong><\/em>:<\/p>\n<p><strong> <a href=\"http:\/\/journal.sdewes.org\/str-jez\"><img loading=\"lazy\" decoding=\"async\" class=\"alignnone size-full wp-image-3204\" src=\"https:\/\/stranijezici.ffzg.unizg.hr\/wp-content\/uploads\/2022\/01\/comet-prijava-rukopisa-SJ-22-1.png\" alt=\"\" width=\"117\" height=\"36\" srcset=\"https:\/\/stranijezici.ffzg.unizg.hr\/wp-content\/uploads\/2022\/01\/comet-prijava-rukopisa-SJ-22-1.png 117w, https:\/\/stranijezici.ffzg.unizg.hr\/wp-content\/uploads\/2022\/01\/comet-prijava-rukopisa-SJ-22-1-24x7.png 24w, https:\/\/stranijezici.ffzg.unizg.hr\/wp-content\/uploads\/2022\/01\/comet-prijava-rukopisa-SJ-22-1-36x11.png 36w, https:\/\/stranijezici.ffzg.unizg.hr\/wp-content\/uploads\/2022\/01\/comet-prijava-rukopisa-SJ-22-1-48x15.png 48w\" sizes=\"auto, (max-width: 117px) 100vw, 117px\" \/><\/a><br \/>\n<\/strong><\/p>\n<p><span style=\"color: #79998d;\">***********************************************************<\/span><\/p>\n<ul>\n<li><span style=\"color: #0f7373;\"><strong>Poziv za predaju rukopisa <\/strong><\/span>Radovi predani nakon 1. lipnja teku\u0107e godine uzimaju se u obzir za objavu u sljede\u0107oj godini.<\/li>\n<\/ul>\n<p><span style=\"color: #ff0000;\"><span style=\"color: #ffffff;\">_______________________________________________<\/span><strong><br \/>\n<\/strong><\/span><\/p>\n<ul>\n<li><strong><span style=\"color: #0f7373;\">Promjene u&nbsp; na\u010dinu predaje radova i&nbsp; oblikovanju rukopisa<\/span><br \/>\n<\/strong>(22. travnja 2021.)<\/li>\n<\/ul>\n<p>Od&nbsp; lipnja 2021. godine \u010dasopis <em><strong>Strani jezici<\/strong><\/em> prihva\u0107a rukopise oblikovane prema uputama&nbsp; APA sustava referiranja i bilje\u017eenja bibliografskih izvora (7. izdanje) (<span style=\"color: #224f66;\"><a style=\"color: #224f66;\" href=\"https:\/\/apastyle.apa.org\/products\/publication-manual-7th-edition\" target=\"_blank\" rel=\"noopener\"><em>Publication Manual of the American Psychological Association<\/em><\/a><\/span>, 7th ed., 2019).<br \/>\nNove Upute za oblikovanje rada dostupne su <a href=\"https:\/\/stranijezici.ffzg.unizg.hr\/wp-content\/uploads\/2021\/04\/UPUTE-ZA-OBLIKOVANJE-TEKSTA-novi-dokument-vrijedi-od-travnja-2021.docx\" target=\"_blank\" rel=\"noopener\"><strong>ovdje<\/strong><\/a>.<\/p>\n<p>Od rujna 2021. godine rukopisi \u0107e se zaprimati isklju\u010divo putem online sustava za ure\u0111ivanja \u010dasopisa (vi\u0161e informacija uskoro).<\/p>\n<p>&nbsp;<\/p>\n<p><img loading=\"lazy\" decoding=\"async\" class=\"alignnone wp-image-2822\" src=\"https:\/\/stranijezici.ffzg.unizg.hr\/wp-content\/uploads\/2021\/01\/strani-jezici-2021-5e.png\" alt=\"\" width=\"561\" height=\"239\" srcset=\"https:\/\/stranijezici.ffzg.unizg.hr\/wp-content\/uploads\/2021\/01\/strani-jezici-2021-5e.png 992w, https:\/\/stranijezici.ffzg.unizg.hr\/wp-content\/uploads\/2021\/01\/strani-jezici-2021-5e-300x128.png 300w, https:\/\/stranijezici.ffzg.unizg.hr\/wp-content\/uploads\/2021\/01\/strani-jezici-2021-5e-768x327.png 768w\" sizes=\"auto, (max-width: 561px) 100vw, 561px\" \/><\/p>\n<p>&nbsp;<\/p>\n<p>&nbsp;<\/p>\n<p>&nbsp;<\/p>\n<p>&nbsp;<\/p>\n<p>&nbsp;<\/p>\n","protected":false},"excerpt":{"rendered":"<p>NOVI BROJ \u010dasopisa Strani jezici Broj 2 &#8211; 2025&nbsp; dostupan je na poveznici *********************************************************** Okrugli stol:&nbsp; 50 godina Stranih jezika (1.3.2023.) *********************************************************** NOVO! (od sije\u010dnja 2022.) Molimo autore da za prijavu rukopisa koriste isklju\u010divo elektroni\u010dki sustav prijavljivanja radova Comet: *********************************************************** Poziv za predaju rukopisa Radovi predani nakon 1. lipnja teku\u0107e godine uzimaju se u obzir &hellip; <\/p>\n<p class=\"link-more\"><a href=\"https:\/\/stranijezici.ffzg.unizg.hr\/index.php\/obavijesti\/\" class=\"more-link\">Continue reading<span class=\"screen-reader-text\"> &#8220;Obavijesti&#8221;<\/span><\/a><\/p>\n","protected":false},"author":2,"featured_media":0,"parent":0,"menu_order":0,"comment_status":"closed","ping_status":"closed","template":"","meta":{"ngg_post_thumbnail":0,"footnotes":""},"class_list":["post-2928","page","type-page","status-publish","hentry"],"_links":{"self":[{"href":"https:\/\/stranijezici.ffzg.unizg.hr\/index.php\/wp-json\/wp\/v2\/pages\/2928","targetHints":{"allow":["GET"]}}],"collection":[{"href":"https:\/\/stranijezici.ffzg.unizg.hr\/index.php\/wp-json\/wp\/v2\/pages"}],"about":[{"href":"https:\/\/stranijezici.ffzg.unizg.hr\/index.php\/wp-json\/wp\/v2\/types\/page"}],"author":[{"embeddable":true,"href":"https:\/\/stranijezici.ffzg.unizg.hr\/index.php\/wp-json\/wp\/v2\/users\/2"}],"replies":[{"embeddable":true,"href":"https:\/\/stranijezici.ffzg.unizg.hr\/index.php\/wp-json\/wp\/v2\/comments?post=2928"}],"version-history":[{"count":29,"href":"https:\/\/stranijezici.ffzg.unizg.hr\/index.php\/wp-json\/wp\/v2\/pages\/2928\/revisions"}],"predecessor-version":[{"id":5147,"href":"https:\/\/stranijezici.ffzg.unizg.hr\/index.php\/wp-json\/wp\/v2\/pages\/2928\/revisions\/5147"}],"wp:attachment":[{"href":"https:\/\/stranijezici.ffzg.unizg.hr\/index.php\/wp-json\/wp\/v2\/media?parent=2928"}],"curies":[{"name":"wp","href":"https:\/\/api.w.org\/{rel}","templated":true}]}}