{"id":2751,"date":"2021-01-29T13:22:36","date_gmt":"2021-01-29T13:22:36","guid":{"rendered":"https:\/\/stranijezici.ffzg.unizg.hr\/?page_id=2751"},"modified":"2025-10-14T07:58:42","modified_gmt":"2025-10-14T07:58:42","slug":"kontakt","status":"publish","type":"page","link":"https:\/\/stranijezici.ffzg.unizg.hr\/index.php\/kontakt\/","title":{"rendered":"Kontakt"},"content":{"rendered":"<p>Hrvatsko filolo\u0161ko dru\u0161tvo<br \/>\n\u010casopis Strani jezici<br \/>\nIvana Lu\u010di\u0107a 3<br \/>\n10000 Zagreb<br \/>\nHrvatska<br \/>\nLidija Cviki\u0107<\/p>\n<p>e-mail:<br \/>\n<a id=\"OWA11ec80f9-3133-3ba0-07a3-78382c31ad3d\" class=\"x_OWAAutoLink x_elementToProof\" title=\"mailto:strjez@m.ffzg.hr\" href=\"mailto:strjez@m.ffzg.hr\" data-linkindex=\"2\" data-olk-copy-source=\"MessageBody\">strjez@m.ffzg.hr<\/a><\/p>\n","protected":false},"excerpt":{"rendered":"<p>Hrvatsko filolo\u0161ko dru\u0161tvo \u010casopis Strani jezici Ivana Lu\u010di\u0107a 3 10000 Zagreb Hrvatska Lidija Cviki\u0107 e-mail: strjez@m.ffzg.hr<\/p>\n","protected":false},"author":2,"featured_media":0,"parent":0,"menu_order":0,"comment_status":"closed","ping_status":"closed","template":"","meta":{"ngg_post_thumbnail":0,"footnotes":""},"class_list":["post-2751","page","type-page","status-publish","hentry"],"_links":{"self":[{"href":"https:\/\/stranijezici.ffzg.unizg.hr\/index.php\/wp-json\/wp\/v2\/pages\/2751","targetHints":{"allow":["GET"]}}],"collection":[{"href":"https:\/\/stranijezici.ffzg.unizg.hr\/index.php\/wp-json\/wp\/v2\/pages"}],"about":[{"href":"https:\/\/stranijezici.ffzg.unizg.hr\/index.php\/wp-json\/wp\/v2\/types\/page"}],"author":[{"embeddable":true,"href":"https:\/\/stranijezici.ffzg.unizg.hr\/index.php\/wp-json\/wp\/v2\/users\/2"}],"replies":[{"embeddable":true,"href":"https:\/\/stranijezici.ffzg.unizg.hr\/index.php\/wp-json\/wp\/v2\/comments?post=2751"}],"version-history":[{"count":6,"href":"https:\/\/stranijezici.ffzg.unizg.hr\/index.php\/wp-json\/wp\/v2\/pages\/2751\/revisions"}],"predecessor-version":[{"id":5094,"href":"https:\/\/stranijezici.ffzg.unizg.hr\/index.php\/wp-json\/wp\/v2\/pages\/2751\/revisions\/5094"}],"wp:attachment":[{"href":"https:\/\/stranijezici.ffzg.unizg.hr\/index.php\/wp-json\/wp\/v2\/media?parent=2751"}],"curies":[{"name":"wp","href":"https:\/\/api.w.org\/{rel}","templated":true}]}}