{"id":2735,"date":"2021-01-29T12:58:36","date_gmt":"2021-01-29T12:58:36","guid":{"rendered":"https:\/\/stranijezici.ffzg.unizg.hr\/?page_id=2735"},"modified":"2025-02-07T13:19:51","modified_gmt":"2025-02-07T13:19:51","slug":"urednistvo-2021","status":"publish","type":"page","link":"https:\/\/stranijezici.ffzg.unizg.hr\/index.php\/urednistvo-2021\/","title":{"rendered":"Uredni\u0161tvo"},"content":{"rendered":"<p><span style=\"color: #5a85b0;\"><strong><\/p>\n<p><\/strong><\/span><\/p>\n<table style=\"border-collapse: collapse; width: 100%;\">\n<tbody>\n<tr>\n<td style=\"width: 50%;\"><span style=\"color: #5a85b0;\"><strong><span style=\"color: #5a85b0;\">Glavna urednica<\/span><br \/>\n<\/strong><\/span><\/td>\n<td style=\"width: 50%;\"><span style=\"color: #5a85b0;\"><strong>Izvr\u0161na urednica<\/strong><\/span><\/td>\n<\/tr>\n<tr>\n<td style=\"width: 50%;\"><img loading=\"lazy\" decoding=\"async\" class=\"alignnone wp-image-2697\" src=\"https:\/\/stranijezici.ffzg.unizg.hr\/wp-content\/uploads\/2021\/01\/Cvikic-za-SJ.jpg\" alt=\"\" width=\"218\" height=\"218\" srcset=\"https:\/\/stranijezici.ffzg.unizg.hr\/wp-content\/uploads\/2021\/01\/Cvikic-za-SJ.jpg 255w, https:\/\/stranijezici.ffzg.unizg.hr\/wp-content\/uploads\/2021\/01\/Cvikic-za-SJ-150x150.jpg 150w, https:\/\/stranijezici.ffzg.unizg.hr\/wp-content\/uploads\/2021\/01\/Cvikic-za-SJ-100x100.jpg 100w\" sizes=\"auto, (max-width: 218px) 100vw, 218px\" \/><br \/>\n<strong>Lidija Cviki\u0107<\/strong><br \/>\nSveu\u010dili\u0161te u Zagrebu, Hrvatska<\/td>\n<td style=\"width: 50%;\"><img loading=\"lazy\" decoding=\"async\" class=\"alignnone size-full wp-image-2694\" src=\"https:\/\/stranijezici.ffzg.unizg.hr\/wp-content\/uploads\/2021\/01\/Maja2-SJ.png\" alt=\"\" width=\"318\" height=\"264\" srcset=\"https:\/\/stranijezici.ffzg.unizg.hr\/wp-content\/uploads\/2021\/01\/Maja2-SJ.png 318w, https:\/\/stranijezici.ffzg.unizg.hr\/wp-content\/uploads\/2021\/01\/Maja2-SJ-300x249.png 300w\" sizes=\"auto, (max-width: 318px) 100vw, 318px\" \/><br \/>\n<strong>Maja An\u0111el<\/strong><br \/>\nSveu\u010dili\u0161te u Zagrebu, Hrvatska<\/td>\n<\/tr>\n<tr>\n<td style=\"width: 50%;\"><span style=\"color: #5a85b0;\"><strong>Tajnik<br \/>\n<\/strong><\/span><strong>Bojan Prosenjak<\/strong><br \/>\nSveu\u010dili\u0161te u Zagrebu, Hrvatska&nbsp;<\/td>\n<td style=\"width: 50%;\">&nbsp;<\/td>\n<\/tr>\n<\/tbody>\n<\/table>\n<p><span style=\"color: #5a85b0;\"><strong>Tehni\u010dki urednici<\/strong><\/span><\/p>\n<p><strong>Mila Mar\u0161i\u0107<\/strong>, Sveu\u010dili\u0161te u Zagrebu, Hrvatska<br \/>\n<strong>Ivana Matijevi\u0107<\/strong>, Nacionalna i sveu\u010dili\u0161na knji\u017enica u Zagrebu, Hrvatska<\/p>\n<p><span style=\"color: #5a85b0;\"><strong>Uredni\u010dki odbor<\/strong><\/span><\/p>\n<ol>\n<li>Ga\u00ebtanelle Gilquin, Katoli\u010dko sveu\u010dili\u0161te u Louvainu, Belgija<\/li>\n<li>Ilona Feld-Knapp, Sveu\u010dili\u0161te E\u00f6tv\u00f6s Lor\u00e1nd u Budimpe\u0161ti, Ma\u0111arska<\/li>\n<li>Sa\u0161a Jazbec, Sveu\u010dili\u0161te u Mariboru, Slovenija<\/li>\n<li>Tihana Kra\u0161, Sveu\u010dili\u0161te u Rijeci, Hrvatska<\/li>\n<li>Marija L\u00fctze-Miculini\u0107, Sveu\u010dili\u0161te u Zagrebu, Hrvatska<\/li>\n<li>Sandra Marde\u0161i\u0107, Sveu\u010dili\u0161te u Zagrebu, Hrvatska<\/li>\n<li>Maja Mili\u010devi\u0107 Petrovi\u0107, Sveu\u010dili\u0161te u Bologni, Italija<\/li>\n<li>Marija Omazi\u0107, Sveu\u010dili\u0161te u Osijeku, Hrvatska<\/li>\n<li>Vi\u0161nja Pavi\u010di\u0107 Taka\u010d, Sveu\u010dili\u0161te u Osijeku, Hrvatska<\/li>\n<li>Miros\u0142aw Pawlak, Sveu\u010dili\u0161te Adam Mickiewicz u Pozna\u0144u, Poljska<\/li>\n<li>Leonard Pon, Sveu\u010dili\u0161te u Osijeku, Hrvatska<\/li>\n<li>Milica Sabo, Sveu\u010dili\u0161te Friedrich Schiller u Jeni, Njema\u010dka<\/li>\n<\/ol>\n<p><strong><span style=\"color: #5a85b0;\">Uredni\u010dki savjet<\/span><\/strong><\/p>\n<ol>\n<li>Hana Bergerov\u00e1, Sveu\u010dili\u0161te Jana Evangeliste Purkyn\u0115,\u010ce\u0161ka<\/li>\n<li>June Eyckmans, Sveu\u010dili\u0161te u Ghentu, Belgija<\/li>\n<li>Hermann Funk, Sveu\u010dili\u0161te Friedrich Schiller u Jeni, Njema\u010dka<\/li>\n<li>Jonas Granfeldt, Sveu\u010dili\u0161te u Lundu, \u0160vedska<\/li>\n<li>Martin Howard, Sveu\u010dili\u0161te u Corku, Irska<\/li>\n<li>Zrinka Jelaska, Sveu\u010dili\u0161te u Zagrebu, Hrvatska<\/li>\n<li>Marijana Kresi\u0107 Vukosav, Sveu\u010dili\u0161te u Zadru, Hrvatska<\/li>\n<li>Tanja Kupisch, Sveu\u010dili\u0161te u Konstanzu, Njema\u010dka<\/li>\n<li>Lucilla Lopriore, Sveu\u010dili\u0161te Roma Tre, Italija<\/li>\n<li>Ana Petravi\u0107, Sveu\u010dili\u0161te u Zagrebu, Hrvatska<\/li>\n<li>Simone Pfenninger, Sveu\u010dili\u0161te u Zurichu, \u0160vicarska<\/li>\n<li>Jason Rothman, Sveu\u010dili\u0161te u Readingu, Velika Britanija<\/li>\n<li>Elena Savova, Novo bugarsko sveu\u010dili\u0161te u Sofiji, Bugarska<\/li>\n<li>Henry Tyne, Sveu\u010dili\u0161te u Perpignanu, Francuska<\/li>\n<li>Irena Vodopija-Krstanovi\u0107, Sveu\u010dili\u0161te u Rijeci, Hrvatska<\/li>\n<\/ol>\n","protected":false},"excerpt":{"rendered":"<p>Glavna urednica Izvr\u0161na urednica Lidija Cviki\u0107 Sveu\u010dili\u0161te u Zagrebu, Hrvatska Maja An\u0111el Sveu\u010dili\u0161te u Zagrebu, Hrvatska Tajnik Bojan Prosenjak Sveu\u010dili\u0161te u Zagrebu, Hrvatska&nbsp; &nbsp; Tehni\u010dki urednici Mila Mar\u0161i\u0107, Sveu\u010dili\u0161te u Zagrebu, Hrvatska Ivana Matijevi\u0107, Nacionalna i sveu\u010dili\u0161na knji\u017enica u Zagrebu, Hrvatska Uredni\u010dki odbor Ga\u00ebtanelle Gilquin, Katoli\u010dko sveu\u010dili\u0161te u Louvainu, Belgija Ilona Feld-Knapp, Sveu\u010dili\u0161te E\u00f6tv\u00f6s Lor\u00e1nd &hellip; <\/p>\n<p class=\"link-more\"><a href=\"https:\/\/stranijezici.ffzg.unizg.hr\/index.php\/urednistvo-2021\/\" class=\"more-link\">Continue reading<span class=\"screen-reader-text\"> &#8220;Uredni\u0161tvo&#8221;<\/span><\/a><\/p>\n","protected":false},"author":2,"featured_media":0,"parent":0,"menu_order":0,"comment_status":"closed","ping_status":"closed","template":"","meta":{"ngg_post_thumbnail":0,"footnotes":""},"class_list":["post-2735","page","type-page","status-publish","hentry"],"_links":{"self":[{"href":"https:\/\/stranijezici.ffzg.unizg.hr\/index.php\/wp-json\/wp\/v2\/pages\/2735","targetHints":{"allow":["GET"]}}],"collection":[{"href":"https:\/\/stranijezici.ffzg.unizg.hr\/index.php\/wp-json\/wp\/v2\/pages"}],"about":[{"href":"https:\/\/stranijezici.ffzg.unizg.hr\/index.php\/wp-json\/wp\/v2\/types\/page"}],"author":[{"embeddable":true,"href":"https:\/\/stranijezici.ffzg.unizg.hr\/index.php\/wp-json\/wp\/v2\/users\/2"}],"replies":[{"embeddable":true,"href":"https:\/\/stranijezici.ffzg.unizg.hr\/index.php\/wp-json\/wp\/v2\/comments?post=2735"}],"version-history":[{"count":32,"href":"https:\/\/stranijezici.ffzg.unizg.hr\/index.php\/wp-json\/wp\/v2\/pages\/2735\/revisions"}],"predecessor-version":[{"id":4926,"href":"https:\/\/stranijezici.ffzg.unizg.hr\/index.php\/wp-json\/wp\/v2\/pages\/2735\/revisions\/4926"}],"wp:attachment":[{"href":"https:\/\/stranijezici.ffzg.unizg.hr\/index.php\/wp-json\/wp\/v2\/media?parent=2735"}],"curies":[{"name":"wp","href":"https:\/\/api.w.org\/{rel}","templated":true}]}}