{"id":2730,"date":"2021-01-29T12:47:12","date_gmt":"2021-01-29T12:47:12","guid":{"rendered":"https:\/\/stranijezici.ffzg.unizg.hr\/?page_id=2730"},"modified":"2025-02-07T13:23:14","modified_gmt":"2025-02-07T13:23:14","slug":"editorial-team-2021","status":"publish","type":"page","link":"https:\/\/stranijezici.ffzg.unizg.hr\/index.php\/en\/editorial-team-2021\/","title":{"rendered":"Editorial team"},"content":{"rendered":"<p>&nbsp;<\/p>\n<table style=\"border-collapse: collapse; width: 100%;\">\n<tbody>\n<tr>\n<td style=\"width: 50%;\"><span style=\"color: #5a85b0;\"><strong>Editor-In-Chief<\/strong><\/span><\/td>\n<td style=\"width: 50%;\"><strong><span style=\"color: #5a85b0;\">Managing Editor<\/span><\/strong><\/td>\n<\/tr>\n<tr>\n<td style=\"width: 50%;\"><img loading=\"lazy\" decoding=\"async\" class=\"alignnone wp-image-2697\" src=\"https:\/\/stranijezici.ffzg.unizg.hr\/wp-content\/uploads\/2021\/01\/Cvikic-za-SJ.jpg\" alt=\"\" width=\"218\" height=\"218\" srcset=\"https:\/\/stranijezici.ffzg.unizg.hr\/wp-content\/uploads\/2021\/01\/Cvikic-za-SJ.jpg 255w, https:\/\/stranijezici.ffzg.unizg.hr\/wp-content\/uploads\/2021\/01\/Cvikic-za-SJ-150x150.jpg 150w, https:\/\/stranijezici.ffzg.unizg.hr\/wp-content\/uploads\/2021\/01\/Cvikic-za-SJ-100x100.jpg 100w\" sizes=\"auto, (max-width: 218px) 100vw, 218px\" \/><br \/>\n<strong>Lidija Cviki\u0107<\/strong><br \/>\nUniversity of Zagreb, Croatia<\/td>\n<td style=\"width: 50%;\"><img loading=\"lazy\" decoding=\"async\" class=\"alignnone size-full wp-image-2694\" src=\"https:\/\/stranijezici.ffzg.unizg.hr\/wp-content\/uploads\/2021\/01\/Maja2-SJ.png\" alt=\"\" width=\"318\" height=\"264\" srcset=\"https:\/\/stranijezici.ffzg.unizg.hr\/wp-content\/uploads\/2021\/01\/Maja2-SJ.png 318w, https:\/\/stranijezici.ffzg.unizg.hr\/wp-content\/uploads\/2021\/01\/Maja2-SJ-300x249.png 300w\" sizes=\"auto, (max-width: 318px) 100vw, 318px\" \/><br \/>\n<strong>Maja An\u0111el<\/strong><br \/>\nUniversity of Zagreb, Croatia<\/td>\n<\/tr>\n<tr>\n<td style=\"width: 50%;\"><span style=\"color: #5a85b0;\"><strong>Editorial Assistant<br \/>\n<\/strong><\/span><strong>Bojan Prosenjak<\/strong><br \/>\nUniversity of Zagreb, Croatia<br \/>\n&nbsp;<\/td>\n<td style=\"width: 50%;\">&nbsp;<\/td>\n<\/tr>\n<\/tbody>\n<\/table>\n<p><span style=\"color: #5a85b0;\"><strong>Technical Editors<\/strong><\/span><\/p>\n<p><strong>Mila Mar\u0161i\u0107<\/strong>, University of Zagreb, Croatia<br \/>\n<strong>Ivana Matijevi\u0107<\/strong> , National and University Library in Zagreb, Croatia<\/p>\n<p><span style=\"color: #5a85b0;\"><strong>Editorial Board<\/strong><\/span><\/p>\n<ol>\n<li>Ga\u00ebtanelle Gilquin, Katoli\u010dko sveu\u010dili\u0161te u Louvainu, Belgija<\/li>\n<li>Ilona Feld-Knapp, Sveu\u010dili\u0161te E\u00f6tv\u00f6s Lor\u00e1nd u Budimpe\u0161ti, Ma\u0111arska<\/li>\n<li>Sa\u0161a Jazbec, Sveu\u010dili\u0161te u Mariboru, Slovenija<\/li>\n<li>Tihana Kra\u0161, Sveu\u010dili\u0161te u Rijeci, Hrvatska<\/li>\n<li>Marija L\u00fctze-Miculini\u0107, Sveu\u010dili\u0161te u Zagrebu, Hrvatska<\/li>\n<li>Sandra Marde\u0161i\u0107, Sveu\u010dili\u0161te u Zagrebu, Hrvatska<\/li>\n<li>Maja Mili\u010devi\u0107 Petrovi\u0107, Sveu\u010dili\u0161te u Bologni, Italija<\/li>\n<li>Marija Omazi\u0107, Sveu\u010dili\u0161te u Osijeku, Hrvatska<\/li>\n<li>Vi\u0161nja Pavi\u010di\u0107&nbsp; Taka\u010d, Sveu\u010dili\u0161te u Osijeku, Hrvatska<\/li>\n<li>Miros\u0142aw Pawlak, Sveu\u010dili\u0161te Adam Mickiewicz u Pozna\u0144u, Poljska<\/li>\n<li>Leonard Pon, Sveu\u010dili\u0161te u Osijeku, Hrvatska<\/li>\n<li>Milica Sabo, Sveu\u010dili\u0161te Friedrich Schiller u Jeni, Njema\u010dka<\/li>\n<\/ol>\n<p><strong><span style=\"color: #5a85b0;\">Board of Consulting Editors<\/span><\/strong><\/p>\n<ol>\n<li>Hana Bergerov\u00e1, Jan Evangelista Purkyn\u0115 University, Czech Republic<\/li>\n<li>June Eyckmans, Ghent University, Belgium<\/li>\n<li>Hermann Funk, Friedrich Schiller University in Jena, Germany<\/li>\n<li>Jonas Granfeldt, Lund University, Sweden<\/li>\n<li>Martin Howard, University College Cork, Ireland<\/li>\n<li>Zrinka Jelaska, University of Zagreb, Croatia)<\/li>\n<li>Marijana Kresi\u0107 Vukosav, University of Zadar, Croatia<\/li>\n<li>Tanja Kupisch, University of Konstanz, Germany<\/li>\n<li>Lucilla Lopriore, Roma Tre University, Italy<\/li>\n<li>Ana Petravi\u0107, University of Zagreb, Croatia<\/li>\n<li>Simone Pfenninger, University of Salzburg, Austria<\/li>\n<li>Jason Rothman, University of Reading, United Kingdom<\/li>\n<li>Elena Savova, New Bulgarian University in Sofia, Bulgaria<\/li>\n<li>Henry Tyne, University of Perpignan, France<\/li>\n<li>Irena Vodopija-Krstanovi\u0107, University of Rijeka, Croatia<\/li>\n<\/ol>\n","protected":false},"excerpt":{"rendered":"<p>&nbsp; Editor-In-Chief Managing Editor Lidija Cviki\u0107 University of Zagreb, Croatia Maja An\u0111el University of Zagreb, Croatia Editorial Assistant Bojan Prosenjak University of Zagreb, Croatia &nbsp; &nbsp; Technical Editors Mila Mar\u0161i\u0107, University of Zagreb, Croatia Ivana Matijevi\u0107 , National and University Library in Zagreb, Croatia Editorial Board Ga\u00ebtanelle Gilquin, Katoli\u010dko sveu\u010dili\u0161te u Louvainu, Belgija Ilona Feld-Knapp, &hellip; <\/p>\n<p class=\"link-more\"><a href=\"https:\/\/stranijezici.ffzg.unizg.hr\/index.php\/en\/editorial-team-2021\/\" class=\"more-link\">Continue reading<span class=\"screen-reader-text\"> &#8220;Editorial team&#8221;<\/span><\/a><\/p>\n","protected":false},"author":2,"featured_media":0,"parent":0,"menu_order":0,"comment_status":"closed","ping_status":"closed","template":"","meta":{"ngg_post_thumbnail":0,"footnotes":""},"class_list":["post-2730","page","type-page","status-publish","hentry"],"_links":{"self":[{"href":"https:\/\/stranijezici.ffzg.unizg.hr\/index.php\/wp-json\/wp\/v2\/pages\/2730","targetHints":{"allow":["GET"]}}],"collection":[{"href":"https:\/\/stranijezici.ffzg.unizg.hr\/index.php\/wp-json\/wp\/v2\/pages"}],"about":[{"href":"https:\/\/stranijezici.ffzg.unizg.hr\/index.php\/wp-json\/wp\/v2\/types\/page"}],"author":[{"embeddable":true,"href":"https:\/\/stranijezici.ffzg.unizg.hr\/index.php\/wp-json\/wp\/v2\/users\/2"}],"replies":[{"embeddable":true,"href":"https:\/\/stranijezici.ffzg.unizg.hr\/index.php\/wp-json\/wp\/v2\/comments?post=2730"}],"version-history":[{"count":17,"href":"https:\/\/stranijezici.ffzg.unizg.hr\/index.php\/wp-json\/wp\/v2\/pages\/2730\/revisions"}],"predecessor-version":[{"id":4927,"href":"https:\/\/stranijezici.ffzg.unizg.hr\/index.php\/wp-json\/wp\/v2\/pages\/2730\/revisions\/4927"}],"wp:attachment":[{"href":"https:\/\/stranijezici.ffzg.unizg.hr\/index.php\/wp-json\/wp\/v2\/media?parent=2730"}],"curies":[{"name":"wp","href":"https:\/\/api.w.org\/{rel}","templated":true}]}}