{"id":2676,"date":"2020-12-01T13:57:41","date_gmt":"2020-12-01T13:57:41","guid":{"rendered":"https:\/\/stranijezici.ffzg.unizg.hr\/?page_id=2676"},"modified":"2020-12-01T14:06:52","modified_gmt":"2020-12-01T14:06:52","slug":"vol49n2","status":"publish","type":"page","link":"https:\/\/stranijezici.ffzg.unizg.hr\/index.php\/vol49n2\/","title":{"rendered":"Vol 49. (2)"},"content":{"rendered":"<ul style=\"list-style-type: none;\">\n<li><a href=\"https:\/\/stranijezici.ffzg.unizg.hr\/wp-content\/uploads\/2020\/11\/SJ_49_2_1.pdf\" target=\"_blank\" rel=\"noopener\"><strong>A SENTENCE NEED NOT BEGIN WITH A CAPITAL LETTER<\/strong><\/a>\n<ul style=\"list-style-type: none;\">\n<li>\u2003\u2003 Jakob Patekar<\/li>\n<li>\u2003\u2003 Izvorni znanstveni \u010dlanak<\/li>\n<\/ul>\n<\/li>\n<\/ul>\n<p>&nbsp;<\/p>\n<ul style=\"list-style-type: none;\">\n<li><a href=\"https:\/\/stranijezici.ffzg.unizg.hr\/wp-content\/uploads\/2020\/11\/SJ_49_2_2.pdf\" target=\"_blank\" rel=\"noopener\"><strong>KLASIFIKACIJA IZGOVORNIH ODSTUPANJA NA PO\u010cETNOM STUPNJU U\u010cENJA HRVATSKOGA \u2013 GLOTODIDAKTI\u010cKI PRISTUP<\/strong><\/a>\n<ul style=\"list-style-type: none;\">\n<li>\u2003\u2003 Mateja \u0160por\u010di\u0107<\/li>\n<li>\u2003\u2003 Izvorni znanstveni \u010dlanak<\/li>\n<\/ul>\n<\/li>\n<\/ul>\n<p>&nbsp;<\/p>\n<ul style=\"list-style-type: none;\">\n<li><a href=\"https:\/\/stranijezici.ffzg.unizg.hr\/wp-content\/uploads\/2020\/11\/SJ_49_2_3.pdf\" target=\"_blank\" rel=\"noopener\"><strong>NEGATIVNI JEZI\u010cNI PRIJENOS NA MORFOSINTAKTI\u010cKOJ RAZINI U U\u010cENJU SRODNIH JEZIKA: TALIJANSKOG (J2) I \u0160PANJOLSKOG JEZIKA (J3)<\/strong><\/a>\n<ul style=\"list-style-type: none;\">\n<li>\u2003\u2003 Matea Buli\u0107<\/li>\n<li>\u2003\u2003 Izvorni znanstveni \u010dlanak<\/li>\n<\/ul>\n<\/li>\n<\/ul>\n<p>&nbsp;<\/p>\n<ul style=\"list-style-type: none;\">\n<li><a href=\"https:\/\/stranijezici.ffzg.unizg.hr\/wp-content\/uploads\/2020\/11\/SJ_49_2_4.pdf\" target=\"_blank\" rel=\"noopener\"><strong>DIE F\u00d6RDERUNG LITERARISCHER KOMPETENZEN IM DAF-UNTERRICHT: HERAUSFORDERUNGEN IN DER PRAXIS<\/strong><\/a>\n<ul style=\"list-style-type: none;\">\n<li>\u2003\u2003 Mojca Leskovec<\/li>\n<li>\u2003\u2003 Izvorni znanstveni \u010dlanak<\/li>\n<\/ul>\n<\/li>\n<\/ul>\n<p>&nbsp;<\/p>\n<ul style=\"list-style-type: none;\">\n<li><a href=\"https:\/\/stranijezici.ffzg.unizg.hr\/wp-content\/uploads\/2020\/11\/SJ_49_2_5.pdf\" target=\"_blank\" rel=\"noopener\"><strong>UPORABA MATERINSKOGA JEZIKA U RAZREDNOM DISKURSU NA SATU \u0160PANJOLSKOGA JEZIKA<\/strong><\/a>\n<ul style=\"list-style-type: none;\">\n<li>\u2003\u2003 Andrea Beata Jeli\u0107, Nikolina Vla\u0161i\u0107<\/li>\n<li>\u2003\u2003 Izvorni znanstveni \u010dlanak<\/li>\n<\/ul>\n<\/li>\n<\/ul>\n<p>&nbsp;<\/p>\n<ul style=\"list-style-type: none;\">\n<li><a href=\"https:\/\/stranijezici.ffzg.unizg.hr\/wp-content\/uploads\/2020\/11\/SJ_49_2_6.pdf\" target=\"_blank\" rel=\"noopener\"><strong>E-PRIRU\u010cNIK U NASTAVI STRANOGA JEZIKA STRUKE<\/strong><\/a>\n<ul style=\"list-style-type: none;\">\n<li>\u2003\u2003 Mirna Petanjek, Ankica \u0160vob<\/li>\n<li>\u2003\u2003 Izvorni znanstveni \u010dlanak<\/li>\n<\/ul>\n<\/li>\n<\/ul>\n<p>&nbsp;<\/p>\n<p>&nbsp;<\/p>\n<ul style=\"list-style-type: none;\">\n<li><a href=\"https:\/\/stranijezici.ffzg.unizg.hr\/wp-content\/uploads\/2020\/11\/SJ_49_2_7.pdf\" target=\"_blank\" rel=\"noopener\"><strong>PRIKAZ KNJIGE IZAZOVI U\u010cENJA STRANOG JEZIKA U OSNOVNOJ \u0160KOLI<\/strong><\/a>\n<ul style=\"list-style-type: none;\">\n<li>\u2003\u2003 Ana Gabrijela Bla\u017eevi\u0107<\/li>\n<li>\u2003\u2003 Prikaz<\/li>\n<\/ul>\n<\/li>\n<\/ul>\n<p>&nbsp;<\/p>\n<p>&nbsp;<\/p>\n<ul style=\"list-style-type: none;\">\n<li><a href=\"https:\/\/stranijezici.ffzg.unizg.hr\/wp-content\/uploads\/2020\/11\/SJ_49_2_8.pdf\" target=\"_blank\" rel=\"noopener\"><strong><br \/>\nPRIKAZ UD\u017dBENIKA TURISMO 1 ZA U\u010cENJE \u0160PANJOLSKOGA KAO STRANOG JEZIKA U STRUKOVNIM \u0160KOLAMA HOTELIJERSKOG USMJERENJA<\/strong><\/a><\/p>\n<ul style=\"list-style-type: none;\">\n<li>\u2003\u2003 Daniel Skok<\/li>\n<li>\u2003\u2003 Prikaz<\/li>\n<\/ul>\n<\/li>\n<\/ul>\n<p>&nbsp;<\/p>\n<p>&nbsp;<\/p>\n<ul style=\"list-style-type: none;\">\n<li><a href=\"https:\/\/stranijezici.ffzg.unizg.hr\/wp-content\/uploads\/2020\/11\/SJ_49_2_9.pdf\" target=\"_blank\" rel=\"noopener\"><strong>PRIKAZ VIRTUALNOG SKUPA FIFTH POSTGRADUATE CONFERENCE IN TRANSLATION STUDIES AND COMPARATIVE LITERATURE \u2013 FLUIDITY NA SVEU\u010cILI\u0160TU U GLASGOWU<\/strong><\/a>\n<ul style=\"list-style-type: none;\">\n<li>\u2003\u2003 Vedrana \u010cemerin<\/li>\n<li>\u2003\u2003 Prikaz<\/li>\n<\/ul>\n<\/li>\n<\/ul>\n<p>&nbsp;<\/p>\n","protected":false},"excerpt":{"rendered":"<p>A SENTENCE NEED NOT BEGIN WITH A CAPITAL LETTER \u2003\u2003 Jakob Patekar \u2003\u2003 Izvorni znanstveni \u010dlanak &nbsp; KLASIFIKACIJA IZGOVORNIH ODSTUPANJA NA PO\u010cETNOM STUPNJU U\u010cENJA HRVATSKOGA \u2013 GLOTODIDAKTI\u010cKI PRISTUP \u2003\u2003 Mateja \u0160por\u010di\u0107 \u2003\u2003 Izvorni znanstveni \u010dlanak &nbsp; NEGATIVNI JEZI\u010cNI PRIJENOS NA MORFOSINTAKTI\u010cKOJ RAZINI U U\u010cENJU SRODNIH JEZIKA: TALIJANSKOG (J2) I \u0160PANJOLSKOG JEZIKA (J3) \u2003\u2003 Matea Buli\u0107 &hellip; <\/p>\n<p class=\"link-more\"><a href=\"https:\/\/stranijezici.ffzg.unizg.hr\/index.php\/vol49n2\/\" class=\"more-link\">Continue reading<span class=\"screen-reader-text\"> &#8220;Vol 49. (2)&#8221;<\/span><\/a><\/p>\n","protected":false},"author":2,"featured_media":0,"parent":0,"menu_order":0,"comment_status":"closed","ping_status":"closed","template":"","meta":{"ngg_post_thumbnail":0,"footnotes":""},"class_list":["post-2676","page","type-page","status-publish","hentry"],"_links":{"self":[{"href":"https:\/\/stranijezici.ffzg.unizg.hr\/index.php\/wp-json\/wp\/v2\/pages\/2676","targetHints":{"allow":["GET"]}}],"collection":[{"href":"https:\/\/stranijezici.ffzg.unizg.hr\/index.php\/wp-json\/wp\/v2\/pages"}],"about":[{"href":"https:\/\/stranijezici.ffzg.unizg.hr\/index.php\/wp-json\/wp\/v2\/types\/page"}],"author":[{"embeddable":true,"href":"https:\/\/stranijezici.ffzg.unizg.hr\/index.php\/wp-json\/wp\/v2\/users\/2"}],"replies":[{"embeddable":true,"href":"https:\/\/stranijezici.ffzg.unizg.hr\/index.php\/wp-json\/wp\/v2\/comments?post=2676"}],"version-history":[{"count":5,"href":"https:\/\/stranijezici.ffzg.unizg.hr\/index.php\/wp-json\/wp\/v2\/pages\/2676\/revisions"}],"predecessor-version":[{"id":2685,"href":"https:\/\/stranijezici.ffzg.unizg.hr\/index.php\/wp-json\/wp\/v2\/pages\/2676\/revisions\/2685"}],"wp:attachment":[{"href":"https:\/\/stranijezici.ffzg.unizg.hr\/index.php\/wp-json\/wp\/v2\/media?parent=2676"}],"curies":[{"name":"wp","href":"https:\/\/api.w.org\/{rel}","templated":true}]}}