{"id":2551,"date":"2020-08-15T11:56:06","date_gmt":"2020-08-15T11:56:06","guid":{"rendered":"https:\/\/stranijezici.ffzg.unizg.hr\/?page_id=2551"},"modified":"2020-10-03T12:24:45","modified_gmt":"2020-10-03T12:24:45","slug":"vol27n2","status":"publish","type":"page","link":"https:\/\/stranijezici.ffzg.unizg.hr\/index.php\/vol27n2\/","title":{"rendered":"Vol 27. (2)"},"content":{"rendered":"<ul style=\"list-style-type:none\">\n<li><a href=\"https:\/\/stranijezici.ffzg.unizg.hr\/wp-content\/uploads\/2020\/10\/SJ-27_2_0.pdf\" target=\"_blank\"><strong>UVODNA RIJE\u010c<\/strong><\/a> <\/li>\n<\/li>\n<p>  &nbsp;<\/p>\n<li>\n<h3>Intervju<\/h3>\n<\/li>\n<ul style=\"list-style-type:none\">\n<li><a href=\"https:\/\/stranijezici.ffzg.unizg.hr\/wp-content\/uploads\/2020\/10\/SJ-27_2_1.pdf\" target=\"_blank\"><strong>LUCA SERIANNI<\/strong><\/a><\/li>\n<\/li>\n<p>  &nbsp;<\/p>\n<li>\n<h3>Lingvistika, metodika<\/h3>\n<\/li>\n<ul style=\"list-style-type:none\">\n<li><a href=\"https:\/\/stranijezici.ffzg.unizg.hr\/wp-content\/uploads\/2020\/10\/SJ-27_2_2.pdf\" target=\"_blank\"><strong>SEMANTI\u010cKI ASPEKT KOLOKACIJSKIH ODNOSA S KONTRASTIVNOG STAJALI\u0160TA<\/strong><\/a><\/li>\n<ul style=\"list-style-type:none\">\n<li>&emsp;&emsp; Neda Bori\u0107<\/li>\n<li>&emsp;&emsp; Stru\u010dni \u010dlanak<\/li>\n<\/ul>\n<\/li>\n<p>  &nbsp;<\/p>\n<li><a href=\"https:\/\/stranijezici.ffzg.unizg.hr\/wp-content\/uploads\/2020\/10\/SJ-27_2_3.pdf\" target=\"_blank\"><strong>&#8220;JOKER-RIJE\u010cI&#8221; (JR) &#8211; POJAVA U SUVREMENOME JEZIKU<\/strong><\/a> <\/li>\n<ul style=\"list-style-type:none\">\n<li>&emsp;&emsp; Barbara Kryzan-Stanojevi\u0107<\/li>\n<li>&emsp;&emsp; Stru\u010dni \u010dlanak<\/li>\n<\/ul>\n<\/li>\n<p>  &nbsp;<\/p>\n<li><a href=\"https:\/\/stranijezici.ffzg.unizg.hr\/wp-content\/uploads\/2020\/10\/SJ-27_2_4.pdf\" target=\"_blank\"><strong>METODA KLJU\u010cNIH RIJE\u010cI<\/strong><\/a> <\/li>\n<ul style=\"list-style-type:none\">\n<li>&emsp;&emsp; Helga Bosiljevac<\/li>\n<li>&emsp;&emsp; Stru\u010dni \u010dlanak<\/li>\n<\/ul>\n<\/li>\n<p>  &nbsp;<\/p>\n<ul style=\"list-style-type:none\">\n<li><a href=\"https:\/\/stranijezici.ffzg.unizg.hr\/wp-content\/uploads\/2020\/10\/SJ-27_2_5.pdf\" target=\"_blank\"><strong>BRITANSKO OBRAZOVANJE DANAS<\/strong><\/a><\/li>\n<ul style=\"list-style-type:none\">\n<li>&emsp;&emsp; Milena Kova\u010devi\u0107<\/li>\n<li>&emsp;&emsp; Stru\u010dni \u010dlanak<\/li>\n<\/ul>\n<\/li>\n<p>  &nbsp;<\/p>\n<li>\n<h3>Na\u0161a iskustva<\/h3>\n<\/li>\n<ul style=\"list-style-type:none\">\n<li><a href=\"https:\/\/stranijezici.ffzg.unizg.hr\/wp-content\/uploads\/2020\/10\/SJ-27_2_6.pdf\" target=\"_blank\"><strong>LJUDSKA PRAVA &#8211; NA ENGLESKOM<\/strong><\/a><\/li>\n<ul style=\"list-style-type:none\">\n<li>&emsp;&emsp; Bo\u017eica Jakovlev<\/li>\n<\/ul>\n<\/li>\n<p>  &nbsp;<\/p>\n<li><a href=\"https:\/\/stranijezici.ffzg.unizg.hr\/wp-content\/uploads\/2020\/10\/SJ-27_2_7.pdf\" target=\"_blank\"><strong>RAD S LEKTOROM NJEMA\u010cKOG JEZIKA NA NEFILOLO\u0160KOM FAKULTETU<\/strong><\/a> <\/li>\n<ul style=\"list-style-type:none\">\n<li>&emsp;&emsp; Snje\u017eana Kerekovi\u0107<\/li>\n<\/ul>\n<\/li>\n<p>  &nbsp;<\/p>\n<li>\n<h3>Prikazi knjiga<\/h3>\n<\/li>\n<li><a href=\"https:\/\/stranijezici.ffzg.unizg.hr\/wp-content\/uploads\/2020\/10\/SJ-27_2_8.pdf\" target=\"_blank\"><strong>LA GRAMMATICA ITALIANA DI LUCA SERIANNI<\/strong><\/a> <\/li>\n<ul style=\"list-style-type:none\">\n<li>&emsp;&emsp; Alessandro Iovinelli<\/li>\n<\/ul>\n<\/li>\n<p>  &nbsp;<\/p>\n<ul style=\"list-style-type:none\">\n<li><a href=\"https:\/\/stranijezici.ffzg.unizg.hr\/wp-content\/uploads\/2020\/10\/SJ-27_2_9.pdf\" target=\"_blank\"><strong>DVA NOVA RJE\u010cNIKA RUSKOGA JEZIKA<\/strong><\/a><\/li>\n<ul style=\"list-style-type:none\">\n<li>&emsp;&emsp; \u017deljka Fink<\/li>\n<\/ul>\n<\/li>\n<p>  &nbsp;<\/p>\n<ul style=\"list-style-type:none\">\n<li><a href=\"https:\/\/stranijezici.ffzg.unizg.hr\/wp-content\/uploads\/2020\/10\/SJ-27_2_10.pdf\" target=\"_blank\"><strong>NADA \u0160ABEC, HALF PA PU &#8211; THE LANGUAGE OF SLOVENE AMERICANS<\/strong><\/a><\/li>\n<ul style=\"list-style-type:none\">\n<li>&emsp;&emsp; Dunja Jutroni\u0107<\/li>\n<\/ul>\n<\/li>\n<p>  &nbsp;<\/p>\n<ul style=\"list-style-type:none\">\n<li><a href=\"https:\/\/stranijezici.ffzg.unizg.hr\/wp-content\/uploads\/2020\/10\/SJ-27_2_11.pdf\" target=\"_blank\"><strong>CLAUDE HAGEGE, STRUKTURA JEZIKA<\/strong><\/a><\/li>\n<ul style=\"list-style-type:none\">\n<li>&emsp;&emsp; Ana Mahni\u0107-\u0106osi\u0107<\/li>\n<\/ul>\n<\/li>\n<p>  &nbsp;<\/p>\n<ul style=\"list-style-type:none\">\n<li><a href=\"https:\/\/stranijezici.ffzg.unizg.hr\/wp-content\/uploads\/2020\/10\/SJ-27_2_12.pdf\" target=\"_blank\"><strong>INGRID DAMIANI EINWALTER, MIRJANA MARKOVI\u0106 MARINKOVI\u0106, NIVES SIRONI\u0106 BONEFA\u010cI\u0106, VIENI CON ME 3<\/strong><\/a><\/li>\n<ul style=\"list-style-type:none\">\n<li>&emsp;&emsp; Bla\u017eenka Strelec Jugec<\/li>\n<\/ul>\n<\/li>\n<p>  &nbsp;<\/p>\n<ul style=\"list-style-type:none\">\n<li><a href=\"https:\/\/stranijezici.ffzg.unizg.hr\/wp-content\/uploads\/2020\/10\/SJ-27_2_13.pdf\" target=\"_blank\"><strong>OXFORD DICTIONARY OF COMPUTING FOR LEARNERS OF ENGLISH<\/strong><\/a><\/li>\n<ul style=\"list-style-type:none\">\n<li>&emsp;&emsp; Stjepo Vojvoda<\/li>\n<\/ul>\n<\/li>\n<p>  &nbsp;<\/p>\n<ul style=\"list-style-type:none\">\n<li><a href=\"https:\/\/stranijezici.ffzg.unizg.hr\/wp-content\/uploads\/2020\/10\/SJ-27_2_14.pdf\" target=\"_blank\"><strong>SLOVANSKA VETA<\/strong><\/a><\/li>\n<ul style=\"list-style-type:none\">\n<li>&emsp;&emsp; Snje\u017eana Kordi\u0107<\/li>\n<\/ul>\n<\/li>\n<p>  &nbsp;<\/p>\n<li>\n<h3>Kronika<\/h3>\n<\/li>\n<ul style=\"list-style-type:none\">\n<li><a href=\"https:\/\/stranijezici.ffzg.unizg.hr\/wp-content\/uploads\/2020\/10\/SJ-27_2_15.pdf\" target=\"_blank\"><strong>PETA HUPE, \u0160ESTA HUPE<\/strong><\/a><\/li>\n<ul style=\"list-style-type:none\">\n<li>&emsp;&emsp; Marina Manucci<\/li>\n<\/ul>\n<\/li>\n<p>  &nbsp;<\/p>\n<ul style=\"list-style-type:none\">\n<li><a href=\"https:\/\/stranijezici.ffzg.unizg.hr\/wp-content\/uploads\/2020\/10\/SJ-27_2_16.pdf\" target=\"_blank\"><strong>\u010cETVRTA KONFERENCIJA EUROPSKOG DRU\u0160TVA ZA PROU\u010cAVANJE ENGLESKOG JEZIKA<\/strong><\/a><\/li>\n<ul style=\"list-style-type:none\">\n<li>&emsp;&emsp; Ljuba Dabo-Denegri<\/li>\n<\/ul>\n<\/li>\n<p>  &nbsp;\n<\/ul>\n","protected":false},"excerpt":{"rendered":"<p>UVODNA RIJE\u010c &nbsp; Intervju LUCA SERIANNI &nbsp; Lingvistika, metodika SEMANTI\u010cKI ASPEKT KOLOKACIJSKIH ODNOSA S KONTRASTIVNOG STAJALI\u0160TA &emsp;&emsp; Neda Bori\u0107 &emsp;&emsp; Stru\u010dni \u010dlanak &nbsp; &#8220;JOKER-RIJE\u010cI&#8221; (JR) &#8211; POJAVA U SUVREMENOME JEZIKU &emsp;&emsp; Barbara Kryzan-Stanojevi\u0107 &emsp;&emsp; Stru\u010dni \u010dlanak &nbsp; METODA KLJU\u010cNIH RIJE\u010cI &emsp;&emsp; Helga Bosiljevac &emsp;&emsp; Stru\u010dni \u010dlanak &nbsp; BRITANSKO OBRAZOVANJE DANAS &emsp;&emsp; Milena Kova\u010devi\u0107 &emsp;&emsp; Stru\u010dni &hellip; <\/p>\n<p class=\"link-more\"><a href=\"https:\/\/stranijezici.ffzg.unizg.hr\/index.php\/vol27n2\/\" class=\"more-link\">Continue reading<span class=\"screen-reader-text\"> &#8220;Vol 27. (2)&#8221;<\/span><\/a><\/p>\n","protected":false},"author":2,"featured_media":0,"parent":0,"menu_order":0,"comment_status":"closed","ping_status":"closed","template":"","meta":{"ngg_post_thumbnail":0,"footnotes":""},"class_list":["post-2551","page","type-page","status-publish","hentry"],"_links":{"self":[{"href":"https:\/\/stranijezici.ffzg.unizg.hr\/index.php\/wp-json\/wp\/v2\/pages\/2551","targetHints":{"allow":["GET"]}}],"collection":[{"href":"https:\/\/stranijezici.ffzg.unizg.hr\/index.php\/wp-json\/wp\/v2\/pages"}],"about":[{"href":"https:\/\/stranijezici.ffzg.unizg.hr\/index.php\/wp-json\/wp\/v2\/types\/page"}],"author":[{"embeddable":true,"href":"https:\/\/stranijezici.ffzg.unizg.hr\/index.php\/wp-json\/wp\/v2\/users\/2"}],"replies":[{"embeddable":true,"href":"https:\/\/stranijezici.ffzg.unizg.hr\/index.php\/wp-json\/wp\/v2\/comments?post=2551"}],"version-history":[{"count":6,"href":"https:\/\/stranijezici.ffzg.unizg.hr\/index.php\/wp-json\/wp\/v2\/pages\/2551\/revisions"}],"predecessor-version":[{"id":2648,"href":"https:\/\/stranijezici.ffzg.unizg.hr\/index.php\/wp-json\/wp\/v2\/pages\/2551\/revisions\/2648"}],"wp:attachment":[{"href":"https:\/\/stranijezici.ffzg.unizg.hr\/index.php\/wp-json\/wp\/v2\/media?parent=2551"}],"curies":[{"name":"wp","href":"https:\/\/api.w.org\/{rel}","templated":true}]}}