{"id":2550,"date":"2020-08-15T11:43:31","date_gmt":"2020-08-15T11:43:31","guid":{"rendered":"https:\/\/stranijezici.ffzg.unizg.hr\/?page_id=2550"},"modified":"2020-10-03T12:22:12","modified_gmt":"2020-10-03T12:22:12","slug":"vol27n1","status":"publish","type":"page","link":"https:\/\/stranijezici.ffzg.unizg.hr\/index.php\/vol27n1\/","title":{"rendered":"Vol 27. (1)"},"content":{"rendered":"<ul style=\"list-style-type:none\">\n<li><a href=\"https:\/\/stranijezici.ffzg.unizg.hr\/wp-content\/uploads\/2020\/10\/SJ_27_1_0.pdf\" target=\"_blank\"><strong>UVODNA RIJE\u010c<\/strong><\/a> <\/li>\n<\/li>\n<p>  &nbsp;<\/p>\n<li>\n<h3>Intervju<\/h3>\n<\/li>\n<ul style=\"list-style-type:none\">\n<li><a href=\"https:\/\/stranijezici.ffzg.unizg.hr\/wp-content\/uploads\/2020\/10\/SJ_27_1_1.pdf\" target=\"_blank\"><strong>PROF. DR. SC. Yvonne Vrhovac<\/strong><\/a><\/li>\n<p>  &nbsp;<\/p>\n<li>\n<h3>Lingvistika i metodika<\/h3>\n<\/li>\n<ul style=\"list-style-type:none\">\n<li><a href=\"https:\/\/stranijezici.ffzg.unizg.hr\/wp-content\/uploads\/2020\/10\/SJ_27_1_2.pdf\" target=\"_blank\"><strong>MOGLICHKEITEN DER INTEGRATION EINES LERNSTRATEGIENTRAININGS IN DEN FREMDSPRACHENUNTERRICHT<\/strong><\/a><\/li>\n<ul style=\"list-style-type:none\">\n<li>&emsp;&emsp; Karin Kleppin<\/li>\n<li>&emsp;&emsp; Izvorni znanstveni \u010dlanak<\/li>\n<\/ul>\n<\/li>\n<p>  &nbsp;<\/p>\n<li><a href=\"https:\/\/stranijezici.ffzg.unizg.hr\/wp-content\/uploads\/2020\/10\/SJ_27_1_3.pdf\" target=\"_blank\"><strong>DVOSMISLENE I NEJASNE RE\u010cENICE<\/strong><\/a> <\/li>\n<ul style=\"list-style-type:none\">\n<li>&emsp;&emsp; Dvosmislene i nejasne re\u010denice<\/li>\n<li>&emsp;&emsp; Stru\u010dni \u010dlanak<\/li>\n<\/ul>\n<\/li>\n<p>  &nbsp;<\/p>\n<li><a href=\"https:\/\/stranijezici.ffzg.unizg.hr\/wp-content\/uploads\/2020\/10\/SJ_27_1_4.pdf\" target=\"_blank\"><strong>U\u010cENJE JEZIKA ZA NOVU EUROPU<\/strong><\/a> <\/li>\n<ul style=\"list-style-type:none\">\n<li>&emsp;&emsp; Yvonne Vrhovac<\/li>\n<li>&emsp;&emsp; Stru\u010dni \u010dlanak<\/li>\n<\/ul>\n<\/li>\n<p>  &nbsp;<\/p>\n<ul style=\"list-style-type:none\">\n<li><a href=\"https:\/\/stranijezici.ffzg.unizg.hr\/wp-content\/uploads\/2020\/10\/SJ_27_1_5.pdf\" target=\"_blank\"><strong>ELEMENTI VREDNOVANJA I OCJENJIVANJA U STRANOM JEZIKU<\/strong><\/a><\/li>\n<ul style=\"list-style-type:none\">\n<li>&emsp;&emsp; Milvija Markovi\u0107<\/li>\n<li>&emsp;&emsp; Stru\u010dni \u010dlanak<\/li>\n<\/ul>\n<\/li>\n<p>  &nbsp;<\/p>\n<li>\n<h3>Na\u0161a iskustva<\/h3>\n<\/li>\n<ul style=\"list-style-type:none\">\n<li><a href=\"https:\/\/stranijezici.ffzg.unizg.hr\/wp-content\/uploads\/2020\/10\/SJ_27_1_6.pdf\" target=\"_blank\"><strong>ENGLESKI JEZIK U IZVANNASTAVNIM AKTIVNOSTIMA<\/strong><\/a><\/li>\n<ul style=\"list-style-type:none\">\n<li>&emsp;&emsp; Subhija Seleskovi\u0107-Merdanovi\u0107<\/li>\n<\/ul>\n<\/li>\n<p>  &nbsp;<\/p>\n<li>\n<h3>Prikazi<\/h3>\n<\/li>\n<li><a href=\"https:\/\/stranijezici.ffzg.unizg.hr\/wp-content\/uploads\/2020\/10\/SJ_27_1_7.pdf\" target=\"_blank\"><strong>JASNA BARE\u0160I\u0106, DOBRO DO\u0160LI I<\/strong><\/a> <\/li>\n<ul style=\"list-style-type:none\">\n<li>&emsp;&emsp; Barbara Kryzan-Stanojevi\u0107<\/li>\n<\/ul>\n<\/li>\n<p>  &nbsp;<\/p>\n<li><a href=\"https:\/\/stranijezici.ffzg.unizg.hr\/wp-content\/uploads\/2020\/10\/SJ_27_1_8.pdf\" target=\"_blank\"><strong>MIHAIL ARMALINSKIJ, DETSKIJ EROTI\u010cESKIJ FOL&#8217;KLOR<\/strong><\/a> <\/li>\n<ul style=\"list-style-type:none\">\n<li>&emsp;&emsp; Irena Luk\u0161i\u0107<\/li>\n<\/ul>\n<\/li>\n<p>  &nbsp;<\/p>\n<ul style=\"list-style-type:none\">\n<li><a href=\"https:\/\/stranijezici.ffzg.unizg.hr\/wp-content\/uploads\/2020\/10\/SJ_27_1_9.pdf\" target=\"_blank\"><strong>PETER MEDGYES, THE NON-NATIVE TEACHER<\/strong><\/a><\/li>\n<ul style=\"list-style-type:none\">\n<li>&emsp;&emsp; Marta Medved Krajnovi\u0107<\/li>\n<\/ul>\n<\/li>\n<p>  &nbsp;<\/p>\n<ul style=\"list-style-type:none\">\n<li><a href=\"https:\/\/stranijezici.ffzg.unizg.hr\/wp-content\/uploads\/2020\/10\/SJ_27_1_10.pdf\" target=\"_blank\"><strong>HELMUT JACHNOW, MONIKA WINGENDER, TEMPORALITAT UND TEMPUS: STUDIEN ZU ALLGEMEINEN UND SLAVISTISCHEN FRAGEN<\/strong><\/a><\/li>\n<ul style=\"list-style-type:none\">\n<li>&emsp;&emsp; Snje\u017eana Kordi\u0107<\/li>\n<\/ul>\n<\/li>\n<p>  &nbsp;<\/p>\n<li>\n<h3>Kronika<\/h3>\n<\/li>\n<ul style=\"list-style-type:none\">\n<li><a href=\"https:\/\/stranijezici.ffzg.unizg.hr\/wp-content\/uploads\/2020\/10\/SJ_27_1_11.pdf\" target=\"_blank\"><strong>U ZNAKU PLURALIZMA<\/strong><\/a><\/li>\n<ul style=\"list-style-type:none\">\n<li>&emsp;&emsp; Svjetlan Viduli\u0107<\/li>\n<\/ul>\n<\/li>\n<p>  &nbsp;<\/p>\n<ul style=\"list-style-type:none\">\n<li><a href=\"https:\/\/stranijezici.ffzg.unizg.hr\/wp-content\/uploads\/2020\/10\/SJ_27_1_12.pdf\" target=\"_blank\"><strong>SAVJETOVANJE HDPL-A<\/strong><\/a><\/li>\n<ul style=\"list-style-type:none\">\n<li>&emsp;&emsp; Ivana Vidovi\u0107<\/li>\n<\/ul>\n<\/li>\n<p>  &nbsp;<\/p>\n<li>\n<h3>In memoriam<\/h3>\n<\/li>\n<ul style=\"list-style-type:none\">\n<li><a href=\"https:\/\/stranijezici.ffzg.unizg.hr\/wp-content\/uploads\/2020\/10\/SJ_27_1_13.pdf\" target=\"_blank\"><strong>DAVORKA MARINI\u0106<\/strong><\/a><\/li>\n<\/li>\n<p>  &nbsp;\n<\/ul>\n","protected":false},"excerpt":{"rendered":"<p>UVODNA RIJE\u010c &nbsp; Intervju PROF. DR. SC. Yvonne Vrhovac &nbsp; Lingvistika i metodika MOGLICHKEITEN DER INTEGRATION EINES LERNSTRATEGIENTRAININGS IN DEN FREMDSPRACHENUNTERRICHT &emsp;&emsp; Karin Kleppin &emsp;&emsp; Izvorni znanstveni \u010dlanak &nbsp; DVOSMISLENE I NEJASNE RE\u010cENICE &emsp;&emsp; Dvosmislene i nejasne re\u010denice &emsp;&emsp; Stru\u010dni \u010dlanak &nbsp; U\u010cENJE JEZIKA ZA NOVU EUROPU &emsp;&emsp; Yvonne Vrhovac &emsp;&emsp; Stru\u010dni \u010dlanak &nbsp; ELEMENTI &hellip; <\/p>\n<p class=\"link-more\"><a href=\"https:\/\/stranijezici.ffzg.unizg.hr\/index.php\/vol27n1\/\" class=\"more-link\">Continue reading<span class=\"screen-reader-text\"> &#8220;Vol 27. (1)&#8221;<\/span><\/a><\/p>\n","protected":false},"author":2,"featured_media":0,"parent":0,"menu_order":0,"comment_status":"closed","ping_status":"closed","template":"","meta":{"ngg_post_thumbnail":0,"footnotes":""},"class_list":["post-2550","page","type-page","status-publish","hentry"],"_links":{"self":[{"href":"https:\/\/stranijezici.ffzg.unizg.hr\/index.php\/wp-json\/wp\/v2\/pages\/2550","targetHints":{"allow":["GET"]}}],"collection":[{"href":"https:\/\/stranijezici.ffzg.unizg.hr\/index.php\/wp-json\/wp\/v2\/pages"}],"about":[{"href":"https:\/\/stranijezici.ffzg.unizg.hr\/index.php\/wp-json\/wp\/v2\/types\/page"}],"author":[{"embeddable":true,"href":"https:\/\/stranijezici.ffzg.unizg.hr\/index.php\/wp-json\/wp\/v2\/users\/2"}],"replies":[{"embeddable":true,"href":"https:\/\/stranijezici.ffzg.unizg.hr\/index.php\/wp-json\/wp\/v2\/comments?post=2550"}],"version-history":[{"count":4,"href":"https:\/\/stranijezici.ffzg.unizg.hr\/index.php\/wp-json\/wp\/v2\/pages\/2550\/revisions"}],"predecessor-version":[{"id":2630,"href":"https:\/\/stranijezici.ffzg.unizg.hr\/index.php\/wp-json\/wp\/v2\/pages\/2550\/revisions\/2630"}],"wp:attachment":[{"href":"https:\/\/stranijezici.ffzg.unizg.hr\/index.php\/wp-json\/wp\/v2\/media?parent=2550"}],"curies":[{"name":"wp","href":"https:\/\/api.w.org\/{rel}","templated":true}]}}