{"id":2545,"date":"2020-08-04T11:27:20","date_gmt":"2020-08-04T11:27:20","guid":{"rendered":"https:\/\/stranijezici.ffzg.unizg.hr\/?page_id=2545"},"modified":"2020-10-03T12:16:28","modified_gmt":"2020-10-03T12:16:28","slug":"vol20n3","status":"publish","type":"page","link":"https:\/\/stranijezici.ffzg.unizg.hr\/index.php\/vol20n3\/","title":{"rendered":"Vol 20. (3)"},"content":{"rendered":"<ul style=\"list-style-type:none\">\n<li><a href=\"https:\/\/stranijezici.ffzg.unizg.hr\/wp-content\/uploads\/2020\/10\/SJ_20_3_1.pdf\" target=\"_blank\"><strong>UVODNA RIJE\u010c \/ JO\u0160 JEDNA UVODNA RIJE\u010c<\/strong><\/a> <\/li>\n<\/li>\n<p>  &nbsp;<\/p>\n<li>\n<h3>Intervju<\/h3>\n<\/li>\n<ul style=\"list-style-type:none\">\n<li><a href=\"https:\/\/stranijezici.ffzg.unizg.hr\/wp-content\/uploads\/2020\/10\/SJ_20_3_2.pdf\" target=\"_blank\"><strong>YUKARI SABALI\u0106<\/strong><\/a><\/li>\n<p>  &nbsp;<\/p>\n<li>\n<h3>Lingvistika i metodika<\/h3>\n<\/li>\n<ul style=\"list-style-type:none\">\n<li><a href=\"https:\/\/stranijezici.ffzg.unizg.hr\/wp-content\/uploads\/2020\/10\/SJ_20_3_3.pdf\" target=\"_blank\"><strong>BILINGVIZAM KOD DJECE<\/strong><\/a><\/li>\n<ul style=\"list-style-type:none\">\n<li>&emsp;&emsp; Mirjana Vilke<\/li>\n<li>&emsp;&emsp; Pregledni \u010dlanak<\/li>\n<\/ul>\n<\/li>\n<p>  &nbsp;<\/p>\n<li><a href=\"https:\/\/stranijezici.ffzg.unizg.hr\/wp-content\/uploads\/2020\/10\/SJ_20_3_4.pdf\" target=\"_blank\"><strong>NEUROLINGVISTI\u010cKA ORGANIZACIJA JEZIKA BILINGVALNIH GOVORNIKA<\/strong><\/a> <\/li>\n<ul style=\"list-style-type:none\">\n<li>&emsp;&emsp; Damir Horga<\/li>\n<li>&emsp;&emsp; Pregledni \u010dlanak<\/li>\n<\/ul>\n<\/li>\n<p>  &nbsp;<\/p>\n<li><a href=\"https:\/\/stranijezici.ffzg.unizg.hr\/wp-content\/uploads\/2020\/10\/SJ_20_3_5.pdf\" target=\"_blank\"><strong>O BILINGVALNOM I BIKULTURALNOM MODELU U\u010cENJA DRUGOG JEZIKA<\/strong><\/a><\/li>\n<ul style=\"list-style-type:none\">\n<li>&emsp;&emsp; Irena Rosandi\u0107<\/li>\n<li>&emsp;&emsp; Izvorni znanstveni \u010dlanak<\/li>\n<\/ul>\n<\/li>\n<p>  &nbsp;<\/p>\n<li><a href=\"https:\/\/stranijezici.ffzg.unizg.hr\/wp-content\/uploads\/2020\/10\/SJ_20_3_6.pdf\" target=\"_blank\"><strong>PITANJA TROGODI\u0160NJEG DVOJEZI\u010cNOG DJETETA<\/strong><\/a> <\/li>\n<ul style=\"list-style-type:none\">\n<li>&emsp;&emsp; Vlatka Vel\u010di\u0107 i Smiljana Naran\u010di\u0107<\/li>\n<li>&emsp;&emsp; Izvorni znanstveni \u010dlanak<\/li>\n<\/ul>\n<\/li>\n<p>  &nbsp;<\/p>\n<ul style=\"list-style-type:none\">\n<li><a href=\"https:\/\/stranijezici.ffzg.unizg.hr\/wp-content\/uploads\/2020\/10\/SJ_20_3_7.pdf\" target=\"_blank\"><strong>MATERINSKI JEZIK U NASTAVI STRANIH JEZIKA<\/strong><\/a><\/li>\n<ul style=\"list-style-type:none\">\n<li>&emsp;&emsp; Milena Kova\u010devi\u0107<\/li>\n<li>&emsp;&emsp; Stru\u010dni \u010dlanak<\/li>\n<\/ul>\n<\/li>\n<p>  &nbsp;<\/p>\n<li>\n<h3>Iz strane stru\u010dne literature<\/h3>\n<\/li>\n<ul style=\"list-style-type:none\">\n<li><a href=\"https:\/\/stranijezici.ffzg.unizg.hr\/wp-content\/uploads\/2020\/10\/SJ_20_3_8.pdf\" target=\"_blank\"><strong>U\u010cENJE DVAJU JEZIKA: SLU\u010cAJ JEDNOG DJETETA<\/strong><\/a><\/li>\n<ul style=\"list-style-type:none\">\n<li>&emsp;&emsp; Werner F. Leopold<\/li>\n<\/ul>\n<\/li>\n<p>  &nbsp;<\/p>\n<li>\n<h3>Na\u0161a iskustva<\/h3>\n<\/li>\n<li><a href=\"https:\/\/stranijezici.ffzg.unizg.hr\/wp-content\/uploads\/2020\/10\/SJ_20_3_9.pdf\" target=\"_blank\"><strong>PRIKAZ DVOJEZI\u010cNOSTI NA VLASTITOM SLU\u010cAJU<\/strong><\/a> <\/li>\n<ul style=\"list-style-type:none\">\n<li>&emsp;&emsp; Ksenija Ivir<\/li>\n<\/ul>\n<\/li>\n<p>  &nbsp;<\/p>\n<li>\n<h3>Prikazi knjiga<\/h3>\n<\/li>\n<li><a href=\"https:\/\/stranijezici.ffzg.unizg.hr\/wp-content\/uploads\/2020\/10\/SJ_20_3_10.pdf\" target=\"_blank\"><strong>RUDOLF FILIPOVI\u0106: ANGLICIZMI U HRVATSKOM ILI SRPSKOM JEZIKU: PORIJEKLO &#8211; RAZVOJ &#8211; ZNA\u010cENJE. JUGOSLAVENSKA AKADEMIJA ZNANOSTI I UMJETNOSTI &#8211; \u0160KOLSKA KNJIGA, ZAGREB, 1990.<\/strong><\/a> <\/li>\n<ul style=\"list-style-type:none\">\n<li>&emsp;&emsp; Dora Ma\u010dek<\/li>\n<\/ul>\n<\/li>\n<p>  &nbsp;<\/p>\n<ul style=\"list-style-type:none\">\n<li><a href=\"https:\/\/stranijezici.ffzg.unizg.hr\/wp-content\/uploads\/2020\/10\/SJ_20_3_11.pdf\" target=\"_blank\"><strong>LUCIANO SATTA: MATITA ROSSA E BLU. BOMPIANI, MILANO, 1989.<\/strong><\/a><\/li>\n<ul style=\"list-style-type:none\">\n<li>&emsp;&emsp; Nives Sironi\u0107-Bonefa\u010di\u0107<\/li>\n<\/ul>\n<\/li>\n<p>  &nbsp;<\/p>\n<ul style=\"list-style-type:none\">\n<li><a href=\"https:\/\/stranijezici.ffzg.unizg.hr\/wp-content\/uploads\/2020\/10\/SJ_20_3_12.pdf\" target=\"_blank\"><strong>RAFFAELE SIMONE: FONDAMENTI DI LINGUSTICA, LATERZA, ROMA-BARI, 1990.<\/strong><\/a><\/li>\n<ul style=\"list-style-type:none\">\n<li>&emsp;&emsp; Nives Sironi\u0107-Bonefa\u010di\u0107<\/li>\n<\/ul>\n<\/li>\n<p>  &nbsp;<\/p>\n<li>\n<h3>Kronika<\/h3>\n<\/li>\n<ul style=\"list-style-type:none\">\n<li><a href=\"https:\/\/stranijezici.ffzg.unizg.hr\/wp-content\/uploads\/2020\/10\/SJ_20_3_13.pdf\" target=\"_blank\"><strong>SIMPOZIJ >>INTERKULTURELLE ERZIEHUNG UND ZWEISPRACHIGKEIT<<, ESSEN, 17-20. RUJNA 1990.<\/strong><\/a><\/li>\n<ul style=\"list-style-type:none\">\n<li>&emsp;&emsp; \u017deljka Matulina-Jerak<\/li>\n<\/ul>\n<\/li>\n<p>  &nbsp;<\/p>\n<ul style=\"list-style-type:none\">\n<li><a href=\"https:\/\/stranijezici.ffzg.unizg.hr\/wp-content\/uploads\/2020\/10\/SJ_20_3_14.pdf\" target=\"_blank\"><strong>KOLOKVIJ >>AKTUELLE FRAGER DER DEUTSCHEN LEXIKOLOGIE UND LEXIKOGRAPHIE<<, BEOGRAD, 1-3. STUDENOGA 1990.<\/strong><\/a><\/li>\n<ul style=\"list-style-type:none\">\n<li>&emsp;&emsp; \u017deljka Matulina-Jerak<\/li>\n<\/ul>\n<\/li>\n<p>  &nbsp;<\/p>\n<ul style=\"list-style-type:none\">\n<li><a href=\"https:\/\/stranijezici.ffzg.unizg.hr\/wp-content\/uploads\/2020\/10\/SJ_20_3_15.pdf\" target=\"_blank\"><strong>DVOJEZI\u010cNE PREDSTAVE U BERLINU<\/strong><\/a><\/li>\n<ul style=\"list-style-type:none\">\n<li>&emsp;&emsp; Gordana Vilovi\u0107<\/li>\n<\/ul>\n<\/li>\n<p>  &nbsp;\n<\/ul>\n","protected":false},"excerpt":{"rendered":"<p>UVODNA RIJE\u010c \/ JO\u0160 JEDNA UVODNA RIJE\u010c &nbsp; Intervju YUKARI SABALI\u0106 &nbsp; Lingvistika i metodika BILINGVIZAM KOD DJECE &emsp;&emsp; Mirjana Vilke &emsp;&emsp; Pregledni \u010dlanak &nbsp; NEUROLINGVISTI\u010cKA ORGANIZACIJA JEZIKA BILINGVALNIH GOVORNIKA &emsp;&emsp; Damir Horga &emsp;&emsp; Pregledni \u010dlanak &nbsp; O BILINGVALNOM I BIKULTURALNOM MODELU U\u010cENJA DRUGOG JEZIKA &emsp;&emsp; Irena Rosandi\u0107 &emsp;&emsp; Izvorni znanstveni \u010dlanak &nbsp; PITANJA TROGODI\u0160NJEG &hellip; <\/p>\n<p class=\"link-more\"><a href=\"https:\/\/stranijezici.ffzg.unizg.hr\/index.php\/vol20n3\/\" class=\"more-link\">Continue reading<span class=\"screen-reader-text\"> &#8220;Vol 20. (3)&#8221;<\/span><\/a><\/p>\n","protected":false},"author":2,"featured_media":0,"parent":0,"menu_order":0,"comment_status":"closed","ping_status":"closed","template":"","meta":{"ngg_post_thumbnail":0,"footnotes":""},"class_list":["post-2545","page","type-page","status-publish","hentry"],"_links":{"self":[{"href":"https:\/\/stranijezici.ffzg.unizg.hr\/index.php\/wp-json\/wp\/v2\/pages\/2545","targetHints":{"allow":["GET"]}}],"collection":[{"href":"https:\/\/stranijezici.ffzg.unizg.hr\/index.php\/wp-json\/wp\/v2\/pages"}],"about":[{"href":"https:\/\/stranijezici.ffzg.unizg.hr\/index.php\/wp-json\/wp\/v2\/types\/page"}],"author":[{"embeddable":true,"href":"https:\/\/stranijezici.ffzg.unizg.hr\/index.php\/wp-json\/wp\/v2\/users\/2"}],"replies":[{"embeddable":true,"href":"https:\/\/stranijezici.ffzg.unizg.hr\/index.php\/wp-json\/wp\/v2\/comments?post=2545"}],"version-history":[{"count":3,"href":"https:\/\/stranijezici.ffzg.unizg.hr\/index.php\/wp-json\/wp\/v2\/pages\/2545\/revisions"}],"predecessor-version":[{"id":2606,"href":"https:\/\/stranijezici.ffzg.unizg.hr\/index.php\/wp-json\/wp\/v2\/pages\/2545\/revisions\/2606"}],"wp:attachment":[{"href":"https:\/\/stranijezici.ffzg.unizg.hr\/index.php\/wp-json\/wp\/v2\/media?parent=2545"}],"curies":[{"name":"wp","href":"https:\/\/api.w.org\/{rel}","templated":true}]}}