{"id":2540,"date":"2020-08-04T10:48:53","date_gmt":"2020-08-04T10:48:53","guid":{"rendered":"https:\/\/stranijezici.ffzg.unizg.hr\/?page_id=2540"},"modified":"2020-10-03T12:08:40","modified_gmt":"2020-10-03T12:08:40","slug":"vol21n1","status":"publish","type":"page","link":"https:\/\/stranijezici.ffzg.unizg.hr\/index.php\/vol21n1\/","title":{"rendered":"Vol 21. (1)"},"content":{"rendered":"<ul style=\"list-style-type:none\">\n<li><a href=\"https:\/\/stranijezici.ffzg.unizg.hr\/wp-content\/uploads\/2020\/10\/SJ_21_1_1.pdf\" target=\"_blank\"><strong>UVODNA RIJE\u010c<\/strong><\/a> <\/li>\n<\/li>\n<p>  &nbsp;<\/p>\n<li>\n<h3>Intervju<\/h3>\n<\/li>\n<ul style=\"list-style-type:none\">\n<li><a href=\"https:\/\/stranijezici.ffzg.unizg.hr\/wp-content\/uploads\/2020\/10\/SJ_21_1_2.pdf\" target=\"_blank\"><strong>TAMARA MAR\u010cETI\u0106<\/strong><\/a><\/li>\n<\/li>\n<p>  &nbsp;<\/p>\n<li>\n<h3>Lingvistika i metodika<\/h3>\n<\/li>\n<ul style=\"list-style-type:none\">\n<li><a href=\"https:\/\/stranijezici.ffzg.unizg.hr\/wp-content\/uploads\/2020\/10\/SJ_21_1_3.pdf\" target=\"_blank\"><strong>O NEKIM SEMANTI\u010cKIM SPECIFI\u010cNOSTIMA TVORBE IMENICA U NJEMA\u010cKOM JEZIKU<\/strong><\/a><\/li>\n<ul style=\"list-style-type:none\">\n<li>&emsp;&emsp; Mirko Gojmerac<\/li>\n<li>&emsp;&emsp; Izvorni znanstveni \u010dlanak<\/li>\n<\/ul>\n<\/li>\n<p>  &nbsp;<\/p>\n<li><a href=\"https:\/\/stranijezici.ffzg.unizg.hr\/wp-content\/uploads\/2020\/10\/SJ_21_1_4.pdf\" target=\"_blank\"><strong>GRAMATI\u010cKI PODACI U DVOJEZI\u010cNOM RJE\u010cNIKU<\/strong><\/a> <\/li>\n<ul style=\"list-style-type:none\">\n<li>&emsp;&emsp; \u017deljka Matulina<\/li>\n<li>&emsp;&emsp; Stru\u010dni \u010dlanak<\/li>\n<\/ul>\n<\/li>\n<p>  &nbsp;<\/p>\n<li><a href=\"https:\/\/stranijezici.ffzg.unizg.hr\/wp-content\/uploads\/2020\/10\/SJ_21_1_5.pdf\" target=\"_blank\"><strong>PROFIL USPJE\u0160NOG U\u010cENIKA ENGLESKOG KAO STRANOG JEZIKA KOD NAS<\/strong><\/a> <\/li>\n<ul style=\"list-style-type:none\">\n<li>&emsp;&emsp; Jelena Mihaljevi\u0107<\/li>\n<li>&emsp;&emsp; Izvorni znanstveni \u010dlanak<\/li>\n<\/ul>\n<\/li>\n<p>  &nbsp;<\/p>\n<ul style=\"list-style-type:none\">\n<li><a href=\"https:\/\/stranijezici.ffzg.unizg.hr\/wp-content\/uploads\/2020\/10\/SJ_21_1_6.pdf\" target=\"_blank\"><strong>KVALITETA BILJE\u017dAKA KAO POKAZATELJ RAZUMIJEVANJA PORUKE TEKSTA U UVJETIMA UBRZANOG \u010cITANJA<\/strong><\/a><\/li>\n<ul style=\"list-style-type:none\">\n<li>&emsp;&emsp; Olga \u0160kari\u0107<\/li>\n<li>&emsp;&emsp; Izvorni znanstveni \u010dlanak<\/li>\n<\/ul>\n<\/li>\n<p>  &nbsp;<\/p>\n<li>\n<h3>Iz strane stru\u010dne literature<\/h3>\n<\/li>\n<ul style=\"list-style-type:none\">\n<li><a href=\"https:\/\/stranijezici.ffzg.unizg.hr\/wp-content\/uploads\/2020\/10\/SJ_21_1_7.pdf\" target=\"_blank\"><strong>SJE\u0106ANJA, METAFORE, MAKSIME I MITOVI: U\u010cENJE JEZIKA I KULTURNA SVIJEST<\/strong><\/a><\/li>\n<ul style=\"list-style-type:none\">\n<li>&emsp;&emsp; Roger Bowers<\/li>\n<\/ul>\n<\/li>\n<p>  &nbsp;<\/p>\n<li>\n<h3>Na\u0161a iskustva<\/h3>\n<\/li>\n<li><a href=\"https:\/\/stranijezici.ffzg.unizg.hr\/wp-content\/uploads\/2020\/10\/SJ_21_1_8.pdf\" target=\"_blank\"><strong>POEZIJA U RAZREDU<\/strong><\/a> <\/li>\n<ul style=\"list-style-type:none\">\n<li>&emsp;&emsp; Nada Karaica<\/li>\n<\/ul>\n<\/li>\n<p>  &nbsp;<\/p>\n<li><a href=\"https:\/\/stranijezici.ffzg.unizg.hr\/wp-content\/uploads\/2020\/10\/SJ_21_1_9.pdf\" target=\"_blank\"><strong>OCJENJIVANJE KAO VID KI\u010cA U NASTAVI STRANIH JEZIKA<\/strong><\/a> <\/li>\n<ul style=\"list-style-type:none\">\n<li>&emsp;&emsp; Maja Rijavec<\/li>\n<\/ul>\n<\/li>\n<p>  &nbsp;<\/p>\n<li>\n<h3>\u017diva rije\u010d<\/h3>\n<\/li>\n<ul style=\"list-style-type:none\">\n<li><a href=\"https:\/\/stranijezici.ffzg.unizg.hr\/wp-content\/uploads\/2020\/10\/SJ_21_1_10.pdf\" target=\"_blank\"><strong>DAS NEUE WORT<\/strong><\/a><\/li>\n<ul style=\"list-style-type:none\">\n<li>&emsp;&emsp; Wolfram Gawronski<\/li>\n<\/ul>\n<\/li>\n<p>  &nbsp;<\/p>\n<ul style=\"list-style-type:none\">\n<li><a href=\"https:\/\/stranijezici.ffzg.unizg.hr\/wp-content\/uploads\/2020\/10\/SJ_21_1_11.pdf\" target=\"_blank\"><strong><\/strong><\/a><\/li>\n<ul style=\"list-style-type:none\">\n<li>&emsp;&emsp; <\/li>\n<\/ul>\n<\/li>\n<p>  &nbsp;<\/p>\n<li>\n<h3>Prikazi knjiga<\/h3>\n<\/li>\n<ul style=\"list-style-type:none\">\n<li><a href=\"https:\/\/stranijezici.ffzg.unizg.hr\/wp-content\/uploads\/2020\/10\/SJ_21_1_12.pdf\" target=\"_blank\"><strong>VINCENZO LO CASCIO: LINGUA E CULTURA ITALIANA IN EUROPA. LE MONIER, FIRENZE, 1990.<\/strong><\/a><\/li>\n<ul style=\"list-style-type:none\">\n<li>&emsp;&emsp; Pavao Tekav\u010di\u0107<\/li>\n<\/ul>\n<\/li>\n<p>  &nbsp;<\/p>\n<ul style=\"list-style-type:none\">\n<li><a href=\"https:\/\/stranijezici.ffzg.unizg.hr\/wp-content\/uploads\/2020\/10\/SJ_21_1_13.pdf\" target=\"_blank\"><strong>ANA MAVAR: ENJOY READING. \u0160KOLSKA KNJIGA, ZAGREB, 1991.<\/strong><\/a><\/li>\n<ul style=\"list-style-type:none\">\n<li>&emsp;&emsp; Vi\u0161nja Ani\u0107<\/li>\n<\/ul>\n<\/li>\n<p>  &nbsp;<\/p>\n<li>\n<h3>Kronika<\/h3>\n<\/li>\n<ul style=\"list-style-type:none\">\n<li><a href=\"https:\/\/stranijezici.ffzg.unizg.hr\/wp-content\/uploads\/2020\/10\/SJ_21_1_14.pdf\" target=\"_blank\"><strong>PROJEKT UVO\u0110ENJA STRANIH JEZIKA U PRVI RAZRED OSNOVNE \u0160KOLE<\/strong><\/a><\/li>\n<ul style=\"list-style-type:none\">\n<li>&emsp;&emsp; Mirjana Vilke<\/li>\n<\/ul>\n<\/li>\n<p>  &nbsp;<\/p>\n<ul style=\"list-style-type:none\">\n<li><a href=\"https:\/\/stranijezici.ffzg.unizg.hr\/wp-content\/uploads\/2020\/10\/SJ_21_1_15.pdf\" target=\"_blank\"><strong>HRVATSKO DRU\u0160TVO ZA PRIMIJENJENU LINGVISTIKU, IZVANREDNA SKUP\u0160TINA, ZAGREB, 29. STUDENOGA 1991.<\/strong><\/a><\/li>\n<ul style=\"list-style-type:none\">\n<li>&emsp;&emsp; Yvonne Vrhovac<\/li>\n<\/ul>\n<\/li>\n<p>  &nbsp;<\/p>\n<li>\n<h3>In memoriam<\/h3>\n<\/li>\n<ul style=\"list-style-type:none\">\n<li><a href=\"https:\/\/stranijezici.ffzg.unizg.hr\/wp-content\/uploads\/2020\/10\/SJ_21_1_16.pdf\" target=\"_blank\"><strong>OKTAVIJA GER\u010cAN (1915-1992)<\/strong><\/a><\/li>\n<ul style=\"list-style-type:none\">\n<li>&emsp;&emsp; Vida Nikpalj<\/li>\n<\/ul>\n<\/li>\n<p>  &nbsp;\n<\/ul>\n","protected":false},"excerpt":{"rendered":"<p>UVODNA RIJE\u010c &nbsp; Intervju TAMARA MAR\u010cETI\u0106 &nbsp; Lingvistika i metodika O NEKIM SEMANTI\u010cKIM SPECIFI\u010cNOSTIMA TVORBE IMENICA U NJEMA\u010cKOM JEZIKU &emsp;&emsp; Mirko Gojmerac &emsp;&emsp; Izvorni znanstveni \u010dlanak &nbsp; GRAMATI\u010cKI PODACI U DVOJEZI\u010cNOM RJE\u010cNIKU &emsp;&emsp; \u017deljka Matulina &emsp;&emsp; Stru\u010dni \u010dlanak &nbsp; PROFIL USPJE\u0160NOG U\u010cENIKA ENGLESKOG KAO STRANOG JEZIKA KOD NAS &emsp;&emsp; Jelena Mihaljevi\u0107 &emsp;&emsp; Izvorni znanstveni \u010dlanak &hellip; <\/p>\n<p class=\"link-more\"><a href=\"https:\/\/stranijezici.ffzg.unizg.hr\/index.php\/vol21n1\/\" class=\"more-link\">Continue reading<span class=\"screen-reader-text\"> &#8220;Vol 21. (1)&#8221;<\/span><\/a><\/p>\n","protected":false},"author":2,"featured_media":0,"parent":0,"menu_order":0,"comment_status":"closed","ping_status":"closed","template":"","meta":{"ngg_post_thumbnail":0,"footnotes":""},"class_list":["post-2540","page","type-page","status-publish","hentry"],"_links":{"self":[{"href":"https:\/\/stranijezici.ffzg.unizg.hr\/index.php\/wp-json\/wp\/v2\/pages\/2540","targetHints":{"allow":["GET"]}}],"collection":[{"href":"https:\/\/stranijezici.ffzg.unizg.hr\/index.php\/wp-json\/wp\/v2\/pages"}],"about":[{"href":"https:\/\/stranijezici.ffzg.unizg.hr\/index.php\/wp-json\/wp\/v2\/types\/page"}],"author":[{"embeddable":true,"href":"https:\/\/stranijezici.ffzg.unizg.hr\/index.php\/wp-json\/wp\/v2\/users\/2"}],"replies":[{"embeddable":true,"href":"https:\/\/stranijezici.ffzg.unizg.hr\/index.php\/wp-json\/wp\/v2\/comments?post=2540"}],"version-history":[{"count":3,"href":"https:\/\/stranijezici.ffzg.unizg.hr\/index.php\/wp-json\/wp\/v2\/pages\/2540\/revisions"}],"predecessor-version":[{"id":2593,"href":"https:\/\/stranijezici.ffzg.unizg.hr\/index.php\/wp-json\/wp\/v2\/pages\/2540\/revisions\/2593"}],"wp:attachment":[{"href":"https:\/\/stranijezici.ffzg.unizg.hr\/index.php\/wp-json\/wp\/v2\/media?parent=2540"}],"curies":[{"name":"wp","href":"https:\/\/api.w.org\/{rel}","templated":true}]}}