{"id":2501,"date":"2020-07-29T14:07:55","date_gmt":"2020-07-29T14:07:55","guid":{"rendered":"https:\/\/stranijezici.ffzg.unizg.hr\/?page_id=2501"},"modified":"2020-07-29T14:55:05","modified_gmt":"2020-07-29T14:55:05","slug":"vol29n1-2","status":"publish","type":"page","link":"https:\/\/stranijezici.ffzg.unizg.hr\/index.php\/vol29n1-2\/","title":{"rendered":"Vol 29. (1-2)"},"content":{"rendered":"<ul style=\"list-style-type:none\">\n<li><a href=\"https:\/\/stranijezici.ffzg.unizg.hr\/wp-content\/uploads\/2020\/07\/SJ_29_1-2_00.pdf\" target=\"_blank\"><strong>UVODNA RIJE\u010c<\/strong><\/a> <\/li>\n<\/li>\n<p>  &nbsp;<\/p>\n<li>\n<h3>Intervju<\/h3>\n<\/li>\n<ul style=\"list-style-type:none\">\n<li><a href=\"https:\/\/stranijezici.ffzg.unizg.hr\/wp-content\/uploads\/2020\/07\/SJ_29_1-2_1.pdf\" target=\"_blank\"><strong>MARCO MEZZADRI<\/strong><\/a><\/li>\n<ul style=\"list-style-type:none\">\n    <\/ul>\n<\/li>\n<p>  &nbsp;<\/p>\n<li>\n<h3>Lingvistika i metodika<\/h3>\n<\/li>\n<ul style=\"list-style-type:none\">\n<li><a href=\"https:\/\/stranijezici.ffzg.unizg.hr\/wp-content\/uploads\/2020\/07\/SJ_29_1-2_2.pdf\" target=\"_blank\"><strong>ULOGA STRAHA OD JEZIKA U U\u010cENJU STRANOG JEZIKA<\/strong><\/a><\/li>\n<ul style=\"list-style-type:none\">\n<li>&emsp;&emsp; Jelena Mihaljevi\u0107 Djigunovi\u0107<\/li>\n<\/ul>\n<\/li>\n<p>  &nbsp;<\/p>\n<li><a href=\"https:\/\/stranijezici.ffzg.unizg.hr\/wp-content\/uploads\/2020\/07\/SJ_29_1-2_3.pdf\" target=\"_blank\"><strong>ISTRA\u017dIVANJE STRATEGIJA U\u010cENJA VOKABULARA<\/strong><\/a> <\/li>\n<ul style=\"list-style-type:none\">\n<li>&emsp;&emsp; Vi\u0161nja Pavi\u010di\u0107<\/li>\n<\/ul>\n<\/li>\n<p>  &nbsp;<\/p>\n<li><a href=\"https:\/\/stranijezici.ffzg.unizg.hr\/wp-content\/uploads\/2020\/07\/SJ_29_1-2_4.pdf\" target=\"_blank\"><strong>PRIJEDLO\u017dNA DOPUNA IMENICA, PRIDJEVA I GLAGOLA U ENGLESKOM I HRVATSKOM JEZIKU: ISTRA\u017dIVANJE INTERFERENCIJE HRVATSKOGA<\/strong><\/a> <\/li>\n<ul style=\"list-style-type:none\">\n<li>&emsp;&emsp; Ivan Bauer, Neda Bauer<\/li>\n<\/ul>\n<\/li>\n<p>  &nbsp;<\/p>\n<ul style=\"list-style-type:none\">\n<li><a href=\"https:\/\/stranijezici.ffzg.unizg.hr\/wp-content\/uploads\/2020\/07\/SJ_29_1-2_5.pdf\" target=\"_blank\"><strong>GLAGOL <em>faire<\/em> U UMETNUTIM RE\u010cENICAMA<\/strong><\/a><\/li>\n<ul style=\"list-style-type:none\">\n<li>&emsp;&emsp; Sanja Grahek<\/li>\n<\/ul>\n<\/li>\n<p>  &nbsp;<\/p>\n<ul style=\"list-style-type:none\">\n<li><a href=\"https:\/\/stranijezici.ffzg.unizg.hr\/wp-content\/uploads\/2020\/07\/SJ_29_1-2_6.pdf\" target=\"_blank\"><strong>OBRAZOVNI KONCEPTI I DIDAKTIKA VI\u0160EJEZI\u010cNOSTI<\/strong><\/a><\/li>\n<ul style=\"list-style-type:none\">\n<li>&emsp;&emsp; Maja H\u00e4usler<\/li>\n<\/ul>\n<\/li>\n<p>  &nbsp;<\/p>\n<li>\n<h3>Na\u0161a iskustva<\/h3>\n<\/li>\n<li><a href=\"https:\/\/stranijezici.ffzg.unizg.hr\/wp-content\/uploads\/2020\/07\/SJ_29_1-2_7.pdf\" target=\"_blank\"><strong>ANALIZA POGRE\u0160AKA U PISANOM IZRAZU KAO STRATEGIJA U\u010cENJA<\/strong><\/a> <\/li>\n<ul style=\"list-style-type:none\">\n<li>&emsp;&emsp; Sonja Strme\u010dki Markovi\u0107<\/li>\n<\/ul>\n<\/li>\n<p>  &nbsp;<\/p>\n<li><a href=\"https:\/\/stranijezici.ffzg.unizg.hr\/wp-content\/uploads\/2020\/07\/SJ_29_1-2_8.pdf\" target=\"_blank\"><strong>UPOTREBA RADNIH PREDLO\u017dAKA PRI RADU S AUTENTI\u010cNIM TEKSTOVIMA U NASTAVI JEZI\u010cNIH VJE\u017dBI NA STUDIJU GERMANISTIKE<\/strong><\/a> <\/li>\n<ul style=\"list-style-type:none\">\n<li>&emsp;&emsp; Sonja Strme\u010dki Markovi\u0107<\/li>\n<\/ul>\n<\/li>\n<p>  &nbsp;<\/p>\n<ul style=\"list-style-type:none\">\n<li><a href=\"https:\/\/stranijezici.ffzg.unizg.hr\/wp-content\/uploads\/2020\/07\/SJ_29_1-2_9.pdf\" target=\"_blank\"><strong>KRATKA PRI\u0106A U NASTAVI NJEMA\u010cKOG JEZIKA<\/strong><\/a><\/li>\n<ul style=\"list-style-type:none\">\n<li>&emsp;&emsp; Darija Smol\u010di\u0107<\/li>\n<\/ul>\n<\/li>\n<p>  &nbsp;<\/p>\n<ul style=\"list-style-type:none\">\n<li><a href=\"https:\/\/stranijezici.ffzg.unizg.hr\/wp-content\/uploads\/2020\/07\/SJ_29_1-2_10.pdf\" target=\"_blank\"><strong>ELEMENTI CIVILIZACIJE I KULTURE U POU\u010cAVANJU TALIJANSKOG KAO STRANOG JEZIKA<\/strong><\/a><\/li>\n<ul style=\"list-style-type:none\">\n<li>&emsp;&emsp; Gordana Luka\u010di\u0107<\/li>\n<\/ul>\n<\/li>\n<p>  &nbsp;<\/p>\n<ul style=\"list-style-type:none\">\n<li><a href=\"https:\/\/stranijezici.ffzg.unizg.hr\/wp-content\/uploads\/2020\/07\/SJ_29_1-2_11.pdf\" target=\"_blank\"><strong><em>PHRASAL VERBS<\/em> U ENGLESKOM JEZIKU POLICIJSKU STRUKE<\/strong><\/a><\/li>\n<ul style=\"list-style-type:none\">\n<li>&emsp;&emsp; Evelina Mi\u0161\u010din<\/li>\n<\/ul>\n<\/li>\n<p>  &nbsp;<\/p>\n<ul style=\"list-style-type:none\">\n<li><a href=\"https:\/\/stranijezici.ffzg.unizg.hr\/wp-content\/uploads\/2020\/07\/SJ_29_1-2_12.pdf\" target=\"_blank\"><strong>KOMUNIKACIJSKE IGRE KAO \u010cINITELJ MOTIVACIJE NA NAPREDNIM STUPNJEVIMA U\u010cENJA STRANOG JEZIKA<\/strong><\/a><\/li>\n<ul style=\"list-style-type:none\">\n<li>&emsp;&emsp; Lidija Kraljevi\u0107<\/li>\n<\/ul>\n<\/li>\n<p>  &nbsp;<\/p>\n<li>\n<h3>Prikazi<\/h3>\n<\/li>\n<ul style=\"list-style-type:none\">\n<li><a href=\"https:\/\/stranijezici.ffzg.unizg.hr\/wp-content\/uploads\/2020\/07\/SJ_29_1-2_13.pdf\" target=\"_blank\"><strong>YVONNE VRHOVAC I SURADNICI: STRANI JEZIK U OSNOVNOJ \u0160KOLI<\/strong><\/a><\/li>\n<ul style=\"list-style-type:none\">\n<li>&emsp;&emsp; Andrea Beata Jeli\u0107<\/li>\n<\/ul>\n<\/li>\n<p>  &nbsp;<\/p>\n<ul style=\"list-style-type:none\">\n<li><a href=\"https:\/\/stranijezici.ffzg.unizg.hr\/wp-content\/uploads\/2020\/07\/SJ_29_1-2_14.pdf\" target=\"_blank\"><strong>VIVIAN COOK: LINGUISTICS AND SECOND LANGUAGE ACQUISTION<\/strong><\/a><\/li>\n<ul style=\"list-style-type:none\">\n<li>&emsp;&emsp; Milena Kova\u010devi\u0107<\/li>\n<\/ul>\n<\/li>\n<p>  &nbsp;<\/p>\n<ul style=\"list-style-type:none\">\n<li><a href=\"https:\/\/stranijezici.ffzg.unizg.hr\/wp-content\/uploads\/2020\/07\/SJ_29_1-2_15.pdf\" target=\"_blank\"><strong>TATJANA VJA\u010cESLAVOVNA BULIGINA I ALEKSEJ DMITRIJEVI\u0106 \u0160MELEV: \u042f\u0437\u044b\u043a\u043e\u0432\u0430\u044f \u043a\u043e\u043d\u0446\u0435\u043f\u0442\u0443\u0430\u043b\u0438\u0437\u0430\u0446\u0438\u044f \u043c\u0438\u0440\u0430 (\u043d\u0430 \u043c\u0430\u0442\u0435\u0440\u0438\u0430\u043b\u0435 \u0440\u0443\u0441\u0441\u043a\u043e\u0439 \u0433\u0440\u0430\u043c\u043c\u0430\u0442\u0438\u043a\u0438)<\/strong><\/a><\/li>\n<ul style=\"list-style-type:none\">\n<li>&emsp;&emsp; Snje\u017eana Kordi\u0107<\/li>\n<\/ul>\n<\/li>\n<p>  &nbsp;<\/p>\n<ul style=\"list-style-type:none\">\n<li><a href=\"https:\/\/stranijezici.ffzg.unizg.hr\/wp-content\/uploads\/2020\/07\/SJ_29_1-2_16.pdf\" target=\"_blank\"><strong>GERD FRIED: DIALOGANALYSE UND PARTIKELGEBRAUCH: ZWEI AUFSATZSTUDIEN ZUM SLAVISCHEN, INSBESONDERE RUSSICHEN<\/strong><\/a><\/li>\n<ul style=\"list-style-type:none\">\n<li>&emsp;&emsp; Snje\u017eana Kordi\u0107<\/li>\n<\/ul>\n<\/li>\n<p>  &nbsp;<\/p>\n<ul style=\"list-style-type:none\">\n<li><a href=\"https:\/\/stranijezici.ffzg.unizg.hr\/wp-content\/uploads\/2020\/07\/SJ_29_1-2_17.pdf\" target=\"_blank\"><strong>JOACHIM WARMBOLD \/ E.-ANETTE KOEPPEL \/ HANS SIMON-PELANDA (HRSG.): ZUM THEMA NATIONALSOZIALISMUS IM DAF-LEHRWERK UND -UNTERRICHT; <br \/>HANS SIMON-PELANDA (HRSG.), UNTERRICHTSENTWURFE ZUM NATIONALSOZIALISMUS IM DAF-UNTERRICHT<\/strong><\/a><\/li>\n<ul style=\"list-style-type:none\">\n<li>&emsp;&emsp; Slavija Kabi\u0107<\/li>\n<\/ul>\n<\/li>\n<p>  &nbsp;<\/p>\n<li>\n<h3>Kronika<\/h3>\n<\/li>\n<ul style=\"list-style-type:none\">\n<li><a href=\"https:\/\/stranijezici.ffzg.unizg.hr\/wp-content\/uploads\/2020\/07\/SJ_29_1-2_18.pdf\" target=\"_blank\"><strong>SUSTAV \u0160KOLOVANJA U NJEMA\u010cKOJ SAVEZNOJ DR\u017dAVI SASKOJ<\/strong><\/a><\/li>\n<ul style=\"list-style-type:none\">\n<li>&emsp;&emsp; Nino\u010dka Truck-Biljan<\/li>\n<\/ul>\n<\/li>\n<p>  &nbsp;<\/p>\n<ul style=\"list-style-type:none\">\n<li><a href=\"https:\/\/stranijezici.ffzg.unizg.hr\/wp-content\/uploads\/2020\/07\/SJ_29_1-2_19.pdf\" target=\"_blank\"><strong>DAAD-SOMMERSCHULE IN ZADAR 1999.<\/strong><\/a><\/li>\n<ul style=\"list-style-type:none\">\n<li>&emsp;&emsp; Josip Kolega<\/li>\n<\/ul>\n<\/li>\n<p>  &nbsp;<\/p>\n<ul style=\"list-style-type:none\">\n<li><a href=\"https:\/\/stranijezici.ffzg.unizg.hr\/wp-content\/uploads\/2020\/07\/SJ_29_1-2_20.pdf\" target=\"_blank\"><strong>OSNOVANO EUROPSKO DRU\u0160TVO ZA FRAZEOLOGIJU I PAREMIOLOGIJU &#8211; EUROPHRAS<\/strong><\/a><\/li>\n<ul style=\"list-style-type:none\">\n<li>&emsp;&emsp; Ivana Jerolimov<\/li>\n<\/ul>\n<\/li>\n<p>  &nbsp;<\/p>\n<ul style=\"list-style-type:none\">\n<li><a href=\"https:\/\/stranijezici.ffzg.unizg.hr\/wp-content\/uploads\/2020\/07\/SJ_29_1-2_21.pdf\" target=\"_blank\"><strong>TEORIJA I PRAKSA U NASTAVI NJEMA\u010cKOG JEZIKA<\/strong><\/a><\/li>\n<ul style=\"list-style-type:none\">\n<li>&emsp;&emsp; Jadranka Anzulovi\u0107<\/li>\n<\/ul>\n<\/li>\n<p>  &nbsp;\n<\/ul>\n","protected":false},"excerpt":{"rendered":"<p>UVODNA RIJE\u010c &nbsp; Intervju MARCO MEZZADRI &nbsp; Lingvistika i metodika ULOGA STRAHA OD JEZIKA U U\u010cENJU STRANOG JEZIKA &emsp;&emsp; Jelena Mihaljevi\u0107 Djigunovi\u0107 &nbsp; ISTRA\u017dIVANJE STRATEGIJA U\u010cENJA VOKABULARA &emsp;&emsp; Vi\u0161nja Pavi\u010di\u0107 &nbsp; PRIJEDLO\u017dNA DOPUNA IMENICA, PRIDJEVA I GLAGOLA U ENGLESKOM I HRVATSKOM JEZIKU: ISTRA\u017dIVANJE INTERFERENCIJE HRVATSKOGA &emsp;&emsp; Ivan Bauer, Neda Bauer &nbsp; GLAGOL faire U UMETNUTIM &hellip; <\/p>\n<p class=\"link-more\"><a href=\"https:\/\/stranijezici.ffzg.unizg.hr\/index.php\/vol29n1-2\/\" class=\"more-link\">Continue reading<span class=\"screen-reader-text\"> &#8220;Vol 29. (1-2)&#8221;<\/span><\/a><\/p>\n","protected":false},"author":2,"featured_media":0,"parent":0,"menu_order":0,"comment_status":"closed","ping_status":"closed","template":"","meta":{"ngg_post_thumbnail":0,"footnotes":""},"class_list":["post-2501","page","type-page","status-publish","hentry"],"_links":{"self":[{"href":"https:\/\/stranijezici.ffzg.unizg.hr\/index.php\/wp-json\/wp\/v2\/pages\/2501","targetHints":{"allow":["GET"]}}],"collection":[{"href":"https:\/\/stranijezici.ffzg.unizg.hr\/index.php\/wp-json\/wp\/v2\/pages"}],"about":[{"href":"https:\/\/stranijezici.ffzg.unizg.hr\/index.php\/wp-json\/wp\/v2\/types\/page"}],"author":[{"embeddable":true,"href":"https:\/\/stranijezici.ffzg.unizg.hr\/index.php\/wp-json\/wp\/v2\/users\/2"}],"replies":[{"embeddable":true,"href":"https:\/\/stranijezici.ffzg.unizg.hr\/index.php\/wp-json\/wp\/v2\/comments?post=2501"}],"version-history":[{"count":6,"href":"https:\/\/stranijezici.ffzg.unizg.hr\/index.php\/wp-json\/wp\/v2\/pages\/2501\/revisions"}],"predecessor-version":[{"id":2505,"href":"https:\/\/stranijezici.ffzg.unizg.hr\/index.php\/wp-json\/wp\/v2\/pages\/2501\/revisions\/2505"}],"wp:attachment":[{"href":"https:\/\/stranijezici.ffzg.unizg.hr\/index.php\/wp-json\/wp\/v2\/media?parent=2501"}],"curies":[{"name":"wp","href":"https:\/\/api.w.org\/{rel}","templated":true}]}}