{"id":2486,"date":"2020-07-29T13:30:18","date_gmt":"2020-07-29T13:30:18","guid":{"rendered":"https:\/\/stranijezici.ffzg.unizg.hr\/?page_id=2486"},"modified":"2020-07-29T13:40:17","modified_gmt":"2020-07-29T13:40:17","slug":"vol29n3","status":"publish","type":"page","link":"https:\/\/stranijezici.ffzg.unizg.hr\/index.php\/vol29n3\/","title":{"rendered":"Vol 29. (3)"},"content":{"rendered":"<ul style=\"list-style-type:none\">\n<li><a href=\"https:\/\/stranijezici.ffzg.unizg.hr\/wp-content\/uploads\/2020\/07\/SJ_29_3_1.pdf\" target=\"_blank\"><strong>UVODNA RIJE\u010c<\/strong><\/a> <\/li>\n<\/li>\n<p>  &nbsp;<\/p>\n<li>\n<h3>Lingvistika i metodika<\/h3>\n<\/li>\n<ul style=\"list-style-type:none\">\n<li><a href=\"https:\/\/stranijezici.ffzg.unizg.hr\/wp-content\/uploads\/2020\/07\/SJ_29_3_2.pdf\" target=\"_blank\"><strong>ENGLESKI ASPIRIRANI ZATVORNICI U DODIRU S HRVATSKIM<\/strong><\/a><\/li>\n<ul style=\"list-style-type:none\">\n<li>&emsp;&emsp; Damir Horga<\/li>\n<\/ul>\n<\/li>\n<p>  &nbsp;<\/p>\n<ul style=\"list-style-type:none\">\n<li><a href=\"https:\/\/stranijezici.ffzg.unizg.hr\/wp-content\/uploads\/2020\/07\/SJ_29_3_3.pdf\" target=\"_blank\"><strong>WORD ASSOCIATION TEST AMONG BILLINGUALS<\/strong><\/a><\/li>\n<ul style=\"list-style-type:none\">\n<li>&emsp;&emsp; Judit Navracsics<\/li>\n<\/ul>\n<\/li>\n<p>  &nbsp;<\/p>\n<li><a href=\"https:\/\/stranijezici.ffzg.unizg.hr\/wp-content\/uploads\/2020\/07\/SJ_29_3_4.pdf\" target=\"_blank\"><strong>MOTIVI KOJI SU NAVELI STUDENTI FAKULTETA EKONOMIJE I TURIZMA U PULI DA IZABERU KOLEGIJ ENGLESKOG JEZIKA KAO POSLOVNOG STRANOG JEZIKA<\/strong><\/a> <\/li>\n<ul style=\"list-style-type:none\">\n<li>&emsp;&emsp; Moira Kosti\u0107-Bobanovi\u0107<\/li>\n<\/ul>\n<\/li>\n<p>  &nbsp;<\/p>\n<li>\n<h3>Na\u0161a iskustva<\/h3>\n<\/li>\n<li><a href=\"https:\/\/stranijezici.ffzg.unizg.hr\/wp-content\/uploads\/2020\/07\/SJ_29_3_5.pdf\" target=\"_blank\"><strong>KVIZ U NASTAVI STRANIH JEZIKA<\/strong><\/a> <\/li>\n<ul style=\"list-style-type:none\">\n<li>&emsp;&emsp; Lidija Kraljevi\u0107<\/li>\n<\/ul>\n<\/li>\n<p>  &nbsp;<\/p>\n<ul style=\"list-style-type:none\">\n<li><a href=\"https:\/\/stranijezici.ffzg.unizg.hr\/wp-content\/uploads\/2020\/07\/SJ_29_3_6.pdf\" target=\"_blank\"><strong>KAMERA U RAZREDU<\/strong><\/a><\/li>\n<ul style=\"list-style-type:none\">\n<li>&emsp;&emsp; Nino\u010dka Truck-Biljan<\/li>\n<\/ul>\n<\/li>\n<p>  &nbsp;<\/p>\n<ul style=\"list-style-type:none\">\n<li><a href=\"https:\/\/stranijezici.ffzg.unizg.hr\/wp-content\/uploads\/2020\/07\/SJ_29_3_7.pdf\" target=\"_blank\"><strong>NOVINSKE VIJESTI U NASTAVI NJEMA\u010cKOG JEZIKA<\/strong><\/a><\/li>\n<ul style=\"list-style-type:none\">\n<li>&emsp;&emsp; Marija L\u00fctze-Miculini\u0107<\/li>\n<\/ul>\n<\/li>\n<p>  &nbsp;<\/p>\n<li>\n<h3>Kronika<\/h3>\n<\/li>\n<li><a href=\"https:\/\/stranijezici.ffzg.unizg.hr\/wp-content\/uploads\/2020\/07\/SJ_29_3_8.pdf\" target=\"_blank\"><strong>GERMANISTIKA NA PREKRETNICI<\/strong><\/a> <\/li>\n<ul style=\"list-style-type:none\">\n<li>&emsp;&emsp; Maja H\u00e4usler<\/li>\n<\/ul>\n<\/li>\n<p>  &nbsp;<\/p>\n<li><a href=\"https:\/\/stranijezici.ffzg.unizg.hr\/wp-content\/uploads\/2020\/07\/SJ_29_3_9.pdf\" target=\"_blank\"><strong>TU\u017dNA PRI\u010cA O GRAMALJUZI <\/strong> <nbsp> \/ <strong> <br \/> XV. SAVJETOVANJE HRVATSKOG DRU\u0160TVA NA PRIMIJENJENU LINGVISTIKU<\/strong><\/a> <\/li>\n<ul style=\"list-style-type:none\">\n<li>&emsp;&emsp; Nino\u010dka Truck-Biljan<\/li>\n<\/ul>\n<\/li>\n<p>  &nbsp;<\/p>\n<li>\n<h3>In memoriam<\/h3>\n<\/li>\n<ul style=\"list-style-type:none\">\n<li><a href=\"https:\/\/stranijezici.ffzg.unizg.hr\/wp-content\/uploads\/2020\/07\/SJ_29_3_10.pdf\" target=\"_blank\"><strong>RUDOLF FILIPOVI\u0106<\/strong><\/a><\/li>\n<ul style=\"list-style-type:none\">\n    <\/ul>\n<\/li>\n<\/ul>\n","protected":false},"excerpt":{"rendered":"<p>UVODNA RIJE\u010c &nbsp; Lingvistika i metodika ENGLESKI ASPIRIRANI ZATVORNICI U DODIRU S HRVATSKIM &emsp;&emsp; Damir Horga &nbsp; WORD ASSOCIATION TEST AMONG BILLINGUALS &emsp;&emsp; Judit Navracsics &nbsp; MOTIVI KOJI SU NAVELI STUDENTI FAKULTETA EKONOMIJE I TURIZMA U PULI DA IZABERU KOLEGIJ ENGLESKOG JEZIKA KAO POSLOVNOG STRANOG JEZIKA &emsp;&emsp; Moira Kosti\u0107-Bobanovi\u0107 &nbsp; Na\u0161a iskustva KVIZ U NASTAVI &hellip; <\/p>\n<p class=\"link-more\"><a href=\"https:\/\/stranijezici.ffzg.unizg.hr\/index.php\/vol29n3\/\" class=\"more-link\">Continue reading<span class=\"screen-reader-text\"> &#8220;Vol 29. (3)&#8221;<\/span><\/a><\/p>\n","protected":false},"author":2,"featured_media":0,"parent":0,"menu_order":0,"comment_status":"closed","ping_status":"closed","template":"","meta":{"ngg_post_thumbnail":0,"footnotes":""},"class_list":["post-2486","page","type-page","status-publish","hentry"],"_links":{"self":[{"href":"https:\/\/stranijezici.ffzg.unizg.hr\/index.php\/wp-json\/wp\/v2\/pages\/2486","targetHints":{"allow":["GET"]}}],"collection":[{"href":"https:\/\/stranijezici.ffzg.unizg.hr\/index.php\/wp-json\/wp\/v2\/pages"}],"about":[{"href":"https:\/\/stranijezici.ffzg.unizg.hr\/index.php\/wp-json\/wp\/v2\/types\/page"}],"author":[{"embeddable":true,"href":"https:\/\/stranijezici.ffzg.unizg.hr\/index.php\/wp-json\/wp\/v2\/users\/2"}],"replies":[{"embeddable":true,"href":"https:\/\/stranijezici.ffzg.unizg.hr\/index.php\/wp-json\/wp\/v2\/comments?post=2486"}],"version-history":[{"count":3,"href":"https:\/\/stranijezici.ffzg.unizg.hr\/index.php\/wp-json\/wp\/v2\/pages\/2486\/revisions"}],"predecessor-version":[{"id":2493,"href":"https:\/\/stranijezici.ffzg.unizg.hr\/index.php\/wp-json\/wp\/v2\/pages\/2486\/revisions\/2493"}],"wp:attachment":[{"href":"https:\/\/stranijezici.ffzg.unizg.hr\/index.php\/wp-json\/wp\/v2\/media?parent=2486"}],"curies":[{"name":"wp","href":"https:\/\/api.w.org\/{rel}","templated":true}]}}