{"id":2431,"date":"2020-06-28T19:37:08","date_gmt":"2020-06-28T19:37:08","guid":{"rendered":"https:\/\/stranijezici.ffzg.unizg.hr\/?page_id=2431"},"modified":"2020-06-28T19:41:04","modified_gmt":"2020-06-28T19:41:04","slug":"vol28n1","status":"publish","type":"page","link":"https:\/\/stranijezici.ffzg.unizg.hr\/index.php\/vol28n1\/","title":{"rendered":"Vol 28. (1)"},"content":{"rendered":"<ul style=\"list-style-type:none\">\n<li><a href=\"https:\/\/stranijezici.ffzg.unizg.hr\/wp-content\/uploads\/2020\/06\/SJ_28_1_0.pdf\" target=\"_blank\"><strong>UVODNA RIJE\u010c<\/strong><\/a> <\/li>\n<\/li>\n<p>  &nbsp;<\/p>\n<li>\n<h3>Intervju<\/h3>\n<\/li>\n<ul style=\"list-style-type:none\">\n<li><a href=\"https:\/\/stranijezici.ffzg.unizg.hr\/wp-content\/uploads\/2020\/06\/SJ_28_1_1.pdf\" target=\"_blank\"><strong>MIRANDA VAN&#8217;T WOUT VUK<\/strong><\/a><\/li>\n<p>  &nbsp;<\/p>\n<li>\n<h3>Lingvistika i metodika<\/h3>\n<\/li>\n<ul style=\"list-style-type:none\">\n<li><a href=\"https:\/\/stranijezici.ffzg.unizg.hr\/wp-content\/uploads\/2020\/06\/SJ_28_1_2.pdf\" target=\"_blank\"><strong>CLASSROM TALK: HOW MEN AND WOMEN USE LANGUAGE DIFFERENTLY<\/strong><\/a><\/li>\n<ul style=\"list-style-type:none\">\n<li>&emsp;&emsp; Leslie Eble<\/li>\n<li>&emsp;&emsp; Pregledni znanstveni \u010dlanak<\/li>\n<\/ul>\n<\/li>\n<p>  &nbsp;<\/p>\n<li><a href=\"https:\/\/stranijezici.ffzg.unizg.hr\/wp-content\/uploads\/2020\/06\/SJ_28_1_3.pdf\" target=\"_blank\"><strong>KAKO POVEZATI RANO U\u010cENJE STRANOG JEZIKA SA SADR\u017dAJIMA LIKOVNE UMJETNOSTI<\/strong><\/a> <\/li>\n<ul style=\"list-style-type:none\">\n<li>&emsp;&emsp; Mirjana Toma\u0161evi\u0107 Dan\u010devi\u0107<\/li>\n<li>&emsp;&emsp; Stru\u010dni \u010dlanak<\/li>\n<\/ul>\n<\/li>\n<p>  &nbsp;<\/p>\n<li><a href=\"https:\/\/stranijezici.ffzg.unizg.hr\/wp-content\/uploads\/2020\/06\/SJ_28_1_4.pdf\" target=\"_blank\"><strong>DJE\u010cJE PU\u010cKE PJESMICE U SVEU\u010cILI\u0160NOJ NASTAVI ENGLESKOGA IZGOVORA<\/strong><\/a> <\/li>\n<ul style=\"list-style-type:none\">\n<li>&emsp;&emsp; Smiljana Naran\u010di\u0107 Kova\u010d i Marija Andraka<\/li>\n<li>&emsp;&emsp; Stru\u010dni \u010dlanak<\/li>\n<\/ul>\n<\/li>\n<p>  &nbsp;<\/p>\n<li>\n<h3>Na\u0161a iskustva<\/h3>\n<\/li>\n<ul style=\"list-style-type:none\">\n<li><a href=\"https:\/\/stranijezici.ffzg.unizg.hr\/wp-content\/uploads\/2020\/06\/SJ_28_1_5.pdf\" target=\"_blank\"><strong>KAKO UKLOPITI CD-ROM U NASTAVU FRANCUSKOG JEZIKA<\/strong><\/a><\/li>\n<ul style=\"list-style-type:none\">\n<li>&emsp;&emsp; Gorana Biki\u0107-Cari\u0107<\/li>\n<li>&emsp;&emsp; Stru\u010dni \u010dlanak<\/li>\n<\/ul>\n<\/li>\n<p>  &nbsp;<\/p>\n<ul style=\"list-style-type:none\">\n<li><a href=\"https:\/\/stranijezici.ffzg.unizg.hr\/wp-content\/uploads\/2020\/06\/SJ_28_1_6.pdf\" target=\"_blank\"><strong>KAKO NE ODUSTATI OD MOTIVACIJE<\/strong><\/a><\/li>\n<ul style=\"list-style-type:none\">\n<li>&emsp;&emsp; Ivo Fabijani\u0107<\/li>\n<\/ul>\n<\/li>\n<p>  &nbsp;<\/p>\n<li><a href=\"https:\/\/stranijezici.ffzg.unizg.hr\/wp-content\/uploads\/2020\/06\/SJ_28_1_7.pdf\" target=\"_blank\"><strong>RAZMI\u0160LJANJA O NASTAVI GRAMATIKE U SKLOPU JEZI\u010cNIH VJE\u017dBI NA STUDIJU GERMANISTIKE<\/strong><\/a> <\/li>\n<ul style=\"list-style-type:none\">\n<li>&emsp;&emsp; Marija Crni\u0107<\/li>\n<\/ul>\n<\/li>\n<p>  &nbsp;<\/p>\n<li>\n<h3>Prikazi<\/h3>\n<\/li>\n<li><a href=\"https:\/\/stranijezici.ffzg.unizg.hr\/wp-content\/uploads\/2020\/06\/SJ_28_1_8.pdf\" target=\"_blank\"><strong>LTP DICTIONARY OF SELECTED COLLOCATIONS<\/strong><\/a> <\/li>\n<ul style=\"list-style-type:none\">\n<li>&emsp;&emsp; Neda Bori\u0107<\/li>\n<\/ul>\n<\/li>\n<p>  &nbsp;<\/p>\n<ul style=\"list-style-type:none\">\n<li><a href=\"https:\/\/stranijezici.ffzg.unizg.hr\/wp-content\/uploads\/2020\/06\/SJ_28_1_9.pdf\" target=\"_blank\"><strong>J. WARLMOLD I DR.: ZUM THEMA NATIONALSOZIALISMUS IM DAF-LEHRWERK UND -UNTERRICHT; H. SIMON-PELANDA: UNTERRICHTSENTW\u00dcRFE ZUM NATIONALSOZIALISMUS IM DAF-UNTERRICHT<\/strong><\/a><\/li>\n<ul style=\"list-style-type:none\">\n<li>&emsp;&emsp; Slavija Kabi\u0107<\/li>\n<\/ul>\n<\/li>\n<p>  &nbsp;<\/p>\n<li>\n<h3>Kronika<\/h3>\n<\/li>\n<ul style=\"list-style-type:none\">\n<li><a href=\"https:\/\/stranijezici.ffzg.unizg.hr\/wp-content\/uploads\/2020\/06\/SJ_28_1_10.pdf\" target=\"_blank\"><strong>II. ME\u0110UNARODNI LINGVISTI\u010cKI KONGRES SLOVENSKOG DRU\u0160TVA ZA PRIMIJENJENU LINGVISTIKU<\/strong><\/a><\/li>\n<ul style=\"list-style-type:none\">\n<li>&emsp;&emsp; Vjekoslav \u0106osi\u0107<\/li>\n<\/ul>\n<\/li>\n<p>  &nbsp;\n<\/ul>\n","protected":false},"excerpt":{"rendered":"<p>UVODNA RIJE\u010c &nbsp; Intervju MIRANDA VAN&#8217;T WOUT VUK &nbsp; Lingvistika i metodika CLASSROM TALK: HOW MEN AND WOMEN USE LANGUAGE DIFFERENTLY &emsp;&emsp; Leslie Eble &emsp;&emsp; Pregledni znanstveni \u010dlanak &nbsp; KAKO POVEZATI RANO U\u010cENJE STRANOG JEZIKA SA SADR\u017dAJIMA LIKOVNE UMJETNOSTI &emsp;&emsp; Mirjana Toma\u0161evi\u0107 Dan\u010devi\u0107 &emsp;&emsp; Stru\u010dni \u010dlanak &nbsp; DJE\u010cJE PU\u010cKE PJESMICE U SVEU\u010cILI\u0160NOJ NASTAVI ENGLESKOGA IZGOVORA &hellip; <\/p>\n<p class=\"link-more\"><a href=\"https:\/\/stranijezici.ffzg.unizg.hr\/index.php\/vol28n1\/\" class=\"more-link\">Continue reading<span class=\"screen-reader-text\"> &#8220;Vol 28. (1)&#8221;<\/span><\/a><\/p>\n","protected":false},"author":2,"featured_media":0,"parent":0,"menu_order":0,"comment_status":"closed","ping_status":"closed","template":"","meta":{"ngg_post_thumbnail":0,"footnotes":""},"class_list":["post-2431","page","type-page","status-publish","hentry"],"_links":{"self":[{"href":"https:\/\/stranijezici.ffzg.unizg.hr\/index.php\/wp-json\/wp\/v2\/pages\/2431","targetHints":{"allow":["GET"]}}],"collection":[{"href":"https:\/\/stranijezici.ffzg.unizg.hr\/index.php\/wp-json\/wp\/v2\/pages"}],"about":[{"href":"https:\/\/stranijezici.ffzg.unizg.hr\/index.php\/wp-json\/wp\/v2\/types\/page"}],"author":[{"embeddable":true,"href":"https:\/\/stranijezici.ffzg.unizg.hr\/index.php\/wp-json\/wp\/v2\/users\/2"}],"replies":[{"embeddable":true,"href":"https:\/\/stranijezici.ffzg.unizg.hr\/index.php\/wp-json\/wp\/v2\/comments?post=2431"}],"version-history":[{"count":5,"href":"https:\/\/stranijezici.ffzg.unizg.hr\/index.php\/wp-json\/wp\/v2\/pages\/2431\/revisions"}],"predecessor-version":[{"id":2444,"href":"https:\/\/stranijezici.ffzg.unizg.hr\/index.php\/wp-json\/wp\/v2\/pages\/2431\/revisions\/2444"}],"wp:attachment":[{"href":"https:\/\/stranijezici.ffzg.unizg.hr\/index.php\/wp-json\/wp\/v2\/media?parent=2431"}],"curies":[{"name":"wp","href":"https:\/\/api.w.org\/{rel}","templated":true}]}}