{"id":2419,"date":"2020-06-28T19:14:23","date_gmt":"2020-06-28T19:14:23","guid":{"rendered":"https:\/\/stranijezici.ffzg.unizg.hr\/?page_id=2419"},"modified":"2020-06-28T19:15:41","modified_gmt":"2020-06-28T19:15:41","slug":"vol29n4","status":"publish","type":"page","link":"https:\/\/stranijezici.ffzg.unizg.hr\/index.php\/vol29n4\/","title":{"rendered":"Vol 29. (4)"},"content":{"rendered":"<ul style=\"list-style-type:none\">\n<li><a href=\"https:\/\/stranijezici.ffzg.unizg.hr\/wp-content\/uploads\/2020\/06\/SJ_29_4_0.pdf\" target=\"_blank\"><strong>UVODNA RIJE\u010c<\/strong><\/a> <\/li>\n<\/li>\n<p>  &nbsp;<\/p>\n<li>\n<h3>Lingvistika i metodika<\/h3>\n<\/li>\n<ul style=\"list-style-type:none\">\n<li><a href=\"https:\/\/stranijezici.ffzg.unizg.hr\/wp-content\/uploads\/2020\/06\/SJ_29_4_1.pdf\" target=\"_blank\"><strong>KOMPLEKSNI JEZI\u010cNI ZNAKOVI S OSVRTOM NA PRAKTI\u010cNE PROBLEME NJIHOVA PREVO\u0110ENJA<\/strong><\/a><\/li>\n<ul style=\"list-style-type:none\">\n<li>&emsp;&emsp; Neda Bori\u0107<\/li>\n<\/ul>\n<\/li>\n<p>  &nbsp;<\/p>\n<ul style=\"list-style-type:none\">\n<li><a href=\"https:\/\/stranijezici.ffzg.unizg.hr\/wp-content\/uploads\/2020\/06\/SJ_29_4_2.pdf\" target=\"_blank\"><strong>PEDAGOGICAL APPROACHES TO TEACHING READING AND LISTENING IN A SECOND LANGUAGE<\/strong><\/a><\/li>\n<ul style=\"list-style-type:none\">\n<li>&emsp;&emsp; Leslie Eble<\/li>\n<\/ul>\n<\/li>\n<p>  &nbsp;<\/p>\n<li><a href=\"https:\/\/stranijezici.ffzg.unizg.hr\/wp-content\/uploads\/2020\/06\/SJ_29_4_3.pdf\" target=\"_blank\"><strong>KREIRANJE I PISANJE POEZIJE U RAZREDU<\/strong><\/a> <\/li>\n<ul style=\"list-style-type:none\">\n<li>&emsp;&emsp; Nino\u010dka Truck-Biljan<\/li>\n<\/ul>\n<\/li>\n<p>  &nbsp;<\/p>\n<li>\n<h3>Iz strane stru\u010dne literature<\/h3>\n<\/li>\n<li><a href=\"https:\/\/stranijezici.ffzg.unizg.hr\/wp-content\/uploads\/2020\/06\/SJ_29_4_4.pdf\" target=\"_blank\"><strong>UVOD U EKOLINGVISTIKU<\/strong><\/a> <\/li>\n<ul style=\"list-style-type:none\">\n<li>&emsp;&emsp; Alwin Fill<\/li>\n<\/ul>\n<\/li>\n<p>  &nbsp;<\/p>\n<li>\n<h3>Prikaz<\/h3>\n<\/li>\n<ul style=\"list-style-type:none\">\n<li><a href=\"https:\/\/stranijezici.ffzg.unizg.hr\/wp-content\/uploads\/2020\/06\/SJ_29_4_5.pdf\" target=\"_blank\"><strong>INGRID DAMIANI-EINWALTER, MIRJANA MARKOVI\u0106-MARINKOVI\u0106, NIVES SIRONI\u0106-BONEFA\u010cI\u0106: UD\u017dBENIK <em>VIENI CON ME 4<\/em> I RADNJA BILJE\u017dNICA<\/strong><\/a><\/li>\n<ul style=\"list-style-type:none\">\n<li>&emsp;&emsp; Vi\u0161nja Golac<\/li>\n<\/ul>\n<\/li>\n<p>  &nbsp;<\/p>\n<ul style=\"list-style-type:none\">\n<li><a href=\"https:\/\/stranijezici.ffzg.unizg.hr\/wp-content\/uploads\/2020\/06\/SJ_29_4_6.pdf\" target=\"_blank\"><strong>BED SCHMIDHAUSER: KAUSALIT\u00c4T ALS LINGUISTISCHE KATEGORIE: MITTEL UND M\u00d6GLICHKEITEN F\u00dcR BEGR\u00dcNDUNGEN<\/strong><\/a><\/li>\n<ul style=\"list-style-type:none\">\n<li>&emsp;&emsp; Snje\u017eana Kordi\u0107<\/li>\n<\/ul>\n<\/li>\n<p>  &nbsp;\n<\/ul>\n","protected":false},"excerpt":{"rendered":"<p>UVODNA RIJE\u010c &nbsp; Lingvistika i metodika KOMPLEKSNI JEZI\u010cNI ZNAKOVI S OSVRTOM NA PRAKTI\u010cNE PROBLEME NJIHOVA PREVO\u0110ENJA &emsp;&emsp; Neda Bori\u0107 &nbsp; PEDAGOGICAL APPROACHES TO TEACHING READING AND LISTENING IN A SECOND LANGUAGE &emsp;&emsp; Leslie Eble &nbsp; KREIRANJE I PISANJE POEZIJE U RAZREDU &emsp;&emsp; Nino\u010dka Truck-Biljan &nbsp; Iz strane stru\u010dne literature UVOD U EKOLINGVISTIKU &emsp;&emsp; Alwin Fill &hellip; <\/p>\n<p class=\"link-more\"><a href=\"https:\/\/stranijezici.ffzg.unizg.hr\/index.php\/vol29n4\/\" class=\"more-link\">Continue reading<span class=\"screen-reader-text\"> &#8220;Vol 29. (4)&#8221;<\/span><\/a><\/p>\n","protected":false},"author":2,"featured_media":0,"parent":0,"menu_order":0,"comment_status":"closed","ping_status":"closed","template":"","meta":{"ngg_post_thumbnail":0,"footnotes":""},"class_list":["post-2419","page","type-page","status-publish","hentry"],"_links":{"self":[{"href":"https:\/\/stranijezici.ffzg.unizg.hr\/index.php\/wp-json\/wp\/v2\/pages\/2419","targetHints":{"allow":["GET"]}}],"collection":[{"href":"https:\/\/stranijezici.ffzg.unizg.hr\/index.php\/wp-json\/wp\/v2\/pages"}],"about":[{"href":"https:\/\/stranijezici.ffzg.unizg.hr\/index.php\/wp-json\/wp\/v2\/types\/page"}],"author":[{"embeddable":true,"href":"https:\/\/stranijezici.ffzg.unizg.hr\/index.php\/wp-json\/wp\/v2\/users\/2"}],"replies":[{"embeddable":true,"href":"https:\/\/stranijezici.ffzg.unizg.hr\/index.php\/wp-json\/wp\/v2\/comments?post=2419"}],"version-history":[{"count":3,"href":"https:\/\/stranijezici.ffzg.unizg.hr\/index.php\/wp-json\/wp\/v2\/pages\/2419\/revisions"}],"predecessor-version":[{"id":2430,"href":"https:\/\/stranijezici.ffzg.unizg.hr\/index.php\/wp-json\/wp\/v2\/pages\/2419\/revisions\/2430"}],"wp:attachment":[{"href":"https:\/\/stranijezici.ffzg.unizg.hr\/index.php\/wp-json\/wp\/v2\/media?parent=2419"}],"curies":[{"name":"wp","href":"https:\/\/api.w.org\/{rel}","templated":true}]}}