{"id":2372,"date":"2020-06-28T18:44:40","date_gmt":"2020-06-28T18:44:40","guid":{"rendered":"https:\/\/stranijezici.ffzg.unizg.hr\/?page_id=2372"},"modified":"2020-06-28T18:52:07","modified_gmt":"2020-06-28T18:52:07","slug":"vol31n1-2","status":"publish","type":"page","link":"https:\/\/stranijezici.ffzg.unizg.hr\/index.php\/vol31n1-2\/","title":{"rendered":"Vol 31. (1-2)"},"content":{"rendered":"<ul style=\"list-style-type:none\">\n<li><a href=\"https:\/\/stranijezici.ffzg.unizg.hr\/wp-content\/uploads\/2020\/06\/SJ_31_1-2_0.pdf\" target=\"_blank\"><strong>UVODNA RIJE\u010c<\/strong><\/a> <\/li>\n<p>  &nbsp;<\/p>\n<li>\n<h3>INTERVIEW<\/h3>\n<\/li>\n<ul style=\"list-style-type:none\">\n<li><a href=\"https:\/\/stranijezici.ffzg.unizg.hr\/wp-content\/uploads\/2020\/06\/SJ_31_1-2_1.pdf\" target=\"_blank\"><strong>INTERVIEW S PROFESOROM DAVIDOM SINGLETONOM<\/strong><\/a><\/li>\n<ul style=\"list-style-type:none\">\n<li>&emsp;&emsp; Marta Medved Krajnovi\u0107<\/li>\n<\/ul>\n<\/li>\n<p>  &nbsp;<\/p>\n<li>\n<h3>Lingvistika i metodika<\/h3>\n<\/li>\n<ul style=\"list-style-type:none\">\n<li><a href=\"https:\/\/stranijezici.ffzg.unizg.hr\/wp-content\/uploads\/2020\/06\/SJ_31_1-2_2.pdf\" target=\"_blank\"><strong>O REMATIZACIJI RE\u010cENI\u010cNIM AKCENTOM (S HRVATSKO-TALIJANSKIM USPOREDBAMA)<\/strong><\/a><\/li>\n<ul style=\"list-style-type:none\">\n<li>&emsp;&emsp; Pavao Tekav\u010di\u0107<\/li>\n<\/ul>\n<\/li>\n<p>  &nbsp;<\/p>\n<li><a href=\"https:\/\/stranijezici.ffzg.unizg.hr\/wp-content\/uploads\/2020\/06\/SJ_31_1-2_3.pdf\" target=\"_blank\"><strong>OD KOMENSKOG DO NOVIH MEDIJA: VIZUALNA SREDSTVA U NASTAVI STRANIH JEZIKA<\/strong><\/a> <\/li>\n<ul style=\"list-style-type:none\">\n<li>&emsp;&emsp; Maja H\u00e4usler<\/li>\n<\/ul>\n<\/li>\n<p>  &nbsp;<\/p>\n<li><a href=\"https:\/\/stranijezici.ffzg.unizg.hr\/wp-content\/uploads\/2020\/06\/SJ_31_1-2_4.pdf\" target=\"_blank\"><strong>GOVORNO IZRA\u017dAVANJE U NASTAVI NJEMA\u010cKOGA JEZIKA U OSJE\u010cKOJ VELIKOJ GIMNAZIJI<\/strong><\/a> <\/li>\n<ul style=\"list-style-type:none\">\n<li>&emsp;&emsp; Ljubica Kordi\u0107<\/li>\n<\/ul>\n<\/li>\n<p>  &nbsp;<\/p>\n<ul style=\"list-style-type:none\">\n<li><a href=\"https:\/\/stranijezici.ffzg.unizg.hr\/wp-content\/uploads\/2020\/06\/SJ_31_1-2_5.pdf\" target=\"_blank\"><strong>INDIRECT SPEECH ACT METAPHTONYMIES AND DIAGRAMMATIC ICONICITY<\/strong><\/a><\/li>\n<ul style=\"list-style-type:none\">\n<li>&emsp;&emsp; Mario Brdar i Rita Brdar-Szab\u00f3<\/li>\n<\/ul>\n<\/li>\n<p>  &nbsp;<\/p>\n<ul style=\"list-style-type:none\">\n<li><a href=\"https:\/\/stranijezici.ffzg.unizg.hr\/wp-content\/uploads\/2020\/06\/SJ_31_1-2_6.pdf\" target=\"_blank\"><strong>LEKSIKOGRAFSKA PREZENTACIJA KOLOKACIJSKIH SKLOPOVA<\/strong><\/a><\/li>\n<ul style=\"list-style-type:none\">\n<li>&emsp;&emsp; Neda Bori\u0107<\/li>\n<\/ul>\n<\/li>\n<p>  &nbsp;<\/p>\n<li><a href=\"https:\/\/stranijezici.ffzg.unizg.hr\/wp-content\/uploads\/2020\/06\/SJ_31_1-2_7.pdf\" target=\"_blank\"><strong>\u0412\u042b\u0420\u0410\u0416\u0415\u041d\u0418\u0415 \u041e\u0422\u0420\u0418\u0426\u0410\u041d\u0418\u042f \u0412 \u0420\u0423\u0421\u0421\u041a\u041e\u041c \u042f\u0417\u042b\u041a\u0415<\/strong><\/a> <\/li>\n<ul style=\"list-style-type:none\">\n<li>&emsp;&emsp; Irina Mironova Bla\u017eina<\/li>\n<\/ul>\n<\/li>\n<p>  &nbsp;<\/p>\n<li><a href=\"https:\/\/stranijezici.ffzg.unizg.hr\/wp-content\/uploads\/2020\/06\/SJ_31_1-2_8.pdf\" target=\"_blank\"><strong>NEUROLINGVISTI\u010cKI ASPEKTI BILINGVIZMA<\/strong><\/a> <\/li>\n<ul style=\"list-style-type:none\">\n<li>&emsp;&emsp; Vesna Mildner<\/li>\n<\/ul>\n<\/li>\n<p>  &nbsp;<\/p>\n<li>\n<h3>\u017diva rije\u010d<\/h3>\n<\/li>\n<ul style=\"list-style-type:none\">\n<li><a href=\"https:\/\/stranijezici.ffzg.unizg.hr\/wp-content\/uploads\/2020\/06\/SJ_31_1-2_9.pdf\" target=\"_blank\"><strong>WHY DOES CULTURE MATTER IN ELT?<\/strong><\/a><\/li>\n<ul style=\"list-style-type:none\">\n<li>&emsp;&emsp; Nada \u0160abec<\/li>\n<\/ul>\n<\/li>\n<p>  &nbsp;<\/p>\n<li>\n<h3>Na\u0161a iskustva<\/h3>\n<\/li>\n<ul style=\"list-style-type:none\">\n<li><a href=\"https:\/\/stranijezici.ffzg.unizg.hr\/wp-content\/uploads\/2020\/06\/SJ_31_1-2_10.pdf\" target=\"_blank\"><strong>INTERNET I FRANCUSKI JEZIK<\/strong><\/a><\/li>\n<ul style=\"list-style-type:none\">\n<li>&emsp;&emsp; Gorana Biki\u0107-Cari\u0107<\/li>\n<\/ul>\n<\/li>\n<p>  &nbsp;<\/p>\n<ul style=\"list-style-type:none\">\n<li><a href=\"https:\/\/stranijezici.ffzg.unizg.hr\/wp-content\/uploads\/2020\/06\/SJ_31_1-2_11.pdf\" target=\"_blank\"><strong>KOMPJUTOR I INTERNET U NASTAVI ENGLESKOG JEZIKA<\/strong><\/a><\/li>\n<ul style=\"list-style-type:none\">\n<li>&emsp;&emsp; Lidija Kraljevi\u0107 i Ana Marija Biskupovi\u0107<\/li>\n<\/ul>\n<\/li>\n<p>  &nbsp;<\/p>\n<li>\n<h3>Prikazi<\/h3>\n<\/li>\n<ul style=\"list-style-type:none\">\n<li><a href=\"https:\/\/stranijezici.ffzg.unizg.hr\/wp-content\/uploads\/2020\/06\/SJ_31_1-2_12.pdf\" target=\"_blank\"><strong>UD\u017dBENIK STIAMO INSIEME 1 I RADNA BILJE\u017dNICA, (I. Damiani Einwalter, M. Markovi\u0107-Marinkovi\u0107 i N. Sironi\u0107-Bonefa\u010di\u0107)<\/strong><\/a><\/li>\n<ul style=\"list-style-type:none\">\n<li>&emsp;&emsp; Vi\u0161nja Golac<\/li>\n<\/ul>\n<\/li>\n<p>  &nbsp;<\/p>\n<ul style=\"list-style-type:none\">\n<li><a href=\"https:\/\/stranijezici.ffzg.unizg.hr\/wp-content\/uploads\/2020\/06\/SJ_31_1-2_13.pdf\" target=\"_blank\"><strong>DEUTSCHE GESCH\u00c4FTSKORRESPONDENZ IN HOTELLERIE UND TOURISMUS \/ NJEMA\u010cKO POSLOVNO DOPISIVANJE U HOTELIJERSTVU I TURIZMU (N. Bla\u017eevi\u0107)<\/strong><\/a><\/li>\n<ul style=\"list-style-type:none\">\n<li>&emsp;&emsp; Du\u0161ka Pavlini\u0107<\/li>\n<\/ul>\n<\/li>\n<p>  &nbsp;<\/p>\n<ul style=\"list-style-type:none\">\n<li><a href=\"https:\/\/stranijezici.ffzg.unizg.hr\/wp-content\/uploads\/2020\/06\/SJ_31_1-2_14.pdf\" target=\"_blank\"><strong>VRIJE\u0110AJTE SE PRAVILNO (&#8220;JEDNOJEZI\u010cNI RJE\u010cNIK RUSKIH PSOVKI I UVREDA&#8221;) (L. A. Arbatskij)<\/strong><\/a><\/li>\n<ul style=\"list-style-type:none\">\n<li>&emsp;&emsp; Rafaela \u0160eji\u0107<\/li>\n<\/ul>\n<\/li>\n<p>  &nbsp;<\/p>\n<li>\n<h3>Kronika<\/h3>\n<\/li>\n<ul style=\"list-style-type:none\">\n<li><a href=\"https:\/\/stranijezici.ffzg.unizg.hr\/wp-content\/uploads\/2020\/06\/SJ_31_1-2_15.pdf\" target=\"_blank\"><strong>SEMINAR-RADIONICA &#8220;NOVI MEDIJI U NASTAVI NJEMA\u010cKOGA JEZIKA&#8221; (&#8220;NEUE MEDIEN IM DAF-UNTERRICHT&#8221;, Zagreb, 7.12. do 9.12.2001.)<\/strong><\/a><\/li>\n<ul style=\"list-style-type:none\">\n<li>&emsp;&emsp; Nino\u010dka Truck-Biljan<\/li>\n<\/ul>\n<\/li>\n<p>  &nbsp;<\/p>\n<li>\n<h3>Zanimljivosti s Interneta<\/h3>\n<\/li>\n<ul style=\"list-style-type:none\">\n<li><a href=\"https:\/\/stranijezici.ffzg.unizg.hr\/wp-content\/uploads\/2020\/06\/SJ_31_1-2_16.pdf\" target=\"_blank\"><strong>PRIKAZ DUHOVITOG PORTALA NA RUSKOM JEZIKU<\/strong><\/a><\/li>\n<ul style=\"list-style-type:none\">\n<li>&emsp;&emsp; Rafaela \u0160eji\u0107<\/li>\n<\/ul>\n<\/li>\n<p>  &nbsp;\n<\/ul>\n","protected":false},"excerpt":{"rendered":"<p>UVODNA RIJE\u010c &nbsp; INTERVIEW INTERVIEW S PROFESOROM DAVIDOM SINGLETONOM &emsp;&emsp; Marta Medved Krajnovi\u0107 &nbsp; Lingvistika i metodika O REMATIZACIJI RE\u010cENI\u010cNIM AKCENTOM (S HRVATSKO-TALIJANSKIM USPOREDBAMA) &emsp;&emsp; Pavao Tekav\u010di\u0107 &nbsp; OD KOMENSKOG DO NOVIH MEDIJA: VIZUALNA SREDSTVA U NASTAVI STRANIH JEZIKA &emsp;&emsp; Maja H\u00e4usler &nbsp; GOVORNO IZRA\u017dAVANJE U NASTAVI NJEMA\u010cKOGA JEZIKA U OSJE\u010cKOJ VELIKOJ GIMNAZIJI &emsp;&emsp; Ljubica &hellip; <\/p>\n<p class=\"link-more\"><a href=\"https:\/\/stranijezici.ffzg.unizg.hr\/index.php\/vol31n1-2\/\" class=\"more-link\">Continue reading<span class=\"screen-reader-text\"> &#8220;Vol 31. (1-2)&#8221;<\/span><\/a><\/p>\n","protected":false},"author":2,"featured_media":0,"parent":0,"menu_order":0,"comment_status":"closed","ping_status":"closed","template":"","meta":{"ngg_post_thumbnail":0,"footnotes":""},"class_list":["post-2372","page","type-page","status-publish","hentry"],"_links":{"self":[{"href":"https:\/\/stranijezici.ffzg.unizg.hr\/index.php\/wp-json\/wp\/v2\/pages\/2372","targetHints":{"allow":["GET"]}}],"collection":[{"href":"https:\/\/stranijezici.ffzg.unizg.hr\/index.php\/wp-json\/wp\/v2\/pages"}],"about":[{"href":"https:\/\/stranijezici.ffzg.unizg.hr\/index.php\/wp-json\/wp\/v2\/types\/page"}],"author":[{"embeddable":true,"href":"https:\/\/stranijezici.ffzg.unizg.hr\/index.php\/wp-json\/wp\/v2\/users\/2"}],"replies":[{"embeddable":true,"href":"https:\/\/stranijezici.ffzg.unizg.hr\/index.php\/wp-json\/wp\/v2\/comments?post=2372"}],"version-history":[{"count":6,"href":"https:\/\/stranijezici.ffzg.unizg.hr\/index.php\/wp-json\/wp\/v2\/pages\/2372\/revisions"}],"predecessor-version":[{"id":2395,"href":"https:\/\/stranijezici.ffzg.unizg.hr\/index.php\/wp-json\/wp\/v2\/pages\/2372\/revisions\/2395"}],"wp:attachment":[{"href":"https:\/\/stranijezici.ffzg.unizg.hr\/index.php\/wp-json\/wp\/v2\/media?parent=2372"}],"curies":[{"name":"wp","href":"https:\/\/api.w.org\/{rel}","templated":true}]}}