{"id":2354,"date":"2020-06-28T17:54:24","date_gmt":"2020-06-28T17:54:24","guid":{"rendered":"https:\/\/stranijezici.ffzg.unizg.hr\/?page_id=2354"},"modified":"2020-06-28T17:56:09","modified_gmt":"2020-06-28T17:56:09","slug":"vol32n4","status":"publish","type":"page","link":"https:\/\/stranijezici.ffzg.unizg.hr\/index.php\/vol32n4\/","title":{"rendered":"Vol 32. (4)"},"content":{"rendered":"<ul style=\"list-style-type:none\">\n<li><a href=\"https:\/\/stranijezici.ffzg.unizg.hr\/wp-content\/uploads\/2020\/06\/SJ_32_4_00.pdf\" target=\"_blank\"><strong>UVODNA RIJE\u010c<\/strong><\/a> <\/li>\n<p>  &nbsp;<\/p>\n<ul style=\"list-style-type:none\">\n<li><a href=\"https:\/\/stranijezici.ffzg.unizg.hr\/wp-content\/uploads\/2020\/06\/SJ_32_4_1.pdf\" target=\"_blank\"><strong>INTERVIEW WITH PROFESSOR HOWARD JACKSON<\/strong><\/a><\/li>\n<ul style=\"list-style-type:none\">\n<li>&emsp;&emsp; Judit Navracsics<\/li>\n<\/ul>\n<\/li>\n<p>  &nbsp;<\/p>\n<ul style=\"list-style-type:none\">\n<li><a href=\"https:\/\/stranijezici.ffzg.unizg.hr\/wp-content\/uploads\/2020\/06\/SJ_32_4_2.pdf\" target=\"_blank\"><strong>NEKA SOCIOLINGVISTI\u010cKA ZAPA\u017dANJA STUDENATA TALIJANISTIKE O IZVORNIM GOVORNICIMA TALIJANSKOG JEZIKA<\/strong><\/a><\/li>\n<ul style=\"list-style-type:none\">\n<li>&emsp;&emsp; Vesna De\u017eeljin<\/li>\n<li>&emsp;&emsp; Izvorni znanstveni \u010dlanak<\/li>\n<\/ul>\n<\/li>\n<p>  &nbsp;<\/p>\n<ul style=\"list-style-type:none\">\n<li><a href=\"https:\/\/stranijezici.ffzg.unizg.hr\/wp-content\/uploads\/2020\/06\/SJ_32_4_3.pdf\" target=\"_blank\"><strong>ZNA\u010cENJSKE PROMJENE FRANCUSKIH POSU\u0110ENICA U HRVATSKOM LEKSIKU<\/strong><\/a><\/li>\n<ul style=\"list-style-type:none\">\n<li>&emsp;&emsp; Biljana Stojakovi\u0107<\/li>\n<li>&emsp;&emsp; Izvorni znanstveni \u010dlanak<\/li>\n<\/ul>\n<\/li>\n<p>  &nbsp;<\/p>\n<li><a href=\"https:\/\/stranijezici.ffzg.unizg.hr\/wp-content\/uploads\/2020\/06\/SJ_32_4_4.pdf\" target=\"_blank\"><strong>\u0160TO JE JEZI\u010cNA SVJESNOST?<\/strong><\/a> <\/li>\n<ul style=\"list-style-type:none\">\n<li>&emsp;&emsp; Vesna Bagari\u0107<\/li>\n<li>&emsp;&emsp; Znanstveni pregled<\/li>\n<\/ul>\n<\/li>\n<p>  &nbsp;<\/p>\n<li><a href=\"https:\/\/stranijezici.ffzg.unizg.hr\/wp-content\/uploads\/2020\/06\/SJ_32_4_5.pdf\" target=\"_blank\"><strong>ELEKTRONI\u010cKI RJE\u010cNICI<\/strong><\/a> <\/li>\n<ul style=\"list-style-type:none\">\n<li>&emsp;&emsp; Milica Ga\u010di\u0107<\/li>\n<li>&emsp;&emsp; Stru\u010dni \u010dlanak<\/li>\n<\/ul>\n<\/li>\n<p>  &nbsp;<\/p>\n<ul style=\"list-style-type:none\">\n<li><a href=\"https:\/\/stranijezici.ffzg.unizg.hr\/wp-content\/uploads\/2020\/06\/SJ_32_4_6.pdf\" target=\"_blank\"><strong>ON THE METHODOLOGY OF TEAM TEACHING<\/strong><\/a><\/li>\n<ul style=\"list-style-type:none\">\n<li>&emsp;&emsp; Ana Baka\u0161un i Tania Bla\u017eevi\u0107<\/li>\n<li>&emsp;&emsp; Stru\u010dni \u010dlanak<\/li>\n<\/ul>\n<\/li>\n<p>  &nbsp;<\/p>\n<ul style=\"list-style-type:none\">\n<li><a href=\"https:\/\/stranijezici.ffzg.unizg.hr\/wp-content\/uploads\/2020\/06\/SJ_32_4_7.pdf\" target=\"_blank\"><strong>IMENOM SAM TE ZVAO, TI SI MOJ<\/strong><\/a><\/li>\n<ul style=\"list-style-type:none\">\n<li>&emsp;&emsp; Slavica \u017dura Vrki\u0107<\/li>\n<\/ul>\n<\/li>\n<p>  &nbsp;<\/p>\n<li><a href=\"https:\/\/stranijezici.ffzg.unizg.hr\/wp-content\/uploads\/2020\/06\/SJ_32_4_8.pdf\" target=\"_blank\"><strong>STRANI JEZICI U OSNOVNOJ \u0160KOLI U SPLITSKO-DALMATINSKOJ \u017dUPANIJI<\/strong><\/a> <\/li>\n<ul style=\"list-style-type:none\">\n<li>&emsp;&emsp; Divna Sesar<\/li>\n<li>&emsp;&emsp; Pregledni \u010dlanak<\/li>\n<\/ul>\n<\/li>\n<p>  &nbsp;<\/p>\n<li><a href=\"https:\/\/stranijezici.ffzg.unizg.hr\/wp-content\/uploads\/2020\/06\/SJ_32_4_9.pdf\" target=\"_blank\"><strong>SRODNOST KAO OTE\u017dAVAJU\u0106A OKOLNOST (V. Po\u017egaj Had\u017ei)<\/strong><\/a> <\/li>\n<ul style=\"list-style-type:none\">\n<li>&emsp;&emsp; Ermina Haramba\u0161i\u0107<\/li>\n<li>&emsp;&emsp; Prikaz<\/li>\n<\/ul>\n<\/li>\n<p>  &nbsp;<\/p>\n<ul style=\"list-style-type:none\">\n<li><a href=\"https:\/\/stranijezici.ffzg.unizg.hr\/wp-content\/uploads\/2020\/06\/SJ_32_4_10.pdf\" target=\"_blank\"><strong>WARM-UP ACTIVITIES (T. Ba\u0161i\u0107)<\/strong><\/a><\/li>\n<ul style=\"list-style-type:none\">\n<li>&emsp;&emsp; Evelina Mi\u0161\u010din<\/li>\n<li>&emsp;&emsp; Prikaz<\/li>\n<\/ul>\n<\/li>\n<p>  &nbsp;<\/p>\n<ul style=\"list-style-type:none\">\n<li><a href=\"https:\/\/stranijezici.ffzg.unizg.hr\/wp-content\/uploads\/2020\/06\/SJ_32_4_11.pdf\" target=\"_blank\"><strong>ESPERANTISTI O JEZI\u010cNIM PRAVIMA I ODGOVORNOSTIMA<\/strong><\/a><\/li>\n<ul style=\"list-style-type:none\">\n<li>&emsp;&emsp; Velimir Pi\u0161korec<\/li>\n<li>&emsp;&emsp; Prikaz<\/li>\n<\/ul>\n<\/li>\n<p>  &nbsp;<\/p>\n<ul style=\"list-style-type:none\">\n<li><a href=\"https:\/\/stranijezici.ffzg.unizg.hr\/wp-content\/uploads\/2020\/06\/SJ_32_4_12.pdf\" target=\"_blank\"><strong>POVIJEST NASTAVE STRANIH JEZIKA NA EKONOMSKOM FAKULTETU U ZAGREBU<\/strong><\/a><\/li>\n<ul style=\"list-style-type:none\">\n<li>&emsp;&emsp; Maja Rizmaul<\/li>\n<li>&emsp;&emsp; Prikaz<\/li>\n<\/ul>\n<\/li>\n<p>  &nbsp;\n<\/ul>\n","protected":false},"excerpt":{"rendered":"<p>UVODNA RIJE\u010c &nbsp; INTERVIEW WITH PROFESSOR HOWARD JACKSON &emsp;&emsp; Judit Navracsics &nbsp; NEKA SOCIOLINGVISTI\u010cKA ZAPA\u017dANJA STUDENATA TALIJANISTIKE O IZVORNIM GOVORNICIMA TALIJANSKOG JEZIKA &emsp;&emsp; Vesna De\u017eeljin &emsp;&emsp; Izvorni znanstveni \u010dlanak &nbsp; ZNA\u010cENJSKE PROMJENE FRANCUSKIH POSU\u0110ENICA U HRVATSKOM LEKSIKU &emsp;&emsp; Biljana Stojakovi\u0107 &emsp;&emsp; Izvorni znanstveni \u010dlanak &nbsp; \u0160TO JE JEZI\u010cNA SVJESNOST? &emsp;&emsp; Vesna Bagari\u0107 &emsp;&emsp; Znanstveni pregled &hellip; <\/p>\n<p class=\"link-more\"><a href=\"https:\/\/stranijezici.ffzg.unizg.hr\/index.php\/vol32n4\/\" class=\"more-link\">Continue reading<span class=\"screen-reader-text\"> &#8220;Vol 32. (4)&#8221;<\/span><\/a><\/p>\n","protected":false},"author":2,"featured_media":0,"parent":0,"menu_order":0,"comment_status":"closed","ping_status":"closed","template":"","meta":{"ngg_post_thumbnail":0,"footnotes":""},"class_list":["post-2354","page","type-page","status-publish","hentry"],"_links":{"self":[{"href":"https:\/\/stranijezici.ffzg.unizg.hr\/index.php\/wp-json\/wp\/v2\/pages\/2354","targetHints":{"allow":["GET"]}}],"collection":[{"href":"https:\/\/stranijezici.ffzg.unizg.hr\/index.php\/wp-json\/wp\/v2\/pages"}],"about":[{"href":"https:\/\/stranijezici.ffzg.unizg.hr\/index.php\/wp-json\/wp\/v2\/types\/page"}],"author":[{"embeddable":true,"href":"https:\/\/stranijezici.ffzg.unizg.hr\/index.php\/wp-json\/wp\/v2\/users\/2"}],"replies":[{"embeddable":true,"href":"https:\/\/stranijezici.ffzg.unizg.hr\/index.php\/wp-json\/wp\/v2\/comments?post=2354"}],"version-history":[{"count":3,"href":"https:\/\/stranijezici.ffzg.unizg.hr\/index.php\/wp-json\/wp\/v2\/pages\/2354\/revisions"}],"predecessor-version":[{"id":2370,"href":"https:\/\/stranijezici.ffzg.unizg.hr\/index.php\/wp-json\/wp\/v2\/pages\/2354\/revisions\/2370"}],"wp:attachment":[{"href":"https:\/\/stranijezici.ffzg.unizg.hr\/index.php\/wp-json\/wp\/v2\/media?parent=2354"}],"curies":[{"name":"wp","href":"https:\/\/api.w.org\/{rel}","templated":true}]}}