{"id":2317,"date":"2020-06-28T17:26:32","date_gmt":"2020-06-28T17:26:32","guid":{"rendered":"https:\/\/stranijezici.ffzg.unizg.hr\/?page_id=2317"},"modified":"2020-06-28T17:30:08","modified_gmt":"2020-06-28T17:30:08","slug":"vol30n3","status":"publish","type":"page","link":"https:\/\/stranijezici.ffzg.unizg.hr\/index.php\/vol30n3\/","title":{"rendered":"Vol 30. (3)"},"content":{"rendered":"<ul style=\"list-style-type:none\">\n<li><a href=\"https:\/\/stranijezici.ffzg.unizg.hr\/wp-content\/uploads\/2020\/06\/SJ_30_3_00.pdf\" target=\"_blank\"><strong>UVODNA RIJE\u010c<\/strong><\/a> <\/li>\n<\/li>\n<p>  &nbsp;<\/p>\n<li>\n<h3>Lingvistika i metodika<\/h3>\n<\/li>\n<ul style=\"list-style-type:none\">\n<li><a href=\"https:\/\/stranijezici.ffzg.unizg.hr\/wp-content\/uploads\/2020\/06\/SJ_30_3_1.pdf\" target=\"_blank\"><strong>JEZI\u010cNA SVJESNOST I U\u010cENJE ENGLESKOG I NJEMA\u010cKOG KAO STRANIH JEZIKA<\/strong><\/a><\/li>\n<ul style=\"list-style-type:none\">\n<li>&emsp;&emsp; Vesna Bagari\u0107<\/li>\n<\/ul>\n<\/li>\n<p>  &nbsp;<\/p>\n<ul style=\"list-style-type:none\">\n<li><a href=\"https:\/\/stranijezici.ffzg.unizg.hr\/wp-content\/uploads\/2020\/06\/SJ_30_3_2.pdf\" target=\"_blank\"><strong>PROGRAM I ULOGA KNJI\u017dEVNOSTI U OBRAZOVANJU NASTAVNIKA ENGLESKOG JEZIKA I KNJI\u017dEVNOSTI<\/strong><\/a><\/li>\n<ul style=\"list-style-type:none\">\n<li>&emsp;&emsp; Boris Beri\u0107<\/li>\n<\/ul>\n<\/li>\n<p>  &nbsp;<\/p>\n<li><a href=\"https:\/\/stranijezici.ffzg.unizg.hr\/wp-content\/uploads\/2020\/06\/SJ_30_3_3.pdf\" target=\"_blank\"><strong>O SIMULTANOM SLOVENSKO-HRVATSKOM BILINGVIZMU<\/strong><\/a> <\/li>\n<ul style=\"list-style-type:none\">\n<li>&emsp;&emsp; Vesna Po\u017egaj Had\u017ei, Simona Kranje<\/li>\n<\/ul>\n<\/li>\n<p>  &nbsp;<\/p>\n<li>\n<h3>Na\u0161a iskustva<\/h3>\n<\/li>\n<li><a href=\"https:\/\/stranijezici.ffzg.unizg.hr\/wp-content\/uploads\/2020\/06\/SJ_30_3_4.pdf\" target=\"_blank\"><strong>KONTROLIRANO STVARANJE SASTAVAKA<\/strong><\/a> <\/li>\n<ul style=\"list-style-type:none\">\n<li>&emsp;&emsp; Emil \u0160prljan<\/li>\n<\/ul>\n<\/li>\n<p>  &nbsp;<\/p>\n<ul style=\"list-style-type:none\">\n<li><a href=\"https:\/\/stranijezici.ffzg.unizg.hr\/wp-content\/uploads\/2020\/06\/SJ_30_3_5.pdf\" target=\"_blank\"><strong>ESP MATERIAL DESIGN: AN EXAMPLE OF A UNIT FROM ENGLISH FOR CUSTOMS OFFICERS<\/strong><\/a><\/li>\n<ul style=\"list-style-type:none\">\n<li>&emsp;&emsp; Mihaela Zava\u0161nik<\/li>\n<\/ul>\n<\/li>\n<p>  &nbsp;<\/p>\n<li>\n<h3>Prikaz<\/h3>\n<\/li>\n<ul style=\"list-style-type:none\">\n<li><a href=\"https:\/\/stranijezici.ffzg.unizg.hr\/wp-content\/uploads\/2020\/06\/SJ_30_3_6.pdf\" target=\"_blank\"><strong>INGRID DAMIANI-EINWALTER, MIRJANA MARKOVI\u0106-MARINKOVI\u0106, NIVES SIRONI\u0106-BONEFA\u010cI\u0106: UD\u017dBENIK VIENI CON ME 5 I RADNJA BILJE\u017dNICA<\/strong><\/a><\/li>\n<ul style=\"list-style-type:none\">\n<li>&emsp;&emsp; Vi\u0161nja Golac<\/li>\n<\/ul>\n<\/li>\n<p>  &nbsp;<\/p>\n<li>\n<h3>Kronika<\/h3>\n<\/li>\n<li><a href=\"https:\/\/stranijezici.ffzg.unizg.hr\/wp-content\/uploads\/2020\/06\/SJ_30_3_7.pdf\" target=\"_blank\"><strong>KOMUNIKACIJSKA KOMPETENCIJA U VI\u0160EJEZI\u010cNOJ SREDINI<\/strong><\/a> <\/li>\n<ul style=\"list-style-type:none\">\n<li>&emsp;&emsp; Mirjana Vilke<\/li>\n<\/ul>\n<\/li>\n<p>  &nbsp;<\/p>\n<li><a href=\"https:\/\/stranijezici.ffzg.unizg.hr\/wp-content\/uploads\/2020\/06\/SJ_30_3_8.pdf\" target=\"_blank\"><strong>KREATIVNO PISANJE S MISLIMA NA MORE<br \/>Iskustvo sa seminara<br \/>Deutschlehrerseminar in Zagreb, 25.-26. Juni 2001: Schreiben als kreative Fertigkeit<\/strong><\/a> <\/li>\n<ul style=\"list-style-type:none\">\n<li>&emsp;&emsp; Nino\u010dka Truck-Biljan<\/li>\n<\/ul>\n<\/li>\n<p>  &nbsp;<\/p>\n<ul style=\"list-style-type:none\">\n<li><a href=\"https:\/\/stranijezici.ffzg.unizg.hr\/wp-content\/uploads\/2020\/06\/SJ_30_3_9.pdf\" target=\"_blank\"><strong>THE INTERNATIONAL SUMMER COURSE ON METHODOLOGY OF INTERCULTURAL LEARNING AND TEACHING YOUNG LEARNERS<\/strong><\/a><\/li>\n<ul style=\"list-style-type:none\">\n<li>&emsp;&emsp; Neva \u010cebron<\/li>\n<\/ul>\n<\/li>\n<p>  &nbsp;<\/p>\n<ul style=\"list-style-type:none\">\n<li><a href=\"https:\/\/stranijezici.ffzg.unizg.hr\/wp-content\/uploads\/2020\/06\/SJ_30_3_10.pdf\" target=\"_blank\"><strong>ZABAVNO DRU\u017dENJE U &#8220;ROMANTI\u010cNOM SRCU ZAGORJA&#8221;<\/strong><\/a><\/li>\n<ul style=\"list-style-type:none\">\n<li>&emsp;&emsp; Nino\u010dka Truck-Biljan<\/li>\n<\/ul>\n<\/li>\n<p>  &nbsp;<\/p>\n<ul style=\"list-style-type:none\">\n<li><a href=\"https:\/\/stranijezici.ffzg.unizg.hr\/wp-content\/uploads\/2020\/06\/SJ_30_3_11.pdf\" target=\"_blank\"><strong>NASTAVA STRANIH JEZIKA NA ISPITU<\/strong><\/a><\/li>\n<ul style=\"list-style-type:none\">\n<li>&emsp;&emsp; Maja H\u00e4usler<\/li>\n<\/ul>\n<\/li>\n<p>  &nbsp;<\/p>\n<li>\n<h3>Zanimljivosti s Interneta<\/h3>\n<\/li>\n<ul style=\"list-style-type:none\">\n<li><a href=\"https:\/\/stranijezici.ffzg.unizg.hr\/wp-content\/uploads\/2020\/06\/SJ_30_3_12.pdf\" target=\"_blank\"><strong>ZANIMLJIVOSTI S INTERNETA<\/strong><\/a><\/li>\n<ul style=\"list-style-type:none\">\n<li>&emsp;&emsp; Boris Beri\u0107<\/li>\n<\/ul>\n<\/li>\n<\/ul>\n","protected":false},"excerpt":{"rendered":"<p>UVODNA RIJE\u010c &nbsp; Lingvistika i metodika JEZI\u010cNA SVJESNOST I U\u010cENJE ENGLESKOG I NJEMA\u010cKOG KAO STRANIH JEZIKA &emsp;&emsp; Vesna Bagari\u0107 &nbsp; PROGRAM I ULOGA KNJI\u017dEVNOSTI U OBRAZOVANJU NASTAVNIKA ENGLESKOG JEZIKA I KNJI\u017dEVNOSTI &emsp;&emsp; Boris Beri\u0107 &nbsp; O SIMULTANOM SLOVENSKO-HRVATSKOM BILINGVIZMU &emsp;&emsp; Vesna Po\u017egaj Had\u017ei, Simona Kranje &nbsp; Na\u0161a iskustva KONTROLIRANO STVARANJE SASTAVAKA &emsp;&emsp; Emil \u0160prljan &nbsp; &hellip; <\/p>\n<p class=\"link-more\"><a href=\"https:\/\/stranijezici.ffzg.unizg.hr\/index.php\/vol30n3\/\" class=\"more-link\">Continue reading<span class=\"screen-reader-text\"> &#8220;Vol 30. (3)&#8221;<\/span><\/a><\/p>\n","protected":false},"author":2,"featured_media":0,"parent":0,"menu_order":0,"comment_status":"closed","ping_status":"closed","template":"","meta":{"ngg_post_thumbnail":0,"footnotes":""},"class_list":["post-2317","page","type-page","status-publish","hentry"],"_links":{"self":[{"href":"https:\/\/stranijezici.ffzg.unizg.hr\/index.php\/wp-json\/wp\/v2\/pages\/2317","targetHints":{"allow":["GET"]}}],"collection":[{"href":"https:\/\/stranijezici.ffzg.unizg.hr\/index.php\/wp-json\/wp\/v2\/pages"}],"about":[{"href":"https:\/\/stranijezici.ffzg.unizg.hr\/index.php\/wp-json\/wp\/v2\/types\/page"}],"author":[{"embeddable":true,"href":"https:\/\/stranijezici.ffzg.unizg.hr\/index.php\/wp-json\/wp\/v2\/users\/2"}],"replies":[{"embeddable":true,"href":"https:\/\/stranijezici.ffzg.unizg.hr\/index.php\/wp-json\/wp\/v2\/comments?post=2317"}],"version-history":[{"count":4,"href":"https:\/\/stranijezici.ffzg.unizg.hr\/index.php\/wp-json\/wp\/v2\/pages\/2317\/revisions"}],"predecessor-version":[{"id":2335,"href":"https:\/\/stranijezici.ffzg.unizg.hr\/index.php\/wp-json\/wp\/v2\/pages\/2317\/revisions\/2335"}],"wp:attachment":[{"href":"https:\/\/stranijezici.ffzg.unizg.hr\/index.php\/wp-json\/wp\/v2\/media?parent=2317"}],"curies":[{"name":"wp","href":"https:\/\/api.w.org\/{rel}","templated":true}]}}