{"id":2293,"date":"2020-06-27T00:54:05","date_gmt":"2020-06-27T00:54:05","guid":{"rendered":"https:\/\/stranijezici.ffzg.unizg.hr\/?page_id=2293"},"modified":"2020-06-27T00:59:22","modified_gmt":"2020-06-27T00:59:22","slug":"vol30n1-2","status":"publish","type":"page","link":"https:\/\/stranijezici.ffzg.unizg.hr\/index.php\/vol30n1-2\/","title":{"rendered":"Vol 30. (1-2)"},"content":{"rendered":"<ul style=\"list-style-type:none\">\n<li><a href=\"https:\/\/stranijezici.ffzg.unizg.hr\/wp-content\/uploads\/2020\/06\/SJ_30_1-2_0.pdf\" target=\"_blank\"><strong>UVODNA RIJE\u010c<\/strong><\/a> <\/li>\n<p>  &nbsp;<\/p>\n<li>\n<h3>Lingvistika i metodika<\/h3>\n<\/li>\n<ul style=\"list-style-type:none\">\n<li><a href=\"https:\/\/stranijezici.ffzg.unizg.hr\/wp-content\/uploads\/2020\/06\/SJ_30_1-2_1.pdf\" target=\"_blank\"><strong>TALIJANSKA SLATKA TAJNA<\/strong><\/a><\/li>\n<ul style=\"list-style-type:none\">\n<li>&emsp;&emsp; Vesna De\u017eeljin<\/li>\n<\/ul>\n<\/li>\n<p>  &nbsp;<\/p>\n<ul style=\"list-style-type:none\">\n<li><a href=\"https:\/\/stranijezici.ffzg.unizg.hr\/wp-content\/uploads\/2020\/06\/SJ_30_1-2_2.pdf\" target=\"_blank\"><strong>O RJE\u010cNIKU I NJEGOVOJ ISKORISTIVOSTI U NASTAVI STRANIH JEZIKA<\/strong><\/a><\/li>\n<ul style=\"list-style-type:none\">\n<li>&emsp;&emsp; Neda Bori\u0107<\/li>\n<\/ul>\n<\/li>\n<p>  &nbsp;<\/p>\n<li><a href=\"https:\/\/stranijezici.ffzg.unizg.hr\/wp-content\/uploads\/2020\/06\/SJ_30_1-2_3.pdf\" target=\"_blank\"><strong>NASTAVNIKOVO POPRAVLJANJE U\u010cENIKOVIH ISKAZA I U\u010cENIKOVA PRODUKCIJA: REZULTATI ANALIZE<\/strong><\/a> <\/li>\n<ul style=\"list-style-type:none\">\n<li>&emsp;&emsp; Sanja \u010curkovi\u0107 Kalebi\u0107<\/li>\n<\/ul>\n<\/li>\n<p>  &nbsp;<\/p>\n<li><a href=\"https:\/\/stranijezici.ffzg.unizg.hr\/wp-content\/uploads\/2020\/06\/SJ_30_1-2_4.pdf\" target=\"_blank\"><strong>TOK PISIN<\/strong><\/a> <\/li>\n<ul style=\"list-style-type:none\">\n<li>&emsp;&emsp; Vlasta jela\u0161i\u0107<\/li>\n<\/ul>\n<\/li>\n<p>  &nbsp;<\/p>\n<li>\n<h3>Na\u0161a iskustva<\/h3>\n<\/li>\n<ul style=\"list-style-type:none\">\n<li><a href=\"https:\/\/stranijezici.ffzg.unizg.hr\/wp-content\/uploads\/2020\/06\/SJ_30_1-2_5.pdf\" target=\"_blank\"><strong>JEDAN &#8220;DIZAJN&#8221; LEKCIJE ZA DVA JEZIKA<\/strong><\/a><\/li>\n<ul style=\"list-style-type:none\">\n<li>&emsp;&emsp; Nino\u010dka Truck-Biljan<\/li>\n<\/ul>\n<\/li>\n<p>  &nbsp;<\/p>\n<ul style=\"list-style-type:none\">\n<li><a href=\"https:\/\/stranijezici.ffzg.unizg.hr\/wp-content\/uploads\/2020\/06\/SJ_30_1-2_6.pdf\" target=\"_blank\"><strong>ULOGA MATERINSKOG JEZIKA U PODUCI I U\u010cENJU ENGLESKOG KAO STRANOGA JEZIKA<\/strong><\/a><\/li>\n<ul style=\"list-style-type:none\">\n<li>&emsp;&emsp; Mirjana Do\u0161en<\/li>\n<\/ul>\n<\/li>\n<p>  &nbsp;<\/p>\n<li><a href=\"https:\/\/stranijezici.ffzg.unizg.hr\/wp-content\/uploads\/2020\/06\/SJ_30_1-2_7.pdf\" target=\"_blank\"><strong>MATURA IZ ENGLESKOG JEZIKA<\/strong><\/a> <\/li>\n<ul style=\"list-style-type:none\">\n<li>&emsp;&emsp; Klara Polak-Poljarevi\u0107<\/li>\n<\/ul>\n<\/li>\n<p>  &nbsp;<\/p>\n<li>\n<h3>Prikaz<\/h3>\n<\/li>\n<li><a href=\"https:\/\/stranijezici.ffzg.unizg.hr\/wp-content\/uploads\/2020\/06\/SJ_30_1-2_8.pdf\" target=\"_blank\"><strong>EUROPHRAS &#8211; BULLETIN 2\/00, ZURICH, 2000.<\/strong><\/a> <\/li>\n<ul style=\"list-style-type:none\">\n<li>&emsp;&emsp; \u017deljka Matulina<\/li>\n<\/ul>\n<\/li>\n<p>  &nbsp;<\/p>\n<li>\n<h3>Kronika<\/h3>\n<\/li>\n<ul style=\"list-style-type:none\">\n<li><a href=\"https:\/\/stranijezici.ffzg.unizg.hr\/wp-content\/uploads\/2020\/06\/SJ_30_1-2_9.pdf\" target=\"_blank\"><strong>SEMINARI ZA USAVR\u0160AVANJE NASTAVNIKA TALIJANSKOGA JEZIKA U ROVINJU I PULI<\/strong><\/a><\/li>\n<ul style=\"list-style-type:none\">\n<li>&emsp;&emsp; Anera Adamik, Danka Simi\u010di\u0107<\/li>\n<\/ul>\n<\/li>\n<p>  &nbsp;<\/p>\n<ul style=\"list-style-type:none\">\n<li><a href=\"https:\/\/stranijezici.ffzg.unizg.hr\/wp-content\/uploads\/2020\/06\/SJ_30_1-2_10.pdf\" target=\"_blank\"><strong>U\u010cITELJI KAO U\u010cENICI<\/strong><\/a><\/li>\n<ul style=\"list-style-type:none\">\n<li>&emsp;&emsp; Nino\u010dka Truck-Biljan<\/li>\n<\/ul>\n<\/li>\n<p>  &nbsp;<\/p>\n<ul style=\"list-style-type:none\">\n<li><a href=\"https:\/\/stranijezici.ffzg.unizg.hr\/wp-content\/uploads\/2020\/06\/SJ_30_1-2_11.pdf\" target=\"_blank\"><strong>IV. ZAGREBER DEUTSCHLEHRERTAGUNG: LERNSTRATEGIEN, ME\u0110UNARODNI STRU\u010cNI SKUP, ZAGREB, 10. I 11. STUDENOGA 2000. I GODI\u0160NJA SKUPINA KDV, ZAGREB, 10. STUDENOGA 2000.<\/strong><\/a><\/li>\n<ul style=\"list-style-type:none\">\n<li>&emsp;&emsp; \u017deljka Matulina<\/li>\n<\/ul>\n<\/li>\n<p>  &nbsp;<\/p>\n<ul style=\"list-style-type:none\">\n<li><a href=\"https:\/\/stranijezici.ffzg.unizg.hr\/wp-content\/uploads\/2020\/06\/SJ_30_1-2_12.pdf\" target=\"_blank\"><strong>RAD PRO\u0160IRENOGA AKTIVA PROFESORA I NASTAVNIKA STRANIH JEZIKA KARLOVAC &#8211; DODATNO TRAJNO USAVR\u0160AVANJE NA MJESNOJ RAZINI<\/strong><\/a><\/li>\n<ul style=\"list-style-type:none\">\n<li>&emsp;&emsp; Mirjana Do\u0161en<\/li>\n<\/ul>\n<\/li>\n<p>  &nbsp;<\/p>\n<li>\n<h3>Zanimljivosti s Interneta<\/h3>\n<\/li>\n<ul style=\"list-style-type:none\">\n<li><a href=\"https:\/\/stranijezici.ffzg.unizg.hr\/wp-content\/uploads\/2020\/06\/SJ_30_1-2_13.pdf\" target=\"_blank\"><strong>LEKSI\u010cKE BAZE PODATAKA &#8211; IZVORI S INTERNETA<\/strong><\/a><\/li>\n<ul style=\"list-style-type:none\">\n<li>&emsp;&emsp; Boris Pritchard<\/li>\n<\/ul>\n<\/li>\n<p>  &nbsp;\n<\/ul>\n","protected":false},"excerpt":{"rendered":"<p>UVODNA RIJE\u010c &nbsp; Lingvistika i metodika TALIJANSKA SLATKA TAJNA &emsp;&emsp; Vesna De\u017eeljin &nbsp; O RJE\u010cNIKU I NJEGOVOJ ISKORISTIVOSTI U NASTAVI STRANIH JEZIKA &emsp;&emsp; Neda Bori\u0107 &nbsp; NASTAVNIKOVO POPRAVLJANJE U\u010cENIKOVIH ISKAZA I U\u010cENIKOVA PRODUKCIJA: REZULTATI ANALIZE &emsp;&emsp; Sanja \u010curkovi\u0107 Kalebi\u0107 &nbsp; TOK PISIN &emsp;&emsp; Vlasta jela\u0161i\u0107 &nbsp; Na\u0161a iskustva JEDAN &#8220;DIZAJN&#8221; LEKCIJE ZA DVA JEZIKA &emsp;&emsp; &hellip; <\/p>\n<p class=\"link-more\"><a href=\"https:\/\/stranijezici.ffzg.unizg.hr\/index.php\/vol30n1-2\/\" class=\"more-link\">Continue reading<span class=\"screen-reader-text\"> &#8220;Vol 30. (1-2)&#8221;<\/span><\/a><\/p>\n","protected":false},"author":2,"featured_media":0,"parent":0,"menu_order":0,"comment_status":"closed","ping_status":"closed","template":"","meta":{"ngg_post_thumbnail":0,"footnotes":""},"class_list":["post-2293","page","type-page","status-publish","hentry"],"_links":{"self":[{"href":"https:\/\/stranijezici.ffzg.unizg.hr\/index.php\/wp-json\/wp\/v2\/pages\/2293","targetHints":{"allow":["GET"]}}],"collection":[{"href":"https:\/\/stranijezici.ffzg.unizg.hr\/index.php\/wp-json\/wp\/v2\/pages"}],"about":[{"href":"https:\/\/stranijezici.ffzg.unizg.hr\/index.php\/wp-json\/wp\/v2\/types\/page"}],"author":[{"embeddable":true,"href":"https:\/\/stranijezici.ffzg.unizg.hr\/index.php\/wp-json\/wp\/v2\/users\/2"}],"replies":[{"embeddable":true,"href":"https:\/\/stranijezici.ffzg.unizg.hr\/index.php\/wp-json\/wp\/v2\/comments?post=2293"}],"version-history":[{"count":5,"href":"https:\/\/stranijezici.ffzg.unizg.hr\/index.php\/wp-json\/wp\/v2\/pages\/2293\/revisions"}],"predecessor-version":[{"id":2316,"href":"https:\/\/stranijezici.ffzg.unizg.hr\/index.php\/wp-json\/wp\/v2\/pages\/2293\/revisions\/2316"}],"wp:attachment":[{"href":"https:\/\/stranijezici.ffzg.unizg.hr\/index.php\/wp-json\/wp\/v2\/media?parent=2293"}],"curies":[{"name":"wp","href":"https:\/\/api.w.org\/{rel}","templated":true}]}}