{"id":2181,"date":"2020-06-26T00:30:08","date_gmt":"2020-06-26T00:30:08","guid":{"rendered":"https:\/\/stranijezici.ffzg.unizg.hr\/?page_id=2181"},"modified":"2020-06-26T00:37:39","modified_gmt":"2020-06-26T00:37:39","slug":"vol35n3","status":"publish","type":"page","link":"https:\/\/stranijezici.ffzg.unizg.hr\/index.php\/vol35n3\/","title":{"rendered":"Vol 35. (3)"},"content":{"rendered":"<ul style=\"list-style-type:none\">\n<li><a href=\"https:\/\/stranijezici.ffzg.unizg.hr\/wp-content\/uploads\/2020\/06\/SJ_35_3_1.pdf\" target=\"_blank\"><strong>RAZGOVOR S PROFESOROM DR. SC. LJUDMILOM SPASOVOM<\/strong><\/a> <\/li>\n<ul style=\"list-style-type:none\">\n<li>&emsp;&emsp; Borjana Pro\u0161ev-Oliver<\/li>\n<\/ul>\n<\/li>\n<p>  &nbsp;<\/p>\n<ul style=\"list-style-type:none\">\n<li><a href=\"https:\/\/stranijezici.ffzg.unizg.hr\/wp-content\/uploads\/2020\/06\/SJ_35_3_2.pdf\" target=\"_blank\"><strong>NACRT-PROJEKT NOVE ZNANSTVENE GRAMATIKE SUVREMENOGA MAKEDONSKOG STANDARDNOG JEZIKA<\/strong><\/a><\/li>\n<ul style=\"list-style-type:none\">\n<li>&emsp;&emsp; Ljudmir Spasov, Iskra Panovska-Dimkova<\/li>\n<li>&emsp;&emsp; Znanstveni pregledni \u010dlanak<\/li>\n<\/ul>\n<\/li>\n<p>  &nbsp;<\/p>\n<ul style=\"list-style-type:none\">\n<li><a href=\"https:\/\/stranijezici.ffzg.unizg.hr\/wp-content\/uploads\/2020\/06\/SJ_35_3_3.pdf\" target=\"_blank\"><strong>HIBRIDNI JEZIK MLADIH TURSKOGA PODRIJETLA U NJEMA\u010cKOJ &#8211; KANAK SPRAK<\/strong><\/a><\/li>\n<ul style=\"list-style-type:none\">\n<li>&emsp;&emsp; Azra Pli\u0107ani\u0107 Mesi\u0107, Tina Ku\u017ei\u0107<\/li>\n<li>&emsp;&emsp; Stru\u010dni \u010dlanak<\/li>\n<\/ul>\n<\/li>\n<p>  &nbsp;<\/p>\n<li><a href=\"https:\/\/stranijezici.ffzg.unizg.hr\/wp-content\/uploads\/2020\/06\/SJ_35_3_4.pdf\" target=\"_blank\"><strong>TERMINOLOGIE DE LA DANSE CLASSIQUE<\/strong><\/a> <\/li>\n<ul style=\"list-style-type:none\">\n<li>&emsp;&emsp; Dijana Merey Sarajlija<\/li>\n<li>&emsp;&emsp; Znanstveni pregledni \u010dlanak<\/li>\n<\/ul>\n<\/li>\n<p>  &nbsp;<\/p>\n<li><a href=\"https:\/\/stranijezici.ffzg.unizg.hr\/wp-content\/uploads\/2020\/06\/SJ_35_3_5.pdf\" target=\"_blank\"><strong>ME\u0110UKULTURALNA KOMPETENCIJA U NASTAVI STRANOGA I DRUGOGA JEZIKA<\/strong><\/a> <\/li>\n<ul style=\"list-style-type:none\">\n<li>&emsp;&emsp; Jasna Novak Mili\u0107<\/li>\n<li>&emsp;&emsp; Znanstveni pregledni \u010dlanak<\/li>\n<\/ul>\n<\/li>\n<p>  &nbsp;<\/p>\n<ul style=\"list-style-type:none\">\n<li><a href=\"https:\/\/stranijezici.ffzg.unizg.hr\/wp-content\/uploads\/2020\/06\/SJ_35_3_6.pdf\" target=\"_blank\"><strong>JEZI\u010cNOBIOGRAFSKI ASPEKTI USVAJANJA NJEMA\u010cKOGA U IZBJEGLI\u0160TVU<\/strong><\/a><\/li>\n<ul style=\"list-style-type:none\">\n<li>&emsp;&emsp; Velimir Pi\u0161korec, Marina Zeli\u0107<\/li>\n<li>&emsp;&emsp; Izvorni znanstveni \u010dlanak<\/li>\n<\/ul>\n<\/li>\n<p>  &nbsp;<\/p>\n<ul style=\"list-style-type:none\">\n<li><a href=\"https:\/\/stranijezici.ffzg.unizg.hr\/wp-content\/uploads\/2020\/06\/SJ_35_3_7.pdf\" target=\"_blank\"><strong>HRVATSKI U TALIJANSKOM OKRU\u017dJU<\/strong><\/a><\/li>\n<ul style=\"list-style-type:none\">\n<li>&emsp;&emsp; Ljerka Hofman<\/li>\n<li>&emsp;&emsp; Stru\u010dni \u010dlanak<\/li>\n<\/ul>\n<\/li>\n<p>  &nbsp;<\/p>\n<li><a href=\"https:\/\/stranijezici.ffzg.unizg.hr\/wp-content\/uploads\/2020\/06\/SJ_35_3_8.pdf\" target=\"_blank\"><strong>KORPUSNA LINGVISTIKA U NASTAVI JEZIKA STRUKE<\/strong><\/a> <\/li>\n<ul style=\"list-style-type:none\">\n<li>&emsp;&emsp; Maja Bratani\u0107, Marina Manucci, Rujana \u010cimbur<\/li>\n<li>&emsp;&emsp; Izvorni znanstveni \u010dlanak<\/li>\n<\/ul>\n<\/li>\n<p>  &nbsp;<\/p>\n<li><a href=\"https:\/\/stranijezici.ffzg.unizg.hr\/wp-content\/uploads\/2020\/06\/SJ_35_3_9.pdf\" target=\"_blank\"><strong>BOLOGNA JE VE\u0106 TU!<\/strong><\/a> <\/li>\n<ul style=\"list-style-type:none\">\n<li>&emsp;&emsp; Marija Krznari\u0107<\/li>\n<li>&emsp;&emsp; Stru\u010dni \u010dlanak<\/li>\n<\/ul>\n<\/li>\n<p>  &nbsp;<\/p>\n<ul style=\"list-style-type:none\">\n<li><a href=\"https:\/\/stranijezici.ffzg.unizg.hr\/wp-content\/uploads\/2020\/06\/SJ_35_3_10.pdf\" target=\"_blank\"><strong>OSVRT NA RADIONICU ZA PROFESORE \u0160PANJOLSKOG JEZIKA ODR\u017dANU U ZAGREBU NA FILOZOFSKOM FAKULTETU U AULI CERVANTES 12.11.2005.<\/strong><\/a><\/li>\n<ul style=\"list-style-type:none\">\n<li>&emsp;&emsp; Maja Ad\u017eija<\/li>\n<li>&emsp;&emsp; Prikaz<\/li>\n<\/ul>\n<\/li>\n<p>  &nbsp;<\/p>\n<ul style=\"list-style-type:none\">\n<li><a href=\"https:\/\/stranijezici.ffzg.unizg.hr\/wp-content\/uploads\/2020\/06\/SJ_35_3_11.pdf\" target=\"_blank\"><strong>KRONIKA 11. ME\u0110UNARODNOGA SLAVISTI\u010cKOGA SKUPA U OPATIJI<\/strong><\/a><\/li>\n<ul style=\"list-style-type:none\">\n<li>&emsp;&emsp; Neda Pintari\u0107<\/li>\n<li>&emsp;&emsp; Prikaz<\/li>\n<\/ul>\n<\/li>\n<p>  &nbsp;<\/p>\n<li><a href=\"https:\/\/stranijezici.ffzg.unizg.hr\/wp-content\/uploads\/2020\/06\/SJ_35_3_12.pdf\" target=\"_blank\"><strong>UD\u017dBENICI ZA HRVATSKI KAO DRUGI I STRANI JEZIK: <em>U\u010cIMO HRVATSKI 3<\/em> I <em>U\u010cIMO HRVATSKI 4<\/em><\/strong><\/a> <\/li>\n<ul style=\"list-style-type:none\">\n<li>&emsp;&emsp; Marinela Aleksovski<\/li>\n<li>&emsp;&emsp; Prikaz<\/li>\n<\/ul>\n<\/li>\n<p>  &nbsp;<\/p>\n<ul style=\"list-style-type:none\">\n<li><a href=\"https:\/\/stranijezici.ffzg.unizg.hr\/wp-content\/uploads\/2020\/06\/SJ_35_3_13.pdf\" target=\"_blank\"><strong>PRIKAZ RADNOGA PRIRU\u010cNIKA VELIMIRA PETROVI\u0106A &#8220;SYNTAX DES ZUSAMMENGESETZTEN SATZES IM DEUTSCHEN. EIN ARBEITSBUCH&#8221;<\/strong><\/a><\/li>\n<ul style=\"list-style-type:none\">\n<li>&emsp;&emsp; Kristian Novak<\/li>\n<li>&emsp;&emsp; Prikaz<\/li>\n<\/ul>\n<\/li>\n<p>  &nbsp;<\/p>\n<ul style=\"list-style-type:none\">\n<li><a href=\"https:\/\/stranijezici.ffzg.unizg.hr\/wp-content\/uploads\/2020\/06\/SJ_35_3_14.pdf\" target=\"_blank\"><strong>PRIKAZ RJE\u010cNIKA WI\u0118S\u0141\u0104WA BORY\u015aA: S\u0141OWNIK ETYMOLOGICZNY JEZYKA POLSKIEGO<\/strong><\/a><\/li>\n<ul style=\"list-style-type:none\">\n<li>&emsp;&emsp; Marek-Mladen Stanojevi\u0107<\/li>\n<li>&emsp;&emsp; Prikaz<\/li>\n<\/ul>\n<\/li>\n<p>  &nbsp;\n<\/ul>\n","protected":false},"excerpt":{"rendered":"<p>RAZGOVOR S PROFESOROM DR. SC. LJUDMILOM SPASOVOM &emsp;&emsp; Borjana Pro\u0161ev-Oliver &nbsp; NACRT-PROJEKT NOVE ZNANSTVENE GRAMATIKE SUVREMENOGA MAKEDONSKOG STANDARDNOG JEZIKA &emsp;&emsp; Ljudmir Spasov, Iskra Panovska-Dimkova &emsp;&emsp; Znanstveni pregledni \u010dlanak &nbsp; HIBRIDNI JEZIK MLADIH TURSKOGA PODRIJETLA U NJEMA\u010cKOJ &#8211; KANAK SPRAK &emsp;&emsp; Azra Pli\u0107ani\u0107 Mesi\u0107, Tina Ku\u017ei\u0107 &emsp;&emsp; Stru\u010dni \u010dlanak &nbsp; TERMINOLOGIE DE LA DANSE CLASSIQUE &emsp;&emsp; &hellip; <\/p>\n<p class=\"link-more\"><a href=\"https:\/\/stranijezici.ffzg.unizg.hr\/index.php\/vol35n3\/\" class=\"more-link\">Continue reading<span class=\"screen-reader-text\"> &#8220;Vol 35. (3)&#8221;<\/span><\/a><\/p>\n","protected":false},"author":2,"featured_media":0,"parent":0,"menu_order":0,"comment_status":"closed","ping_status":"closed","template":"","meta":{"ngg_post_thumbnail":0,"footnotes":""},"class_list":["post-2181","page","type-page","status-publish","hentry"],"_links":{"self":[{"href":"https:\/\/stranijezici.ffzg.unizg.hr\/index.php\/wp-json\/wp\/v2\/pages\/2181","targetHints":{"allow":["GET"]}}],"collection":[{"href":"https:\/\/stranijezici.ffzg.unizg.hr\/index.php\/wp-json\/wp\/v2\/pages"}],"about":[{"href":"https:\/\/stranijezici.ffzg.unizg.hr\/index.php\/wp-json\/wp\/v2\/types\/page"}],"author":[{"embeddable":true,"href":"https:\/\/stranijezici.ffzg.unizg.hr\/index.php\/wp-json\/wp\/v2\/users\/2"}],"replies":[{"embeddable":true,"href":"https:\/\/stranijezici.ffzg.unizg.hr\/index.php\/wp-json\/wp\/v2\/comments?post=2181"}],"version-history":[{"count":5,"href":"https:\/\/stranijezici.ffzg.unizg.hr\/index.php\/wp-json\/wp\/v2\/pages\/2181\/revisions"}],"predecessor-version":[{"id":2245,"href":"https:\/\/stranijezici.ffzg.unizg.hr\/index.php\/wp-json\/wp\/v2\/pages\/2181\/revisions\/2245"}],"wp:attachment":[{"href":"https:\/\/stranijezici.ffzg.unizg.hr\/index.php\/wp-json\/wp\/v2\/media?parent=2181"}],"curies":[{"name":"wp","href":"https:\/\/api.w.org\/{rel}","templated":true}]}}