{"id":2180,"date":"2020-06-25T01:58:07","date_gmt":"2020-06-25T01:58:07","guid":{"rendered":"https:\/\/stranijezici.ffzg.unizg.hr\/?page_id=2180"},"modified":"2020-06-25T01:59:27","modified_gmt":"2020-06-25T01:59:27","slug":"vol35n2","status":"publish","type":"page","link":"https:\/\/stranijezici.ffzg.unizg.hr\/index.php\/vol35n2\/","title":{"rendered":"Vol 35. (2)"},"content":{"rendered":"<ul style=\"list-style-type:none\">\n<li><a href=\"https:\/\/stranijezici.ffzg.unizg.hr\/wp-content\/uploads\/2020\/06\/SJ_35_2_1.pdf\" target=\"_blank\"><strong>NJEMA\u010cKI JEZIK U \u0160VICARSKOJ<\/strong><\/a> <\/li>\n<ul style=\"list-style-type:none\">\n<li>&emsp;&emsp; Maja Barac<\/li>\n<li>&emsp;&emsp; Znanstveni pregledni \u010dlanak<\/li>\n<\/ul>\n<\/li>\n<p>  &nbsp;<\/p>\n<ul style=\"list-style-type:none\">\n<li><a href=\"https:\/\/stranijezici.ffzg.unizg.hr\/wp-content\/uploads\/2020\/06\/SJ_35_2_2.pdf\" target=\"_blank\"><strong>DEMINUTIV U PORTUGALSKOME<\/strong><\/a><\/li>\n<ul style=\"list-style-type:none\">\n<li>&emsp;&emsp; Daliborka Sari\u0107<\/li>\n<li>&emsp;&emsp; Izvorni znanstveni \u010dlanak<\/li>\n<\/ul>\n<\/li>\n<p>  &nbsp;<\/p>\n<ul style=\"list-style-type:none\">\n<li><a href=\"https:\/\/stranijezici.ffzg.unizg.hr\/wp-content\/uploads\/2020\/06\/SJ_35_2_3.pdf\" target=\"_blank\"><strong>NETSPEAK IN THE ENGLISH LANGUAGE CLASSROOM<\/strong><\/a><\/li>\n<ul style=\"list-style-type:none\">\n<li>&emsp;&emsp; Ivana Cindri\u0107<\/li>\n<li>&emsp;&emsp; Stru\u010dni \u010dlanak<\/li>\n<\/ul>\n<\/li>\n<p>  &nbsp;<\/p>\n<li><a href=\"https:\/\/stranijezici.ffzg.unizg.hr\/wp-content\/uploads\/2020\/06\/SJ_35_2_4.pdf\" target=\"_blank\"><strong>POMORSKI I RIBARSKI IZRAZI U ROMANU ERNESTA HEMINGWAYA &#8220;STARAC I MORE&#8221;<\/strong><\/a> <\/li>\n<ul style=\"list-style-type:none\">\n<li>&emsp;&emsp; \u017deljko Stepani\u0107, Jasenka Maslek<\/li>\n<li>&emsp;&emsp; Izvorni znanstveni \u010dlanak<\/li>\n<\/ul>\n<\/li>\n<p>  &nbsp;<\/p>\n<li><a href=\"https:\/\/stranijezici.ffzg.unizg.hr\/wp-content\/uploads\/2020\/06\/SJ_35_2_5.pdf\" target=\"_blank\"><strong>JEZIK STRUKE I NEKI PROBLEMI PREVO\u0110ENJA<\/strong><\/a> <\/li>\n<ul style=\"list-style-type:none\">\n<li>&emsp;&emsp; Ivanka Fer\u010dec<\/li>\n<li>&emsp;&emsp; Stru\u010dni \u010dlanak<\/li>\n<\/ul>\n<\/li>\n<p>  &nbsp;<\/p>\n<ul style=\"list-style-type:none\">\n<li><a href=\"https:\/\/stranijezici.ffzg.unizg.hr\/wp-content\/uploads\/2020\/06\/SJ_35_2_6.pdf\" target=\"_blank\"><strong>ACADEMIC PERFORMANCE SELF-CONCEPT\/SELF-ESTEEM &#8211; TEACHER&#8217;S ROLE<\/strong><\/a><\/li>\n<ul style=\"list-style-type:none\">\n<li>&emsp;&emsp; Bo\u017eana Kne\u017eevi\u0107<\/li>\n<li>&emsp;&emsp; Izvorni znanstveni \u010dlanak<\/li>\n<\/ul>\n<\/li>\n<p>  &nbsp;<\/p>\n<ul style=\"list-style-type:none\">\n<li><a href=\"https:\/\/stranijezici.ffzg.unizg.hr\/wp-content\/uploads\/2020\/06\/SJ_35_2_7.pdf\" target=\"_blank\"><strong>GETTING PERSONAL: IMPLEMENTING A PERSONALISED APPROACH IN TEACHING BUSINESS ENGLISH<\/strong><\/a><\/li>\n<ul style=\"list-style-type:none\">\n<li>&emsp;&emsp; Sanja Radmilo<\/li>\n<li>&emsp;&emsp; Izvorni znanstveni \u010dlanak<\/li>\n<\/ul>\n<\/li>\n<p>  &nbsp;<\/p>\n<li><a href=\"https:\/\/stranijezici.ffzg.unizg.hr\/wp-content\/uploads\/2020\/06\/SJ_35_2_8.pdf\" target=\"_blank\"><strong>TEKSTOVI GOVORNOGA JEZIKA U POU\u010cAVANJU NA NAPREDNOM STUPNJU<\/strong><\/a> <\/li>\n<ul style=\"list-style-type:none\">\n<li>&emsp;&emsp; Krystyna Data<\/li>\n<li>&emsp;&emsp; Prikaz<\/li>\n<\/ul>\n<\/li>\n<p>  &nbsp;<\/p>\n<li><a href=\"https:\/\/stranijezici.ffzg.unizg.hr\/wp-content\/uploads\/2020\/06\/SJ_35_2_9.pdf\" target=\"_blank\"><strong>KONGRES METODI\u010cARA I DIDAKTI\u010cARA STRANOGA JEZIKA ODR\u017dAN U MUNCHENU 3.-6. LISTOPADA 2005.<\/strong><\/a> <\/li>\n<ul style=\"list-style-type:none\">\n<li>&emsp;&emsp; Geriena Kara\u010di\u0107<\/li>\n<li>&emsp;&emsp; Prikaz<\/li>\n<\/ul>\n<\/li>\n<p>  &nbsp;<\/p>\n<ul style=\"list-style-type:none\">\n<li><a href=\"https:\/\/stranijezici.ffzg.unizg.hr\/wp-content\/uploads\/2020\/06\/SJ_35_2_10.pdf\" target=\"_blank\"><strong>RADIONICA: PRIMJENA EUROPSKE JEZI\u010cNE MAPE ZA ODRASLE<\/strong><\/a><\/li>\n<ul style=\"list-style-type:none\">\n<li>&emsp;&emsp; Maja Ad\u017eija<\/li>\n<li>&emsp;&emsp; Prikaz<\/li>\n<\/ul>\n<\/li>\n<p>  &nbsp;<\/p>\n<ul style=\"list-style-type:none\">\n<li><a href=\"https:\/\/stranijezici.ffzg.unizg.hr\/wp-content\/uploads\/2020\/06\/SJ_35_2_11.pdf\" target=\"_blank\"><strong>CONVERGING AND DIVERGING TENDENCIES IN COGNITIVE LINGUISTICS<\/strong><\/a><\/li>\n<ul style=\"list-style-type:none\">\n<li>&emsp;&emsp; Lia Dragojevi\u0107<\/li>\n<li>&emsp;&emsp; Prikaz<\/li>\n<\/ul>\n<\/li>\n<p>  &nbsp;<\/p>\n<ul style=\"list-style-type:none\">\n<li><a href=\"https:\/\/stranijezici.ffzg.unizg.hr\/wp-content\/uploads\/2020\/06\/SJ_35_2_12.pdf\" target=\"_blank\"><strong>PRIKAZ KNJIGE BARBARE IVAN\u010cI\u0106 <i>DEUTSCHE SPRACHE-SCHWERE SPRACHE<\/i><\/strong><\/a><\/li>\n<ul style=\"list-style-type:none\">\n<li>&emsp;&emsp; Petra \u017dagar<\/li>\n<li>&emsp;&emsp; Prikaz<\/li>\n<\/ul>\n<\/li>\n<p>  &nbsp;<\/p>\n<ul style=\"list-style-type:none\">\n<li><a href=\"https:\/\/stranijezici.ffzg.unizg.hr\/wp-content\/uploads\/2020\/06\/SJ_35_2_13.pdf\" target=\"_blank\"><strong>PRIKAZ UD\u017dBENIKA ZA U\u010cENJE HRVATSKOGA KAO DRUGOGA I STRANOGA JEZIKA: V. KOSOVAC i V. LUKU\u0106 <i>U\u010cIMO HRVATSKI 1<\/i> I <i>U\u010cIMO HRVATSKI 2<\/i><\/strong><\/a><\/li>\n<ul style=\"list-style-type:none\">\n<li>&emsp;&emsp; Sanda Lucija Udier<\/li>\n<li>&emsp;&emsp; Prikaz<\/li>\n<\/ul>\n<\/li>\n<p>  &nbsp;\n<\/ul>\n","protected":false},"excerpt":{"rendered":"<p>NJEMA\u010cKI JEZIK U \u0160VICARSKOJ &emsp;&emsp; Maja Barac &emsp;&emsp; Znanstveni pregledni \u010dlanak &nbsp; DEMINUTIV U PORTUGALSKOME &emsp;&emsp; Daliborka Sari\u0107 &emsp;&emsp; Izvorni znanstveni \u010dlanak &nbsp; NETSPEAK IN THE ENGLISH LANGUAGE CLASSROOM &emsp;&emsp; Ivana Cindri\u0107 &emsp;&emsp; Stru\u010dni \u010dlanak &nbsp; POMORSKI I RIBARSKI IZRAZI U ROMANU ERNESTA HEMINGWAYA &#8220;STARAC I MORE&#8221; &emsp;&emsp; \u017deljko Stepani\u0107, Jasenka Maslek &emsp;&emsp; Izvorni znanstveni &hellip; <\/p>\n<p class=\"link-more\"><a href=\"https:\/\/stranijezici.ffzg.unizg.hr\/index.php\/vol35n2\/\" class=\"more-link\">Continue reading<span class=\"screen-reader-text\"> &#8220;Vol 35. (2)&#8221;<\/span><\/a><\/p>\n","protected":false},"author":2,"featured_media":0,"parent":0,"menu_order":0,"comment_status":"closed","ping_status":"closed","template":"","meta":{"ngg_post_thumbnail":0,"footnotes":""},"class_list":["post-2180","page","type-page","status-publish","hentry"],"_links":{"self":[{"href":"https:\/\/stranijezici.ffzg.unizg.hr\/index.php\/wp-json\/wp\/v2\/pages\/2180","targetHints":{"allow":["GET"]}}],"collection":[{"href":"https:\/\/stranijezici.ffzg.unizg.hr\/index.php\/wp-json\/wp\/v2\/pages"}],"about":[{"href":"https:\/\/stranijezici.ffzg.unizg.hr\/index.php\/wp-json\/wp\/v2\/types\/page"}],"author":[{"embeddable":true,"href":"https:\/\/stranijezici.ffzg.unizg.hr\/index.php\/wp-json\/wp\/v2\/users\/2"}],"replies":[{"embeddable":true,"href":"https:\/\/stranijezici.ffzg.unizg.hr\/index.php\/wp-json\/wp\/v2\/comments?post=2180"}],"version-history":[{"count":4,"href":"https:\/\/stranijezici.ffzg.unizg.hr\/index.php\/wp-json\/wp\/v2\/pages\/2180\/revisions"}],"predecessor-version":[{"id":2226,"href":"https:\/\/stranijezici.ffzg.unizg.hr\/index.php\/wp-json\/wp\/v2\/pages\/2180\/revisions\/2226"}],"wp:attachment":[{"href":"https:\/\/stranijezici.ffzg.unizg.hr\/index.php\/wp-json\/wp\/v2\/media?parent=2180"}],"curies":[{"name":"wp","href":"https:\/\/api.w.org\/{rel}","templated":true}]}}