{"id":2179,"date":"2020-06-25T01:43:14","date_gmt":"2020-06-25T01:43:14","guid":{"rendered":"https:\/\/stranijezici.ffzg.unizg.hr\/?page_id=2179"},"modified":"2020-06-25T01:45:01","modified_gmt":"2020-06-25T01:45:01","slug":"vol35n1","status":"publish","type":"page","link":"https:\/\/stranijezici.ffzg.unizg.hr\/index.php\/vol35n1\/","title":{"rendered":"Vol 35. (1)"},"content":{"rendered":"<ul style=\"list-style-type:none\">\n<li><a href=\"https:\/\/stranijezici.ffzg.unizg.hr\/wp-content\/uploads\/2020\/06\/SJ_35_1_1.pdf\" target=\"_blank\"><strong>KOHEZIVNA SREDSTVA &#8211; POKAZATELJ JEZI\u010cNE KOMPETENCIJE<\/strong><\/a> <\/li>\n<ul style=\"list-style-type:none\">\n<li>&emsp;&emsp; Marija Bili\u0107<\/li>\n<li>&emsp;&emsp; Izvorni znanstveni \u010dlanak<\/li>\n<\/ul>\n<\/li>\n<p>  &nbsp;<\/p>\n<ul style=\"list-style-type:none\">\n<li><a href=\"https:\/\/stranijezici.ffzg.unizg.hr\/wp-content\/uploads\/2020\/06\/SJ_35_1_2.pdf\" target=\"_blank\"><strong>IMPERATIV U HRVATSKOME I FRANCUSKOME JEZIKU<\/strong><\/a><\/li>\n<ul style=\"list-style-type:none\">\n<li>&emsp;&emsp; Tomislav Frleta<\/li>\n<li>&emsp;&emsp; Izvorni znanstveni \u010dlanak<\/li>\n<\/ul>\n<\/li>\n<p>  &nbsp;<\/p>\n<ul style=\"list-style-type:none\">\n<li><a href=\"https:\/\/stranijezici.ffzg.unizg.hr\/wp-content\/uploads\/2020\/06\/SJ_35_1_3.pdf\" target=\"_blank\"><strong>LA\u017dNI PAROVI &#8211; GRADI\u0160\u0106ANSKOHRVATSKI I KARA\u0160EVSKOHRVATSKI PREMA STANDARDNOME HRVATSKOM<\/strong><\/a><\/li>\n<ul style=\"list-style-type:none\">\n<li>&emsp;&emsp; Ivana Oluji\u0107<\/li>\n<li>&emsp;&emsp; Izvorni znanstveni \u010dlanak<\/li>\n<\/ul>\n<\/li>\n<p>  &nbsp;<\/p>\n<li><a href=\"https:\/\/stranijezici.ffzg.unizg.hr\/wp-content\/uploads\/2020\/06\/SJ_35_1_4.pdf\" target=\"_blank\"><strong>PREHRAMBENI PRAGMENI I PRAGMAFRAZEMI U POLJSKOME I HRVATSKOME JEZIKU<\/strong><\/a> <\/li>\n<ul style=\"list-style-type:none\">\n<li>&emsp;&emsp; Neda Pintari\u0107<\/li>\n<li>&emsp;&emsp; Izvorni znanstveni \u010dlanak<\/li>\n<\/ul>\n<\/li>\n<p>  &nbsp;<\/p>\n<li><a href=\"https:\/\/stranijezici.ffzg.unizg.hr\/wp-content\/uploads\/2020\/06\/SJ_35_1_5.pdf\" target=\"_blank\"><strong>STANDARD IZME\u0110U ORGANSKOGA GOVORA I PLANSKOGA JEZIKA &#8211; HRVATSKI STANDARDNI, \u0110UR\u0110EVE\u010cKI I ESPERANTO<\/strong><\/a> <\/li>\n<ul style=\"list-style-type:none\">\n<li>&emsp;&emsp; Velimir Pi\u0161korec<\/li>\n<li>&emsp;&emsp; Izvorni znanstveni \u010dlanak<\/li>\n<\/ul>\n<\/li>\n<p>  &nbsp;<\/p>\n<ul style=\"list-style-type:none\">\n<li><a href=\"https:\/\/stranijezici.ffzg.unizg.hr\/wp-content\/uploads\/2020\/06\/SJ_35_1_6.pdf\" target=\"_blank\"><strong>POTE\u0160KO\u0106E U PREVO\u0110ENJU FRAZEMA (NA PRIMJERIMA HRVATSKIH I POLJSKIH FRAZEMA)<\/strong><\/a><\/li>\n<ul style=\"list-style-type:none\">\n<li>&emsp;&emsp; Ivana Vidovi\u0107-Bolt<\/li>\n<li>&emsp;&emsp; Izvorni znanstveni \u010dlanak<\/li>\n<\/ul>\n<\/li>\n<p>  &nbsp;<\/p>\n<ul style=\"list-style-type:none\">\n<li><a href=\"https:\/\/stranijezici.ffzg.unizg.hr\/wp-content\/uploads\/2020\/06\/SJ_35_1_7.pdf\" target=\"_blank\"><strong>NA\u010cINI PREVO\u0110ENJA HRVATSKOGA PERFEKTA NA RUMUNJSKI JEZIK<\/strong><\/a><\/li>\n<ul style=\"list-style-type:none\">\n<li>&emsp;&emsp; Clara Capatina<\/li>\n<li>&emsp;&emsp; Znanstveni pregledni \u010dlanak<\/li>\n<\/ul>\n<\/li>\n<p>  &nbsp;<\/p>\n<li><a href=\"https:\/\/stranijezici.ffzg.unizg.hr\/wp-content\/uploads\/2020\/06\/SJ_35_1_8.pdf\" target=\"_blank\"><strong>DINAMI\u010cNI POLO\u017dAJ HRVATSKOGA U KONTEKSTU SUBJEKTIVNO MOTIVIRANE IZBORNE DVOJEZI\u010cNOSTI<\/strong><\/a> <\/li>\n<ul style=\"list-style-type:none\">\n<li>&emsp;&emsp; Irena Horvati\u0107 \u010cajko<\/li>\n<li>&emsp;&emsp; Znanstveni pregledni \u010dlanak<\/li>\n<\/ul>\n<\/li>\n<\/ul>\n","protected":false},"excerpt":{"rendered":"<p>KOHEZIVNA SREDSTVA &#8211; POKAZATELJ JEZI\u010cNE KOMPETENCIJE &emsp;&emsp; Marija Bili\u0107 &emsp;&emsp; Izvorni znanstveni \u010dlanak &nbsp; IMPERATIV U HRVATSKOME I FRANCUSKOME JEZIKU &emsp;&emsp; Tomislav Frleta &emsp;&emsp; Izvorni znanstveni \u010dlanak &nbsp; LA\u017dNI PAROVI &#8211; GRADI\u0160\u0106ANSKOHRVATSKI I KARA\u0160EVSKOHRVATSKI PREMA STANDARDNOME HRVATSKOM &emsp;&emsp; Ivana Oluji\u0107 &emsp;&emsp; Izvorni znanstveni \u010dlanak &nbsp; PREHRAMBENI PRAGMENI I PRAGMAFRAZEMI U POLJSKOME I HRVATSKOME JEZIKU &emsp;&emsp; &hellip; <\/p>\n<p class=\"link-more\"><a href=\"https:\/\/stranijezici.ffzg.unizg.hr\/index.php\/vol35n1\/\" class=\"more-link\">Continue reading<span class=\"screen-reader-text\"> &#8220;Vol 35. (1)&#8221;<\/span><\/a><\/p>\n","protected":false},"author":2,"featured_media":0,"parent":0,"menu_order":0,"comment_status":"closed","ping_status":"closed","template":"","meta":{"ngg_post_thumbnail":0,"footnotes":""},"class_list":["post-2179","page","type-page","status-publish","hentry"],"_links":{"self":[{"href":"https:\/\/stranijezici.ffzg.unizg.hr\/index.php\/wp-json\/wp\/v2\/pages\/2179","targetHints":{"allow":["GET"]}}],"collection":[{"href":"https:\/\/stranijezici.ffzg.unizg.hr\/index.php\/wp-json\/wp\/v2\/pages"}],"about":[{"href":"https:\/\/stranijezici.ffzg.unizg.hr\/index.php\/wp-json\/wp\/v2\/types\/page"}],"author":[{"embeddable":true,"href":"https:\/\/stranijezici.ffzg.unizg.hr\/index.php\/wp-json\/wp\/v2\/users\/2"}],"replies":[{"embeddable":true,"href":"https:\/\/stranijezici.ffzg.unizg.hr\/index.php\/wp-json\/wp\/v2\/comments?post=2179"}],"version-history":[{"count":4,"href":"https:\/\/stranijezici.ffzg.unizg.hr\/index.php\/wp-json\/wp\/v2\/pages\/2179\/revisions"}],"predecessor-version":[{"id":2210,"href":"https:\/\/stranijezici.ffzg.unizg.hr\/index.php\/wp-json\/wp\/v2\/pages\/2179\/revisions\/2210"}],"wp:attachment":[{"href":"https:\/\/stranijezici.ffzg.unizg.hr\/index.php\/wp-json\/wp\/v2\/media?parent=2179"}],"curies":[{"name":"wp","href":"https:\/\/api.w.org\/{rel}","templated":true}]}}