{"id":2178,"date":"2020-06-25T01:32:38","date_gmt":"2020-06-25T01:32:38","guid":{"rendered":"https:\/\/stranijezici.ffzg.unizg.hr\/?page_id=2178"},"modified":"2020-06-25T01:36:10","modified_gmt":"2020-06-25T01:36:10","slug":"vol34n4","status":"publish","type":"page","link":"https:\/\/stranijezici.ffzg.unizg.hr\/index.php\/vol34n4\/","title":{"rendered":"Vol 34. (4)"},"content":{"rendered":"<ul style=\"list-style-type:none\">\n<li><a href=\"https:\/\/stranijezici.ffzg.unizg.hr\/wp-content\/uploads\/2020\/06\/SJ_34_4_1.pdf\" target=\"_blank\"><strong>POSTOJI LI NEGATIVAN UTJECAJ RANOGA UVO\u0110ENJA PISANJA NA STRANOME JEZIKU NA PISANJE NA MATERINSKOME JEZIKU<\/strong><\/a> <\/li>\n<ul style=\"list-style-type:none\">\n<li>&emsp;&emsp; Gloria Vickov<\/li>\n<li>&emsp;&emsp; Izvorni znanstveni \u010dlanak<\/li>\n<\/ul>\n<\/li>\n<p>  &nbsp;<\/p>\n<ul style=\"list-style-type:none\">\n<li><a href=\"https:\/\/stranijezici.ffzg.unizg.hr\/wp-content\/uploads\/2020\/06\/SJ_34_4_2.pdf\" target=\"_blank\"><strong>ORTOGRAFSKA ANALIZA U RUSKIM REKLAMAMA<\/strong><\/a><\/li>\n<ul style=\"list-style-type:none\">\n<li>&emsp;&emsp; \u017deljka \u010celi\u0107<\/li>\n<li>&emsp;&emsp; Izvorni znanstveni \u010dlanak<\/li>\n<\/ul>\n<\/li>\n<p>  &nbsp;<\/p>\n<ul style=\"list-style-type:none\">\n<li><a href=\"https:\/\/stranijezici.ffzg.unizg.hr\/wp-content\/uploads\/2020\/06\/SJ_34_4_3.pdf\" target=\"_blank\"><strong>O NJEMA\u010cKOM JEZIKU PRAVNE STRUKE &#8211; DIJAKRONIJSKI PRISTUP<\/strong><\/a><\/li>\n<ul style=\"list-style-type:none\">\n<li>&emsp;&emsp; Ljubica Kordi\u0107<\/li>\n<li>&emsp;&emsp; Izvorni znanstveni \u010dlanak<\/li>\n<\/ul>\n<\/li>\n<p>  &nbsp;<\/p>\n<li><a href=\"https:\/\/stranijezici.ffzg.unizg.hr\/wp-content\/uploads\/2020\/06\/SJ_34_4_4.pdf\" target=\"_blank\"><strong>THE COMPUTER AIDED EXEMPLIFICATION<\/strong><\/a> <\/li>\n<ul style=\"list-style-type:none\">\n<li>&emsp;&emsp; Josip Luzer<\/li>\n<li>&emsp;&emsp; Stru\u010dni \u010dlanak<\/li>\n<\/ul>\n<\/li>\n<p>  &nbsp;<\/p>\n<li><a href=\"https:\/\/stranijezici.ffzg.unizg.hr\/wp-content\/uploads\/2020\/06\/SJ_34_4_5.pdf\" target=\"_blank\"><strong>INTRODUCTION TO MEDICAL ENGLISH &#8211; A CRASH COURSE<\/strong><\/a> <\/li>\n<ul style=\"list-style-type:none\">\n<li>&emsp;&emsp; Aleksandra \u017dmega\u010d Horvat<\/li>\n<li>&emsp;&emsp; Stru\u010dni \u010dlanak<\/li>\n<\/ul>\n<\/li>\n<p>  &nbsp;<\/p>\n<ul style=\"list-style-type:none\">\n<li><a href=\"https:\/\/stranijezici.ffzg.unizg.hr\/wp-content\/uploads\/2020\/06\/SJ_34_4_6.pdf\" target=\"_blank\"><strong>USKLA\u0110IVANJE PROGRAMA CROATICUMA S CEF-om<\/strong><\/a><\/li>\n<ul style=\"list-style-type:none\">\n<li>&emsp;&emsp; Dinka Pasini, Antonio-Toni Juri\u010di\u0107<\/li>\n<li>&emsp;&emsp; Stru\u010dni \u010dlanak<\/li>\n<\/ul>\n<\/li>\n<p>  &nbsp;<\/p>\n<ul style=\"list-style-type:none\">\n<li><a href=\"https:\/\/stranijezici.ffzg.unizg.hr\/wp-content\/uploads\/2020\/06\/SJ_34_4_7.pdf\" target=\"_blank\"><strong>PRVI ZNANSTVENI SKUP &#8211; HRVATSKI KAO DRUGI I STRANI JEZIK. ZAGREB, 14. I 15. LISTOPADA 2005.<\/strong><\/a><\/li>\n<ul style=\"list-style-type:none\">\n<li>&emsp;&emsp; Sanda Lucija Udier, Jasna Novak Mili\u0107, Milvia Gule\u0161i\u0107 Machata<\/li>\n<li>&emsp;&emsp; Prikaz<\/li>\n<\/ul>\n<\/li>\n<p>  &nbsp;<\/p>\n<li><a href=\"https:\/\/stranijezici.ffzg.unizg.hr\/wp-content\/uploads\/2020\/06\/SJ_34_4_8.pdf\" target=\"_blank\"><strong>XXXIV. ZAGREBA\u010cKA SLAVISTI\u010cKA \u0160KOLA<\/strong><\/a> <\/li>\n<ul style=\"list-style-type:none\">\n<li>&emsp;&emsp; Ivana Vidovi\u0107 Bolt<\/li>\n<li>&emsp;&emsp; Prikaz<\/li>\n<\/ul>\n<\/li>\n<p>  &nbsp;<\/p>\n<li><a href=\"https:\/\/stranijezici.ffzg.unizg.hr\/wp-content\/uploads\/2020\/06\/SJ_34_4_9.pdf\" target=\"_blank\"><strong>PRIKAZ UD\u017dBENIKA NEVENKE BLA\u017dEVI\u0106 <i>DEUTSCH IM TOURISMUS<\/i> 1 I <i>DEUTSCH IM TOURISMUS 2<\/i><\/strong><\/a> <\/li>\n<ul style=\"list-style-type:none\">\n<li>&emsp;&emsp; Maja Barac<\/li>\n<li>&emsp;&emsp; Prikaz<\/li>\n<\/ul>\n<\/li>\n<p>  &nbsp;<\/p>\n<ul style=\"list-style-type:none\">\n<li><a href=\"https:\/\/stranijezici.ffzg.unizg.hr\/wp-content\/uploads\/2020\/06\/SJ_34_4_10.pdf\" target=\"_blank\"><strong>PRIKAZ UD\u017dBENIKA VESNE JURI\u0160I\u0106 <i>KOMMUNIZIEREN IN DER GESCH\u00c4FTSWELT<\/i><\/strong><\/a><\/li>\n<ul style=\"list-style-type:none\">\n<li>&emsp;&emsp; \u017deljka Radeli\u0107<\/li>\n<li>&emsp;&emsp; Prikaz<\/li>\n<\/ul>\n<\/li>\n<p>  &nbsp;<\/p>\n<ul style=\"list-style-type:none\">\n<li><a href=\"https:\/\/stranijezici.ffzg.unizg.hr\/wp-content\/uploads\/2020\/06\/SJ_34_4_11.pdf\" target=\"_blank\"><strong>PRIKAZ PRIRU\u010cNIKA JOHNA EASTWOODA <i>OXFORD LEARNER&#8217;S GRAMMAR<\/i><\/strong><\/a><\/li>\n<ul style=\"list-style-type:none\">\n<li>&emsp;&emsp; Rujana \u010cimbur<\/li>\n<li>&emsp;&emsp; Prikaz<\/li>\n<\/ul>\n<\/li>\n<p>  &nbsp;\n<\/ul>\n","protected":false},"excerpt":{"rendered":"<p>POSTOJI LI NEGATIVAN UTJECAJ RANOGA UVO\u0110ENJA PISANJA NA STRANOME JEZIKU NA PISANJE NA MATERINSKOME JEZIKU &emsp;&emsp; Gloria Vickov &emsp;&emsp; Izvorni znanstveni \u010dlanak &nbsp; ORTOGRAFSKA ANALIZA U RUSKIM REKLAMAMA &emsp;&emsp; \u017deljka \u010celi\u0107 &emsp;&emsp; Izvorni znanstveni \u010dlanak &nbsp; O NJEMA\u010cKOM JEZIKU PRAVNE STRUKE &#8211; DIJAKRONIJSKI PRISTUP &emsp;&emsp; Ljubica Kordi\u0107 &emsp;&emsp; Izvorni znanstveni \u010dlanak &nbsp; THE COMPUTER AIDED &hellip; <\/p>\n<p class=\"link-more\"><a href=\"https:\/\/stranijezici.ffzg.unizg.hr\/index.php\/vol34n4\/\" class=\"more-link\">Continue reading<span class=\"screen-reader-text\"> &#8220;Vol 34. (4)&#8221;<\/span><\/a><\/p>\n","protected":false},"author":2,"featured_media":0,"parent":0,"menu_order":0,"comment_status":"closed","ping_status":"closed","template":"","meta":{"ngg_post_thumbnail":0,"footnotes":""},"class_list":["post-2178","page","type-page","status-publish","hentry"],"_links":{"self":[{"href":"https:\/\/stranijezici.ffzg.unizg.hr\/index.php\/wp-json\/wp\/v2\/pages\/2178","targetHints":{"allow":["GET"]}}],"collection":[{"href":"https:\/\/stranijezici.ffzg.unizg.hr\/index.php\/wp-json\/wp\/v2\/pages"}],"about":[{"href":"https:\/\/stranijezici.ffzg.unizg.hr\/index.php\/wp-json\/wp\/v2\/types\/page"}],"author":[{"embeddable":true,"href":"https:\/\/stranijezici.ffzg.unizg.hr\/index.php\/wp-json\/wp\/v2\/users\/2"}],"replies":[{"embeddable":true,"href":"https:\/\/stranijezici.ffzg.unizg.hr\/index.php\/wp-json\/wp\/v2\/comments?post=2178"}],"version-history":[{"count":4,"href":"https:\/\/stranijezici.ffzg.unizg.hr\/index.php\/wp-json\/wp\/v2\/pages\/2178\/revisions"}],"predecessor-version":[{"id":2199,"href":"https:\/\/stranijezici.ffzg.unizg.hr\/index.php\/wp-json\/wp\/v2\/pages\/2178\/revisions\/2199"}],"wp:attachment":[{"href":"https:\/\/stranijezici.ffzg.unizg.hr\/index.php\/wp-json\/wp\/v2\/media?parent=2178"}],"curies":[{"name":"wp","href":"https:\/\/api.w.org\/{rel}","templated":true}]}}