{"id":2158,"date":"2020-06-10T12:53:42","date_gmt":"2020-06-10T12:53:42","guid":{"rendered":"https:\/\/stranijezici.ffzg.unizg.hr\/?page_id=2158"},"modified":"2020-06-10T12:54:09","modified_gmt":"2020-06-10T12:54:09","slug":"vol34n3","status":"publish","type":"page","link":"https:\/\/stranijezici.ffzg.unizg.hr\/index.php\/vol34n3\/","title":{"rendered":"Vol 34. (3)"},"content":{"rendered":"<ul style=\"list-style-type:none\">\n<li><a href=\"https:\/\/stranijezici.ffzg.unizg.hr\/wp-content\/uploads\/2020\/06\/SJ_34_3_1.pdf\" target=\"_blank\"><strong>ENGLISH AND OTHER FOREIGN LANGUAGES IN CROATIA &#8211; A NEEDS ANALYSIS<\/strong><\/a> <\/li>\n<ul style=\"list-style-type:none\">\n<li>&emsp;&emsp; Ivana Cindri\u0107, Smiljana Naran\u010di\u0107-Kova\u010d<\/li>\n<li>&emsp;&emsp; Izvorni znanstveni \u010dlanak<\/li>\n<\/ul>\n<\/li>\n<p>  &nbsp;<\/p>\n<ul style=\"list-style-type:none\">\n<li><a href=\"https:\/\/stranijezici.ffzg.unizg.hr\/wp-content\/uploads\/2020\/06\/SJ_34_3_2.pdf\" target=\"_blank\"><strong>NOUVE DINAMICHE INTERATTIVE IN CLASSE: IMPARARE AD ASCOLTARE<\/strong><\/a><\/li>\n<ul style=\"list-style-type:none\">\n<li>&emsp;&emsp; Rita Scotti Juri\u0107<\/li>\n<li>&emsp;&emsp; Izvorni znanstveni \u010dlanak<\/li>\n<\/ul>\n<\/li>\n<p>  &nbsp;<\/p>\n<ul style=\"list-style-type:none\">\n<li><a href=\"https:\/\/stranijezici.ffzg.unizg.hr\/wp-content\/uploads\/2020\/06\/SJ_34_3_3.pdf\" target=\"_blank\"><strong>PRIRODA I UPOTREBA KOLOKACIJA: PRIMJERI IZ TEHNI\u010cKOGA ENGLESKOG JEZIKA<\/strong><\/a><\/li>\n<ul style=\"list-style-type:none\">\n<li>&emsp;&emsp; Ivana \u0160piranec<\/li>\n<li>&emsp;&emsp; Izvorni znanstveni \u010dlanak<\/li>\n<\/ul>\n<\/li>\n<p>  &nbsp;<\/p>\n<li><a href=\"https:\/\/stranijezici.ffzg.unizg.hr\/wp-content\/uploads\/2020\/06\/SJ_34_3_4.pdf\" target=\"_blank\"><strong>TEACH YOURSELF&#8230; MYTH OR REALITY. A CRITICAL REVIEW OF THE PRONUNCIATION TAPES FROM THE TEACH YOURSELF SERBO-CROATIAN COURSE FOR BEGINNERS<\/strong><\/a> <\/li>\n<ul style=\"list-style-type:none\">\n<li>&emsp;&emsp; Ivana Bu\u0161ljeta Banks<\/li>\n<li>&emsp;&emsp; Stru\u010dni \u010dlanak<\/li>\n<\/ul>\n<\/li>\n<p>  &nbsp;<\/p>\n<li><a href=\"https:\/\/stranijezici.ffzg.unizg.hr\/wp-content\/uploads\/2020\/06\/SJ_34_3_5.pdf\" target=\"_blank\"><strong>TRANSFER MATERINSKOGA JEZIKA U U\u010cENJU STRANOGA JEZIKA: SLOVENSKO-ENGLESKI SLU\u010cAJ<\/strong><\/a> <\/li>\n<ul style=\"list-style-type:none\">\n<li>&emsp;&emsp; Milena Kova\u010devi\u0107<\/li>\n<li>&emsp;&emsp; Stru\u010dni \u010dlanak<\/li>\n<\/ul>\n<\/li>\n<p>  &nbsp;<\/p>\n<ul style=\"list-style-type:none\">\n<li><a href=\"https:\/\/stranijezici.ffzg.unizg.hr\/wp-content\/uploads\/2020\/06\/SJ_34_3_6.pdf\" target=\"_blank\"><strong>INTERAKTIVNO POU\u010cAVANJE JEZIKA STRUKE U VELIKIM GRUPAMA<\/strong><\/a><\/li>\n<ul style=\"list-style-type:none\">\n<li>&emsp;&emsp; Biserka Fu\u010dkan Dr\u017ei\u0107, Alenka Kralj \u0160tih<\/li>\n<li>&emsp;&emsp; Stru\u010dni \u010dlanak<\/li>\n<\/ul>\n<\/li>\n<p>  &nbsp;<\/p>\n<ul style=\"list-style-type:none\">\n<li><a href=\"https:\/\/stranijezici.ffzg.unizg.hr\/wp-content\/uploads\/2020\/06\/SJ_34_3_7.pdf\" target=\"_blank\"><strong>MODELI STRU\u010cNIH TEKSTOVA I PRIJEVOD<\/strong><\/a><\/li>\n<ul style=\"list-style-type:none\">\n<li>&emsp;&emsp; Teresa Tomaszkiewicz<\/li>\n<li>&emsp;&emsp; Prikaz<\/li>\n<\/ul>\n<\/li>\n<p>  &nbsp;<\/p>\n<li><a href=\"https:\/\/stranijezici.ffzg.unizg.hr\/wp-content\/uploads\/2020\/06\/SJ_34_3_8.pdf\" target=\"_blank\"><strong>THE 15th EUROPEAN SYMPOSIUM ON LANGUAGES FOR SPECIAL PURPOSES: NEW TRENDS IN SPECIALISED DISCOURSE, BERGAMO, ITALIA 29.08.2005 &#8211; 02.09.2005.<\/strong><\/a> <\/li>\n<ul style=\"list-style-type:none\">\n<li>&emsp;&emsp; Milena Kova\u010devi\u0107<\/li>\n<li>&emsp;&emsp; Prikaz<\/li>\n<\/ul>\n<\/li>\n<p>  &nbsp;<\/p>\n<li><a href=\"https:\/\/stranijezici.ffzg.unizg.hr\/wp-content\/uploads\/2020\/06\/SJ_34_3_9.pdf\" target=\"_blank\"><strong>PRIKAZ KNJIGE PETERA S. GARDNERA <i>NEW DIRECTIONS: AN INTEGRATED APPROACH TO READING, WRITING AND CRITICAL THINKING<\/i><\/strong><\/a> <\/li>\n<ul style=\"list-style-type:none\">\n<li>&emsp;&emsp; Milena Kova\u010devi\u0107<\/li>\n<li>&emsp;&emsp; Prikaz<\/li>\n<\/ul>\n<\/li>\n<\/ul>\n","protected":false},"excerpt":{"rendered":"<p>ENGLISH AND OTHER FOREIGN LANGUAGES IN CROATIA &#8211; A NEEDS ANALYSIS &emsp;&emsp; Ivana Cindri\u0107, Smiljana Naran\u010di\u0107-Kova\u010d &emsp;&emsp; Izvorni znanstveni \u010dlanak &nbsp; NOUVE DINAMICHE INTERATTIVE IN CLASSE: IMPARARE AD ASCOLTARE &emsp;&emsp; Rita Scotti Juri\u0107 &emsp;&emsp; Izvorni znanstveni \u010dlanak &nbsp; PRIRODA I UPOTREBA KOLOKACIJA: PRIMJERI IZ TEHNI\u010cKOGA ENGLESKOG JEZIKA &emsp;&emsp; Ivana \u0160piranec &emsp;&emsp; Izvorni znanstveni \u010dlanak &nbsp; &hellip; <\/p>\n<p class=\"link-more\"><a href=\"https:\/\/stranijezici.ffzg.unizg.hr\/index.php\/vol34n3\/\" class=\"more-link\">Continue reading<span class=\"screen-reader-text\"> &#8220;Vol 34. (3)&#8221;<\/span><\/a><\/p>\n","protected":false},"author":2,"featured_media":0,"parent":0,"menu_order":0,"comment_status":"closed","ping_status":"closed","template":"","meta":{"ngg_post_thumbnail":0,"footnotes":""},"class_list":["post-2158","page","type-page","status-publish","hentry"],"_links":{"self":[{"href":"https:\/\/stranijezici.ffzg.unizg.hr\/index.php\/wp-json\/wp\/v2\/pages\/2158","targetHints":{"allow":["GET"]}}],"collection":[{"href":"https:\/\/stranijezici.ffzg.unizg.hr\/index.php\/wp-json\/wp\/v2\/pages"}],"about":[{"href":"https:\/\/stranijezici.ffzg.unizg.hr\/index.php\/wp-json\/wp\/v2\/types\/page"}],"author":[{"embeddable":true,"href":"https:\/\/stranijezici.ffzg.unizg.hr\/index.php\/wp-json\/wp\/v2\/users\/2"}],"replies":[{"embeddable":true,"href":"https:\/\/stranijezici.ffzg.unizg.hr\/index.php\/wp-json\/wp\/v2\/comments?post=2158"}],"version-history":[{"count":3,"href":"https:\/\/stranijezici.ffzg.unizg.hr\/index.php\/wp-json\/wp\/v2\/pages\/2158\/revisions"}],"predecessor-version":[{"id":2170,"href":"https:\/\/stranijezici.ffzg.unizg.hr\/index.php\/wp-json\/wp\/v2\/pages\/2158\/revisions\/2170"}],"wp:attachment":[{"href":"https:\/\/stranijezici.ffzg.unizg.hr\/index.php\/wp-json\/wp\/v2\/media?parent=2158"}],"curies":[{"name":"wp","href":"https:\/\/api.w.org\/{rel}","templated":true}]}}