{"id":2143,"date":"2020-06-10T12:35:52","date_gmt":"2020-06-10T12:35:52","guid":{"rendered":"https:\/\/stranijezici.ffzg.unizg.hr\/?page_id=2143"},"modified":"2020-06-10T12:39:50","modified_gmt":"2020-06-10T12:39:50","slug":"vol34n2","status":"publish","type":"page","link":"https:\/\/stranijezici.ffzg.unizg.hr\/index.php\/vol34n2\/","title":{"rendered":"Vol 34. (2)"},"content":{"rendered":"<ul style=\"list-style-type:none\">\n<li><a href=\"https:\/\/stranijezici.ffzg.unizg.hr\/wp-content\/uploads\/2020\/06\/SJ_34_2_1.pdf\" target=\"_blank\"><strong>UPORABA IDIOMATSKIH IZRAZA STANDARDNOGA NJEMA\u010cKOG JEZIKA I AUSTRIJSKOGA NJEMA\u010cKOG U AUSTRIJSKIH STUDENATA<\/strong><\/a> <\/li>\n<ul style=\"list-style-type:none\">\n<li>&emsp;&emsp; Nikolina Bor\u010di\u0107<\/li>\n<li>&emsp;&emsp; Stru\u010dni \u010dlanak<\/li>\n<\/ul>\n<\/li>\n<p>  &nbsp;<\/p>\n<ul style=\"list-style-type:none\">\n<li><a href=\"https:\/\/stranijezici.ffzg.unizg.hr\/wp-content\/uploads\/2020\/06\/SJ_34_2_2.pdf\" target=\"_blank\"><strong>STRANI JEZIK NA NEFILOLO\u0160KIM FAKULTETIMA U KONTEKSTU REFORME SVEU\u010cILI\u0160TA U HRVATSKOJ<\/strong><\/a><\/li>\n<ul style=\"list-style-type:none\">\n<li>&emsp;&emsp; Neda Bori\u0107<\/li>\n<li>&emsp;&emsp; Stru\u010dni \u010dlanak<\/li>\n<\/ul>\n<\/li>\n<p>  &nbsp;<\/p>\n<ul style=\"list-style-type:none\">\n<li><a href=\"https:\/\/stranijezici.ffzg.unizg.hr\/wp-content\/uploads\/2020\/06\/SJ_34_2_3.pdf\" target=\"_blank\"><strong>PROBLEMI S PROGRESIJOM NA OSNOVNOM STUPNJU U\u010cENJA HRVATSKOGA KAO STRANOGA \/ DRUGOG JEZIKA<\/strong><\/a><\/li>\n<ul style=\"list-style-type:none\">\n<li>&emsp;&emsp; Sanda Lucija Udier, Marica \u010cila\u0161<\/li>\n<li>&emsp;&emsp; Stru\u010dni \u010dlanak<\/li>\n<\/ul>\n<\/li>\n<p>  &nbsp;<\/p>\n<li><a href=\"https:\/\/stranijezici.ffzg.unizg.hr\/wp-content\/uploads\/2020\/06\/SJ_34_2_4.pdf\" target=\"_blank\"><strong>DIKTAT S NEISTINAMA<\/strong><\/a> <\/li>\n<ul style=\"list-style-type:none\">\n<li>&emsp;&emsp; Emil \u0160prljan<\/li>\n<li>&emsp;&emsp; Stru\u010dni \u010dlanak<\/li>\n<\/ul>\n<\/li>\n<p>  &nbsp;<\/p>\n<li><a href=\"https:\/\/stranijezici.ffzg.unizg.hr\/wp-content\/uploads\/2020\/06\/SJ_34_2_5.pdf\" target=\"_blank\"><strong>UVO\u0110ENJE INDIVIDUALNOG PRISTUPA U NASTAVU TEHNI\u010cKOGA ENGLESKOG JEZIKA<\/strong><\/a> <\/li>\n<ul style=\"list-style-type:none\">\n<li>&emsp;&emsp; Ivana \u0160piranec<\/li>\n<li>&emsp;&emsp; Stru\u010dni \u010dlanak<\/li>\n<\/ul>\n<\/li>\n<p>  &nbsp;<\/p>\n<ul style=\"list-style-type:none\">\n<li><a href=\"https:\/\/stranijezici.ffzg.unizg.hr\/wp-content\/uploads\/2020\/06\/SJ_34_2_6.pdf\" target=\"_blank\"><strong>PROCES GLOBALIZACIJE I EUROPSKE INTEGRACIJE U KONTEKSTU HRVATSKOGA JEZIKA (SOCIOLINGVISTI\u010cKI ASPEKT)<\/strong><\/a><\/li>\n<ul style=\"list-style-type:none\">\n<li>&emsp;&emsp; Agnieszka Spagi\u0144ska-Pruszak<\/li>\n<li>&emsp;&emsp; <\/li>\n<\/ul>\n<\/li>\n<p>  &nbsp;<\/p>\n<ul style=\"list-style-type:none\">\n<li><a href=\"https:\/\/stranijezici.ffzg.unizg.hr\/wp-content\/uploads\/2020\/06\/SJ_34_2_7.pdf\" target=\"_blank\"><strong>10. HRVATSKI FILOLO\u0160KI SKUP U OPATIJI, 22.-25. LIPNJA 2005.<\/strong><\/a><\/li>\n<ul style=\"list-style-type:none\">\n<li>&emsp;&emsp; Janina \u0160vambaryt\u00e9-Valu\u017eien\u00e9 i Neda Pintari\u0107<\/li>\n<li>&emsp;&emsp; <\/li>\n<\/ul>\n<\/li>\n<p>  &nbsp;<\/p>\n<li><a href=\"https:\/\/stranijezici.ffzg.unizg.hr\/wp-content\/uploads\/2020\/06\/SJ_34_2_8.pdf\" target=\"_blank\"><strong>PRIKAZ RJE\u010cNIKA BARBARE IVAN\u010cI\u0106: <i>DEUTSCHE SPRACHE SCHWERE SPRACHE<\/i><\/strong><\/a> <\/li>\n<ul style=\"list-style-type:none\">\n<li>&emsp;&emsp; Petra \u017dagar<\/li>\n<li>&emsp;&emsp; <\/li>\n<\/ul>\n<\/li>\n<p>  &nbsp;<\/p>\n<li><a href=\"https:\/\/stranijezici.ffzg.unizg.hr\/wp-content\/uploads\/2020\/06\/SJ_34_2_9.pdf\" target=\"_blank\"><strong>PRIKAZ KONTRASTIVNOGA RIJE\u010cNIKA POLJSKIH, BOSANSKIH, HRVATSKIH I SRPSKIH GLAGOLA AUTORICE MARIE CICHO\u0143SKE<\/strong><\/a> <\/li>\n<ul style=\"list-style-type:none\">\n<li>&emsp;&emsp; Ivana Vidovi\u0107 Bolt<\/li>\n<li>&emsp;&emsp; <\/li>\n<\/ul>\n<\/li>\n<\/ul>\n","protected":false},"excerpt":{"rendered":"<p>UPORABA IDIOMATSKIH IZRAZA STANDARDNOGA NJEMA\u010cKOG JEZIKA I AUSTRIJSKOGA NJEMA\u010cKOG U AUSTRIJSKIH STUDENATA &emsp;&emsp; Nikolina Bor\u010di\u0107 &emsp;&emsp; Stru\u010dni \u010dlanak &nbsp; STRANI JEZIK NA NEFILOLO\u0160KIM FAKULTETIMA U KONTEKSTU REFORME SVEU\u010cILI\u0160TA U HRVATSKOJ &emsp;&emsp; Neda Bori\u0107 &emsp;&emsp; Stru\u010dni \u010dlanak &nbsp; PROBLEMI S PROGRESIJOM NA OSNOVNOM STUPNJU U\u010cENJA HRVATSKOGA KAO STRANOGA \/ DRUGOG JEZIKA &emsp;&emsp; Sanda Lucija Udier, Marica &hellip; <\/p>\n<p class=\"link-more\"><a href=\"https:\/\/stranijezici.ffzg.unizg.hr\/index.php\/vol34n2\/\" class=\"more-link\">Continue reading<span class=\"screen-reader-text\"> &#8220;Vol 34. (2)&#8221;<\/span><\/a><\/p>\n","protected":false},"author":2,"featured_media":0,"parent":0,"menu_order":0,"comment_status":"closed","ping_status":"closed","template":"","meta":{"ngg_post_thumbnail":0,"footnotes":""},"class_list":["post-2143","page","type-page","status-publish","hentry"],"_links":{"self":[{"href":"https:\/\/stranijezici.ffzg.unizg.hr\/index.php\/wp-json\/wp\/v2\/pages\/2143","targetHints":{"allow":["GET"]}}],"collection":[{"href":"https:\/\/stranijezici.ffzg.unizg.hr\/index.php\/wp-json\/wp\/v2\/pages"}],"about":[{"href":"https:\/\/stranijezici.ffzg.unizg.hr\/index.php\/wp-json\/wp\/v2\/types\/page"}],"author":[{"embeddable":true,"href":"https:\/\/stranijezici.ffzg.unizg.hr\/index.php\/wp-json\/wp\/v2\/users\/2"}],"replies":[{"embeddable":true,"href":"https:\/\/stranijezici.ffzg.unizg.hr\/index.php\/wp-json\/wp\/v2\/comments?post=2143"}],"version-history":[{"count":3,"href":"https:\/\/stranijezici.ffzg.unizg.hr\/index.php\/wp-json\/wp\/v2\/pages\/2143\/revisions"}],"predecessor-version":[{"id":2156,"href":"https:\/\/stranijezici.ffzg.unizg.hr\/index.php\/wp-json\/wp\/v2\/pages\/2143\/revisions\/2156"}],"wp:attachment":[{"href":"https:\/\/stranijezici.ffzg.unizg.hr\/index.php\/wp-json\/wp\/v2\/media?parent=2143"}],"curies":[{"name":"wp","href":"https:\/\/api.w.org\/{rel}","templated":true}]}}