{"id":2139,"date":"2020-06-10T11:40:11","date_gmt":"2020-06-10T11:40:11","guid":{"rendered":"https:\/\/stranijezici.ffzg.unizg.hr\/?page_id=2139"},"modified":"2020-12-01T12:27:43","modified_gmt":"2020-12-01T12:27:43","slug":"vol49n1","status":"publish","type":"page","link":"https:\/\/stranijezici.ffzg.unizg.hr\/index.php\/vol49n1\/","title":{"rendered":"Vol 49. (1)"},"content":{"rendered":"<ul style=\"list-style-type:none\">\n<li><a href=\"https:\/\/stranijezici.ffzg.unizg.hr\/wp-content\/uploads\/2020\/06\/SJ_49_1_1.pdf\" target=\"_blank\"><strong>ME\u0110UJEZI\u010cNI UTJECAJ ENGLESKOGA JEZIKA NA OVLADAVANJE TALIJANSKIM I FRANCUSKIM JEZIKOM U OSNOVNOJ \u0160KOLI<\/strong><\/a> <\/li>\n<ul style=\"list-style-type:none\">\n<li>&emsp;&emsp; Irena Vu\u010di\u0107<\/li>\n<li>&emsp;&emsp; Izvorni znanstveni \u010dlanak<\/li>\n<\/ul>\n<\/li>\n<p>  &nbsp;<\/p>\n<ul style=\"list-style-type:none\">\n<li><a href=\"https:\/\/stranijezici.ffzg.unizg.hr\/wp-content\/uploads\/2020\/06\/SJ_49_1_2.pdf\" target=\"_blank\"><strong>RAZLIKOVANJE ZNA\u010cENJA I UPORABA ENGLESKIH PRIDJEVA NA -IC I -ICAL ME\u0110U HRVATSKIM GOVORNICIMA ENGLESKOGA JEZIKA<\/strong><\/a><\/li>\n<ul style=\"list-style-type:none\">\n<li>&emsp;&emsp; Sanja \u0160kifi\u0107<\/li>\n<li>&emsp;&emsp; Izvorni znanstveni \u010dlanak<\/li>\n<\/ul>\n<\/li>\n<p>  &nbsp;<\/p>\n<ul style=\"list-style-type:none\">\n<li><a href=\"https:\/\/stranijezici.ffzg.unizg.hr\/wp-content\/uploads\/2020\/06\/SJ_49_1_3.pdf\" target=\"_blank\"><strong>FREMDSPRACHERWERB BEI KINDERN MIT LERNSCHWIERIGKEITEN: EINE FALLSTUDIE<\/strong><\/a><\/li>\n<ul style=\"list-style-type:none\">\n<li>&emsp;&emsp; Dunja Hajdukovi\u0107, Melita Aleksa Varga<\/li>\n<li>&emsp;&emsp; Izvorni znanstveni \u010dlanak<\/li>\n<\/ul>\n<\/li>\n<p>  &nbsp;<\/p>\n<li><a href=\"https:\/\/stranijezici.ffzg.unizg.hr\/wp-content\/uploads\/2020\/06\/SJ_49_1_4.pdf\" target=\"_blank\"><strong>KVANTITATIVNA ANALIZA RJE\u010cNIKA SPORTSKOGA NAZIVLJA<\/strong><\/a> <\/li>\n<ul style=\"list-style-type:none\">\n<li>&emsp;&emsp; Darija Omr\u010den<\/li>\n<li>&emsp;&emsp; Izvorni znanstveni \u010dlanak<\/li>\n<\/ul>\n<\/li>\n<p>  &nbsp;<\/p>\n<li><a href=\"https:\/\/stranijezici.ffzg.unizg.hr\/wp-content\/uploads\/2020\/06\/SJ_49_1_5.pdf\" target=\"_blank\"><strong>HINDSKI FRAZEMI SA SASTAVNICOM RO\u1e6c\u012a\/KRUH I NJIHOVI PRIJEVODNI EKVIVALENTI U HRVATSKOME JEZIKU<\/strong><\/a> <\/li>\n<ul style=\"list-style-type:none\">\n<li>&emsp;&emsp; Vi\u0161nja Grabovac<\/li>\n<li>&emsp;&emsp; Izvorni znanstveni \u010dlanak<\/li>\n<\/ul>\n<\/li>\n<p>  &nbsp;<\/p>\n<ul style=\"list-style-type:none\">\n<li><a href=\"https:\/\/stranijezici.ffzg.unizg.hr\/wp-content\/uploads\/2020\/12\/SJ_49_1_6.pdf\" target=\"_blank\"><strong>IL RUOLO DELLA GRAMMATICALIZZAZIONE DEL VERBO HABERE NELLA FORMAZIONE DEL PASSATO PROSSIMO E DEL FUTURO SEMPLICE<\/strong><\/a><\/li>\n<ul style=\"list-style-type:none\">\n<li>&emsp;&emsp; Sla\u0111ana Stanojevi\u0107<\/li>\n<li>&emsp;&emsp; Pregledni rad<\/li>\n<\/ul>\n<\/li>\n<\/ul>\n","protected":false},"excerpt":{"rendered":"<p>ME\u0110UJEZI\u010cNI UTJECAJ ENGLESKOGA JEZIKA NA OVLADAVANJE TALIJANSKIM I FRANCUSKIM JEZIKOM U OSNOVNOJ \u0160KOLI &emsp;&emsp; Irena Vu\u010di\u0107 &emsp;&emsp; Izvorni znanstveni \u010dlanak &nbsp; RAZLIKOVANJE ZNA\u010cENJA I UPORABA ENGLESKIH PRIDJEVA NA -IC I -ICAL ME\u0110U HRVATSKIM GOVORNICIMA ENGLESKOGA JEZIKA &emsp;&emsp; Sanja \u0160kifi\u0107 &emsp;&emsp; Izvorni znanstveni \u010dlanak &nbsp; FREMDSPRACHERWERB BEI KINDERN MIT LERNSCHWIERIGKEITEN: EINE FALLSTUDIE &emsp;&emsp; Dunja Hajdukovi\u0107, Melita &hellip; <\/p>\n<p class=\"link-more\"><a href=\"https:\/\/stranijezici.ffzg.unizg.hr\/index.php\/vol49n1\/\" class=\"more-link\">Continue reading<span class=\"screen-reader-text\"> &#8220;Vol 49. (1)&#8221;<\/span><\/a><\/p>\n","protected":false},"author":2,"featured_media":0,"parent":0,"menu_order":0,"comment_status":"closed","ping_status":"closed","template":"","meta":{"ngg_post_thumbnail":0,"footnotes":""},"class_list":["post-2139","page","type-page","status-publish","hentry"],"_links":{"self":[{"href":"https:\/\/stranijezici.ffzg.unizg.hr\/index.php\/wp-json\/wp\/v2\/pages\/2139","targetHints":{"allow":["GET"]}}],"collection":[{"href":"https:\/\/stranijezici.ffzg.unizg.hr\/index.php\/wp-json\/wp\/v2\/pages"}],"about":[{"href":"https:\/\/stranijezici.ffzg.unizg.hr\/index.php\/wp-json\/wp\/v2\/types\/page"}],"author":[{"embeddable":true,"href":"https:\/\/stranijezici.ffzg.unizg.hr\/index.php\/wp-json\/wp\/v2\/users\/2"}],"replies":[{"embeddable":true,"href":"https:\/\/stranijezici.ffzg.unizg.hr\/index.php\/wp-json\/wp\/v2\/comments?post=2139"}],"version-history":[{"count":3,"href":"https:\/\/stranijezici.ffzg.unizg.hr\/index.php\/wp-json\/wp\/v2\/pages\/2139\/revisions"}],"predecessor-version":[{"id":2680,"href":"https:\/\/stranijezici.ffzg.unizg.hr\/index.php\/wp-json\/wp\/v2\/pages\/2139\/revisions\/2680"}],"wp:attachment":[{"href":"https:\/\/stranijezici.ffzg.unizg.hr\/index.php\/wp-json\/wp\/v2\/media?parent=2139"}],"curies":[{"name":"wp","href":"https:\/\/api.w.org\/{rel}","templated":true}]}}