{"id":2117,"date":"2020-03-12T17:44:52","date_gmt":"2020-03-12T17:44:52","guid":{"rendered":"https:\/\/stranijezici.ffzg.unizg.hr\/?page_id=2117"},"modified":"2020-06-10T12:09:31","modified_gmt":"2020-06-10T12:09:31","slug":"vol34n1","status":"publish","type":"page","link":"https:\/\/stranijezici.ffzg.unizg.hr\/index.php\/vol34n1\/","title":{"rendered":"Vol 34. (1)"},"content":{"rendered":"<ul style=\"list-style-type:none\">\n<li><a href=\"https:\/\/stranijezici.ffzg.unizg.hr\/wp-content\/uploads\/2020\/03\/SJ_34_1_00.pdf\" target=\"_blank\"><strong>UVODNA RIJE\u010c<\/strong><\/a> <\/li>\n<\/li>\n<p>  &nbsp;<\/p>\n<ul style=\"list-style-type:none\">\n<li><a href=\"https:\/\/stranijezici.ffzg.unizg.hr\/wp-content\/uploads\/2020\/03\/SJ_34_1_1.pdf\" target=\"_blank\"><strong>SVJESNOST I U\u010cENJE (STRANOG) JEZIKA<\/strong><\/a><\/li>\n<ul style=\"list-style-type:none\">\n<li>&emsp;&emsp; Vesna Bagari\u0107<\/li>\n<li>&emsp;&emsp; znanstveni pregledni \u010dlanak<\/li>\n<\/ul>\n<\/li>\n<p>  &nbsp;<\/p>\n<ul style=\"list-style-type:none\">\n<li><a href=\"https:\/\/stranijezici.ffzg.unizg.hr\/wp-content\/uploads\/2020\/03\/SJ_34_1_2.pdf\" target=\"_blank\"><strong>NAJ\u010cE\u0160\u0106E GRAMATI\u010cKE KONSTRUKCIJE ZA IZRICANJE VREMENSKIH ODNOSA U JEDNOSTAVNIM RE\u010cENICAMA U RUSKOM JEZIKU<\/strong><\/a><\/li>\n<ul style=\"list-style-type:none\">\n<li>&emsp;&emsp; Igor \u017divkovi\u0107<\/li>\n<li>&emsp;&emsp; Stru\u010dni \u010dlanak<\/li>\n<\/ul>\n<\/li>\n<p>  &nbsp;<\/p>\n<li><a href=\"https:\/\/stranijezici.ffzg.unizg.hr\/wp-content\/uploads\/2020\/03\/SJ_34_1_3.pdf\" target=\"_blank\"><strong>KATALOG ZNANJA, VJE\u0160TINA I SPOSOBNOSTI\/NACIONALNI OBRAZOVNI STANDARD ZA STRANE JEZIKE IZ PERSPEKTIVE AUTORA<\/strong><\/a> <\/li>\n<ul style=\"list-style-type:none\">\n<li>&emsp;&emsp; Ana Petravi\u0107, Marija Andraka<\/li>\n<li>&emsp;&emsp; Znanstveni pregledni \u010dlanak<\/li>\n<\/ul>\n<\/li>\n<p>  &nbsp;<\/p>\n<li><a href=\"https:\/\/stranijezici.ffzg.unizg.hr\/wp-content\/uploads\/2020\/03\/SJ_34_1_4.pdf\" target=\"_blank\"><strong>IMENICE OP\u0106EGA (ZAJEDNI\u010cKOG) RODA U RUSKOM JEZIKU U USPOREDBI S HRVATSKIM<\/strong><\/a> <\/li>\n<ul style=\"list-style-type:none\">\n<li>&emsp;&emsp; Vesna Krneta<\/li>\n<li>&emsp;&emsp; Stru\u010dni \u010dlanak<\/li>\n<\/ul>\n<\/li>\n<p>  &nbsp;<\/p>\n<ul style=\"list-style-type:none\">\n<li><a href=\"https:\/\/stranijezici.ffzg.unizg.hr\/wp-content\/uploads\/2020\/03\/SJ_34_1_5.pdf\" target=\"_blank\"><strong>IGRANI FILM U NASTAVI JEZI\u010cNIH VJE\u017dBI U SKLOPU STUDIJA GERMANISTIKE U ZAGREBU<\/strong><\/a><\/li>\n<ul style=\"list-style-type:none\">\n<li>&emsp;&emsp; Sonja Strme\u010dki Markovi\u0107<\/li>\n<li>&emsp;&emsp; Stru\u010dni \u010dlanak<\/li>\n<\/ul>\n<\/li>\n<p>  &nbsp;<\/p>\n<ul style=\"list-style-type:none\">\n<li><a href=\"https:\/\/stranijezici.ffzg.unizg.hr\/wp-content\/uploads\/2020\/03\/SJ_34_1_6.pdf\" target=\"_blank\"><strong>PROBLEM JEDINICE TUMA\u010cENJA U STRU\u010cNIM TEKSTOVIMA<\/strong><\/a><\/li>\n<ul style=\"list-style-type:none\">\n<li>&emsp;&emsp; Maria Mocarz<\/li>\n<\/ul>\n<\/li>\n<p>  &nbsp;<\/p>\n<li><a href=\"https:\/\/stranijezici.ffzg.unizg.hr\/wp-content\/uploads\/2020\/03\/SJ_34_1_7.pdf\" target=\"_blank\"><strong>ZNANSTVENI SKUP &#8220;POLJSKA I HRVATSKA U SREDNJOJ EUROPI&#8221; (EUROPSKA INTEGRACIJA U PRO\u0160LOSTI I BUDU\u0106NOSTI) BIELSKO-BIALA, 11.-13. SVIBNJA 2005.<\/strong><\/a> <\/li>\n<ul style=\"list-style-type:none\">\n<li>&emsp;&emsp; Neda Pintari\u0107<\/li>\n<li>&emsp;&emsp; Prikaz<\/li>\n<\/ul>\n<\/li>\n<p>  &nbsp;<\/p>\n<li><a href=\"https:\/\/stranijezici.ffzg.unizg.hr\/wp-content\/uploads\/2020\/03\/SJ_34_1_8.pdf\" target=\"_blank\"><strong>PRIKAZ RIJE\u010cNIKA VESNE JURI\u0160I\u0106: DEUTSCH-KROATISCHES WORTERBUCH FUR ANFANGER IM TOURISMUS\/NJEMA\u010cKO-HRVATSKI RJE\u010cNIK ZA PO\u010cETNIKE U TURIZMU<\/strong><\/a> <\/li>\n<ul style=\"list-style-type:none\">\n<li>&emsp;&emsp; Tomislav Krpan<\/li>\n<li>&emsp;&emsp; Prikaz<\/li>\n<\/ul>\n<\/li>\n<p>  &nbsp;<\/p>\n<li><a href=\"https:\/\/stranijezici.ffzg.unizg.hr\/wp-content\/uploads\/2020\/03\/SJ_34_1_9.pdf\" target=\"_blank\"><strong>PRIKAZ KNJIGE E.L. AZIMOVA, A.I. \u0160\u010cUNIKA, SLOVAR&#8217; METODI\u010cESKIH TERMINOV (TEORIJA I PRAKTIKA PREPODAVANIJA JAZYKOV). ELEKTRONNAJA VERSIJA<\/strong><\/a> <\/li>\n<ul style=\"list-style-type:none\">\n<li>&emsp;&emsp; Ivo Fabijani\u0107<\/li>\n<li>&emsp;&emsp; Prikaz<\/li>\n<\/ul>\n<\/li>\n<p>  &nbsp;\n<\/ul>\n","protected":false},"excerpt":{"rendered":"<p>UVODNA RIJE\u010c &nbsp; SVJESNOST I U\u010cENJE (STRANOG) JEZIKA &emsp;&emsp; Vesna Bagari\u0107 &emsp;&emsp; znanstveni pregledni \u010dlanak &nbsp; NAJ\u010cE\u0160\u0106E GRAMATI\u010cKE KONSTRUKCIJE ZA IZRICANJE VREMENSKIH ODNOSA U JEDNOSTAVNIM RE\u010cENICAMA U RUSKOM JEZIKU &emsp;&emsp; Igor \u017divkovi\u0107 &emsp;&emsp; Stru\u010dni \u010dlanak &nbsp; KATALOG ZNANJA, VJE\u0160TINA I SPOSOBNOSTI\/NACIONALNI OBRAZOVNI STANDARD ZA STRANE JEZIKE IZ PERSPEKTIVE AUTORA &emsp;&emsp; Ana Petravi\u0107, Marija Andraka &emsp;&emsp; &hellip; <\/p>\n<p class=\"link-more\"><a href=\"https:\/\/stranijezici.ffzg.unizg.hr\/index.php\/vol34n1\/\" class=\"more-link\">Continue reading<span class=\"screen-reader-text\"> &#8220;Vol 34. (1)&#8221;<\/span><\/a><\/p>\n","protected":false},"author":2,"featured_media":0,"parent":0,"menu_order":0,"comment_status":"closed","ping_status":"closed","template":"","meta":{"ngg_post_thumbnail":0,"footnotes":""},"class_list":["post-2117","page","type-page","status-publish","hentry"],"_links":{"self":[{"href":"https:\/\/stranijezici.ffzg.unizg.hr\/index.php\/wp-json\/wp\/v2\/pages\/2117","targetHints":{"allow":["GET"]}}],"collection":[{"href":"https:\/\/stranijezici.ffzg.unizg.hr\/index.php\/wp-json\/wp\/v2\/pages"}],"about":[{"href":"https:\/\/stranijezici.ffzg.unizg.hr\/index.php\/wp-json\/wp\/v2\/types\/page"}],"author":[{"embeddable":true,"href":"https:\/\/stranijezici.ffzg.unizg.hr\/index.php\/wp-json\/wp\/v2\/users\/2"}],"replies":[{"embeddable":true,"href":"https:\/\/stranijezici.ffzg.unizg.hr\/index.php\/wp-json\/wp\/v2\/comments?post=2117"}],"version-history":[{"count":2,"href":"https:\/\/stranijezici.ffzg.unizg.hr\/index.php\/wp-json\/wp\/v2\/pages\/2117\/revisions"}],"predecessor-version":[{"id":2142,"href":"https:\/\/stranijezici.ffzg.unizg.hr\/index.php\/wp-json\/wp\/v2\/pages\/2117\/revisions\/2142"}],"wp:attachment":[{"href":"https:\/\/stranijezici.ffzg.unizg.hr\/index.php\/wp-json\/wp\/v2\/media?parent=2117"}],"curies":[{"name":"wp","href":"https:\/\/api.w.org\/{rel}","templated":true}]}}