{"id":2105,"date":"2020-03-12T17:33:15","date_gmt":"2020-03-12T17:33:15","guid":{"rendered":"https:\/\/stranijezici.ffzg.unizg.hr\/?page_id=2105"},"modified":"2020-03-12T17:42:49","modified_gmt":"2020-03-12T17:42:49","slug":"vol32n3","status":"publish","type":"page","link":"https:\/\/stranijezici.ffzg.unizg.hr\/index.php\/vol32n3\/","title":{"rendered":"Vol 32. (3)"},"content":{"rendered":"<ul style=\"list-style-type:none\">\n<li><a href=\"https:\/\/stranijezici.ffzg.unizg.hr\/wp-content\/uploads\/2020\/03\/SJ_32_3_1.pdf\" target=\"_blank\"><strong>THE BILINGUALISM OF CROATS LIVING IN HUNGARY<\/strong><\/a> <\/li>\n<ul style=\"list-style-type:none\">\n<li>&emsp;&emsp; Judit Navracsics<\/li>\n<li>&emsp;&emsp; Izvorni znanstveni rad<\/li>\n<\/ul>\n<\/li>\n<p>  &nbsp;<\/p>\n<ul style=\"list-style-type:none\">\n<li><a href=\"https:\/\/stranijezici.ffzg.unizg.hr\/wp-content\/uploads\/2020\/03\/SJ_32_3_2.pdf\" target=\"_blank\"><strong>ULOGA PORTFOLIJA U OBRAZOVANJU NASTAVNIKA I U KONTROLI KVALITETE NJIHOVA RADA<\/strong><\/a><\/li>\n<ul style=\"list-style-type:none\">\n<li>&emsp;&emsp; Marija Dobrenov-Major<\/li>\n<li>&emsp;&emsp; Stru\u010dni \u010dlanak<\/li>\n<\/ul>\n<\/li>\n<p>  &nbsp;<\/p>\n<ul style=\"list-style-type:none\">\n<li><a href=\"https:\/\/stranijezici.ffzg.unizg.hr\/wp-content\/uploads\/2020\/03\/SJ_32_3_3.pdf\" target=\"_blank\"><strong>AN INSIGHT INTO ACTION RESEARCH SCHOOLS<\/strong><\/a><\/li>\n<ul style=\"list-style-type:none\">\n<li>&emsp;&emsp; Bo\u017eana Kne\u017eevi\u0107<\/li>\n<li>&emsp;&emsp; Znanstveni pregled<\/li>\n<\/ul>\n<\/li>\n<p>  &nbsp;<\/p>\n<li><a href=\"https:\/\/stranijezici.ffzg.unizg.hr\/wp-content\/uploads\/2020\/03\/SJ_32_3_4.pdf\" target=\"_blank\"><strong>KUPITI MA\u010cKA U VRE\u0106I \/ K\u00d6PA GRISEN I S\u00c4CKEN (the contrastive analysis of idioms and proverbs)<\/strong><\/a> <\/li>\n<ul style=\"list-style-type:none\">\n<li>&emsp;&emsp; Zvonimir Novoselec<\/li>\n<li>&emsp;&emsp; Izvorni znanstveni \u010dlanak<\/li>\n<\/ul>\n<\/li>\n<p>  &nbsp;<\/p>\n<li><a href=\"https:\/\/stranijezici.ffzg.unizg.hr\/wp-content\/uploads\/2020\/03\/SJ_32_3_5.pdf\" target=\"_blank\"><strong>VJE\u017dBE I TESTOVI NA RA\u010cUNALIMA TE NA INTERNETU U NASTAVI ENGLESKOG JEZIKA<\/strong><\/a> <\/li>\n<ul style=\"list-style-type:none\">\n<li>&emsp;&emsp; Krunoslav Mikulan<\/li>\n<li>&emsp;&emsp; Stru\u010dni \u010dlanak<\/li>\n<\/ul>\n<\/li>\n<p>  &nbsp;<\/p>\n<ul style=\"list-style-type:none\">\n<li><a href=\"https:\/\/stranijezici.ffzg.unizg.hr\/wp-content\/uploads\/2020\/03\/SJ_32_3_6.pdf\" target=\"_blank\"><strong>VA\u017dNOST POSLOVICA U NASTAVI ENGLESKOG JEZIKA<\/strong><\/a><\/li>\n<ul style=\"list-style-type:none\">\n<li>&emsp;&emsp; Mirta Kos<\/li>\n<\/ul>\n<\/li>\n<p>  &nbsp;<\/p>\n<ul style=\"list-style-type:none\">\n<li><a href=\"https:\/\/stranijezici.ffzg.unizg.hr\/wp-content\/uploads\/2020\/03\/SJ_32_3_7.pdf\" target=\"_blank\"><strong>RUSSIAN: A LINGUISTIC INTRODUCTION<\/strong><\/a><\/li>\n<ul style=\"list-style-type:none\">\n<li>&emsp;&emsp; Ivo Fabijani\u0107, Paul Cubberley<\/li>\n<li>&emsp;&emsp; Prikaz<\/li>\n<\/ul>\n<\/li>\n<p>  &nbsp;<\/p>\n<li><a href=\"https:\/\/stranijezici.ffzg.unizg.hr\/wp-content\/uploads\/2020\/03\/SJ_32_3_8.pdf\" target=\"_blank\"><strong>MODERNE LERNMETHODEN MIT HILFE DER ZEITSCHRIFT JUMA UND TIPP (MODERNE METODE U\u010cENJA POMO\u0106U \u010cASOPISA JUMA I TIPP) Stru\u010dni seminar za u\u010ditelje i profesore njema\u010dkog jezika s osnovnih i srednjih \u0161kola Zadarske \u017eupanije, Zadar, 18.-19.rujna 2003.<\/strong><\/a> <\/li>\n<ul style=\"list-style-type:none\">\n<li>&emsp;&emsp; Tomislav Krpan<\/li>\n<li>&emsp;&emsp; Prikaz<\/li>\n<\/ul>\n<\/li>\n<p>  &nbsp;<\/p>\n<li><a href=\"https:\/\/stranijezici.ffzg.unizg.hr\/wp-content\/uploads\/2020\/03\/SJ_32_3_9.pdf\" target=\"_blank\"><strong>PRIKAZ PORTALA I ON-LINE \u010cASOPISA BALKANSKA RUSISTIKA<\/strong><\/a> <\/li>\n<ul style=\"list-style-type:none\">\n<li>&emsp;&emsp; Rafaela \u0160eji\u0107<\/li>\n<li>&emsp;&emsp; Prikaz<\/li>\n<\/ul>\n<\/li>\n<\/ul>\n","protected":false},"excerpt":{"rendered":"<p>THE BILINGUALISM OF CROATS LIVING IN HUNGARY &emsp;&emsp; Judit Navracsics &emsp;&emsp; Izvorni znanstveni rad &nbsp; ULOGA PORTFOLIJA U OBRAZOVANJU NASTAVNIKA I U KONTROLI KVALITETE NJIHOVA RADA &emsp;&emsp; Marija Dobrenov-Major &emsp;&emsp; Stru\u010dni \u010dlanak &nbsp; AN INSIGHT INTO ACTION RESEARCH SCHOOLS &emsp;&emsp; Bo\u017eana Kne\u017eevi\u0107 &emsp;&emsp; Znanstveni pregled &nbsp; KUPITI MA\u010cKA U VRE\u0106I \/ K\u00d6PA GRISEN I S\u00c4CKEN &hellip; <\/p>\n<p class=\"link-more\"><a href=\"https:\/\/stranijezici.ffzg.unizg.hr\/index.php\/vol32n3\/\" class=\"more-link\">Continue reading<span class=\"screen-reader-text\"> &#8220;Vol 32. (3)&#8221;<\/span><\/a><\/p>\n","protected":false},"author":2,"featured_media":0,"parent":0,"menu_order":0,"comment_status":"closed","ping_status":"closed","template":"","meta":{"ngg_post_thumbnail":0,"footnotes":""},"class_list":["post-2105","page","type-page","status-publish","hentry"],"_links":{"self":[{"href":"https:\/\/stranijezici.ffzg.unizg.hr\/index.php\/wp-json\/wp\/v2\/pages\/2105","targetHints":{"allow":["GET"]}}],"collection":[{"href":"https:\/\/stranijezici.ffzg.unizg.hr\/index.php\/wp-json\/wp\/v2\/pages"}],"about":[{"href":"https:\/\/stranijezici.ffzg.unizg.hr\/index.php\/wp-json\/wp\/v2\/types\/page"}],"author":[{"embeddable":true,"href":"https:\/\/stranijezici.ffzg.unizg.hr\/index.php\/wp-json\/wp\/v2\/users\/2"}],"replies":[{"embeddable":true,"href":"https:\/\/stranijezici.ffzg.unizg.hr\/index.php\/wp-json\/wp\/v2\/comments?post=2105"}],"version-history":[{"count":2,"href":"https:\/\/stranijezici.ffzg.unizg.hr\/index.php\/wp-json\/wp\/v2\/pages\/2105\/revisions"}],"predecessor-version":[{"id":2294,"href":"https:\/\/stranijezici.ffzg.unizg.hr\/index.php\/wp-json\/wp\/v2\/pages\/2105\/revisions\/2294"}],"wp:attachment":[{"href":"https:\/\/stranijezici.ffzg.unizg.hr\/index.php\/wp-json\/wp\/v2\/media?parent=2105"}],"curies":[{"name":"wp","href":"https:\/\/api.w.org\/{rel}","templated":true}]}}