{"id":2065,"date":"2020-02-22T15:15:55","date_gmt":"2020-02-22T15:15:55","guid":{"rendered":"https:\/\/stranijezici.ffzg.unizg.hr\/?page_id=2065"},"modified":"2020-02-22T15:18:02","modified_gmt":"2020-02-22T15:18:02","slug":"vol33n3-4","status":"publish","type":"page","link":"https:\/\/stranijezici.ffzg.unizg.hr\/index.php\/vol33n3-4\/","title":{"rendered":"Vol 33. (3-4)"},"content":{"rendered":"<ul style=\"list-style-type:none\">\n<li><a href=\"https:\/\/stranijezici.ffzg.unizg.hr\/wp-content\/uploads\/2020\/02\/SJ_33_3-4_1.pdf\" target=\"_blank\"><strong>THE USE AND PERCEPTION OF WEAK FORMS<\/strong><\/a> <\/li>\n<ul style=\"list-style-type:none\">\n<li>&emsp;&emsp; Ivana Ba\u0161i\u0107, Marija Zubak<\/li>\n<li>&emsp;&emsp; Izvorni znanstveni \u010dlanak<\/li>\n<\/ul>\n<\/li>\n<p>  &nbsp;<\/p>\n<ul style=\"list-style-type:none\">\n<li><a href=\"https:\/\/stranijezici.ffzg.unizg.hr\/wp-content\/uploads\/2020\/02\/SJ_33_3-4_2.pdf\" target=\"_blank\"><strong>OCJENJIVANJE USPJE\u0160NOSTI U RANOME U\u010cENJU STRANOG JEZIKA<\/strong><\/a><\/li>\n<ul style=\"list-style-type:none\">\n<li>&emsp;&emsp; Marija Andraka<\/li>\n<li>&emsp;&emsp; Stru\u010dni \u010dlanak<\/li>\n<\/ul>\n<\/li>\n<p>  &nbsp;<\/p>\n<ul style=\"list-style-type:none\">\n<li><a href=\"https:\/\/stranijezici.ffzg.unizg.hr\/wp-content\/uploads\/2020\/02\/SJ_33_3-4_3.pdf\" target=\"_blank\"><strong>ZNA\u010cENJSKE PROMJENE FRANCUSKIH POSU\u0110ENICA U HRVATSKOME LEKSIKU<\/strong><\/a><\/li>\n<ul style=\"list-style-type:none\">\n<li>&emsp;&emsp; Biljana Stojakovi\u0107<\/li>\n<li>&emsp;&emsp; Izvorni znanstveni \u010dlanak<\/li>\n<\/ul>\n<\/li>\n<p>  &nbsp;<\/p>\n<li><a href=\"https:\/\/stranijezici.ffzg.unizg.hr\/wp-content\/uploads\/2020\/02\/SJ_33_3-4_4.pdf\" target=\"_blank\"><strong>ISPITIVANJE VOKABULARA U\u010cENIKA \u010cETVRTOGA RAZREDA OSNOVNE \u0160KOLE U PRI\u010cANJU PRI\u010cE<\/strong><\/a> <\/li>\n<ul style=\"list-style-type:none\">\n<li>&emsp;&emsp; Ana Mami\u0107<\/li>\n<li>&emsp;&emsp; Izvorni znanstveni pregled<\/li>\n<\/ul>\n<\/li>\n<p>  &nbsp;<\/p>\n<li><a href=\"https:\/\/stranijezici.ffzg.unizg.hr\/wp-content\/uploads\/2020\/02\/SJ_33_3-4_5.pdf\" target=\"_blank\"><strong>ENGLISH FOR SPECIFIC PURPOSES: A PRACTITIONER&#8217;S VIEW<\/strong><\/a> <\/li>\n<ul style=\"list-style-type:none\">\n<li>&emsp;&emsp; Mateja Petrovi\u0107<\/li>\n<li>&emsp;&emsp; Stru\u010dni \u010dlanak<\/li>\n<\/ul>\n<\/li>\n<p>  &nbsp;<\/p>\n<ul style=\"list-style-type:none\">\n<li><a href=\"https:\/\/stranijezici.ffzg.unizg.hr\/wp-content\/uploads\/2020\/02\/SJ_33_3-4_6.pdf\" target=\"_blank\"><strong>O PRISTUPU VOKABULARU U NASTAVI ENGLESKOGA JEZIKA ZA POMORCE<\/strong><\/a><\/li>\n<ul style=\"list-style-type:none\">\n<li>&emsp;&emsp; Bisera Plan\u010di\u0107<\/li>\n<li>&emsp;&emsp; Znanstveni pregledni \u010dlanak<\/li>\n<\/ul>\n<\/li>\n<p>  &nbsp;<\/p>\n<ul style=\"list-style-type:none\">\n<li><a href=\"https:\/\/stranijezici.ffzg.unizg.hr\/wp-content\/uploads\/2020\/02\/SJ_33_3-4_7.pdf\" target=\"_blank\"><strong>DEVELOPING LITERACY ACROSS CULTURES: SOCIOLOGICAL DIMENSIONS OF TEACHING ENGLISH WRITING IN SLOVENIA<\/strong><\/a><\/li>\n<ul style=\"list-style-type:none\">\n<li>&emsp;&emsp; Ur\u0161ka Se\u0161ek<\/li>\n<li>&emsp;&emsp; Izvorni znanstveni \u010dlanak<\/li>\n<\/ul>\n<\/li>\n<p>  &nbsp;<\/p>\n<li><a href=\"https:\/\/stranijezici.ffzg.unizg.hr\/wp-content\/uploads\/2020\/02\/SJ_33_3-4_8.pdf\" target=\"_blank\"><strong>ENGLISH AS A GLOBAL INGUA FRANCA<\/strong><\/a> <\/li>\n<ul style=\"list-style-type:none\">\n<li>&emsp;&emsp; Vi\u0161nja Fara<\/li>\n<li>&emsp;&emsp; Izvorni znanstveni \u010dlanak<\/li>\n<\/ul>\n<\/li>\n<p>  &nbsp;<\/p>\n<li><a href=\"https:\/\/stranijezici.ffzg.unizg.hr\/wp-content\/uploads\/2020\/02\/SJ_33_3-4_9.pdf\" target=\"_blank\"><strong>\u0420\u0423\u0421\u0421\u0418\u0415 \u041d\u0415\u041e\u041f\u0420\u0415\u0414\u0415\u041b\u0415\u041d\u041d\u042b\u0415 \u041c\u0415\u0421\u0422\u041e\u0418\u041c\u0415\u041d\u0418\u042f \u0421 \u0427\u0410\u0421\u0422\u0418\u0426\u0410\u041c\u0418 -\u0422\u041e, -\u041b\u0418\u0411\u041e, -\u041d\u0418\u0411\u0423\u0414\u042c, \u041a\u041e\u0415-<\/strong><\/a> <\/li>\n<ul style=\"list-style-type:none\">\n<li>&emsp;&emsp; Eugenija \u0106uto<\/li>\n<li>&emsp;&emsp; Stru\u010dni \u010dlanak<\/li>\n<\/ul>\n<\/li>\n<p>  &nbsp;<\/p>\n<ul style=\"list-style-type:none\">\n<li><a href=\"https:\/\/stranijezici.ffzg.unizg.hr\/wp-content\/uploads\/2020\/02\/SJ_33_3-4_10.pdf\" target=\"_blank\"><strong>FRANCUSKI JEZIK U HRVATSKOJ<\/strong><\/a><\/li>\n<ul style=\"list-style-type:none\">\n<li>&emsp;&emsp; Biljana Stojakovi\u0107<\/li>\n<li>&emsp;&emsp; Stru\u010dni \u010dlanak<\/li>\n<\/ul>\n<\/li>\n<p>  &nbsp;<\/p>\n<ul style=\"list-style-type:none\">\n<li><a href=\"https:\/\/stranijezici.ffzg.unizg.hr\/wp-content\/uploads\/2020\/02\/SJ_33_3-4_11.pdf\" target=\"_blank\"><strong>PATNJE STAROGA GENITIVA<\/strong><\/a><\/li>\n<ul style=\"list-style-type:none\">\n<li>&emsp;&emsp; Marija L\u00fctze-Miculini\u0107<\/li>\n<li>&emsp;&emsp; Stru\u010dni \u010dlanak<\/li>\n<\/ul>\n<\/li>\n<p>  &nbsp;<\/p>\n<ul style=\"list-style-type:none\">\n<li><a href=\"https:\/\/stranijezici.ffzg.unizg.hr\/wp-content\/uploads\/2020\/02\/SJ_33_3-4_12.pdf\" target=\"_blank\"><strong>&#8220;WAS MACHEN WIR JETZT? WAS MACHT IHR JETZT?&#8221; &#8211; KATEGORIEN ZUR DEUTSCHDIDAKTISCHEN MODELLIERUNG KOOPERATIVER VIRTUELLER LEHR &#8211; \/LERNSETTINGS<\/strong><\/a><\/li>\n<ul style=\"list-style-type:none\">\n<li>&emsp;&emsp; Thomas M\u00f6bius, Tihomir Engler<\/li>\n<li>&emsp;&emsp; Stru\u010dni \u010dlanak<\/li>\n<\/ul>\n<\/li>\n<p>  &nbsp;<\/p>\n<ul style=\"list-style-type:none\">\n<li><a href=\"https:\/\/stranijezici.ffzg.unizg.hr\/wp-content\/uploads\/2020\/02\/SJ_33_3-4_13.pdf\" target=\"_blank\"><strong>KAKO UKRAJINSKI GOVORNICI USVAJAJU POJEDINE HRVATSKE VRSTE RIJE\u010cI<\/strong><\/a><\/li>\n<ul style=\"list-style-type:none\">\n<li>&emsp;&emsp; Tetyana Fuderer<\/li>\n<li>&emsp;&emsp; Stru\u010dni \u010dlanak<\/li>\n<\/ul>\n<\/li>\n<p>  &nbsp;<\/p>\n<ul style=\"list-style-type:none\">\n<li><a href=\"https:\/\/stranijezici.ffzg.unizg.hr\/wp-content\/uploads\/2020\/02\/SJ_33_3-4_14.pdf\" target=\"_blank\"><strong>VA\u017dNOST NASTAVE ENGLESKOGA JEZIKA U OBRAZOVANJU POMORACA<\/strong><\/a><\/li>\n<ul style=\"list-style-type:none\">\n<li>&emsp;&emsp; Bisera Plan\u010di\u0107, \u017deljka Zanchi<\/li>\n<li>&emsp;&emsp; Stru\u010dni \u010dlanak<\/li>\n<\/ul>\n<\/li>\n<p>  &nbsp;<\/p>\n<ul style=\"list-style-type:none\">\n<li><a href=\"https:\/\/stranijezici.ffzg.unizg.hr\/wp-content\/uploads\/2020\/02\/SJ_33_3-4_15.pdf\" target=\"_blank\"><strong>PRIKAZ KNJIGE NADE IVANETI\u0106 &#8220;UPORABNI TEKSTOVI&#8221;<\/strong><\/a><\/li>\n<ul style=\"list-style-type:none\">\n<li>&emsp;&emsp; Neda Pintari\u0107<\/li>\n<li>&emsp;&emsp; Prikaz<\/li>\n<\/ul>\n<\/li>\n<p>  &nbsp;<\/p>\n<ul style=\"list-style-type:none\">\n<li><a href=\"https:\/\/stranijezici.ffzg.unizg.hr\/wp-content\/uploads\/2020\/02\/SJ_33_3-4_16.pdf\" target=\"_blank\"><strong>PRIKAZ KNJIGE ZRINJKE GLOVACKI-BERNARDI &#8220;O TEKSTU&#8221;<\/strong><\/a><\/li>\n<ul style=\"list-style-type:none\">\n<li>&emsp;&emsp; Velimir Pi\u0161korec<\/li>\n<li>&emsp;&emsp; Prikaz<\/li>\n<\/ul>\n<\/li>\n<p>  &nbsp;<\/p>\n<ul style=\"list-style-type:none\">\n<li><a href=\"https:\/\/stranijezici.ffzg.unizg.hr\/wp-content\/uploads\/2020\/02\/SJ_33_3-4_17.pdf\" target=\"_blank\"><strong>PRIKAZ KNJIGE BARBARE POPIOLEK &#8220;TERMINOLOGIA ANATOMICZNA CHORWACKA I SERBSKA&#8221; (&#8220;HRVATSKA I SRPSKA ANATOMSKA TERMINOLOGIJA&#8221;)<\/strong><\/a><\/li>\n<ul style=\"list-style-type:none\">\n<li>&emsp;&emsp; Barbara Kry\u017ean-Stanojevi\u0107<\/li>\n<li>&emsp;&emsp; Prikaz<\/li>\n<\/ul>\n<\/li>\n<p>  &nbsp;<\/p>\n<ul style=\"list-style-type:none\">\n<li><a href=\"https:\/\/stranijezici.ffzg.unizg.hr\/wp-content\/uploads\/2020\/02\/SJ_33_3-4_18.pdf\" target=\"_blank\"><strong>PRIKAZ KNJIGE GIUSEPPEA PATOTE &#8220;GRAMATICA DI RIFERIMENTO DELLLA LINGUA ITALIANA PER STRANIERI&#8221;<\/strong><\/a><\/li>\n<ul style=\"list-style-type:none\">\n<li>&emsp;&emsp; Pavao Tekav\u010di\u0107<\/li>\n<li>&emsp;&emsp; Prikaz<\/li>\n<\/ul>\n<\/li>\n<p>  &nbsp;<\/p>\n<ul style=\"list-style-type:none\">\n<li><a href=\"https:\/\/stranijezici.ffzg.unizg.hr\/wp-content\/uploads\/2020\/02\/SJ_33_3-4_19.pdf\" target=\"_blank\"><strong>ZANIMLJIVOSTI S INTERNETA<\/strong><\/a><\/li>\n<ul style=\"list-style-type:none\">\n<li>&emsp;&emsp; Ivana Vidovi\u0107-Bolt<\/li>\n<\/ul>\n<\/li>\n<p>  &nbsp;<\/p>\n<ul style=\"list-style-type:none\">\n<li><a href=\"https:\/\/stranijezici.ffzg.unizg.hr\/wp-content\/uploads\/2020\/02\/SJ_33_3-4_20.pdf\" target=\"_blank\"><strong>&#8220;DIE NEUE DEUTSCHE RECHTSCHREIBUNG&#8221;<\/strong><\/a><\/li>\n<ul style=\"list-style-type:none\">\n<li>&emsp;&emsp; Tomislav Krpan<\/li>\n<li>&emsp;&emsp; Kronika<\/li>\n<\/ul>\n<\/li>\n<\/ul>\n","protected":false},"excerpt":{"rendered":"<p>THE USE AND PERCEPTION OF WEAK FORMS &emsp;&emsp; Ivana Ba\u0161i\u0107, Marija Zubak &emsp;&emsp; Izvorni znanstveni \u010dlanak &nbsp; OCJENJIVANJE USPJE\u0160NOSTI U RANOME U\u010cENJU STRANOG JEZIKA &emsp;&emsp; Marija Andraka &emsp;&emsp; Stru\u010dni \u010dlanak &nbsp; ZNA\u010cENJSKE PROMJENE FRANCUSKIH POSU\u0110ENICA U HRVATSKOME LEKSIKU &emsp;&emsp; Biljana Stojakovi\u0107 &emsp;&emsp; Izvorni znanstveni \u010dlanak &nbsp; ISPITIVANJE VOKABULARA U\u010cENIKA \u010cETVRTOGA RAZREDA OSNOVNE \u0160KOLE U PRI\u010cANJU &hellip; <\/p>\n<p class=\"link-more\"><a href=\"https:\/\/stranijezici.ffzg.unizg.hr\/index.php\/vol33n3-4\/\" class=\"more-link\">Continue reading<span class=\"screen-reader-text\"> &#8220;Vol 33. (3-4)&#8221;<\/span><\/a><\/p>\n","protected":false},"author":2,"featured_media":0,"parent":0,"menu_order":0,"comment_status":"closed","ping_status":"closed","template":"","meta":{"ngg_post_thumbnail":0,"footnotes":""},"class_list":["post-2065","page","type-page","status-publish","hentry"],"_links":{"self":[{"href":"https:\/\/stranijezici.ffzg.unizg.hr\/index.php\/wp-json\/wp\/v2\/pages\/2065","targetHints":{"allow":["GET"]}}],"collection":[{"href":"https:\/\/stranijezici.ffzg.unizg.hr\/index.php\/wp-json\/wp\/v2\/pages"}],"about":[{"href":"https:\/\/stranijezici.ffzg.unizg.hr\/index.php\/wp-json\/wp\/v2\/types\/page"}],"author":[{"embeddable":true,"href":"https:\/\/stranijezici.ffzg.unizg.hr\/index.php\/wp-json\/wp\/v2\/users\/2"}],"replies":[{"embeddable":true,"href":"https:\/\/stranijezici.ffzg.unizg.hr\/index.php\/wp-json\/wp\/v2\/comments?post=2065"}],"version-history":[{"count":4,"href":"https:\/\/stranijezici.ffzg.unizg.hr\/index.php\/wp-json\/wp\/v2\/pages\/2065\/revisions"}],"predecessor-version":[{"id":2089,"href":"https:\/\/stranijezici.ffzg.unizg.hr\/index.php\/wp-json\/wp\/v2\/pages\/2065\/revisions\/2089"}],"wp:attachment":[{"href":"https:\/\/stranijezici.ffzg.unizg.hr\/index.php\/wp-json\/wp\/v2\/media?parent=2065"}],"curies":[{"name":"wp","href":"https:\/\/api.w.org\/{rel}","templated":true}]}}