{"id":2034,"date":"2020-02-22T14:22:19","date_gmt":"2020-02-22T14:22:19","guid":{"rendered":"https:\/\/stranijezici.ffzg.unizg.hr\/?page_id=2034"},"modified":"2020-02-22T14:26:18","modified_gmt":"2020-02-22T14:26:18","slug":"vol33n1-2","status":"publish","type":"page","link":"https:\/\/stranijezici.ffzg.unizg.hr\/index.php\/vol33n1-2\/","title":{"rendered":"Vol 33. (1-2)"},"content":{"rendered":"<ul style=\"list-style-type:none\">\n<li><a href=\"https:\/\/stranijezici.ffzg.unizg.hr\/wp-content\/uploads\/2020\/02\/SJ_33_1-2_1.pdf\" target=\"_blank\"><strong>INTERVIEW S MIRJANOM VILKE<\/strong><\/a> <\/li>\n<ul style=\"list-style-type:none\">\n<li>&emsp;&emsp; Intervju<\/li>\n<li>&emsp;&emsp; Jelena Mihaljevi\u0107 Djigunovi\u0107<\/li>\n<\/ul>\n<\/li>\n<p>  &nbsp;<\/p>\n<ul style=\"list-style-type:none\">\n<li><a href=\"https:\/\/stranijezici.ffzg.unizg.hr\/wp-content\/uploads\/2020\/02\/SJ_33_1-2_2.pdf\" target=\"_blank\"><strong>VJE\u0160TINA \u010cITANJA NA STRANOM JEZIKU: TEORIJSKA ISHODI\u0160TA<\/strong><\/a><\/li>\n<ul style=\"list-style-type:none\">\n<li>&emsp;&emsp; Andrea-Beata Jeli\u0107<\/li>\n<li>&emsp;&emsp; Izvorni znanstveni \u010dlanak<\/li>\n<\/ul>\n<\/li>\n<p>  &nbsp;<\/p>\n<ul style=\"list-style-type:none\">\n<li><a href=\"https:\/\/stranijezici.ffzg.unizg.hr\/wp-content\/uploads\/2020\/02\/SJ_33_1-2_3.pdf\" target=\"_blank\"><strong>REFLECTIVE TEACHING<\/strong><\/a><\/li>\n<ul style=\"list-style-type:none\">\n<li>&emsp;&emsp; Bo\u017eana Kne\u017eevi\u0107<\/li>\n<li>&emsp;&emsp; Izvorni znanstveni \u010dlanak<\/li>\n<\/ul>\n<\/li>\n<p>  &nbsp;<\/p>\n<li><a href=\"https:\/\/stranijezici.ffzg.unizg.hr\/wp-content\/uploads\/2020\/02\/SJ_33_1-2_4.pdf\" target=\"_blank\"><strong>NORVE\u0160KI BOKM\u00c5L ILI NORVE\u0160KI NYNORSK<\/strong><\/a> <\/li>\n<ul style=\"list-style-type:none\">\n<li>&emsp;&emsp; Cvijeta \u0160tern<\/li>\n<li>&emsp;&emsp; Znanstveni pregledni \u010dlanak<\/li>\n<\/ul>\n<\/li>\n<p>  &nbsp;<\/p>\n<li><a href=\"https:\/\/stranijezici.ffzg.unizg.hr\/wp-content\/uploads\/2020\/02\/SJ_33_1-2_5.pdf\" target=\"_blank\"><strong>PREFIGIRANI GLAGOLI KRETANJA U RUSKOM JEZIKU (U USPOREDBI S HRVATSKIM JEZIKOM)<\/strong><\/a> <\/li>\n<ul style=\"list-style-type:none\">\n<li>&emsp;&emsp; Igor \u017divkovi\u0107<\/li>\n<li>&emsp;&emsp; Znanstveni pregled<\/li>\n<\/ul>\n<\/li>\n<p>  &nbsp;<\/p>\n<ul style=\"list-style-type:none\">\n<li><a href=\"https:\/\/stranijezici.ffzg.unizg.hr\/wp-content\/uploads\/2020\/02\/SJ_33_1-2_6.pdf\" target=\"_blank\"><strong>THE USE AND PERCEPTION OF WEAK FORMS<\/strong><\/a><\/li>\n<ul style=\"list-style-type:none\">\n<li>&emsp;&emsp; Ivana Ba\u0161i\u0107, Marina Zubak<\/li>\n<li>&emsp;&emsp; Izvorni znanstveni \u010dlanak<\/li>\n<\/ul>\n<\/li>\n<p>  &nbsp;<\/p>\n<ul style=\"list-style-type:none\">\n<li><a href=\"https:\/\/stranijezici.ffzg.unizg.hr\/wp-content\/uploads\/2020\/02\/SJ_33_1-2_7.pdf\" target=\"_blank\"><strong>O NEPODUDARNOSTI U UPORABI POSVOJNIH PRIDJEVA U RUSKOM I HRVATSKOM JEZIKU<\/strong><\/a><\/li>\n<ul style=\"list-style-type:none\">\n<li>&emsp;&emsp; Vesna Krneta<\/li>\n<li>&emsp;&emsp; Stru\u010dni \u010dlanak<\/li>\n<\/ul>\n<\/li>\n<p>  &nbsp;<\/p>\n<li><a href=\"https:\/\/stranijezici.ffzg.unizg.hr\/wp-content\/uploads\/2020\/02\/SJ_33_1-2_8.pdf\" target=\"_blank\"><strong>HRVATSKO RA\u010cUNALNO NAZIVLJE U DRU\u0160TVENOJ INTERAKCIJI<\/strong><\/a> <\/li>\n<ul style=\"list-style-type:none\">\n<li>&emsp;&emsp; Biljana Stojakovi\u0107<\/li>\n<li>&emsp;&emsp; Znanstveni pregled<\/li>\n<\/ul>\n<\/li>\n<p>  &nbsp;<\/p>\n<li><a href=\"https:\/\/stranijezici.ffzg.unizg.hr\/wp-content\/uploads\/2020\/02\/SJ_33_1-2_9.pdf\" target=\"_blank\"><strong>IZAZOV PLURILINGVIZMA: JEZI\u010cNA POLITIKA VIJE\u0106A EUROPE I NACIONALNA JEZI\u010cNA POLITIKA<\/strong><\/a> <\/li>\n<ul style=\"list-style-type:none\">\n<li>&emsp;&emsp; Anera Adamik<\/li>\n<li>&emsp;&emsp; Stru\u010dni \u010dlanak<\/li>\n<\/ul>\n<\/li>\n<p>  &nbsp;<\/p>\n<ul style=\"list-style-type:none\">\n<li><a href=https:\/\/stranijezici.ffzg.unizg.hr\/wp-content\/uploads\/2020\/02\/SJ_33_1-2_10.pdf\"\" target=\"_blank\"><strong>THE DEVELOPMENT OF COMMUNICATIVE LANGUAGE ABILITY IN SLOVENE AS L2: SOME RESULTS OF A STUDY<\/strong><\/a><\/li>\n<ul style=\"list-style-type:none\">\n<li>&emsp;&emsp; Nata\u0161a Pirih Svetina<\/li>\n<li>&emsp;&emsp; Znanstveni pregled<\/li>\n<\/ul>\n<\/li>\n<p>  &nbsp;<\/p>\n<ul style=\"list-style-type:none\">\n<li><a href=\"https:\/\/stranijezici.ffzg.unizg.hr\/wp-content\/uploads\/2020\/02\/SJ_33_1-2_11.pdf\" target=\"_blank\"><strong>FEEL GOOD ATMOSPHERE VS. NEW METHODOLOGY<\/strong><\/a><\/li>\n<ul style=\"list-style-type:none\">\n<li>&emsp;&emsp; Bo\u017eana Kne\u017eevi\u0107<\/li>\n<li>&emsp;&emsp; Stru\u010dni \u010dlanak<\/li>\n<\/ul>\n<\/li>\n<p>  &nbsp;<\/p>\n<ul style=\"list-style-type:none\">\n<li><a href=\"https:\/\/stranijezici.ffzg.unizg.hr\/wp-content\/uploads\/2020\/02\/SJ_33_1-2_12.pdf\" target=\"_blank\"><strong>INTERKULTURELLE ZUSAMMENARBEIT DURCHS INTERNET IM LEHRERAUSBILDUNGSBEREICH<\/strong><\/a><\/li>\n<ul style=\"list-style-type:none\">\n<li>&emsp;&emsp; Stephanie Haussner, Bla\u017eenka Filipan-\u017digni\u0107<\/li>\n<li>&emsp;&emsp; <\/li>\n<\/ul>\n<\/li>\n<p>  &nbsp;<\/p>\n<ul style=\"list-style-type:none\">\n<li><a href=\"https:\/\/stranijezici.ffzg.unizg.hr\/wp-content\/uploads\/2020\/02\/SJ_33_1-2_13.pdf\" target=\"_blank\"><strong>AKTUALNOST DUBROVA\u010cKOG IDIOMA U DRUGOJ POLOVICI 20. STOLJE\u0106A<\/strong><\/a><\/li>\n<ul style=\"list-style-type:none\">\n<li>&emsp;&emsp; Jasenka Maslek, Ivana Lovri\u0107-Jovi\u0107<\/li>\n<li>&emsp;&emsp; Izvorni znanstveni \u010dlanak<\/li>\n<\/ul>\n<\/li>\n<p>  &nbsp;<\/p>\n<ul style=\"list-style-type:none\">\n<li><a href=\"https:\/\/stranijezici.ffzg.unizg.hr\/wp-content\/uploads\/2020\/02\/SJ_33_1-2_14.pdf\" target=\"_blank\"><strong>OBRADA BAJKE U NASTAVI STRANIH JEZIKA (primjeri iz nastave talijanskoga i engleskoga jezika)<\/strong><\/a><\/li>\n<ul style=\"list-style-type:none\">\n<li>&emsp;&emsp; Tri\u0161nja Peji\u0107, Magdalena Nigoevi\u0107<\/li>\n<li>&emsp;&emsp; Stru\u010dni \u010dlanak<\/li>\n<\/ul>\n<\/li>\n<p>  &nbsp;<\/p>\n<ul style=\"list-style-type:none\">\n<li><a href=\"https:\/\/stranijezici.ffzg.unizg.hr\/wp-content\/uploads\/2020\/02\/SJ_33_1-2_15.pdf\" target=\"_blank\"><strong>TVRDI ORASI U PREVO\u0110ENJU<\/strong><\/a><\/li>\n<ul style=\"list-style-type:none\">\n<li>&emsp;&emsp; Bo\u017eica Jakovlev<\/li>\n<li>&emsp;&emsp; Stru\u010dni \u010dlanak<\/li>\n<\/ul>\n<\/li>\n<p>  &nbsp;<\/p>\n<ul style=\"list-style-type:none\">\n<li><a href=\"https:\/\/stranijezici.ffzg.unizg.hr\/wp-content\/uploads\/2020\/02\/SJ_33_1-2_16.pdf\" target=\"_blank\"><strong>PRIPOVIJETKA U NASTAVI ANGLOSAKSONSKE KULTURE I CIVILIZACIJE<\/strong><\/a><\/li>\n<ul style=\"list-style-type:none\">\n<li>&emsp;&emsp; Maja Antunac<\/li>\n<li>&emsp;&emsp; Stru\u010dni \u010dlanak<\/li>\n<\/ul>\n<\/li>\n<p>  &nbsp;<\/p>\n<ul style=\"list-style-type:none\">\n<li><a href=\"https:\/\/stranijezici.ffzg.unizg.hr\/wp-content\/uploads\/2020\/02\/SJ_33_1-2_17.pdf\" target=\"_blank\"><strong>ZU DEN RECHTSCHREIBFEHLERN DER GERMANISTIKSTUDENTEN DES ERSTEN STUDIENJAHRES<\/strong><\/a><\/li>\n<ul style=\"list-style-type:none\">\n<li>&emsp;&emsp; Snje\u017eana Babi\u0107<\/li>\n<li>&emsp;&emsp; Znanstveni pregled<\/li>\n<\/ul>\n<\/li>\n<p>  &nbsp;<\/p>\n<ul style=\"list-style-type:none\">\n<li><a href=\"https:\/\/stranijezici.ffzg.unizg.hr\/wp-content\/uploads\/2020\/02\/SJ_33_1-2_18.pdf\" target=\"_blank\"><strong>KAKO UKRAJINSKI GOVORNICI OVLADAVAJU FONETIKOM I FONOLOGIJOM HRVATSKOGA JEZIKA<\/strong><\/a><\/li>\n<ul style=\"list-style-type:none\">\n<li>&emsp;&emsp; Tetyana Fuderer<\/li>\n<li>&emsp;&emsp; Stru\u010dni \u010dlanak<\/li>\n<\/ul>\n<\/li>\n<p>  &nbsp;<\/p>\n<ul style=\"list-style-type:none\">\n<li><a href=\"https:\/\/stranijezici.ffzg.unizg.hr\/wp-content\/uploads\/2020\/02\/SJ_33_1-2_19.pdf\" target=\"_blank\"><strong>PRIKAZ UD\u017dBENIKA DIP IN 1<\/strong><\/a><\/li>\n<ul style=\"list-style-type:none\">\n<li>&emsp;&emsp; Marija Andraka<\/li>\n<li>&emsp;&emsp; Prikaz<\/li>\n<\/ul>\n<\/li>\n<p>  &nbsp;<\/p>\n<ul style=\"list-style-type:none\">\n<li><a href=\"https:\/\/stranijezici.ffzg.unizg.hr\/wp-content\/uploads\/2020\/02\/SJ_33_1-2_20.pdf\" target=\"_blank\"><strong>PRIKAZ UD\u017dBENIKA DIP IN 2<\/strong><\/a><\/li>\n<ul style=\"list-style-type:none\">\n<li>&emsp;&emsp; Marija Andraka<\/li>\n<li>&emsp;&emsp; Prikaz<\/li>\n<\/ul>\n<\/li>\n<p>  &nbsp;<\/p>\n<ul style=\"list-style-type:none\">\n<li><a href=\"https:\/\/stranijezici.ffzg.unizg.hr\/wp-content\/uploads\/2020\/02\/SJ_33_1-2_21.pdf\" target=\"_blank\"><strong>PRIKAZ UD\u017dBENIKA DIP IN 3<\/strong><\/a><\/li>\n<ul style=\"list-style-type:none\">\n<li>&emsp;&emsp; Marija Andraka<\/li>\n<li>&emsp;&emsp; Prikaz<\/li>\n<\/ul>\n<\/li>\n<p>  &nbsp;<\/p>\n<ul style=\"list-style-type:none\">\n<li><a href=\"https:\/\/stranijezici.ffzg.unizg.hr\/wp-content\/uploads\/2020\/02\/SJ_33_1-2_22.pdf\" target=\"_blank\"><strong>PRIKAZ KNJIGE NEDE PINTARI\u0106 <<PRAGMEMI U KOMUNIKACIJI>> <\/strong><\/a><\/li>\n<ul style=\"list-style-type:none\">\n<li>&emsp;&emsp; Nada Ivaneti\u0107<\/li>\n<li>&emsp;&emsp; Prikaz<\/li>\n<\/ul>\n<\/li>\n<p>  &nbsp;<\/p>\n<ul style=\"list-style-type:none\">\n<li><a href=\"https:\/\/stranijezici.ffzg.unizg.hr\/wp-content\/uploads\/2020\/02\/SJ_33_1-2_23.pdf\" target=\"_blank\"><strong>ZANIMLJIVOSTI S INTERNETA<\/strong><br \/>\n <\/a><\/li>\n<ul style=\"list-style-type:none\">\n<li>&emsp;&emsp; Ivana Vidovi\u0107-Bolt<\/li>\n<\/ul>\n<p>  &nbsp;<\/p>\n<ul style=\"list-style-type:none\">\n<li><a href=\"https:\/\/stranijezici.ffzg.unizg.hr\/wp-content\/uploads\/2020\/02\/SJ_33_1-2_24.pdf\" target=\"_blank\"><strong><<RIJE\u010c IZ PERSPEKTIVE JEZIKOSLOVCA I PREVODITELJA>><\/strong><\/a><\/li>\n<ul style=\"list-style-type:none\">\n<li>&emsp;&emsp; Barbara Kry\u017ean-Stanojevi\u0107<\/li>\n<li>&emsp;&emsp; Prikaz<\/li>\n<\/ul>\n<\/li>\n<p>  &nbsp;<\/p>\n<ul style=\"list-style-type:none\">\n<li><a href=\"https:\/\/stranijezici.ffzg.unizg.hr\/wp-content\/uploads\/2020\/02\/SJ_33_1-2_25.pdf\" target=\"_blank\"><strong>JEZI\u010cNO SAVJETOVANJE <<HRVATSKO RA\u010cUNALNO NAZIVLJE>><\/strong><\/a><\/li>\n<ul style=\"list-style-type:none\">\n<li>&emsp;&emsp; Biljana Stojakovi\u0107<\/li>\n<li>&emsp;&emsp; Prikaz<\/li>\n<\/ul>\n<\/li>\n<p>  &nbsp;\n<\/ul>\n","protected":false},"excerpt":{"rendered":"<p>INTERVIEW S MIRJANOM VILKE &emsp;&emsp; Intervju &emsp;&emsp; Jelena Mihaljevi\u0107 Djigunovi\u0107 &nbsp; VJE\u0160TINA \u010cITANJA NA STRANOM JEZIKU: TEORIJSKA ISHODI\u0160TA &emsp;&emsp; Andrea-Beata Jeli\u0107 &emsp;&emsp; Izvorni znanstveni \u010dlanak &nbsp; REFLECTIVE TEACHING &emsp;&emsp; Bo\u017eana Kne\u017eevi\u0107 &emsp;&emsp; Izvorni znanstveni \u010dlanak &nbsp; NORVE\u0160KI BOKM\u00c5L ILI NORVE\u0160KI NYNORSK &emsp;&emsp; Cvijeta \u0160tern &emsp;&emsp; Znanstveni pregledni \u010dlanak &nbsp; PREFIGIRANI GLAGOLI KRETANJA U RUSKOM JEZIKU &hellip; <\/p>\n<p class=\"link-more\"><a href=\"https:\/\/stranijezici.ffzg.unizg.hr\/index.php\/vol33n1-2\/\" class=\"more-link\">Continue reading<span class=\"screen-reader-text\"> &#8220;Vol 33. (1-2)&#8221;<\/span><\/a><\/p>\n","protected":false},"author":2,"featured_media":0,"parent":0,"menu_order":0,"comment_status":"closed","ping_status":"closed","template":"","meta":{"ngg_post_thumbnail":0,"footnotes":""},"class_list":["post-2034","page","type-page","status-publish","hentry"],"_links":{"self":[{"href":"https:\/\/stranijezici.ffzg.unizg.hr\/index.php\/wp-json\/wp\/v2\/pages\/2034","targetHints":{"allow":["GET"]}}],"collection":[{"href":"https:\/\/stranijezici.ffzg.unizg.hr\/index.php\/wp-json\/wp\/v2\/pages"}],"about":[{"href":"https:\/\/stranijezici.ffzg.unizg.hr\/index.php\/wp-json\/wp\/v2\/types\/page"}],"author":[{"embeddable":true,"href":"https:\/\/stranijezici.ffzg.unizg.hr\/index.php\/wp-json\/wp\/v2\/users\/2"}],"replies":[{"embeddable":true,"href":"https:\/\/stranijezici.ffzg.unizg.hr\/index.php\/wp-json\/wp\/v2\/comments?post=2034"}],"version-history":[{"count":5,"href":"https:\/\/stranijezici.ffzg.unizg.hr\/index.php\/wp-json\/wp\/v2\/pages\/2034\/revisions"}],"predecessor-version":[{"id":2064,"href":"https:\/\/stranijezici.ffzg.unizg.hr\/index.php\/wp-json\/wp\/v2\/pages\/2034\/revisions\/2064"}],"wp:attachment":[{"href":"https:\/\/stranijezici.ffzg.unizg.hr\/index.php\/wp-json\/wp\/v2\/media?parent=2034"}],"curies":[{"name":"wp","href":"https:\/\/api.w.org\/{rel}","templated":true}]}}