{"id":2026,"date":"2020-02-22T13:40:22","date_gmt":"2020-02-22T13:40:22","guid":{"rendered":"https:\/\/stranijezici.ffzg.unizg.hr\/?page_id=2026"},"modified":"2020-02-22T13:42:27","modified_gmt":"2020-02-22T13:42:27","slug":"vol48n4","status":"publish","type":"page","link":"https:\/\/stranijezici.ffzg.unizg.hr\/index.php\/vol48n4\/","title":{"rendered":"Vol 48. (4)"},"content":{"rendered":"<ul style=\"list-style-type:none\">\n<li><a href=\"https:\/\/stranijezici.ffzg.unizg.hr\/wp-content\/uploads\/2020\/02\/SJ_48_4_1.pdf\" target=\"_blank\"><strong>ON WHY ANGER CAN BE POURED, STEELED, AND BOILED: CORPUS-DRIVEN STUDY OF ANGER METAPHORS IN CROATIAN<\/strong><\/a> <\/li>\n<ul style=\"list-style-type:none\">\n<li>&emsp;&emsp; Jasmina Jel\u010di\u0107 \u010colakovac<\/li>\n<li>&emsp;&emsp; Izvorni znanstveni \u010dlanak<\/li>\n<\/ul>\n<\/li>\n<p>  &nbsp;<\/p>\n<ul style=\"list-style-type:none\">\n<li><a href=\"https:\/\/stranijezici.ffzg.unizg.hr\/wp-content\/uploads\/2020\/02\/SJ_48_4_2.pdf\" target=\"_blank\"><strong>OD DRAMATIZACIJE DO PREDSTAVE U NASTAVI ENGLESKOGA JEZIKA<\/strong><\/a><\/li>\n<ul style=\"list-style-type:none\">\n<li>&emsp;&emsp; Anamarija Bekavac, Tomislava Bali\u0107<\/li>\n<li>&emsp;&emsp; Stru\u010dni rad<\/li>\n<\/ul>\n<\/li>\n<p>  &nbsp;<\/p>\n<ul style=\"list-style-type:none\">\n<li><a href=\"https:\/\/stranijezici.ffzg.unizg.hr\/wp-content\/uploads\/2020\/02\/SJ_48_4_3.pdf\" target=\"_blank\"><strong>MOBILE APPS ALS HILFSMITTEL F\u00dcR DAF-LERNER: EINE SELBSTEINSCH\u00c4TZUNG VON GERMANISTIKSTUDIERENDEN DER UNIVERSIT\u00c4T RIJEKA<\/strong><\/a><\/li>\n<ul style=\"list-style-type:none\">\n<li>&emsp;&emsp; Dario Mar\u0161ani\u0107, Ingrid Bari\u010devi\u0107<\/li>\n<li>&emsp;&emsp; Stru\u010dni rad<\/li>\n<\/ul>\n<\/li>\n<p>  &nbsp;<\/p>\n<li><a href=\"https:\/\/stranijezici.ffzg.unizg.hr\/wp-content\/uploads\/2020\/02\/SJ_48_4_4.pdf\" target=\"_blank\"><strong>IMPLEMENTACIJA APLIKACIJE DUOLINGO U NASTAVU NJEMA\u010cKOG KAO STRANOG JEZIKA<\/strong><\/a> <\/li>\n<ul style=\"list-style-type:none\">\n<li>&emsp;&emsp; Nikolina Mileti\u0107<\/li>\n<li>&emsp;&emsp; Stru\u010dni rad<\/li>\n<\/ul>\n<\/li>\n<p>  &nbsp;<\/p>\n<li><a href=\"https:\/\/stranijezici.ffzg.unizg.hr\/wp-content\/uploads\/2020\/02\/SJ_48_4_5.pdf\" target=\"_blank\"><strong>PRIKAZ ILUSTRIRANE GRAMATIKE NJEMA\u010cKOGA JEZIKA I VJE\u017dBENICE ZA U\u010cENIKE OSNOVNO\u0160KOLSKE DOBI \u201eDEUTSCH LERNEN \u2013 SO EINFACH GEHT\u2019S!\u201c<\/strong><\/a> <\/li>\n<ul style=\"list-style-type:none\">\n<li>&emsp;&emsp; Sanja Vi\u010devi\u0107 Ivanovi\u0107<\/li>\n<li>&emsp;&emsp; Prikaz<\/li>\n<\/ul>\n<\/li>\n<\/ul>\n","protected":false},"excerpt":{"rendered":"<p>ON WHY ANGER CAN BE POURED, STEELED, AND BOILED: CORPUS-DRIVEN STUDY OF ANGER METAPHORS IN CROATIAN &emsp;&emsp; Jasmina Jel\u010di\u0107 \u010colakovac &emsp;&emsp; Izvorni znanstveni \u010dlanak &nbsp; OD DRAMATIZACIJE DO PREDSTAVE U NASTAVI ENGLESKOGA JEZIKA &emsp;&emsp; Anamarija Bekavac, Tomislava Bali\u0107 &emsp;&emsp; Stru\u010dni rad &nbsp; MOBILE APPS ALS HILFSMITTEL F\u00dcR DAF-LERNER: EINE SELBSTEINSCH\u00c4TZUNG VON GERMANISTIKSTUDIERENDEN DER UNIVERSIT\u00c4T RIJEKA &hellip; <\/p>\n<p class=\"link-more\"><a href=\"https:\/\/stranijezici.ffzg.unizg.hr\/index.php\/vol48n4\/\" class=\"more-link\">Continue reading<span class=\"screen-reader-text\"> &#8220;Vol 48. (4)&#8221;<\/span><\/a><\/p>\n","protected":false},"author":2,"featured_media":0,"parent":0,"menu_order":0,"comment_status":"closed","ping_status":"closed","template":"","meta":{"ngg_post_thumbnail":0,"footnotes":""},"class_list":["post-2026","page","type-page","status-publish","hentry"],"_links":{"self":[{"href":"https:\/\/stranijezici.ffzg.unizg.hr\/index.php\/wp-json\/wp\/v2\/pages\/2026","targetHints":{"allow":["GET"]}}],"collection":[{"href":"https:\/\/stranijezici.ffzg.unizg.hr\/index.php\/wp-json\/wp\/v2\/pages"}],"about":[{"href":"https:\/\/stranijezici.ffzg.unizg.hr\/index.php\/wp-json\/wp\/v2\/types\/page"}],"author":[{"embeddable":true,"href":"https:\/\/stranijezici.ffzg.unizg.hr\/index.php\/wp-json\/wp\/v2\/users\/2"}],"replies":[{"embeddable":true,"href":"https:\/\/stranijezici.ffzg.unizg.hr\/index.php\/wp-json\/wp\/v2\/comments?post=2026"}],"version-history":[{"count":4,"href":"https:\/\/stranijezici.ffzg.unizg.hr\/index.php\/wp-json\/wp\/v2\/pages\/2026\/revisions"}],"predecessor-version":[{"id":2028,"href":"https:\/\/stranijezici.ffzg.unizg.hr\/index.php\/wp-json\/wp\/v2\/pages\/2026\/revisions\/2028"}],"wp:attachment":[{"href":"https:\/\/stranijezici.ffzg.unizg.hr\/index.php\/wp-json\/wp\/v2\/media?parent=2026"}],"curies":[{"name":"wp","href":"https:\/\/api.w.org\/{rel}","templated":true}]}}