{"id":1986,"date":"2020-02-07T14:10:58","date_gmt":"2020-02-07T14:10:58","guid":{"rendered":"https:\/\/stranijezici.ffzg.unizg.hr\/?page_id=1986"},"modified":"2020-02-07T14:14:15","modified_gmt":"2020-02-07T14:14:15","slug":"vol37n3","status":"publish","type":"page","link":"https:\/\/stranijezici.ffzg.unizg.hr\/index.php\/vol37n3\/","title":{"rendered":"Vol 37. (3)"},"content":{"rendered":"<ul style=\"list-style-type:none\">\n<li><a href=\"https:\/\/stranijezici.ffzg.unizg.hr\/wp-content\/uploads\/2020\/02\/SJ_37_3_1.pdf\" target=\"_blank\"><strong>ANALIZA NAJ\u010cE\u0160\u0106IH POGRJE\u0160AKA U U\u010cENJU ENGLESKOGA I TALIJANSKOGA JEZIKA<\/strong><\/a> <\/li>\n<ul style=\"list-style-type:none\">\n<li>&emsp;&emsp; Mira Braovi\u0107a Plav\u0161a, Ivana Boj\u010di\u0107<\/li>\n<li>&emsp;&emsp; Stru\u010dni \u010dlanak<\/li>\n<\/ul>\n<\/li>\n<p>  &nbsp;<\/p>\n<ul style=\"list-style-type:none\">\n<li><a href=\"https:\/\/stranijezici.ffzg.unizg.hr\/wp-content\/uploads\/2020\/02\/SJ_37_3_2.pdf\" target=\"_blank\"><strong>SUBJEKT U JAPANSKOM JEZIKU<\/strong><\/a><\/li>\n<ul style=\"list-style-type:none\">\n<li>&emsp;&emsp; Darko Matovac<\/li>\n<li>&emsp;&emsp; Stru\u010dni \u010dlanak<\/li>\n<\/ul>\n<\/li>\n<p>  &nbsp;<\/p>\n<ul style=\"list-style-type:none\">\n<li><a href=\"https:\/\/stranijezici.ffzg.unizg.hr\/wp-content\/uploads\/2020\/02\/SJ_37_3_3.pdf\" target=\"_blank\"><strong>ULOGA ANALIZE POTREBA U IZRADI PROGRAMA NASTAVE STRANOGA JEZIKA (NA PRIMJERU HRVATSKOGA KAO J2)<\/strong><\/a><\/li>\n<ul style=\"list-style-type:none\">\n<li>&emsp;&emsp; Lidija Cviki\u0107, Sanda Lucija Udier<\/li>\n<li>&emsp;&emsp; Izvorni znanstveni \u010dlanak<\/li>\n<\/ul>\n<\/li>\n<p>  &nbsp;<\/p>\n<li><a href=\"https:\/\/stranijezici.ffzg.unizg.hr\/wp-content\/uploads\/2020\/02\/SJ_37_3_4.pdf\" target=\"_blank\"><strong>KARTA Z DZIEJ\u00d3W LEKSYKOGRAFII POLSKIEJ-S\u0141OWNIK WARSZAWSKI<\/strong><\/a> <\/li>\n<ul style=\"list-style-type:none\">\n<li>&emsp;&emsp; Magdalena Majdak<\/li>\n<li>&emsp;&emsp; Pregledni znanstveni \u010dlanak<\/li>\n<\/ul>\n<\/li>\n<p>  &nbsp;<\/p>\n<li><a href=\"https:\/\/stranijezici.ffzg.unizg.hr\/wp-content\/uploads\/2020\/02\/SJ_37_3_5.pdf\" target=\"_blank\"><strong>HRVATSKI JEZIK I NAZIVLJE BOLONJSKOGA PROCESA: NASTANAK NOVE STRU\u010cNE TERMINOLOGIJE VISOKOGA OBRAZOVANJA<\/strong><\/a> <\/li>\n<ul style=\"list-style-type:none\">\n<li>&emsp;&emsp; Vi\u0161nja Kabalin Boreni\u0107<\/li>\n<li>&emsp;&emsp; Znanstveni pregledni \u010dlanak<\/li>\n<\/ul>\n<\/li>\n<p>  &nbsp;<\/p>\n<ul style=\"list-style-type:none\">\n<li><a href=\"https:\/\/stranijezici.ffzg.unizg.hr\/wp-content\/uploads\/2020\/02\/SJ_37_3_6.pdf\" target=\"_blank\"><strong>RAZVIJANJE GRAMATI\u010cKE KOMPETENCIJE UZ POMO\u0106 ADEKVATNIH STRATEGIJA U\u010cENJA GRAMATIKE<\/strong><\/a><\/li>\n<ul style=\"list-style-type:none\">\n<li>&emsp;&emsp; Nikolina Bo\u017einovi\u0107<\/li>\n<li>&emsp;&emsp; Znanstveni pregledni \u010dlanak<\/li>\n<\/ul>\n<\/li>\n<p>  &nbsp;<\/p>\n<ul style=\"list-style-type:none\">\n<li><a href=\"https:\/\/stranijezici.ffzg.unizg.hr\/wp-content\/uploads\/2020\/02\/SJ_37_3_7.pdf\" target=\"_blank\"><strong>POPULARNA PJESMA U NASTAVI TALIJANSKOGA JEZIKA<\/strong><\/a><\/li>\n<ul style=\"list-style-type:none\">\n<li>&emsp;&emsp; Katarina Krni\u0107<\/li>\n<li>&emsp;&emsp; Stru\u010dni \u010dlanak<\/li>\n<\/ul>\n<\/li>\n<p>  &nbsp;<\/p>\n<li><a href=\"https:\/\/stranijezici.ffzg.unizg.hr\/wp-content\/uploads\/2020\/02\/SJ_37_3_8.pdf\" target=\"_blank\"><strong>ASSESSING WRITING THROUGH BENCHMARKS: A CASE STUDY IN THE SLOVENIAN CONTEXT<\/strong><\/a> <\/li>\n<ul style=\"list-style-type:none\">\n<li>&emsp;&emsp; Mihaela Zava\u0161nik, Karmen Pi\u017eorn<\/li>\n<li>&emsp;&emsp; Znanstveni pregledni \u010dlanak<\/li>\n<\/ul>\n<\/li>\n<p>  &nbsp;<\/p>\n<li><a href=\"https:\/\/stranijezici.ffzg.unizg.hr\/wp-content\/uploads\/2020\/02\/SJ_37_3_9.pdf\" target=\"_blank\"><strong>ME\u0110UNARODNI SKUP NA SVEU\u010cILI\u0160TU U SZCZECINU (POLJSKA)<\/strong><\/a> <\/li>\n<ul style=\"list-style-type:none\">\n<li>&emsp;&emsp; Neda Pintari\u0107<\/li>\n<li>&emsp;&emsp; Prikaz<\/li>\n<\/ul>\n<\/li>\n<p>  &nbsp;<\/p>\n<ul style=\"list-style-type:none\">\n<li><a href=\"https:\/\/stranijezici.ffzg.unizg.hr\/wp-content\/uploads\/2020\/02\/SJ_37_3_10.pdf\" target=\"_blank\"><strong>PRIKAZ UD\u017dBENIKA ALTER EGO 1 I ALTER EGO 2<\/strong><\/a><\/li>\n<ul style=\"list-style-type:none\">\n<li>&emsp;&emsp; Jasna \u0106iri\u0107<\/li>\n<li>&emsp;&emsp; Prikaz<\/li>\n<\/ul>\n<\/li>\n<p>  &nbsp;<\/p>\n<ul style=\"list-style-type:none\">\n<li><a href=\"https:\/\/stranijezici.ffzg.unizg.hr\/wp-content\/uploads\/2020\/02\/SJ_37_3_11.pdf\" target=\"_blank\"><strong>\u0421\u0422\u0418\u041b\u0418\u0421\u0422\u0418\u0427\u0415\u0421\u041a\u0418\u0419 \u0417\u041d\u0426\u0418\u041a\u041b\u041e\u041f\u0415\u0414\u0418\u0427\u0415\u0421\u041a\u0418\u0419 \u0421\u041b\u041e\u0412\u0410\u0420\u042c \u0420\u0423\u0421\u0421\u041a\u041e\u0413\u041e \u042f\u042b\u041a\u0410.<\/strong><\/a><\/li>\n<ul style=\"list-style-type:none\">\n<li>&emsp;&emsp; Jurij Emanuel Rojs<\/li>\n<li>&emsp;&emsp; Prikaz<\/li>\n<\/ul>\n<\/li>\n<p>  &nbsp;\n<\/ul>\n","protected":false},"excerpt":{"rendered":"<p>ANALIZA NAJ\u010cE\u0160\u0106IH POGRJE\u0160AKA U U\u010cENJU ENGLESKOGA I TALIJANSKOGA JEZIKA &emsp;&emsp; Mira Braovi\u0107a Plav\u0161a, Ivana Boj\u010di\u0107 &emsp;&emsp; Stru\u010dni \u010dlanak &nbsp; SUBJEKT U JAPANSKOM JEZIKU &emsp;&emsp; Darko Matovac &emsp;&emsp; Stru\u010dni \u010dlanak &nbsp; ULOGA ANALIZE POTREBA U IZRADI PROGRAMA NASTAVE STRANOGA JEZIKA (NA PRIMJERU HRVATSKOGA KAO J2) &emsp;&emsp; Lidija Cviki\u0107, Sanda Lucija Udier &emsp;&emsp; Izvorni znanstveni \u010dlanak &nbsp; &hellip; <\/p>\n<p class=\"link-more\"><a href=\"https:\/\/stranijezici.ffzg.unizg.hr\/index.php\/vol37n3\/\" class=\"more-link\">Continue reading<span class=\"screen-reader-text\"> &#8220;Vol 37. (3)&#8221;<\/span><\/a><\/p>\n","protected":false},"author":2,"featured_media":0,"parent":0,"menu_order":0,"comment_status":"closed","ping_status":"closed","template":"","meta":{"ngg_post_thumbnail":0,"footnotes":""},"class_list":["post-1986","page","type-page","status-publish","hentry"],"_links":{"self":[{"href":"https:\/\/stranijezici.ffzg.unizg.hr\/index.php\/wp-json\/wp\/v2\/pages\/1986","targetHints":{"allow":["GET"]}}],"collection":[{"href":"https:\/\/stranijezici.ffzg.unizg.hr\/index.php\/wp-json\/wp\/v2\/pages"}],"about":[{"href":"https:\/\/stranijezici.ffzg.unizg.hr\/index.php\/wp-json\/wp\/v2\/types\/page"}],"author":[{"embeddable":true,"href":"https:\/\/stranijezici.ffzg.unizg.hr\/index.php\/wp-json\/wp\/v2\/users\/2"}],"replies":[{"embeddable":true,"href":"https:\/\/stranijezici.ffzg.unizg.hr\/index.php\/wp-json\/wp\/v2\/comments?post=1986"}],"version-history":[{"count":2,"href":"https:\/\/stranijezici.ffzg.unizg.hr\/index.php\/wp-json\/wp\/v2\/pages\/1986\/revisions"}],"predecessor-version":[{"id":2002,"href":"https:\/\/stranijezici.ffzg.unizg.hr\/index.php\/wp-json\/wp\/v2\/pages\/1986\/revisions\/2002"}],"wp:attachment":[{"href":"https:\/\/stranijezici.ffzg.unizg.hr\/index.php\/wp-json\/wp\/v2\/media?parent=1986"}],"curies":[{"name":"wp","href":"https:\/\/api.w.org\/{rel}","templated":true}]}}