{"id":1926,"date":"2019-12-19T18:30:49","date_gmt":"2019-12-19T18:30:49","guid":{"rendered":"https:\/\/stranijezici.ffzg.unizg.hr\/?page_id=1926"},"modified":"2020-02-07T11:52:23","modified_gmt":"2020-02-07T11:52:23","slug":"vol48n3","status":"publish","type":"page","link":"https:\/\/stranijezici.ffzg.unizg.hr\/index.php\/vol48n3\/","title":{"rendered":"Vol 48. (3)"},"content":{"rendered":"<ul style=\"list-style-type:none\">\n<li><a href=\"https:\/\/stranijezici.ffzg.unizg.hr\/wp-content\/uploads\/2019\/12\/strani_jezici_48_3_1.pdf\" target=\"_blank\"><strong> A COMPARATIVE STUDY ON CRITICAL QUESTIONING SKILLS OF BILINGUAL ADULTS IN L1 AND L2<\/strong><\/a> (str. 119-128)<\/li>\n<ul style=\"list-style-type:none\">\n<li>&emsp;&emsp; Feryal Cubukcu, Vesile Y\u0131ld\u0131z Demirtas<\/li>\n<li>&emsp;&emsp; Izvorni znanstveni \u010dlanak<\/li>\n<\/ul>\n<\/li>\n<p>  &nbsp;<\/p>\n<li><a href=\"https:\/\/stranijezici.ffzg.unizg.hr\/wp-content\/uploads\/2019\/12\/strani_jezici_48_3_2.pdf\" target=\"_blank\"><strong>MULTISENSORY STRUCTURED LEARNING IN LIGHT OF AGE FACTOR: VOCABULARY DEVELOPMENT IN CROATIAN ENGLISH AS A FOREIGN LANGUAGE LEARNERS WITH DYSLEXIA<\/strong><\/a> (str. 129-152)<\/li>\n<ul style=\"list-style-type:none\">\n<li>&emsp;&emsp; Agnieszka Ka\u0142donek-Crnjakovi\u0107<\/li>\n<li>&emsp;&emsp; Izvorni znanstveni \u010dlanak<\/li>\n<\/ul>\n<\/li>\n<p>  &nbsp;<\/p>\n<li><a href=\"https:\/\/stranijezici.ffzg.unizg.hr\/wp-content\/uploads\/2019\/12\/strani_jezici_48_3_3.pdf\" target=\"_blank\"><strong>O GRAFEMSKIM OBILJE\u017dJIMA NA PRIMJERIMA VELIKOGA PO\u010cETNOG I POSEBNIH TIPOVA SLOVA U SLU\u017dBENOM DOPISIVANJU<\/strong><\/a> (str. 153-176)<\/li>\n<ul style=\"list-style-type:none\">\n<li>&emsp;&emsp; Ivana Nardelli Deba\u010d<\/li>\n<li>&emsp;&emsp; Izvorni znanstveni \u010dlanak<\/li>\n<\/ul>\n<\/li>\n<p>  &nbsp;<\/p>\n<li><a href=\"https:\/\/stranijezici.ffzg.unizg.hr\/wp-content\/uploads\/2019\/12\/strani_jezici_48_3_4.pdf\" target=\"_blank\"><strong>PRIKAZ XXXIII. ME\u0110UNARODNOGA ZNANSTVENOG SKUPA HRVATSKOGA DRU\u0160TVA ZA PRIMIJENJENU LINGVISTIKU \u201eZNA\u010cENJE U JEZIKU \u2013 OD INDIVIDUALNOGA DO KOLEKTIVNOGA\u201c<\/strong><\/a> (str. 177-183)<\/li>\n<ul style=\"list-style-type:none\">\n<li>&emsp;&emsp; Vesna De\u017eeljin<\/li>\n<li>&emsp;&emsp;Prikaz<\/li>\n<\/ul>\n<\/li>\n<p>  &nbsp;<\/p>\n<li><a href=\"https:\/\/stranijezici.ffzg.unizg.hr\/wp-content\/uploads\/2019\/12\/strani_jezici_48_3_5.pdf\" target=\"_blank\"><strong>PRIKAZ UD\u017dBENIKA ZA U\u010cENJE POSLOVNOGA ENGLESKOG JEZIKA BUSINESS PARTNER, B2<\/strong><\/a> (str. 185-188)<\/li>\n<ul style=\"list-style-type:none\">\n<li>&emsp;&emsp; Sanja Radmilo Derado<\/li>\n<li>&emsp;&emsp;Prikaz<\/li>\n<\/ul>\n<\/li>\n<p>  &nbsp;<\/p>\n","protected":false},"excerpt":{"rendered":"<p>A COMPARATIVE STUDY ON CRITICAL QUESTIONING SKILLS OF BILINGUAL ADULTS IN L1 AND L2 (str. 119-128) &emsp;&emsp; Feryal Cubukcu, Vesile Y\u0131ld\u0131z Demirtas &emsp;&emsp; Izvorni znanstveni \u010dlanak &nbsp; MULTISENSORY STRUCTURED LEARNING IN LIGHT OF AGE FACTOR: VOCABULARY DEVELOPMENT IN CROATIAN ENGLISH AS A FOREIGN LANGUAGE LEARNERS WITH DYSLEXIA (str. 129-152) &emsp;&emsp; Agnieszka Ka\u0142donek-Crnjakovi\u0107 &emsp;&emsp; Izvorni znanstveni &hellip; <\/p>\n<p class=\"link-more\"><a href=\"https:\/\/stranijezici.ffzg.unizg.hr\/index.php\/vol48n3\/\" class=\"more-link\">Continue reading<span class=\"screen-reader-text\"> &#8220;Vol 48. (3)&#8221;<\/span><\/a><\/p>\n","protected":false},"author":2,"featured_media":0,"parent":0,"menu_order":0,"comment_status":"closed","ping_status":"closed","template":"","meta":{"ngg_post_thumbnail":0,"footnotes":""},"class_list":["post-1926","page","type-page","status-publish","hentry"],"_links":{"self":[{"href":"https:\/\/stranijezici.ffzg.unizg.hr\/index.php\/wp-json\/wp\/v2\/pages\/1926","targetHints":{"allow":["GET"]}}],"collection":[{"href":"https:\/\/stranijezici.ffzg.unizg.hr\/index.php\/wp-json\/wp\/v2\/pages"}],"about":[{"href":"https:\/\/stranijezici.ffzg.unizg.hr\/index.php\/wp-json\/wp\/v2\/types\/page"}],"author":[{"embeddable":true,"href":"https:\/\/stranijezici.ffzg.unizg.hr\/index.php\/wp-json\/wp\/v2\/users\/2"}],"replies":[{"embeddable":true,"href":"https:\/\/stranijezici.ffzg.unizg.hr\/index.php\/wp-json\/wp\/v2\/comments?post=1926"}],"version-history":[{"count":4,"href":"https:\/\/stranijezici.ffzg.unizg.hr\/index.php\/wp-json\/wp\/v2\/pages\/1926\/revisions"}],"predecessor-version":[{"id":1964,"href":"https:\/\/stranijezici.ffzg.unizg.hr\/index.php\/wp-json\/wp\/v2\/pages\/1926\/revisions\/1964"}],"wp:attachment":[{"href":"https:\/\/stranijezici.ffzg.unizg.hr\/index.php\/wp-json\/wp\/v2\/media?parent=1926"}],"curies":[{"name":"wp","href":"https:\/\/api.w.org\/{rel}","templated":true}]}}