{"id":1908,"date":"2019-11-12T19:58:56","date_gmt":"2019-11-12T19:58:56","guid":{"rendered":"https:\/\/stranijezici.ffzg.unizg.hr\/?page_id=1908"},"modified":"2020-02-07T11:53:25","modified_gmt":"2020-02-07T11:53:25","slug":"vol48n1-2","status":"publish","type":"page","link":"https:\/\/stranijezici.ffzg.unizg.hr\/index.php\/vol48n1-2\/","title":{"rendered":"Vol 48. (1-2)"},"content":{"rendered":"<ul style=\"list-style-type:none\">\n<li>\n<h3> <\/h3>\n<\/li>\n<li><a href=\"https:\/\/stranijezici.ffzg.unizg.hr\/wp-content\/uploads\/2019\/11\/strani_jezici_48_1_2_1.pdf\" target=\"_blank\"><strong>POU\u010cAVANJE GRAMATI\u010cKIH KATEGORIJA I NJIHOVIH OBLIKA U OVLADAVANJU HRVATSKIM KAO INIM JEZIKOM<\/strong><\/a> (str.7-23)<\/li>\n<ul style=\"list-style-type:none\">\n<li>&emsp;&emsp; Milvia Gule\u0161i\u0107 Machata, Sanda Lucija Udier <\/li>\n<li>&emsp;&emsp; Izvorni znanstveni \u010dlanak<\/li>\n<\/ul>\n<\/li>\n<p>  &nbsp;<\/p>\n<li>\n<h3> <\/h3>\n<\/li>\n<li><a href=\"https:\/\/stranijezici.ffzg.unizg.hr\/wp-content\/uploads\/2019\/11\/strani_jezici_48_1_2_2-1.pdf\" target=\"_blank\"><strong>SAMOPROCJENA IZGOVORA NEIZVORNIH GOVORNIKA HRVATSKOG JEZIKA<\/strong><\/a> (str.25-40)<\/li>\n<ul style=\"list-style-type:none\">\n<li>&emsp;&emsp; Ivan\u010dica Bankovi\u0107-Mandi\u0107<\/li>\n<li>&emsp;&emsp; Izvorni znanstveni \u010dlanak<\/li>\n<\/ul>\n<\/li>\n<p>  &nbsp;<\/p>\n<li>\n<h3> <\/h3>\n<\/li>\n<li><a href=\"https:\/\/stranijezici.ffzg.unizg.hr\/wp-content\/uploads\/2019\/11\/strani_jezici_48_1_2_3.pdf\" target=\"_blank\"><strong>KONTRASTIVNA ANALIZA UZVIKA NA TALIJANSKOM I HRVATSKOM JEZIKU U WHATSAPP PORUKAMA<\/strong><\/a> (str.41-59)<\/li>\n<ul style=\"list-style-type:none\">\n<li>&emsp;&emsp; Danijela Beri\u0161i\u0107 Anti\u0107<\/li>\n<li>&emsp;&emsp; Izvorni znanstveni \u010dlanak<\/li>\n<\/ul>\n<\/li>\n<p>  &nbsp;<\/p>\n<li>\n<h3> <\/h3>\n<\/li>\n<li><a href=\"https:\/\/stranijezici.ffzg.unizg.hr\/wp-content\/uploads\/2019\/11\/strani_jezici_48_1_2_4.pdf\" target=\"_blank\"><strong>THE ACQUISITION OF SOCIOLINGUISTIC SKILLS OF CROATIAN UNDERGRADUATE STUDENTS OF ITALIAN AS A FOREIGN LANGUAGE<\/strong><\/a> (str.61-75)<\/li>\n<ul style=\"list-style-type:none\">\n<li>&emsp;&emsp; Maria Rugo<\/li>\n<li>&emsp;&emsp; Izvorni znanstveni \u010dlanak<\/li>\n<\/ul>\n<\/li>\n<p>  &nbsp;<\/p>\n<li>\n<h3> <\/h3>\n<\/li>\n<li><a href=\"https:\/\/stranijezici.ffzg.unizg.hr\/wp-content\/uploads\/2019\/11\/strani_jezici_48_1_2_5.pdf\" target=\"_blank\"><strong>IZGUBLJENI U JELOVNIKU: PREVODITELJSKE STRATEGIJE I ME\u0110UJEZI\u010cNI UTJECAJI <\/strong><\/a> (str.77-87)<\/li>\n<ul style=\"list-style-type:none\">\n<li>&emsp;&emsp; Sandra Marde\u0161i\u0107, Vanda Mar\u017ei\u0107-Sabali\u0107<\/li>\n<li>&emsp;&emsp; Izvorni znanstveni \u010dlanak<\/li>\n<\/ul>\n<\/li>\n<p>  &nbsp;<\/p>\n<li>\n<h3> <\/h3>\n<\/li>\n<li><a href=\"https:\/\/stranijezici.ffzg.unizg.hr\/wp-content\/uploads\/2019\/11\/strani_jezici_48_1_2_6.pdf\" target=\"_blank\"><strong>PREVO\u0110ENJE SPECIFI\u010cNIH ELEMENATA POLITI\u010cKE I PRAVNE KULTURE U NJEMA\u010cKOM I HRVATSKOM JEZIKU<\/strong><\/a> (str.89-101)<\/li>\n<ul style=\"list-style-type:none\">\n<li>&emsp;&emsp; Vesna Ivan\u010devi\u0107 Je\u017eek, Monika Blagus<\/li>\n<li>&emsp;&emsp; Pregledni \u010dlanak<\/li>\n<\/ul>\n<\/li>\n<p>  &nbsp;<\/p>\n<li>\n<h3> <\/h3>\n<\/li>\n<li><a href=\"https:\/\/stranijezici.ffzg.unizg.hr\/wp-content\/uploads\/2019\/11\/strani_jezici_48_1_2_7.pdf\" target=\"_blank\"><strong>VJE\u017dBE PREVO\u0110ENJA ZA NEIZVORNE GOVORNIKE HRVATSKOGA JEZIKA<\/strong><\/a> (str.103-110)<\/li>\n<ul style=\"list-style-type:none\">\n<li>&emsp;&emsp; Ninoslav Radakovi\u0107<\/li>\n<li>&emsp;&emsp; Stru\u010dni \u010dlanak<\/li>\n<\/ul>\n<\/li>\n<p>  &nbsp;\n<\/ul>\n","protected":false},"excerpt":{"rendered":"<p>POU\u010cAVANJE GRAMATI\u010cKIH KATEGORIJA I NJIHOVIH OBLIKA U OVLADAVANJU HRVATSKIM KAO INIM JEZIKOM (str.7-23) &emsp;&emsp; Milvia Gule\u0161i\u0107 Machata, Sanda Lucija Udier &emsp;&emsp; Izvorni znanstveni \u010dlanak &nbsp; SAMOPROCJENA IZGOVORA NEIZVORNIH GOVORNIKA HRVATSKOG JEZIKA (str.25-40) &emsp;&emsp; Ivan\u010dica Bankovi\u0107-Mandi\u0107 &emsp;&emsp; Izvorni znanstveni \u010dlanak &nbsp; KONTRASTIVNA ANALIZA UZVIKA NA TALIJANSKOM I HRVATSKOM JEZIKU U WHATSAPP PORUKAMA (str.41-59) &emsp;&emsp; Danijela Beri\u0161i\u0107 &hellip; <\/p>\n<p class=\"link-more\"><a href=\"https:\/\/stranijezici.ffzg.unizg.hr\/index.php\/vol48n1-2\/\" class=\"more-link\">Continue reading<span class=\"screen-reader-text\"> &#8220;Vol 48. (1-2)&#8221;<\/span><\/a><\/p>\n","protected":false},"author":2,"featured_media":0,"parent":0,"menu_order":0,"comment_status":"closed","ping_status":"closed","template":"","meta":{"ngg_post_thumbnail":0,"footnotes":""},"class_list":["post-1908","page","type-page","status-publish","hentry"],"_links":{"self":[{"href":"https:\/\/stranijezici.ffzg.unizg.hr\/index.php\/wp-json\/wp\/v2\/pages\/1908","targetHints":{"allow":["GET"]}}],"collection":[{"href":"https:\/\/stranijezici.ffzg.unizg.hr\/index.php\/wp-json\/wp\/v2\/pages"}],"about":[{"href":"https:\/\/stranijezici.ffzg.unizg.hr\/index.php\/wp-json\/wp\/v2\/types\/page"}],"author":[{"embeddable":true,"href":"https:\/\/stranijezici.ffzg.unizg.hr\/index.php\/wp-json\/wp\/v2\/users\/2"}],"replies":[{"embeddable":true,"href":"https:\/\/stranijezici.ffzg.unizg.hr\/index.php\/wp-json\/wp\/v2\/comments?post=1908"}],"version-history":[{"count":4,"href":"https:\/\/stranijezici.ffzg.unizg.hr\/index.php\/wp-json\/wp\/v2\/pages\/1908\/revisions"}],"predecessor-version":[{"id":1965,"href":"https:\/\/stranijezici.ffzg.unizg.hr\/index.php\/wp-json\/wp\/v2\/pages\/1908\/revisions\/1965"}],"wp:attachment":[{"href":"https:\/\/stranijezici.ffzg.unizg.hr\/index.php\/wp-json\/wp\/v2\/media?parent=1908"}],"curies":[{"name":"wp","href":"https:\/\/api.w.org\/{rel}","templated":true}]}}