{"id":1899,"date":"2019-09-25T14:50:47","date_gmt":"2019-09-25T14:50:47","guid":{"rendered":"https:\/\/stranijezici.ffzg.unizg.hr\/?page_id=1899"},"modified":"2020-02-07T11:53:52","modified_gmt":"2020-02-07T11:53:52","slug":"vol47n4","status":"publish","type":"page","link":"https:\/\/stranijezici.ffzg.unizg.hr\/index.php\/vol47n4\/","title":{"rendered":"Vol 47. (4)"},"content":{"rendered":"<ul style=\"list-style-type:none\">\n<li><a href=\"https:\/\/stranijezici.ffzg.unizg.hr\/wp-content\/uploads\/2019\/09\/strani-jezici-47-4-1.pdf\" target=\"_blank\"><strong>TRANSLATING NEOLOGISMS AND PROPER NOUNS IN<br \/>\nFANTASY FICTION FOR YOUNG ADULTS<\/strong><\/a> (str. 197-219)<\/li>\n<ul style=\"list-style-type:none\">\n<li>&emsp;&emsp; Romana \u010ca\u010dija, Mirjana Markovi\u0107<\/li>\n<li>&emsp;&emsp; Izvorni znanstveni \u010dlanak<\/li>\n<\/ul>\n<\/li>\n<p>  &nbsp;<\/p>\n<li><a href=\"https:\/\/stranijezici.ffzg.unizg.hr\/wp-content\/uploads\/2019\/09\/strani-jezici-47-4-2.pdf\" target=\"_blank\"><strong>CORPATT: A SCALE FOR MEASURING ATTITUDES<br \/>\nTOWARDS CORPUS USE<\/strong><\/a> (str. 221-242)<\/li>\n<ul style=\"list-style-type:none\">\n<li>&emsp;&emsp; Sanja Marinov <\/li>\n<li>&emsp;&emsp; Izvorni znanstveni \u010dlanak<\/li>\n<\/ul>\n<\/li>\n<p>  &nbsp;<\/p>\n<li><a href=\"https:\/\/stranijezici.ffzg.unizg.hr\/wp-content\/uploads\/2019\/09\/strani-jezici-47-4-3.pdf\" target=\"_blank\"><strong>STRAH OD \u010cITANJA NA NJEMA\u010cKOME KAO STRANOME JEZIKU<\/strong><\/a> (str. 243-264)<\/li>\n<ul style=\"list-style-type:none\">\n<li>&emsp;&emsp; Ivana Mati\u0107<\/li>\n<li>&emsp;&emsp; Izvorni znanstveni \u010dlanak<\/li>\n<\/ul>\n<\/li>\n<p>  &nbsp;<\/p>\n<li><a href=\"https:\/\/stranijezici.ffzg.unizg.hr\/wp-content\/uploads\/2019\/09\/strani-jezici-47-4-4.pdf\" target=\"_blank\"><strong>USING LITERARY TEXTS FOR THE DEVELOPMENT<br \/>\nOF FOREIGN LANGUAGE LEARNERS\u2019 INTERCULTURAL COMPETENCE<\/strong><\/a> (str. 265-277)<\/li>\n<ul style=\"list-style-type:none\">\n<li>&emsp;&emsp; Leonarda Lovrovi\u0107, Cathy-Theresa Kolega<\/li>\n<li>&emsp;&emsp; Pregledni \u010dlanak<\/li>\n<\/ul>\n<\/li>\n<p>  &nbsp;<\/p>\n","protected":false},"excerpt":{"rendered":"<p>TRANSLATING NEOLOGISMS AND PROPER NOUNS IN FANTASY FICTION FOR YOUNG ADULTS (str. 197-219) &emsp;&emsp; Romana \u010ca\u010dija, Mirjana Markovi\u0107 &emsp;&emsp; Izvorni znanstveni \u010dlanak &nbsp; CORPATT: A SCALE FOR MEASURING ATTITUDES TOWARDS CORPUS USE (str. 221-242) &emsp;&emsp; Sanja Marinov &emsp;&emsp; Izvorni znanstveni \u010dlanak &nbsp; STRAH OD \u010cITANJA NA NJEMA\u010cKOME KAO STRANOME JEZIKU (str. 243-264) &emsp;&emsp; Ivana Mati\u0107 &hellip; <\/p>\n<p class=\"link-more\"><a href=\"https:\/\/stranijezici.ffzg.unizg.hr\/index.php\/vol47n4\/\" class=\"more-link\">Continue reading<span class=\"screen-reader-text\"> &#8220;Vol 47. (4)&#8221;<\/span><\/a><\/p>\n","protected":false},"author":2,"featured_media":0,"parent":0,"menu_order":0,"comment_status":"closed","ping_status":"closed","template":"","meta":{"ngg_post_thumbnail":0,"footnotes":""},"class_list":["post-1899","page","type-page","status-publish","hentry"],"_links":{"self":[{"href":"https:\/\/stranijezici.ffzg.unizg.hr\/index.php\/wp-json\/wp\/v2\/pages\/1899","targetHints":{"allow":["GET"]}}],"collection":[{"href":"https:\/\/stranijezici.ffzg.unizg.hr\/index.php\/wp-json\/wp\/v2\/pages"}],"about":[{"href":"https:\/\/stranijezici.ffzg.unizg.hr\/index.php\/wp-json\/wp\/v2\/types\/page"}],"author":[{"embeddable":true,"href":"https:\/\/stranijezici.ffzg.unizg.hr\/index.php\/wp-json\/wp\/v2\/users\/2"}],"replies":[{"embeddable":true,"href":"https:\/\/stranijezici.ffzg.unizg.hr\/index.php\/wp-json\/wp\/v2\/comments?post=1899"}],"version-history":[{"count":2,"href":"https:\/\/stranijezici.ffzg.unizg.hr\/index.php\/wp-json\/wp\/v2\/pages\/1899\/revisions"}],"predecessor-version":[{"id":1966,"href":"https:\/\/stranijezici.ffzg.unizg.hr\/index.php\/wp-json\/wp\/v2\/pages\/1899\/revisions\/1966"}],"wp:attachment":[{"href":"https:\/\/stranijezici.ffzg.unizg.hr\/index.php\/wp-json\/wp\/v2\/media?parent=1899"}],"curies":[{"name":"wp","href":"https:\/\/api.w.org\/{rel}","templated":true}]}}