{"id":1648,"date":"2019-02-08T14:33:05","date_gmt":"2019-02-08T14:33:05","guid":{"rendered":"https:\/\/stranijezici.ffzg.unizg.hr\/?page_id=1648"},"modified":"2020-02-07T00:54:45","modified_gmt":"2020-02-07T00:54:45","slug":"vol46n4","status":"publish","type":"page","link":"https:\/\/stranijezici.ffzg.unizg.hr\/index.php\/vol46n4\/","title":{"rendered":"Vol 46. (4)"},"content":{"rendered":"<ul style=\"list-style-type: none;\">\n<li style=\"list-style-type: none\">\n<ul style=\"list-style-type: none;\">\n<li><a href=\"https:\/\/stranijezici.ffzg.unizg.hr\/wp-content\/uploads\/2019\/10\/46-4-INMEMORIUM.pdf\" target=\"_blank\" rel=\"noopener\"><strong>IN MEMORIAM: Sanja \u010curkovi\u0107 Kalebi\u0107 (1958.-2018.)<\/strong><\/a>\n<ul style=\"list-style-type: none;\">\n<li> Danijela \u0160egedin Borovina, Mirjana Semren <\/li>\n<\/ul>\n<\/li>\n<\/ul>\n<\/li>\n<\/ul>\n<p>&nbsp;<\/p>\n<ul style=\"list-style-type: none;\">\n<li style=\"list-style-type: none\">\n<ul style=\"list-style-type: none;\">\n<li><a href=\"https:\/\/stranijezici.ffzg.unizg.hr\/wp-content\/uploads\/2019\/02\/strani_jezici_46_4_1.pdf\" target=\"_blank\" rel=\"noopener\"><strong>RODITELJ HELIKOPTER: (NE)POTREBAN KALK<\/strong><\/a> (str. 11-36)\n<ul style=\"list-style-type: none;\">\n<li>\u2003\u2003 Ivana Marinic\u0301, Vis\u030cnja Pavic\u030cic\u0301 Takac\u030c<\/li>\n<li>\u2003\u2003 Izvorni znanstveni \u010dlanak<\/li>\n<\/ul>\n<\/li>\n<\/ul>\n<\/li>\n<\/ul>\n<p>&nbsp;<\/p>\n<ul style=\"list-style-type: none;\">\n<li style=\"list-style-type: none\">\n<ul style=\"list-style-type: none;\">\n<li><a href=\"https:\/\/stranijezici.ffzg.unizg.hr\/wp-content\/uploads\/2019\/02\/strani_jezici_46_4_2.pdf\" target=\"_blank\" rel=\"noopener\"><strong>C\u030cAJ I KAVA U RUSKIM POSLOVICAMA<\/strong><\/a> (str. 37-48)\n<ul style=\"list-style-type: none;\">\n<li>\u2003\u2003 Marija Popovic\u0301 <\/li>\n<li>\u2003\u2003 Izvorni znanstveni \u010dlanak<\/li>\n<\/ul>\n<\/li>\n<\/ul>\n<\/li>\n<\/ul>\n<p>&nbsp;<\/p>\n<ul style=\"list-style-type: none;\">\n<li style=\"list-style-type: none\">\n<ul style=\"list-style-type: none;\">\n<li><a href=\"https:\/\/stranijezici.ffzg.unizg.hr\/wp-content\/uploads\/2019\/02\/strani_jezici_46_4_3.pdf\" target=\"_blank\" rel=\"noopener\"><strong>AN INTERLANGUAGE PRAGMATIC STUDY OF POLITENESS STRATEGIES IN TURKISH AND ENGLISH<\/strong><\/a> (str. 49-57)\n<ul style=\"list-style-type: none;\">\n<li>\u2003\u2003 Feryal Cubukcu <\/li>\n<li>\u2003\u2003 Izvorni znanstveni \u010dlanak<\/li>\n<\/ul>\n<\/li>\n<\/ul>\n<\/li>\n<\/ul>\n<p>&nbsp;<\/p>\n<ul style=\"list-style-type: none;\">\n<li style=\"list-style-type: none\">\n<ul style=\"list-style-type: none;\">\n<li><a href=\"https:\/\/stranijezici.ffzg.unizg.hr\/wp-content\/uploads\/2019\/02\/strani_jezici_46_4_4.pdf\" target=\"_blank\" rel=\"noopener\"><strong>JEZIC\u030cNA DJELATNOST PISANJA U OSNOVNOS\u030cKOLSKOJ NASTAVI HRVATSKOGA JEZIKA<\/strong><\/a> (str. 59-71)\n<ul style=\"list-style-type: none;\">\n<li>\u2003\u2003 Katarina Aladrovic\u0301 Slovac\u030cek <\/li>\n<li>\u2003\u2003 Pregledni \u010dlanak<\/li>\n<\/ul>\n<\/li>\n<\/ul>\n<\/li>\n<\/ul>\n<p>&nbsp;<\/p>\n<ul style=\"list-style-type: none;\">\n<li style=\"list-style-type: none\">\n<ul style=\"list-style-type: none;\">\n<li><a href=\"https:\/\/stranijezici.ffzg.unizg.hr\/wp-content\/uploads\/2019\/02\/strani_jezici_46_4_5.pdf\" target=\"_blank\" rel=\"noopener\"><strong>PRIKAZ \u201eSTRUC\u030cNOG I ZNANSTVENOG SAVJETOVANJA ZA LEKTORE HRVATSKOGA KAO INOGA JEZIKA\u201c (SIH)<\/strong><\/a> (str. 73-76)\n<ul style=\"list-style-type: none;\">\n<li>\u2003\u2003 Vesna Dez\u030celjin<\/li>\n<li>\u2003\u2003 Prikaz<\/li>\n<\/ul>\n<\/li>\n<\/ul>\n<\/li>\n<\/ul>\n<p>&nbsp;<\/p>\n","protected":false},"excerpt":{"rendered":"<p>IN MEMORIAM: Sanja \u010curkovi\u0107 Kalebi\u0107 (1958.-2018.) Danijela \u0160egedin Borovina, Mirjana Semren &nbsp; RODITELJ HELIKOPTER: (NE)POTREBAN KALK (str. 11-36) \u2003\u2003 Ivana Marinic\u0301, Vis\u030cnja Pavic\u030cic\u0301 Takac\u030c \u2003\u2003 Izvorni znanstveni \u010dlanak &nbsp; C\u030cAJ I KAVA U RUSKIM POSLOVICAMA (str. 37-48) \u2003\u2003 Marija Popovic\u0301 \u2003\u2003 Izvorni znanstveni \u010dlanak &nbsp; AN INTERLANGUAGE PRAGMATIC STUDY OF POLITENESS STRATEGIES IN TURKISH AND &hellip; <\/p>\n<p class=\"link-more\"><a href=\"https:\/\/stranijezici.ffzg.unizg.hr\/index.php\/vol46n4\/\" class=\"more-link\">Continue reading<span class=\"screen-reader-text\"> &#8220;Vol 46. (4)&#8221;<\/span><\/a><\/p>\n","protected":false},"author":2,"featured_media":0,"parent":0,"menu_order":0,"comment_status":"closed","ping_status":"closed","template":"","meta":{"ngg_post_thumbnail":0,"footnotes":""},"class_list":["post-1648","page","type-page","status-publish","hentry"],"_links":{"self":[{"href":"https:\/\/stranijezici.ffzg.unizg.hr\/index.php\/wp-json\/wp\/v2\/pages\/1648","targetHints":{"allow":["GET"]}}],"collection":[{"href":"https:\/\/stranijezici.ffzg.unizg.hr\/index.php\/wp-json\/wp\/v2\/pages"}],"about":[{"href":"https:\/\/stranijezici.ffzg.unizg.hr\/index.php\/wp-json\/wp\/v2\/types\/page"}],"author":[{"embeddable":true,"href":"https:\/\/stranijezici.ffzg.unizg.hr\/index.php\/wp-json\/wp\/v2\/users\/2"}],"replies":[{"embeddable":true,"href":"https:\/\/stranijezici.ffzg.unizg.hr\/index.php\/wp-json\/wp\/v2\/comments?post=1648"}],"version-history":[{"count":6,"href":"https:\/\/stranijezici.ffzg.unizg.hr\/index.php\/wp-json\/wp\/v2\/pages\/1648\/revisions"}],"predecessor-version":[{"id":1970,"href":"https:\/\/stranijezici.ffzg.unizg.hr\/index.php\/wp-json\/wp\/v2\/pages\/1648\/revisions\/1970"}],"wp:attachment":[{"href":"https:\/\/stranijezici.ffzg.unizg.hr\/index.php\/wp-json\/wp\/v2\/media?parent=1648"}],"curies":[{"name":"wp","href":"https:\/\/api.w.org\/{rel}","templated":true}]}}