{"id":1601,"date":"2018-12-22T13:46:12","date_gmt":"2018-12-22T13:46:12","guid":{"rendered":"https:\/\/stranijezici.ffzg.unizg.hr\/?page_id=1601"},"modified":"2018-12-22T16:14:07","modified_gmt":"2018-12-22T16:14:07","slug":"vol43n1","status":"publish","type":"page","link":"https:\/\/stranijezici.ffzg.unizg.hr\/index.php\/vol43n1\/","title":{"rendered":"Vol 43. (1)"},"content":{"rendered":"<ul style=\"list-style-type:none\">\n<li><a href=\"https:\/\/stranijezici.ffzg.unizg.hr\/wp-content\/uploads\/2018\/12\/sj-43_1str3.pdf\" target=\"_blank\"><strong>UVODNA RIJE\u010c<\/strong><\/a> (str. 2)<\/li>\n<p>  &nbsp;<\/p>\n<li><a href=\"https:\/\/stranijezici.ffzg.unizg.hr\/wp-content\/uploads\/2018\/12\/sj-43_1str4-19.pdf\" target=\"_blank\"><strong>KRITERIJI ZA ANALIZU I VREDNOVANJE UD\u017dBENIKA STRANOGA JEZIKA S ASPEKTA RAZVOJNE PRIMJERENOSTI TEMA<\/strong><\/a> (str. 3)<\/li>\n<ul style=\"list-style-type:none\">\n<li>&emsp;&emsp; Nata\u0161a Ko\u0161uta<\/li>\n<li>&emsp;&emsp; Izvorni znanstveni \u010dlanak<\/li>\n<\/ul>\n<\/li>\n<p>  &nbsp;<\/p>\n<li><a href=\"https:\/\/stranijezici.ffzg.unizg.hr\/wp-content\/uploads\/2018\/12\/sj-43_1str20-49.pdf\" target=\"_blank\"><strong>OVLADAVANJE IMPERFEKTOM U NASTAVI TALIJANSKOG JEZIKA<\/strong><\/a> (str. 19)<\/li>\n<ul style=\"list-style-type:none\">\n<li>&emsp;&emsp; Manuela Kotlar, Danijela Bari\u0161i\u0107 Anti\u0107<\/li>\n<li>&emsp;&emsp; Prethodno priop\u0107enje<\/li>\n<\/ul>\n<\/li>\n<p>  &nbsp;<\/p>\n<li><a href=\"https:\/\/stranijezici.ffzg.unizg.hr\/wp-content\/uploads\/2018\/12\/sj-43_1str50-61.pdf\" target=\"_blank\"><strong>FACHSPRACHENDIDAKTIK AUF DER HOCHSCHULEBENE &#8211; ZIELSETZUNG UND HERAUSFORDERUNGEN<\/strong><\/a> (str. 49)<\/li>\n<ul style=\"list-style-type:none\">\n<li>&emsp;&emsp; Dragica Bukov\u010dan<\/li>\n<li>&emsp;&emsp; Pregledni \u010dlanak<\/li>\n<\/ul>\n<\/li>\n<p>  &nbsp;<\/p>\n<li><a href=\"https:\/\/stranijezici.ffzg.unizg.hr\/wp-content\/uploads\/2018\/12\/sj-43_1str62-66.pdf\" target=\"_blank\"><strong>PRIKAZ PRIRU\u010cNIKA <em>ENGLISH FOR COMMUNICATION MANAGEMENT 1<\/em><\/strong><\/a> (str. 61)<\/li>\n<ul style=\"list-style-type:none\">\n<li>&emsp;&emsp; Klara Bili\u0107 Me\u0161tri\u0107<\/li>\n<li>&emsp;&emsp; Prikaz<\/li>\n<\/ul>\n<\/li>\n<p>  &nbsp;<\/p>\n<li><a href=\"https:\/\/stranijezici.ffzg.unizg.hr\/wp-content\/uploads\/2018\/12\/sj-43_1str67-68.pdf\" target=\"_blank\"><strong>PRIKAZ UD\u017dBENIKA <em>RAZGOVARAJTE S NAMA B2-C1<\/em><\/strong><\/a> (str. 66)<\/li>\n<ul style=\"list-style-type:none\">\n<li>&emsp;&emsp; Dinka Pasini<\/li>\n<li>&emsp;&emsp; <\/li>\n<\/ul>\n<\/li>\n<p>  &nbsp;<\/p>\n<li><a href=\"https:\/\/stranijezici.ffzg.unizg.hr\/wp-content\/uploads\/2018\/12\/sj-43_1str69-70.pdf\" target=\"_blank\"><strong>XXVIII. ME\u0110UNARODNI ZNANSTVENI SKUP HRVATSKOG DRU\u0160TVA ZA PRIMIJENJENU LINGVISTIKU <em>&#8220;VI\u0160EJEZI\u010cNOST KAO PREDMET MULTIDISCIPLINARNIH ISTRA\u017dIVANJA&#8221;<\/em><\/strong><\/a> (str. 68)<\/li>\n<ul style=\"list-style-type:none\">\n<li>&emsp;&emsp; Vesna De\u017eeljin<\/li>\n<li>&emsp;&emsp; <\/li>\n<\/ul>\n<\/li>\n<p>  &nbsp;<\/p>\n<li><a href=\"https:\/\/stranijezici.ffzg.unizg.hr\/wp-content\/uploads\/2018\/12\/sj-43_1str71-73.pdf\" target=\"_blank\"><strong>ME\u0110UNARODNI ZNANSTVENI SKUP <em>&#8220;CONTATTO INTERLINGUISTICO FRA PRESENTE E PASSATO&#8221;<\/em>, PESCARA (ITALIJA)<\/strong><\/a> (str. 70)<\/li>\n<ul style=\"list-style-type:none\">\n<li>&emsp;&emsp; Vesna De\u017eeljin<\/li>\n<li>&emsp;&emsp; <\/li>\n<\/ul>\n<\/li>\n<p>  &nbsp;\n<\/ul>\n","protected":false},"excerpt":{"rendered":"<p>UVODNA RIJE\u010c (str. 2) &nbsp; KRITERIJI ZA ANALIZU I VREDNOVANJE UD\u017dBENIKA STRANOGA JEZIKA S ASPEKTA RAZVOJNE PRIMJERENOSTI TEMA (str. 3) &emsp;&emsp; Nata\u0161a Ko\u0161uta &emsp;&emsp; Izvorni znanstveni \u010dlanak &nbsp; OVLADAVANJE IMPERFEKTOM U NASTAVI TALIJANSKOG JEZIKA (str. 19) &emsp;&emsp; Manuela Kotlar, Danijela Bari\u0161i\u0107 Anti\u0107 &emsp;&emsp; Prethodno priop\u0107enje &nbsp; FACHSPRACHENDIDAKTIK AUF DER HOCHSCHULEBENE &#8211; ZIELSETZUNG UND HERAUSFORDERUNGEN (str. &hellip; <\/p>\n<p class=\"link-more\"><a href=\"https:\/\/stranijezici.ffzg.unizg.hr\/index.php\/vol43n1\/\" class=\"more-link\">Continue reading<span class=\"screen-reader-text\"> &#8220;Vol 43. (1)&#8221;<\/span><\/a><\/p>\n","protected":false},"author":2,"featured_media":0,"parent":0,"menu_order":0,"comment_status":"closed","ping_status":"closed","template":"","meta":{"ngg_post_thumbnail":0,"footnotes":""},"class_list":["post-1601","page","type-page","status-publish","hentry"],"_links":{"self":[{"href":"https:\/\/stranijezici.ffzg.unizg.hr\/index.php\/wp-json\/wp\/v2\/pages\/1601","targetHints":{"allow":["GET"]}}],"collection":[{"href":"https:\/\/stranijezici.ffzg.unizg.hr\/index.php\/wp-json\/wp\/v2\/pages"}],"about":[{"href":"https:\/\/stranijezici.ffzg.unizg.hr\/index.php\/wp-json\/wp\/v2\/types\/page"}],"author":[{"embeddable":true,"href":"https:\/\/stranijezici.ffzg.unizg.hr\/index.php\/wp-json\/wp\/v2\/users\/2"}],"replies":[{"embeddable":true,"href":"https:\/\/stranijezici.ffzg.unizg.hr\/index.php\/wp-json\/wp\/v2\/comments?post=1601"}],"version-history":[{"count":4,"href":"https:\/\/stranijezici.ffzg.unizg.hr\/index.php\/wp-json\/wp\/v2\/pages\/1601\/revisions"}],"predecessor-version":[{"id":1621,"href":"https:\/\/stranijezici.ffzg.unizg.hr\/index.php\/wp-json\/wp\/v2\/pages\/1601\/revisions\/1621"}],"wp:attachment":[{"href":"https:\/\/stranijezici.ffzg.unizg.hr\/index.php\/wp-json\/wp\/v2\/media?parent=1601"}],"curies":[{"name":"wp","href":"https:\/\/api.w.org\/{rel}","templated":true}]}}