{"id":1513,"date":"2018-12-11T18:21:24","date_gmt":"2018-12-11T18:21:24","guid":{"rendered":"https:\/\/stranijezici.ffzg.unizg.hr\/?page_id=1513"},"modified":"2022-07-08T16:26:23","modified_gmt":"2022-07-08T16:26:23","slug":"vol13n1-2","status":"publish","type":"page","link":"https:\/\/stranijezici.ffzg.unizg.hr\/index.php\/vol13n1-2\/","title":{"rendered":"Vol 13. (1-2)"},"content":{"rendered":"<p><span style=\"color: #307068; font-size: 10pt;\"><strong>1984., Vol 13. (1-2)<\/strong><\/span><\/p>\n<ul style=\"list-style-type: none;\">\n<li style=\"list-style-type: none;\">\n<ul style=\"list-style-type: none;\">\n<li><strong><a href=\"https:\/\/stranijezici.ffzg.unizg.hr\/wp-content\/uploads\/2022\/06\/SJ_13_1-2_0.pdf\">UVODNA RIJE\u010c<\/a><\/strong> (str. 1)<br \/>\nA. Naki\u0107<\/li>\n<\/ul>\n<\/li>\n<\/ul>\n<p>&nbsp;<\/p>\n<ul style=\"list-style-type: none;\">\n<li style=\"list-style-type: none;\">\n<ul style=\"list-style-type: none;\">\n<li><strong><a href=\"https:\/\/stranijezici.ffzg.unizg.hr\/wp-content\/uploads\/2022\/06\/SJ_13_1-2_0.pdf\">OTVORENO PISMO NASTAVNICIMA STRANIH JEZIKA<\/a><\/strong> (str. 1)<\/li>\n<\/ul>\n<\/li>\n<\/ul>\n<p>&nbsp;<\/p>\n<ul style=\"list-style-type: none;\">\n<li style=\"list-style-type: none;\">\n<ul style=\"list-style-type: none;\">\n<li>\n<h3>Lingvistika<\/h3>\n<\/li>\n<li><strong><a href=\"https:\/\/stranijezici.ffzg.unizg.hr\/wp-content\/uploads\/2022\/07\/SJ_13_1-2_1.pdf\">KONTRASTIVNE BILJE\u0160KE O SEMANTI\u010cKIM, PRAGMATI\u010cKIM I SINTAKTI\u010cKIM ASPEKTIMA IZRAZA ZA RESTRIKCIJU U HRVATSKO-SRPSKOM I TALIJANSKOM<\/a><\/strong> (str. 4)\n<ul style=\"list-style-type: none;\">\n<li>\u2003\u2003 Pavao Tekav\u010di\u0107<\/li>\n<li><\/li>\n<\/ul>\n<\/li>\n<\/ul>\n<\/li>\n<\/ul>\n<p>&nbsp;<\/p>\n<ul style=\"list-style-type: none;\">\n<li style=\"list-style-type: none;\">\n<ul style=\"list-style-type: none;\">\n<li><strong><a href=\"https:\/\/stranijezici.ffzg.unizg.hr\/wp-content\/uploads\/2022\/07\/SJ_13_1-2_2.pdf\"> &gt;&gt;GRAMATIKA RE\u010cI&lt;&lt; U DVOJEZI\u010cNIM RE\u010cNICIMA<\/a><\/strong> (str. 21)\n<ul style=\"list-style-type: none;\">\n<li>\u2003\u2003 Ljubomir Mihailovi\u0107<\/li>\n<li><\/li>\n<\/ul>\n<\/li>\n<\/ul>\n<\/li>\n<\/ul>\n<p>&nbsp;<\/p>\n<ul style=\"list-style-type: none;\">\n<li style=\"list-style-type: none;\">\n<ul style=\"list-style-type: none;\">\n<li><strong><a href=\"https:\/\/stranijezici.ffzg.unizg.hr\/wp-content\/uploads\/2022\/07\/SJ_13_1-2_3.pdf\">\u010cESTICE ILI POSTFIKSI<\/a><\/strong> (str. 26)\n<ul style=\"list-style-type: none;\">\n<li>\u2003\u2003 Milenko Popovi\u0107<\/li>\n<li><\/li>\n<\/ul>\n<\/li>\n<\/ul>\n<\/li>\n<\/ul>\n<p>&nbsp;<\/p>\n<ul style=\"list-style-type: none;\">\n<li style=\"list-style-type: none;\">\n<ul style=\"list-style-type: none;\">\n<li><strong><a href=\"https:\/\/stranijezici.ffzg.unizg.hr\/wp-content\/uploads\/2022\/07\/SJ_13_1-2_4.pdf\">NEKE NEZAMJENJIVA\u010cKE UPOTREBE LI\u010cNIH ZAMJENICA U SAVREMENOM ENGLESKOM JEZIKU<\/a><\/strong> (str. 29)\n<ul style=\"list-style-type: none;\">\n<li>\u2003\u2003 Sne\u017eana Bilbija<\/li>\n<li><\/li>\n<\/ul>\n<\/li>\n<\/ul>\n<\/li>\n<\/ul>\n<p>&nbsp;<\/p>\n<ul style=\"list-style-type: none;\">\n<li style=\"list-style-type: none;\">\n<ul style=\"list-style-type: none;\">\n<li><strong><a href=\"https:\/\/stranijezici.ffzg.unizg.hr\/wp-content\/uploads\/2022\/07\/SJ_13_1-2_5.pdf\">\u017dENE I MU\u0160KARCI U UD\u017dBENICIMA STRANIH JEZIKA<\/a><\/strong> (str. 35)\n<ul style=\"list-style-type: none;\">\n<li>\u2003\u2003 Vlasta Erdeljac<\/li>\n<li><\/li>\n<\/ul>\n<\/li>\n<\/ul>\n<\/li>\n<\/ul>\n<p>&nbsp;<\/p>\n<ul style=\"list-style-type: none;\">\n<li style=\"list-style-type: none;\">\n<ul style=\"list-style-type: none;\">\n<li>\n<h3>Iz knji\u017eevnosti<\/h3>\n<\/li>\n<li><strong><a href=\"https:\/\/stranijezici.ffzg.unizg.hr\/wp-content\/uploads\/2022\/07\/SJ_13_1-2_6.pdf\">FRANZ KAFKA 1883-1983. <\/a><\/strong> (str. 41)\n<ul style=\"list-style-type: none;\">\n<li>\u2003\u2003 Dragutin Horvat<\/li>\n<li><\/li>\n<\/ul>\n<\/li>\n<\/ul>\n<\/li>\n<\/ul>\n<p>&nbsp;<\/p>\n<ul style=\"list-style-type: none;\">\n<li style=\"list-style-type: none;\">\n<ul style=\"list-style-type: none;\">\n<li>\n<h3>Metodika<\/h3>\n<\/li>\n<li><strong><a href=\"https:\/\/stranijezici.ffzg.unizg.hr\/wp-content\/uploads\/2022\/07\/SJ_13_1-2_7.pdf\">NOVITETI U FRANCUSKIM DIDAKTI\u010cKIM MATERIJALIMA ZA PODU\u010cAVANJE FRANCUSKOG KAO STRANOG JEZIKA<\/a><\/strong> (str. 45)\n<ul style=\"list-style-type: none;\">\n<li>\u2003\u2003 Ivana Batu\u0161i\u0107<\/li>\n<li><\/li>\n<\/ul>\n<\/li>\n<\/ul>\n<\/li>\n<\/ul>\n<p>&nbsp;<\/p>\n<ul style=\"list-style-type: none;\">\n<li style=\"list-style-type: none;\">\n<ul style=\"list-style-type: none;\">\n<li><strong><a href=\"https:\/\/stranijezici.ffzg.unizg.hr\/wp-content\/uploads\/2022\/07\/SJ_13_1-2_8.pdf\">INTENZIVNA NASTAVA STRANIH JEZIKA<\/a><\/strong> (str. 53)\n<ul style=\"list-style-type: none;\">\n<li>\u2003\u2003 Irena Rosandi\u0107<\/li>\n<li><\/li>\n<\/ul>\n<\/li>\n<\/ul>\n<\/li>\n<\/ul>\n<p>&nbsp;<\/p>\n<ul style=\"list-style-type: none;\">\n<li style=\"list-style-type: none;\">\n<ul style=\"list-style-type: none;\">\n<li>\n<h3>\u017diva rije\u010d<\/h3>\n<\/li>\n<li><strong><a href=\"https:\/\/stranijezici.ffzg.unizg.hr\/wp-content\/uploads\/2022\/07\/SJ_13_1-2_9.pdf\">CHAQUE MOT \u00c0 SA PLACE<\/a><\/strong> (str. 58)\n<ul style=\"list-style-type: none;\">\n<li>\u2003\u2003 Nata\u0161a Despotovi\u0107<\/li>\n<li><\/li>\n<\/ul>\n<\/li>\n<\/ul>\n<\/li>\n<\/ul>\n<p>&nbsp;<\/p>\n<ul style=\"list-style-type: none;\">\n<li style=\"list-style-type: none;\">\n<ul style=\"list-style-type: none;\">\n<li><strong><a href=\"https:\/\/stranijezici.ffzg.unizg.hr\/wp-content\/uploads\/2022\/07\/SJ_13_1-2_10.pdf\">\u0421\u041b\u041e\u0412\u0410-\u0412\u0421\u041c\u0410\u0412\u041a\u0418 \u0412 \u0420\u0423\u0421\u041a\u041e\u0419 \u0420\u0410\u0417\u0413\u041e\u0412\u041e\u0420\u041d\u041e\u0419 \u0420\u0415\u0427\u0418<\/a><\/strong> (str. 62)\n<ul style=\"list-style-type: none;\">\n<li>\u2003\u2003 Milica Bukarica, Renata Volos<\/li>\n<li><\/li>\n<\/ul>\n<\/li>\n<\/ul>\n<\/li>\n<\/ul>\n<p>&nbsp;<\/p>\n<ul style=\"list-style-type: none;\">\n<li style=\"list-style-type: none;\">\n<ul style=\"list-style-type: none;\">\n<li>\n<h3>Na\u0161a iskustva<\/h3>\n<\/li>\n<li><strong><a href=\"https:\/\/stranijezici.ffzg.unizg.hr\/wp-content\/uploads\/2022\/07\/SJ_13_1-2_11.pdf\">RAZGOVORI O ENGLESKOM JEZIKU &#8211; ISKUSTVA U PRIMJENI PRIRU\u010cNIKA ZA U\u010cENIKE IV, V I VI RAZREDA OSNOVNE \u0160KOLE<\/a><\/strong> (str. 71)\n<ul style=\"list-style-type: none;\">\n<li>\u2003\u2003 Verica Zori\u0107<\/li>\n<li><\/li>\n<\/ul>\n<\/li>\n<\/ul>\n<\/li>\n<\/ul>\n<p>&nbsp;<\/p>\n<ul style=\"list-style-type: none;\">\n<li style=\"list-style-type: none;\">\n<ul style=\"list-style-type: none;\">\n<li><strong><a href=\"https:\/\/stranijezici.ffzg.unizg.hr\/wp-content\/uploads\/2022\/07\/SJ_13_1-2_12.pdf\">LITERATURA U NASTAVI NJEMA\u010cKOG JEZIKA NA PRVA DVA PO\u010cETNA STUPNJA \u0160KOLE STRANIH JEZIKA<\/a><\/strong> (str. 76)\n<ul style=\"list-style-type: none;\">\n<li>\u2003\u2003 Helga Smodi\u0107-Tretinjak<\/li>\n<li><\/li>\n<\/ul>\n<\/li>\n<\/ul>\n<\/li>\n<\/ul>\n<p>&nbsp;<\/p>\n<ul style=\"list-style-type: none;\">\n<li style=\"list-style-type: none;\">\n<ul style=\"list-style-type: none;\">\n<li><strong><a href=\"https:\/\/stranijezici.ffzg.unizg.hr\/wp-content\/uploads\/2022\/07\/SJ_13_1-2_13.pdf\">POKU\u0160AJ RADA NA KNJI\u017dEVNOM TEKSTU<\/a><\/strong> (str. 81)\n<ul style=\"list-style-type: none;\">\n<li>\u2003\u2003 Melita Miholek<\/li>\n<li><\/li>\n<\/ul>\n<\/li>\n<\/ul>\n<\/li>\n<\/ul>\n<p>&nbsp;<\/p>\n<ul style=\"list-style-type: none;\">\n<li style=\"list-style-type: none;\">\n<ul style=\"list-style-type: none;\">\n<li>\n<h3>Prikazi knjiga i \u010dasopisa<\/h3>\n<\/li>\n<li><strong><a href=\"https:\/\/stranijezici.ffzg.unizg.hr\/wp-content\/uploads\/2022\/07\/SJ_13_1-2_14.pdf\">JEDNI GRIJE\u0160E, DRUGI ISPRAVLJAJU, A ENGLESKI TE\u010cE DALJE, THE SPOKEN WORD, A BBC GUIDE<\/a><\/strong> (str. 86)\n<ul style=\"list-style-type: none;\">\n<li>\u2003\u2003 Damir Kalogjera<\/li>\n<li><\/li>\n<\/ul>\n<\/li>\n<\/ul>\n<\/li>\n<\/ul>\n<p>&nbsp;<\/p>\n<ul style=\"list-style-type: none;\">\n<li style=\"list-style-type: none;\">\n<ul style=\"list-style-type: none;\">\n<li><strong><a href=\"https:\/\/stranijezici.ffzg.unizg.hr\/wp-content\/uploads\/2022\/07\/SJ_13_1-2_15.pdf\">\u017dELJKO BUJAS, HRVATSKO ILI SRPSKO-ENGLESKI ENCIKLOPEDIJSKI RJE\u010cNIK<\/a><\/strong> (str. 90)\n<ul style=\"list-style-type: none;\">\n<li>\u2003\u2003 Maja Bratani\u0107<\/li>\n<li><\/li>\n<\/ul>\n<\/li>\n<\/ul>\n<\/li>\n<\/ul>\n<p>&nbsp;<\/p>\n<ul style=\"list-style-type: none;\">\n<li style=\"list-style-type: none;\">\n<ul style=\"list-style-type: none;\">\n<li><strong><a href=\"https:\/\/stranijezici.ffzg.unizg.hr\/wp-content\/uploads\/2022\/07\/SJ_13_1-2_16.pdf\">MIRJANA VILKE, RAZGOVORI O ENGLESKOM JEZIKU<\/a><\/strong> (str. 95)\n<ul style=\"list-style-type: none;\">\n<li>\u2003\u2003 Maja Bratani\u0107<\/li>\n<li><\/li>\n<\/ul>\n<\/li>\n<\/ul>\n<\/li>\n<\/ul>\n<p>&nbsp;<\/p>\n<ul style=\"list-style-type: none;\">\n<li style=\"list-style-type: none;\">\n<ul style=\"list-style-type: none;\">\n<li><strong><a href=\"https:\/\/stranijezici.ffzg.unizg.hr\/wp-content\/uploads\/2022\/07\/SJ_13_1-2_17.pdf\">ANNA CILIBERTI, GIOVANNA STEFANICH, COME LEGGERE L&#8217;ITALIA D&#8217;OGGI<\/a><\/strong> (str. 97)\n<ul style=\"list-style-type: none;\">\n<li>\u2003\u2003 Nives Sironi\u0107-Bonefa\u010di\u0107<\/li>\n<li><\/li>\n<\/ul>\n<\/li>\n<\/ul>\n<\/li>\n<\/ul>\n<p>&nbsp;<\/p>\n<ul style=\"list-style-type: none;\">\n<li style=\"list-style-type: none;\">\n<ul style=\"list-style-type: none;\">\n<li><strong><a href=\"https:\/\/stranijezici.ffzg.unizg.hr\/wp-content\/uploads\/2022\/07\/SJ_13_1-2_18.pdf\">PETER STREVENS: TEACHING ENGLISH AS AN INTERNATIONAL LANGUAGE<\/a><\/strong> (str. 99)\n<ul style=\"list-style-type: none;\">\n<li>\u2003\u2003 Renata Husinec<\/li>\n<li><\/li>\n<\/ul>\n<\/li>\n<\/ul>\n<\/li>\n<\/ul>\n<p>&nbsp;<\/p>\n<ul style=\"list-style-type: none;\">\n<li style=\"list-style-type: none;\">\n<ul style=\"list-style-type: none;\">\n<li>\n<h3>Kronika<\/h3>\n<\/li>\n<li><strong><a href=\"https:\/\/stranijezici.ffzg.unizg.hr\/wp-content\/uploads\/2022\/07\/SJ_13_1-2_19.pdf\">EKONOMSKI RAZLOZI PRE SVEGA &#8211; POVODOM SAVETOVANJA U BEOGRADU<\/a><\/strong> (str. 103)\n<ul style=\"list-style-type: none;\">\n<li>\u2003\u2003 Nade\u017eda Vinaver<\/li>\n<li><\/li>\n<\/ul>\n<\/li>\n<\/ul>\n<\/li>\n<\/ul>\n<p>&nbsp;<\/p>\n","protected":false},"excerpt":{"rendered":"<p>1984., Vol 13. (1-2) UVODNA RIJE\u010c (str. 1) A. Naki\u0107 &nbsp; OTVORENO PISMO NASTAVNICIMA STRANIH JEZIKA (str. 1) &nbsp; Lingvistika KONTRASTIVNE BILJE\u0160KE O SEMANTI\u010cKIM, PRAGMATI\u010cKIM I SINTAKTI\u010cKIM ASPEKTIMA IZRAZA ZA RESTRIKCIJU U HRVATSKO-SRPSKOM I TALIJANSKOM (str. 4) \u2003\u2003 Pavao Tekav\u010di\u0107 &nbsp; &gt;&gt;GRAMATIKA RE\u010cI&lt;&lt; U DVOJEZI\u010cNIM RE\u010cNICIMA (str. 21) \u2003\u2003 Ljubomir Mihailovi\u0107 &nbsp; \u010cESTICE ILI POSTFIKSI &hellip; <\/p>\n<p class=\"link-more\"><a href=\"https:\/\/stranijezici.ffzg.unizg.hr\/index.php\/vol13n1-2\/\" class=\"more-link\">Continue reading<span class=\"screen-reader-text\"> &#8220;Vol 13. (1-2)&#8221;<\/span><\/a><\/p>\n","protected":false},"author":2,"featured_media":0,"parent":0,"menu_order":0,"comment_status":"closed","ping_status":"closed","template":"","meta":{"ngg_post_thumbnail":0,"footnotes":""},"class_list":["post-1513","page","type-page","status-publish","hentry"],"_links":{"self":[{"href":"https:\/\/stranijezici.ffzg.unizg.hr\/index.php\/wp-json\/wp\/v2\/pages\/1513","targetHints":{"allow":["GET"]}}],"collection":[{"href":"https:\/\/stranijezici.ffzg.unizg.hr\/index.php\/wp-json\/wp\/v2\/pages"}],"about":[{"href":"https:\/\/stranijezici.ffzg.unizg.hr\/index.php\/wp-json\/wp\/v2\/types\/page"}],"author":[{"embeddable":true,"href":"https:\/\/stranijezici.ffzg.unizg.hr\/index.php\/wp-json\/wp\/v2\/users\/2"}],"replies":[{"embeddable":true,"href":"https:\/\/stranijezici.ffzg.unizg.hr\/index.php\/wp-json\/wp\/v2\/comments?post=1513"}],"version-history":[{"count":26,"href":"https:\/\/stranijezici.ffzg.unizg.hr\/index.php\/wp-json\/wp\/v2\/pages\/1513\/revisions"}],"predecessor-version":[{"id":3943,"href":"https:\/\/stranijezici.ffzg.unizg.hr\/index.php\/wp-json\/wp\/v2\/pages\/1513\/revisions\/3943"}],"wp:attachment":[{"href":"https:\/\/stranijezici.ffzg.unizg.hr\/index.php\/wp-json\/wp\/v2\/media?parent=1513"}],"curies":[{"name":"wp","href":"https:\/\/api.w.org\/{rel}","templated":true}]}}