{"id":1500,"date":"2018-12-11T17:31:47","date_gmt":"2018-12-11T17:31:47","guid":{"rendered":"https:\/\/stranijezici.ffzg.unizg.hr\/?page_id=1500"},"modified":"2022-06-15T16:41:50","modified_gmt":"2022-06-15T16:41:50","slug":"vol12n4","status":"publish","type":"page","link":"https:\/\/stranijezici.ffzg.unizg.hr\/index.php\/vol12n4\/","title":{"rendered":"Vol 12 (4)"},"content":{"rendered":"<p><span style=\"color: #307068; font-size: 10pt;\"><strong>1983., Vol 12. (4)<\/strong><\/span><\/p>\n<ul style=\"list-style-type: none;\">\n<li style=\"list-style-type: none;\">\n<ul style=\"list-style-type: none;\">\n<li><strong><a href=\"https:\/\/stranijezici.ffzg.unizg.hr\/wp-content\/uploads\/2022\/06\/SJ_12_4_0.pdf\">UVODNA RIJE\u010c<\/a><\/strong> (str. 247)<br \/>\nAnu\u0161ka Naki\u0107<\/li>\n<\/ul>\n<\/li>\n<\/ul>\n<p>&nbsp;<\/p>\n<ul style=\"list-style-type: none;\">\n<li style=\"list-style-type: none;\">\n<ul style=\"list-style-type: none;\">\n<li>\n<h3>Lingvistika<\/h3>\n<\/li>\n<li><strong><a href=\"https:\/\/stranijezici.ffzg.unizg.hr\/wp-content\/uploads\/2022\/06\/SJ_12_4_1.pdf\">NEKI PROBLEMI LINGVISTIKE TEKSTA<\/a><\/strong> (str. 248)\n<ul style=\"list-style-type: none;\">\n<li>\u2003\u2003 Dubravko \u0160kiljan<\/li>\n<li><\/li>\n<\/ul>\n<\/li>\n<\/ul>\n<\/li>\n<\/ul>\n<p>&nbsp;<\/p>\n<ul style=\"list-style-type: none;\">\n<li style=\"list-style-type: none;\">\n<ul style=\"list-style-type: none;\">\n<li><strong><a href=\"https:\/\/stranijezici.ffzg.unizg.hr\/wp-content\/uploads\/2022\/06\/SJ_12_4_2.pdf\">DEFINICIJA TEKSTA I DEFINICIJA ELEMENATA TEKSTA<\/a><\/strong> (str. 253)\n<ul style=\"list-style-type: none;\">\n<li>\u2003\u2003 Pavica Mrazovi\u0107<\/li>\n<li><\/li>\n<\/ul>\n<\/li>\n<\/ul>\n<\/li>\n<\/ul>\n<p>&nbsp;<\/p>\n<ul style=\"list-style-type: none;\">\n<li style=\"list-style-type: none;\">\n<ul style=\"list-style-type: none;\">\n<li><strong>RAZINE <a href=\"https:\/\/stranijezici.ffzg.unizg.hr\/wp-content\/uploads\/2022\/06\/SJ_12_4_3.pdf\">RAZINE ANALIZE (ZNANSTVENOG) DISKURSA<\/a><\/strong> (str. 261)\n<ul style=\"list-style-type: none;\">\n<li>\u2003\u2003 Mirna Vel\u010di\u0107<\/li>\n<li><\/li>\n<\/ul>\n<\/li>\n<\/ul>\n<\/li>\n<\/ul>\n<p>&nbsp;<\/p>\n<ul style=\"list-style-type: none;\">\n<li style=\"list-style-type: none;\">\n<ul style=\"list-style-type: none;\">\n<li><strong><a href=\"https:\/\/stranijezici.ffzg.unizg.hr\/wp-content\/uploads\/2022\/06\/SJ_12_4_4.pdf\">KONCEPTUALNI PARAGRAF KAO JEDINICA ZNANSTVENOG DISKURSA<\/a><\/strong> (str. 271)\n<ul style=\"list-style-type: none;\">\n<li>\u2003\u2003 Damir Horga, Gordana Mikuli\u0107<\/li>\n<li><\/li>\n<\/ul>\n<\/li>\n<\/ul>\n<\/li>\n<\/ul>\n<p>&nbsp;<\/p>\n<ul style=\"list-style-type: none;\">\n<li style=\"list-style-type: none;\">\n<ul style=\"list-style-type: none;\">\n<li><strong><a href=\"https:\/\/stranijezici.ffzg.unizg.hr\/wp-content\/uploads\/2022\/06\/SJ_12_4_5.pdf\">O PEDAGO\u0160KOJ PRIMJENI LINGVISTI\u010cKE TEORIJE DISKURSA<\/a><\/strong> (str. 279)\n<ul style=\"list-style-type: none;\">\n<li>\u2003\u2003 Mirjana Bona\u010di\u0107<\/li>\n<li><\/li>\n<\/ul>\n<\/li>\n<\/ul>\n<\/li>\n<\/ul>\n<p>&nbsp;<\/p>\n<ul style=\"list-style-type: none;\">\n<li style=\"list-style-type: none;\">\n<ul style=\"list-style-type: none;\">\n<li><strong><a href=\"https:\/\/stranijezici.ffzg.unizg.hr\/wp-content\/uploads\/2022\/06\/SJ_12_4_6.pdf\">MAKROSTRUKTURIRANJE NEKIH KARAKTERISTI\u010cNIH TIPOVA ENGLESKIH TEHNI\u010cKIH ENCIKLOPEDIJSKIH TEKSTOVA<\/a><\/strong> (str. 289)\n<ul style=\"list-style-type: none;\">\n<li>\u2003\u2003 Ljerka Bartoli\u0107<\/li>\n<li><\/li>\n<\/ul>\n<\/li>\n<\/ul>\n<\/li>\n<\/ul>\n<p>&nbsp;<\/p>\n<ul style=\"list-style-type: none;\">\n<li style=\"list-style-type: none;\">\n<ul style=\"list-style-type: none;\">\n<li><strong><a href=\"https:\/\/stranijezici.ffzg.unizg.hr\/wp-content\/uploads\/2022\/06\/SJ_12_4_7.pdf\">STRUKTURA TEHNI\u010cKOG TEKSTA U NJEMA\u010cKOM I HRVATSKOM ILI SRPSKOM JEZIKU<\/a><\/strong> (str. 299)\n<ul style=\"list-style-type: none;\">\n<li>\u2003\u2003 Marija \u0160imek<\/li>\n<li><\/li>\n<\/ul>\n<\/li>\n<\/ul>\n<\/li>\n<\/ul>\n<p>&nbsp;<\/p>\n<ul style=\"list-style-type: none;\">\n<li style=\"list-style-type: none;\">\n<ul style=\"list-style-type: none;\">\n<li><strong><a href=\"https:\/\/stranijezici.ffzg.unizg.hr\/wp-content\/uploads\/2022\/06\/SJ_12_4_8.pdf\">NEKA TEORIJSKO-METODOLO\u0160KA USMJERENJA U SKLOPU LINGVISTIKE TEKSTA<\/a><\/strong> (str. 310)\n<ul style=\"list-style-type: none;\">\n<li>\u2003\u2003 Mirna Vel\u010di\u0107<\/li>\n<li><\/li>\n<\/ul>\n<\/li>\n<\/ul>\n<\/li>\n<\/ul>\n<p>&nbsp;<\/p>\n<ul style=\"list-style-type: none;\">\n<li style=\"list-style-type: none;\">\n<ul style=\"list-style-type: none;\">\n<li><strong><a href=\"https:\/\/stranijezici.ffzg.unizg.hr\/wp-content\/uploads\/2022\/06\/SJ_12_4_9.pdf\">OSNOVE GERMANISTI\u010cKE TEKSTUALNE LINGVISTIKE<\/a><\/strong> (str. 316)\n<ul style=\"list-style-type: none;\">\n<li>\u2003\u2003 Zrinjka Glovacki-Bernardi<\/li>\n<li><\/li>\n<\/ul>\n<\/li>\n<\/ul>\n<\/li>\n<\/ul>\n<p>&nbsp;<\/p>\n<ul style=\"list-style-type: none;\">\n<li style=\"list-style-type: none;\">\n<ul style=\"list-style-type: none;\">\n<li>\n<h3>Metodika<\/h3>\n<\/li>\n<li><strong><a href=\"https:\/\/stranijezici.ffzg.unizg.hr\/wp-content\/uploads\/2022\/06\/SJ_12_4_10.pdf\">AUDITIVNI KARAKTER GRAMATIKE<\/a><\/strong> (str. 320)\n<ul style=\"list-style-type: none;\">\n<li>\u2003\u2003 Olga \u0160kari\u0107<\/li>\n<li><\/li>\n<\/ul>\n<\/li>\n<\/ul>\n<\/li>\n<\/ul>\n<p>&nbsp;<\/p>\n<ul style=\"list-style-type: none;\">\n<li style=\"list-style-type: none;\">\n<ul style=\"list-style-type: none;\">\n<li><strong><a href=\"https:\/\/stranijezici.ffzg.unizg.hr\/wp-content\/uploads\/2022\/06\/SJ_12_4_11.pdf\">KOMUNIKACIJSKE IGRE U NASTAVI STRANIH JEZIKA<\/a><\/strong> (str. 325)\n<ul style=\"list-style-type: none;\">\n<li>\u2003\u2003 Aleksandra Krstulovi\u0107<\/li>\n<li><\/li>\n<\/ul>\n<\/li>\n<\/ul>\n<\/li>\n<\/ul>\n<p>&nbsp;<\/p>\n<ul style=\"list-style-type: none;\">\n<li style=\"list-style-type: none;\">\n<ul style=\"list-style-type: none;\">\n<li><strong><a href=\"https:\/\/stranijezici.ffzg.unizg.hr\/wp-content\/uploads\/2022\/06\/SJ_12_4_12.pdf\">JEDAN PRISTUP PISANJU UD\u017dBENIKA JEZIKA STRUKE<\/a><\/strong> (str. 332)\n<ul style=\"list-style-type: none;\">\n<li>\u2003\u2003 Tamara Jovanovi\u0107<\/li>\n<li><\/li>\n<\/ul>\n<\/li>\n<\/ul>\n<\/li>\n<\/ul>\n<p>&nbsp;<\/p>\n<ul style=\"list-style-type: none;\">\n<li style=\"list-style-type: none;\">\n<ul style=\"list-style-type: none;\">\n<li>\n<h3>Na\u0161a iskustva<\/h3>\n<\/li>\n<li><strong><a href=\"https:\/\/stranijezici.ffzg.unizg.hr\/wp-content\/uploads\/2022\/06\/SJ_12_4_13.pdf\">KRATKA RADIO-IGRA (KURZHORSPIEL) U NASTAVI NJEMA\u010cKOG JEZIKA<\/a><\/strong> (str. 336)\n<ul style=\"list-style-type: none;\">\n<li>\u2003\u2003 Mira Kruhan<\/li>\n<li><\/li>\n<\/ul>\n<\/li>\n<\/ul>\n<\/li>\n<\/ul>\n<p>&nbsp;<\/p>\n<ul style=\"list-style-type: none;\">\n<li style=\"list-style-type: none;\">\n<ul style=\"list-style-type: none;\">\n<li>\n<h3>Kronika<\/h3>\n<\/li>\n<li><strong><a href=\"https:\/\/stranijezici.ffzg.unizg.hr\/wp-content\/uploads\/2022\/06\/SJ_12_4_14.pdf\">TRE\u0106I KONGRES SAVEZA DRU\u0160TVA ZA PRIMIJENJENU LINGVISTIKU JUGOSLAVIJE<\/a><\/strong> (str. 343)\n<ul style=\"list-style-type: none;\">\n<li>\u2003\u2003 Jasna Bilini\u0107-Zubak<\/li>\n<li><\/li>\n<\/ul>\n<\/li>\n<\/ul>\n<\/li>\n<\/ul>\n<p>&nbsp;<\/p>\n","protected":false},"excerpt":{"rendered":"<p>1983., Vol 12. (4) UVODNA RIJE\u010c (str. 247) Anu\u0161ka Naki\u0107 &nbsp; Lingvistika NEKI PROBLEMI LINGVISTIKE TEKSTA (str. 248) \u2003\u2003 Dubravko \u0160kiljan &nbsp; DEFINICIJA TEKSTA I DEFINICIJA ELEMENATA TEKSTA (str. 253) \u2003\u2003 Pavica Mrazovi\u0107 &nbsp; RAZINE RAZINE ANALIZE (ZNANSTVENOG) DISKURSA (str. 261) \u2003\u2003 Mirna Vel\u010di\u0107 &nbsp; KONCEPTUALNI PARAGRAF KAO JEDINICA ZNANSTVENOG DISKURSA (str. 271) \u2003\u2003 Damir &hellip; <\/p>\n<p class=\"link-more\"><a href=\"https:\/\/stranijezici.ffzg.unizg.hr\/index.php\/vol12n4\/\" class=\"more-link\">Continue reading<span class=\"screen-reader-text\"> &#8220;Vol 12 (4)&#8221;<\/span><\/a><\/p>\n","protected":false},"author":2,"featured_media":0,"parent":0,"menu_order":0,"comment_status":"closed","ping_status":"closed","template":"","meta":{"ngg_post_thumbnail":0,"footnotes":""},"class_list":["post-1500","page","type-page","status-publish","hentry"],"_links":{"self":[{"href":"https:\/\/stranijezici.ffzg.unizg.hr\/index.php\/wp-json\/wp\/v2\/pages\/1500","targetHints":{"allow":["GET"]}}],"collection":[{"href":"https:\/\/stranijezici.ffzg.unizg.hr\/index.php\/wp-json\/wp\/v2\/pages"}],"about":[{"href":"https:\/\/stranijezici.ffzg.unizg.hr\/index.php\/wp-json\/wp\/v2\/types\/page"}],"author":[{"embeddable":true,"href":"https:\/\/stranijezici.ffzg.unizg.hr\/index.php\/wp-json\/wp\/v2\/users\/2"}],"replies":[{"embeddable":true,"href":"https:\/\/stranijezici.ffzg.unizg.hr\/index.php\/wp-json\/wp\/v2\/comments?post=1500"}],"version-history":[{"count":22,"href":"https:\/\/stranijezici.ffzg.unizg.hr\/index.php\/wp-json\/wp\/v2\/pages\/1500\/revisions"}],"predecessor-version":[{"id":3898,"href":"https:\/\/stranijezici.ffzg.unizg.hr\/index.php\/wp-json\/wp\/v2\/pages\/1500\/revisions\/3898"}],"wp:attachment":[{"href":"https:\/\/stranijezici.ffzg.unizg.hr\/index.php\/wp-json\/wp\/v2\/media?parent=1500"}],"curies":[{"name":"wp","href":"https:\/\/api.w.org\/{rel}","templated":true}]}}