{"id":1498,"date":"2018-12-11T17:19:08","date_gmt":"2018-12-11T17:19:08","guid":{"rendered":"https:\/\/stranijezici.ffzg.unizg.hr\/?page_id=1498"},"modified":"2022-06-13T17:36:04","modified_gmt":"2022-06-13T17:36:04","slug":"vol12n1-2","status":"publish","type":"page","link":"https:\/\/stranijezici.ffzg.unizg.hr\/index.php\/vol12n1-2\/","title":{"rendered":"Vol 12 (1-2)"},"content":{"rendered":"<p><span style=\"color: #307068; font-size: 10pt;\"><strong>1983., Vol 12. (1-2)<\/strong><\/span><\/p>\n<ul style=\"list-style-type: none;\">\n<li style=\"list-style-type: none;\">\n<ul style=\"list-style-type: none;\">\n<li><strong><a href=\"https:\/\/stranijezici.ffzg.unizg.hr\/wp-content\/uploads\/2022\/06\/SJ_12_1-2_0.pdf\">UVODNA RIJE\u010c<\/a><\/strong> (str. 1)<br \/>\nDamir Kalogjera<\/li>\n<\/ul>\n<\/li>\n<\/ul>\n<p>&nbsp;<\/p>\n<ul>\n<li style=\"list-style-type: none;\">\n<ul style=\"list-style-type: none;\">\n<li><strong><a href=\"https:\/\/stranijezici.ffzg.unizg.hr\/wp-content\/uploads\/2022\/06\/SJ_12_1-2_1.pdf\">DRU\u0160TVENO PLANIRANJE STRANIH JEZIKA<\/a><\/strong> (str. 3)\n<ul style=\"list-style-type: none;\">\n<li>\u2003\u2003 Aleksandar Kolka<\/li>\n<\/ul>\n<\/li>\n<\/ul>\n<\/li>\n<\/ul>\n<p>&nbsp;<\/p>\n<ul style=\"list-style-type: none;\">\n<li style=\"list-style-type: none;\">\n<ul style=\"list-style-type: none;\">\n<li>\n<h3>Stanje i problemi suvremene leksikografije<\/h3>\n<\/li>\n<li><strong><a href=\"https:\/\/stranijezici.ffzg.unizg.hr\/wp-content\/uploads\/2022\/06\/SJ_12_1-2_2.pdf\">MO\u017dE LI DVOJEZI\u010cNI RJE\u010cNIK NADOMJESTITI JEDNOJEZI\u010cNI?<\/a><\/strong> (str. 15)\n<ul style=\"list-style-type: none;\">\n<li>\u2003\u2003 Mirjana Bona\u010di\u0107<\/li>\n<li><\/li>\n<\/ul>\n<\/li>\n<\/ul>\n<\/li>\n<\/ul>\n<p>&nbsp;<\/p>\n<ul style=\"list-style-type: none;\">\n<li style=\"list-style-type: none;\">\n<ul style=\"list-style-type: none;\">\n<li><strong><a href=\"https:\/\/stranijezici.ffzg.unizg.hr\/wp-content\/uploads\/2022\/06\/SJ_12_1-2_3.pdf\">KONTEKSTUALNI PRISTUP TEHNI\u010cKOM RJE\u010cNIKU<\/a><\/strong> (str. 20)\n<ul style=\"list-style-type: none;\">\n<li>\u2003\u2003 Ljerka Bartoli\u0107<\/li>\n<li><\/li>\n<\/ul>\n<\/li>\n<\/ul>\n<\/li>\n<\/ul>\n<p>&nbsp;<\/p>\n<ul style=\"list-style-type: none;\">\n<li style=\"list-style-type: none;\">\n<ul style=\"list-style-type: none;\">\n<li><strong><a href=\"https:\/\/stranijezici.ffzg.unizg.hr\/wp-content\/uploads\/2022\/06\/SJ_12_1-2_4.pdf\">KONCEPCIJA NEMA\u010cKO-SRPSKOHRVATSKOG FRAZEOLO\u0160KOG RE\u010cNIKA<\/a><\/strong> (str. 28)\n<ul style=\"list-style-type: none;\">\n<li>\u2003\u2003 Pavica Mrazovi\u0107<\/li>\n<li><\/li>\n<\/ul>\n<\/li>\n<\/ul>\n<\/li>\n<\/ul>\n<p>&nbsp;<\/p>\n<ul style=\"list-style-type: none;\">\n<li style=\"list-style-type: none;\">\n<ul style=\"list-style-type: none;\">\n<li><strong><a href=\"https:\/\/stranijezici.ffzg.unizg.hr\/wp-content\/uploads\/2022\/06\/SJ_12_1-2_5.pdf\">GRAMATIKA U NJEMA\u010cKO-HRVATSKIM ILI SRPSKIM RJE\u010cNICIMA<\/a><\/strong> (str. 34)\n<ul style=\"list-style-type: none;\">\n<li>\u2003\u2003 Zrinjka Glovacki-Bernardi<\/li>\n<li><\/li>\n<\/ul>\n<\/li>\n<\/ul>\n<\/li>\n<\/ul>\n<p>&nbsp;<\/p>\n<ul style=\"list-style-type: none;\">\n<li style=\"list-style-type: none;\">\n<ul style=\"list-style-type: none;\">\n<li><strong><a href=\"https:\/\/stranijezici.ffzg.unizg.hr\/wp-content\/uploads\/2022\/06\/SJ_12_1-2_6.pdf\">OSVRT NA ENGLESKO-HRVATSKU LEKSIKOGRAFIJU<\/a><\/strong> (str. 37)\n<ul style=\"list-style-type: none;\">\n<li>\u2003\u2003 Maja Bratani\u0107<\/li>\n<li><\/li>\n<\/ul>\n<\/li>\n<\/ul>\n<\/li>\n<\/ul>\n<p>&nbsp;<\/p>\n<ul style=\"list-style-type: none;\">\n<li style=\"list-style-type: none;\">\n<ul style=\"list-style-type: none;\">\n<li><strong><a href=\"https:\/\/stranijezici.ffzg.unizg.hr\/wp-content\/uploads\/2022\/06\/SJ_12_1-2_7.pdf\">NEKI PROBLEMI UZ IZRADU RJE\u010cNIKA POMORSKOG NAZIVLJA<\/a><\/strong> (str. 47)\n<ul style=\"list-style-type: none;\">\n<li>\u2003\u2003 Boris Pri\u010dard<\/li>\n<li><\/li>\n<\/ul>\n<\/li>\n<\/ul>\n<\/li>\n<\/ul>\n<p>&nbsp;<\/p>\n<ul style=\"list-style-type: none;\">\n<li style=\"list-style-type: none;\">\n<ul style=\"list-style-type: none;\">\n<li><strong><a href=\"https:\/\/stranijezici.ffzg.unizg.hr\/wp-content\/uploads\/2022\/06\/SJ_12_1-2_8.pdf\">KONTRASTIVNA ANALIZA SEMANTI\u010cKIH VRIJEDNOSTI NEKIH ELEKTRONI\u010cKIH TERMINA U ENGLESKOM I NA\u0160EM JEZIKU<\/a><\/strong> (str. 51)\n<ul style=\"list-style-type: none;\">\n<li>\u2003\u2003 Mara Pervan, Anu\u0161ka \u0160tambuk, Mara Pilkovi\u0107<\/li>\n<li><\/li>\n<\/ul>\n<\/li>\n<\/ul>\n<\/li>\n<\/ul>\n<p>&nbsp;<\/p>\n<ul style=\"list-style-type: none;\">\n<li style=\"list-style-type: none;\">\n<ul style=\"list-style-type: none;\">\n<li><strong><a href=\"https:\/\/stranijezici.ffzg.unizg.hr\/wp-content\/uploads\/2022\/06\/SJ_12_1-2_9.pdf\">NEKA PITANJA DVOJEZI\u010cNE STRU\u010cNE LEKSIKOGRAFIJE<\/a><\/strong> (str. 58)\n<ul style=\"list-style-type: none;\">\n<li>\u2003\u2003 Susan \u0160ar\u010devi\u0107<\/li>\n<li><\/li>\n<\/ul>\n<\/li>\n<\/ul>\n<\/li>\n<\/ul>\n<p>&nbsp;<\/p>\n<ul style=\"list-style-type: none;\">\n<li style=\"list-style-type: none;\">\n<ul style=\"list-style-type: none;\">\n<li><strong><a href=\"https:\/\/stranijezici.ffzg.unizg.hr\/wp-content\/uploads\/2022\/06\/SJ_12_1-2_10.pdf\">DA LI ENGLEZI JEDU &gt;&gt;VRU\u0106E PSE&lt;&lt; &#8211; ENGLESKO-SRPSKOHRVATSKI RJE\u010cNICI OP\u0160TE NAMJENE I CIVILIZACIJSKI KONTEKST<\/a><\/strong> (str. 64)\n<ul style=\"list-style-type: none;\">\n<li>\u2003\u2003 Nevenka Bjelica<\/li>\n<li><\/li>\n<\/ul>\n<\/li>\n<\/ul>\n<\/li>\n<\/ul>\n<p>&nbsp;<\/p>\n<ul style=\"list-style-type: none;\">\n<li style=\"list-style-type: none;\">\n<ul style=\"list-style-type: none;\">\n<li>\n<h3>Iz knji\u017eevnosti<\/h3>\n<\/li>\n<li><strong><a href=\"https:\/\/stranijezici.ffzg.unizg.hr\/wp-content\/uploads\/2022\/06\/SJ_12_1-2_11.pdf\">PETER WEISS &#8211; UMJESTO NEKROLOGA<\/a><\/strong> (str. 69)\n<ul style=\"list-style-type: none;\">\n<li>\u2003\u2003 Dragutin Horvat<\/li>\n<li><\/li>\n<\/ul>\n<\/li>\n<\/ul>\n<\/li>\n<\/ul>\n<p>&nbsp;<\/p>\n<ul style=\"list-style-type: none;\">\n<li style=\"list-style-type: none;\">\n<ul style=\"list-style-type: none;\">\n<li>\n<h3>Metodika<\/h3>\n<\/li>\n<li><strong><a href=\"https:\/\/stranijezici.ffzg.unizg.hr\/wp-content\/uploads\/2022\/06\/SJ_12_1-2_12.pdf\">MESTO I ULOGA KNJI\u017dEVNOG TEKSTA U NASTAVI STRANIH JEZIKA U OSNOVNOM I SREDNJEM VASPITANJU I OBRAZOVANJU<\/a><\/strong> (str. 73)\n<ul style=\"list-style-type: none;\">\n<li>\u2003\u2003 Ljiljana Mati\u0107, Franjo Kiri\u0107<\/li>\n<li><\/li>\n<\/ul>\n<\/li>\n<\/ul>\n<\/li>\n<\/ul>\n<p>&nbsp;<\/p>\n<ul style=\"list-style-type: none;\">\n<li style=\"list-style-type: none;\">\n<ul style=\"list-style-type: none;\">\n<li><strong><a href=\"https:\/\/stranijezici.ffzg.unizg.hr\/wp-content\/uploads\/2022\/06\/SJ_12_1-2_13.pdf\">O MOGU\u0106NOSTIMA POJEDNOSTAVNJENJA GRAMATI\u010cKE EKSPLIKACIJE<\/a><\/strong> (str. 79)\n<ul style=\"list-style-type: none;\">\n<li>\u2003\u2003 Tomislav Kurpis<\/li>\n<li><\/li>\n<\/ul>\n<\/li>\n<\/ul>\n<\/li>\n<\/ul>\n<p>&nbsp;<\/p>\n<ul style=\"list-style-type: none;\">\n<li style=\"list-style-type: none;\">\n<ul style=\"list-style-type: none;\">\n<li><strong><a href=\"https:\/\/stranijezici.ffzg.unizg.hr\/wp-content\/uploads\/2022\/06\/SJ_12_1-2_14.pdf\">SISTEMATSKI PRILAZ NASTAVI STRANOG JEZIKA STRUKE<\/a><\/strong> (str. 84)\n<ul style=\"list-style-type: none;\">\n<li>\u2003\u2003 Aleksandar Peri\u0107<\/li>\n<li><\/li>\n<\/ul>\n<\/li>\n<\/ul>\n<\/li>\n<\/ul>\n<p>&nbsp;<\/p>\n<ul style=\"list-style-type: none;\">\n<li style=\"list-style-type: none;\">\n<ul style=\"list-style-type: none;\">\n<li><strong><a href=\"https:\/\/stranijezici.ffzg.unizg.hr\/wp-content\/uploads\/2022\/06\/SJ_12_1-2_15.pdf\">ANALIZA OPSEGA RJE\u010cNIKA ENGLESKOG JEZIKA KOJIM RASPOLA\u017dU SREDNJO\u0160KOLCI<\/a><\/strong> (str. 88)\n<ul style=\"list-style-type: none;\">\n<li>\u2003\u2003 Predrag Zarevski<\/li>\n<li><\/li>\n<\/ul>\n<\/li>\n<\/ul>\n<\/li>\n<\/ul>\n<p>&nbsp;<\/p>\n<ul style=\"list-style-type: none;\">\n<li style=\"list-style-type: none;\">\n<ul style=\"list-style-type: none;\">\n<li><strong><a href=\"https:\/\/stranijezici.ffzg.unizg.hr\/wp-content\/uploads\/2022\/06\/SJ_12_1-2_16.pdf\">OBRADA PARTICIPNOG ATRIBUTA U STRU\u010cNOM NJEMA\u010cKOM TEKSTU UZ POMO\u0106 KOMPJUTORA<\/a><\/strong> (str. 91)\n<ul style=\"list-style-type: none;\">\n<li>\u2003\u2003 Z. Divjak, N. Lipljin<\/li>\n<li><\/li>\n<\/ul>\n<\/li>\n<\/ul>\n<\/li>\n<\/ul>\n<p>&nbsp;<\/p>\n<ul style=\"list-style-type: none;\">\n<li style=\"list-style-type: none;\">\n<ul style=\"list-style-type: none;\">\n<li>\n<h3>\u017diva rije\u010d<\/h3>\n<\/li>\n<li><strong><a href=\"https:\/\/stranijezici.ffzg.unizg.hr\/wp-content\/uploads\/2022\/06\/SJ_12_1-2_17.pdf\">STIMOLT ALLA CONVERSAZIONE IN CLASSE<\/a><\/strong> (str. 102)\n<ul style=\"list-style-type: none;\">\n<li>\u2003\u2003 Nives Sironi\u0107-Bonefa\u010di\u0107<\/li>\n<li><\/li>\n<\/ul>\n<\/li>\n<\/ul>\n<\/li>\n<\/ul>\n<p>&nbsp;<\/p>\n<ul style=\"list-style-type: none;\">\n<li style=\"list-style-type: none;\">\n<ul style=\"list-style-type: none;\">\n<li><strong><a href=\"https:\/\/stranijezici.ffzg.unizg.hr\/wp-content\/uploads\/2022\/06\/SJ_12_1-2_18.pdf\">DAS RECHTE WORT ZUR RECHTEN ZEIT<\/a><\/strong> (str. 107)\n<ul style=\"list-style-type: none;\">\n<li>\u2003\u2003 Diethelm Kaminski<\/li>\n<li><\/li>\n<\/ul>\n<\/li>\n<\/ul>\n<\/li>\n<\/ul>\n<p>&nbsp;<\/p>\n<ul style=\"list-style-type: none;\">\n<li style=\"list-style-type: none;\">\n<ul style=\"list-style-type: none;\">\n<li>\n<h3>Na\u0161a iskustva<\/h3>\n<\/li>\n<li><strong><a href=\"https:\/\/stranijezici.ffzg.unizg.hr\/wp-content\/uploads\/2022\/06\/SJ_12_1-2_19.pdf\">KOMBINIRANJE TEKSTA I SLIKE U UVJE\u017dBAVANJU PISANJA NA PO\u010cETNOM STUPNJU U\u010cENJA FRANCUSKOG JEZIKA<\/a><\/strong> (str. 117)\n<ul style=\"list-style-type: none;\">\n<li>\u2003\u2003 \u017deljka Horvat-Vukelja<\/li>\n<li><\/li>\n<\/ul>\n<\/li>\n<\/ul>\n<\/li>\n<\/ul>\n<p>&nbsp;<\/p>\n<ul style=\"list-style-type: none;\">\n<li style=\"list-style-type: none;\">\n<ul style=\"list-style-type: none;\">\n<li><strong><a href=\"https:\/\/stranijezici.ffzg.unizg.hr\/wp-content\/uploads\/2022\/06\/SJ_12_1-2_20.pdf\">PRVA ISKUSTVA U RADU S \u010cITANKOM &gt;&gt;AN ENGLISH READER &#8211; SOCIAL STUDIES AND ARTS&lt;&lt; <\/a><\/strong> (str. 119)\n<ul style=\"list-style-type: none;\">\n<li>\u2003\u2003 Rogo\u0161i\u0107, Vilke<\/li>\n<li><\/li>\n<\/ul>\n<\/li>\n<\/ul>\n<\/li>\n<\/ul>\n<p>&nbsp;<\/p>\n<ul style=\"list-style-type: none;\">\n<li style=\"list-style-type: none;\">\n<ul style=\"list-style-type: none;\">\n<li><strong><a href=\"https:\/\/stranijezici.ffzg.unizg.hr\/wp-content\/uploads\/2022\/06\/SJ_12_1-2_21.pdf\">GOVORNE VJE\u017dBE UZ POMO\u0106 MAGNETOFONA I EPIDIJASKOPA<\/a><\/strong> (str. 124)\n<ul style=\"list-style-type: none;\">\n<li>\u2003\u2003 Bo\u017eidar \u0160ekularac<\/li>\n<li><\/li>\n<\/ul>\n<\/li>\n<\/ul>\n<\/li>\n<\/ul>\n<p>&nbsp;<\/p>\n<ul style=\"list-style-type: none;\">\n<li style=\"list-style-type: none;\">\n<ul style=\"list-style-type: none;\">\n<li>\n<h3>Prikazi knjiga i \u010dasopisa<\/h3>\n<\/li>\n<li><strong><a href=\"https:\/\/stranijezici.ffzg.unizg.hr\/wp-content\/uploads\/2022\/06\/SJ_12_1-2_22.pdf\">ALTIERI BLAGI &#8211; HEILMANN: LA LINGUA ITALIANA, MILANO 1981<\/a><\/strong> (str. 128)\n<ul style=\"list-style-type: none;\">\n<li>\u2003\u2003 Zorica Vu\u010deti\u0107<\/li>\n<li><\/li>\n<\/ul>\n<\/li>\n<\/ul>\n<\/li>\n<\/ul>\n<p>&nbsp;<\/p>\n<ul style=\"list-style-type: none;\">\n<li style=\"list-style-type: none;\">\n<ul style=\"list-style-type: none;\">\n<li><strong><a href=\"https:\/\/stranijezici.ffzg.unizg.hr\/wp-content\/uploads\/2022\/06\/SJ_12_1-2_23.pdf\">VI\u0106AN, PAVI\u0106, SMERDEL &#8211; ENGLESKI ZA PRAVNIKE<\/a><\/strong> (str. 131)\n<ul style=\"list-style-type: none;\">\n<li>\u2003\u2003 Stjepo Vojvoda<\/li>\n<li><\/li>\n<\/ul>\n<\/li>\n<\/ul>\n<\/li>\n<\/ul>\n<p>&nbsp;<\/p>\n<ul style=\"list-style-type: none;\">\n<li style=\"list-style-type: none;\">\n<ul style=\"list-style-type: none;\">\n<li><strong><a href=\"https:\/\/stranijezici.ffzg.unizg.hr\/wp-content\/uploads\/2022\/06\/SJ_12_1-2_24.pdf\">JEZIK I KULTURA U NASTAVI STRANIH JEZIKA, M. STOJNI\u0106, RED., BEOGRAD, 1982<\/a><\/strong> (str. 134)\n<ul style=\"list-style-type: none;\">\n<li>\u2003\u2003 Slobodanka \u0110oli\u0107<\/li>\n<li><\/li>\n<\/ul>\n<\/li>\n<\/ul>\n<\/li>\n<\/ul>\n<p>&nbsp;<\/p>\n<ul style=\"list-style-type: none;\">\n<li>\n<h3>Kronika<\/h3>\n<\/li>\n<li><strong><a href=\"https:\/\/stranijezici.ffzg.unizg.hr\/wp-content\/uploads\/2022\/06\/SJ_12_1-2_25.pdf\">SEMINAR O ESP-U<\/a><\/strong> (str. 137)\n<ul style=\"list-style-type: none;\">\n<li>\u2003\u2003 Renata Husinec<\/li>\n<li><\/li>\n<\/ul>\n<\/li>\n<\/ul>\n","protected":false},"excerpt":{"rendered":"<p>1983., Vol 12. (1-2) UVODNA RIJE\u010c (str. 1) Damir Kalogjera &nbsp; DRU\u0160TVENO PLANIRANJE STRANIH JEZIKA (str. 3) \u2003\u2003 Aleksandar Kolka &nbsp; Stanje i problemi suvremene leksikografije MO\u017dE LI DVOJEZI\u010cNI RJE\u010cNIK NADOMJESTITI JEDNOJEZI\u010cNI? (str. 15) \u2003\u2003 Mirjana Bona\u010di\u0107 &nbsp; KONTEKSTUALNI PRISTUP TEHNI\u010cKOM RJE\u010cNIKU (str. 20) \u2003\u2003 Ljerka Bartoli\u0107 &nbsp; KONCEPCIJA NEMA\u010cKO-SRPSKOHRVATSKOG FRAZEOLO\u0160KOG RE\u010cNIKA (str. 28) \u2003\u2003 &hellip; <\/p>\n<p class=\"link-more\"><a href=\"https:\/\/stranijezici.ffzg.unizg.hr\/index.php\/vol12n1-2\/\" class=\"more-link\">Continue reading<span class=\"screen-reader-text\"> &#8220;Vol 12 (1-2)&#8221;<\/span><\/a><\/p>\n","protected":false},"author":2,"featured_media":0,"parent":0,"menu_order":0,"comment_status":"closed","ping_status":"closed","template":"","meta":{"ngg_post_thumbnail":0,"footnotes":""},"class_list":["post-1498","page","type-page","status-publish","hentry"],"_links":{"self":[{"href":"https:\/\/stranijezici.ffzg.unizg.hr\/index.php\/wp-json\/wp\/v2\/pages\/1498","targetHints":{"allow":["GET"]}}],"collection":[{"href":"https:\/\/stranijezici.ffzg.unizg.hr\/index.php\/wp-json\/wp\/v2\/pages"}],"about":[{"href":"https:\/\/stranijezici.ffzg.unizg.hr\/index.php\/wp-json\/wp\/v2\/types\/page"}],"author":[{"embeddable":true,"href":"https:\/\/stranijezici.ffzg.unizg.hr\/index.php\/wp-json\/wp\/v2\/users\/2"}],"replies":[{"embeddable":true,"href":"https:\/\/stranijezici.ffzg.unizg.hr\/index.php\/wp-json\/wp\/v2\/comments?post=1498"}],"version-history":[{"count":37,"href":"https:\/\/stranijezici.ffzg.unizg.hr\/index.php\/wp-json\/wp\/v2\/pages\/1498\/revisions"}],"predecessor-version":[{"id":3747,"href":"https:\/\/stranijezici.ffzg.unizg.hr\/index.php\/wp-json\/wp\/v2\/pages\/1498\/revisions\/3747"}],"wp:attachment":[{"href":"https:\/\/stranijezici.ffzg.unizg.hr\/index.php\/wp-json\/wp\/v2\/media?parent=1498"}],"curies":[{"name":"wp","href":"https:\/\/api.w.org\/{rel}","templated":true}]}}