{"id":1477,"date":"2018-12-09T15:23:37","date_gmt":"2018-12-09T15:23:37","guid":{"rendered":"https:\/\/stranijezici.ffzg.unizg.hr\/?page_id=1477"},"modified":"2023-01-04T17:04:14","modified_gmt":"2023-01-04T17:04:14","slug":"vol42n1-2","status":"publish","type":"page","link":"https:\/\/stranijezici.ffzg.unizg.hr\/index.php\/vol42n1-2\/","title":{"rendered":"Vol 42. (1-2)"},"content":{"rendered":"<ul style=\"list-style-type: none;\">\n<li style=\"list-style-type: none;\">\n<ul style=\"list-style-type: none;\">\n<li><a href=\"https:\/\/stranijezici.ffzg.unizg.hr\/wp-content\/uploads\/2018\/12\/SJ_1_2_2013_1_KB-5-8.pdf\" target=\"_blank\" rel=\"noopener\"><strong>UVODNA RIJE\u010c<\/strong><\/a> (str. 5)<\/li>\n<\/ul>\n<\/li>\n<\/ul>\n<p>&nbsp;<\/p>\n<ul style=\"list-style-type: none;\">\n<li style=\"list-style-type: none;\">\n<ul style=\"list-style-type: none;\">\n<li><a href=\"https:\/\/stranijezici.ffzg.unizg.hr\/wp-content\/uploads\/2018\/12\/SJ_1_2_2013_1_KB-9-14.pdf\" target=\"_blank\" rel=\"noopener\"><strong>INTERVIEW WITH PROFESSOR CHRISTINE C. M. GOH<\/strong><\/a> (str. 9)\n<ul style=\"list-style-type: none;\">\n<li>\u2003\u2003 Vi\u0161nja Pavi\u010di\u0107 Taka\u010d<\/li>\n<li>\u2003\u2003 Intervju<\/li>\n<\/ul>\n<\/li>\n<\/ul>\n<\/li>\n<\/ul>\n<p>&nbsp;<\/p>\n<ul style=\"list-style-type: none;\">\n<li style=\"list-style-type: none;\">\n<ul style=\"list-style-type: none;\">\n<li><a href=\"https:\/\/stranijezici.ffzg.unizg.hr\/wp-content\/uploads\/2018\/12\/SJ_1_2_2013_1_KB-15-30.pdf\" target=\"_blank\" rel=\"noopener\"><strong>SINONIMNI NAZIVI U TEHNI\u010cKOM JEZIKU<\/strong><\/a> (str. 15)\n<ul style=\"list-style-type: none;\">\n<li>\u2003\u2003 Snje\u017eana Kerekovi\u0107<\/li>\n<li>\u2003\u2003 Izvorni znanstveni \u010dlanak<\/li>\n<\/ul>\n<\/li>\n<\/ul>\n<\/li>\n<\/ul>\n<p>&nbsp;<\/p>\n<ul style=\"list-style-type: none;\">\n<li style=\"list-style-type: none;\">\n<ul style=\"list-style-type: none;\">\n<li><a href=\"https:\/\/stranijezici.ffzg.unizg.hr\/wp-content\/uploads\/2018\/12\/SJ_1_2_2013_1_KB-31-64.pdf\" target=\"_blank\" rel=\"noopener\"><strong>UZUS I STAVOVI TUMA\u010cA I PREVODITELJA ZA HTVATSKI JEZIK I NJIHOV ODNOS PREMA DRUGIM, SRODNIM JEZICIMA<\/strong><\/a> (str. 31)\n<ul style=\"list-style-type: none;\">\n<li>\u2003\u2003 Jim Hlava\u010d<\/li>\n<li>\u2003\u2003 Izvorni znanstveni \u010dlanak<\/li>\n<\/ul>\n<\/li>\n<\/ul>\n<\/li>\n<\/ul>\n<p>&nbsp;<\/p>\n<ul style=\"list-style-type: none;\">\n<li style=\"list-style-type: none;\">\n<ul style=\"list-style-type: none;\">\n<li><a href=\"https:\/\/stranijezici.ffzg.unizg.hr\/wp-content\/uploads\/2018\/12\/SJ_1_2_2013_1_KB-65-84.pdf\" target=\"_blank\" rel=\"noopener\"><strong>INDIVIDUALNI \u010cIMBENICI U RANOM STRANOJEZI\u010cNOM RAZVOJU: STUDIJA SLU\u010cAJA<\/strong><\/a> (str. 65)\n<ul style=\"list-style-type: none;\">\n<li>\u2003\u2003 Mirna Radi\u0161i\u0107<\/li>\n<li>\u2003\u2003 Izvorni znanstveni \u010dlanak<\/li>\n<\/ul>\n<\/li>\n<\/ul>\n<\/li>\n<\/ul>\n<p>&nbsp;<\/p>\n<ul style=\"list-style-type: none;\">\n<li style=\"list-style-type: none;\">\n<ul style=\"list-style-type: none;\">\n<li><a href=\"https:\/\/stranijezici.ffzg.unizg.hr\/wp-content\/uploads\/2018\/12\/SJ_1_2_2013_1_KB-85-116.pdf\" target=\"_blank\" rel=\"noopener\"><strong>EUFEMISTI\u010cNI FRAZEMI KAO IZRAZ JEZI\u010cNOG TABUA (NA PRIMJERU FRAZEMA ZNA\u010cENJSKOG POLJA &#8216;SMRT&#8217; U HRVATSKOM I POLJSKOM JEZIKU)<\/strong><\/a> (str. 85)\n<ul style=\"list-style-type: none;\">\n<li>\u2003\u2003 Karina Giel<\/li>\n<li>\u2003\u2003 Izvorni znanstveni \u010dlanak<\/li>\n<\/ul>\n<\/li>\n<\/ul>\n<\/li>\n<\/ul>\n<p>&nbsp;<\/p>\n<ul style=\"list-style-type: none;\">\n<li style=\"list-style-type: none;\">\n<ul style=\"list-style-type: none;\">\n<li><a href=\"https:\/\/stranijezici.ffzg.unizg.hr\/wp-content\/uploads\/2018\/12\/SJ_1_2_2013_1_KB-117-130.pdf\" target=\"_blank\" rel=\"noopener\"><strong>PERFEKT U \u0160PANJOLSKOM I PORTUGALSKOM<\/strong><\/a> (str. 117)\n<ul style=\"list-style-type: none;\">\n<li>\u2003\u2003 Daliborka Sari\u0107, Da\u0161a Grkovi\u0107<\/li>\n<li>\u2003\u2003 Prethodno priop\u0107enje<\/li>\n<\/ul>\n<\/li>\n<\/ul>\n<\/li>\n<\/ul>\n<p>&nbsp;<\/p>\n<ul style=\"list-style-type: none;\">\n<li style=\"list-style-type: none;\">\n<ul style=\"list-style-type: none;\">\n<li><a href=\"https:\/\/stranijezici.ffzg.unizg.hr\/wp-content\/uploads\/2018\/12\/SJ_1_2_2013_1_KB-131-144.pdf\" target=\"_blank\" rel=\"noopener\"><strong>TEACHING ABOUT THE HOLOCAUST IN THE EFL CLASSROOM &#8211; A PHOTO PROJECT ON JEWISH LIFE AND CULTURE PRIOR TO WWII<\/strong><\/a> (str. 131)\n<ul style=\"list-style-type: none;\">\n<li>\u2003\u2003 Ivana Kirin<\/li>\n<li>\u2003\u2003 Stru\u010dni \u010dlanak<\/li>\n<\/ul>\n<\/li>\n<\/ul>\n<\/li>\n<\/ul>\n<p>&nbsp;<\/p>\n<ul style=\"list-style-type: none;\">\n<li style=\"list-style-type: none;\">\n<ul style=\"list-style-type: none;\">\n<li><a href=\"https:\/\/stranijezici.ffzg.unizg.hr\/wp-content\/uploads\/2018\/12\/SJ_1_2_2013_1_KB-145-154.pdf\" target=\"_blank\" rel=\"noopener\"><strong>PROJECT: THE SURVEY &#8211; AN INTEGRATED SKILLS APPROACH TO EAP\/ESP TEACHING<\/strong><\/a> (str. 145)\n<ul style=\"list-style-type: none;\">\n<li>\u2003\u2003 Marijana Birti\u0107 Vu\u010di\u0107, Anamarija \u0160tulina<\/li>\n<li>\u2003\u2003 Stru\u010dni \u010dlanak<\/li>\n<\/ul>\n<\/li>\n<\/ul>\n<\/li>\n<\/ul>\n<p>&nbsp;<\/p>\n<ul style=\"list-style-type: none;\">\n<li style=\"list-style-type: none;\">\n<ul style=\"list-style-type: none;\">\n<li><a href=\"https:\/\/stranijezici.ffzg.unizg.hr\/wp-content\/uploads\/2018\/12\/SJ_1_2_2013_1_KB-155-178.pdf\" target=\"_blank\" rel=\"noopener\"><strong>UPORABA KOLOKACIJA U UD\u017dBENICIMA ZA POSLOVNI ENGLESKI<\/strong><\/a> (str. 155)\n<ul style=\"list-style-type: none;\">\n<li>\u2003\u2003 Evelina Mi\u0161\u010din<\/li>\n<li>\u2003\u2003 Stru\u010dni \u010dlanak<\/li>\n<\/ul>\n<\/li>\n<\/ul>\n<\/li>\n<\/ul>\n<p>&nbsp;<\/p>\n<ul style=\"list-style-type: none;\">\n<li style=\"list-style-type: none;\">\n<ul style=\"list-style-type: none;\">\n<li><a href=\"https:\/\/stranijezici.ffzg.unizg.hr\/wp-content\/uploads\/2018\/12\/SJ_1_2_2013_1_KB-179-206.pdf\" target=\"_blank\" rel=\"noopener\"><strong>TRANSLATING CHILDREN&#8217;S LITERATURE: CASE STUDY OF <em>JE\u017dEVA KU\u0106ICA<\/em> BY BRANKO \u0106OPI\u0106<\/strong><\/a> (str. 179)\n<ul style=\"list-style-type: none;\">\n<li>\u2003\u2003 Romana \u010ca\u010dija, Mirta Jak\u0161i\u0107<\/li>\n<li>\u2003\u2003 Stru\u010dni \u010dlanak<\/li>\n<\/ul>\n<\/li>\n<\/ul>\n<\/li>\n<\/ul>\n<p>&nbsp;<\/p>\n<ul style=\"list-style-type: none;\">\n<li style=\"list-style-type: none;\">\n<ul style=\"list-style-type: none;\">\n<li><a href=\"https:\/\/stranijezici.ffzg.unizg.hr\/wp-content\/uploads\/2018\/12\/SJ_1_2_2013_1_KB-207-212.pdf\" target=\"_blank\" rel=\"noopener\"><strong>PRIKAZ XXVII. ME\u0110UNARODNOG ZNANSTVENOG SKUPA HRVATSKOG DRU\u0160TVA ZA PRIMIJENJENU LINGVISTIKU<\/strong><\/a> (str. 207)\n<ul style=\"list-style-type: none;\">\n<li>\u2003\u2003 Lia Dragojevi\u0107<\/li>\n<li>\u2003\u2003 Prikaz<\/li>\n<\/ul>\n<\/li>\n<\/ul>\n<\/li>\n<\/ul>\n<p>&nbsp;<\/p>\n<ul style=\"list-style-type: none;\">\n<li style=\"list-style-type: none;\">\n<ul style=\"list-style-type: none;\">\n<li><a href=\"https:\/\/stranijezici.ffzg.unizg.hr\/wp-content\/uploads\/2018\/12\/SJ_1_2_2013_1_KB-213-221.pdf\" target=\"_blank\" rel=\"noopener\"><strong>BOOK REVIEW: TEACHING AND LEARNING SECOND LANGUAGE LISTENING: METACOGNITION IN ACTION<\/strong><\/a> (str. 213)\n<ul style=\"list-style-type: none;\">\n<li>\u2003\u2003 Vi\u0161nja Pavi\u010di\u0107 Taka\u010d<\/li>\n<li>\u2003\u2003 Prikaz<\/li>\n<\/ul>\n<\/li>\n<\/ul>\n<\/li>\n<\/ul>\n<p>&nbsp;<\/p>\n","protected":false},"excerpt":{"rendered":"<p>UVODNA RIJE\u010c (str. 5) &nbsp; INTERVIEW WITH PROFESSOR CHRISTINE C. M. GOH (str. 9) \u2003\u2003 Vi\u0161nja Pavi\u010di\u0107 Taka\u010d \u2003\u2003 Intervju &nbsp; SINONIMNI NAZIVI U TEHNI\u010cKOM JEZIKU (str. 15) \u2003\u2003 Snje\u017eana Kerekovi\u0107 \u2003\u2003 Izvorni znanstveni \u010dlanak &nbsp; UZUS I STAVOVI TUMA\u010cA I PREVODITELJA ZA HTVATSKI JEZIK I NJIHOV ODNOS PREMA DRUGIM, SRODNIM JEZICIMA (str. 31) \u2003\u2003 &hellip; <\/p>\n<p class=\"link-more\"><a href=\"https:\/\/stranijezici.ffzg.unizg.hr\/index.php\/vol42n1-2\/\" class=\"more-link\">Continue reading<span class=\"screen-reader-text\"> &#8220;Vol 42. (1-2)&#8221;<\/span><\/a><\/p>\n","protected":false},"author":2,"featured_media":0,"parent":0,"menu_order":0,"comment_status":"closed","ping_status":"closed","template":"","meta":{"ngg_post_thumbnail":0,"footnotes":""},"class_list":["post-1477","page","type-page","status-publish","hentry"],"_links":{"self":[{"href":"https:\/\/stranijezici.ffzg.unizg.hr\/index.php\/wp-json\/wp\/v2\/pages\/1477","targetHints":{"allow":["GET"]}}],"collection":[{"href":"https:\/\/stranijezici.ffzg.unizg.hr\/index.php\/wp-json\/wp\/v2\/pages"}],"about":[{"href":"https:\/\/stranijezici.ffzg.unizg.hr\/index.php\/wp-json\/wp\/v2\/types\/page"}],"author":[{"embeddable":true,"href":"https:\/\/stranijezici.ffzg.unizg.hr\/index.php\/wp-json\/wp\/v2\/users\/2"}],"replies":[{"embeddable":true,"href":"https:\/\/stranijezici.ffzg.unizg.hr\/index.php\/wp-json\/wp\/v2\/comments?post=1477"}],"version-history":[{"count":3,"href":"https:\/\/stranijezici.ffzg.unizg.hr\/index.php\/wp-json\/wp\/v2\/pages\/1477\/revisions"}],"predecessor-version":[{"id":4118,"href":"https:\/\/stranijezici.ffzg.unizg.hr\/index.php\/wp-json\/wp\/v2\/pages\/1477\/revisions\/4118"}],"wp:attachment":[{"href":"https:\/\/stranijezici.ffzg.unizg.hr\/index.php\/wp-json\/wp\/v2\/media?parent=1477"}],"curies":[{"name":"wp","href":"https:\/\/api.w.org\/{rel}","templated":true}]}}