{"id":1468,"date":"2018-12-07T22:41:30","date_gmt":"2018-12-07T22:41:30","guid":{"rendered":"https:\/\/stranijezici.ffzg.unizg.hr\/?page_id=1468"},"modified":"2022-05-18T17:23:51","modified_gmt":"2022-05-18T17:23:51","slug":"vol11n1-2","status":"publish","type":"page","link":"https:\/\/stranijezici.ffzg.unizg.hr\/index.php\/vol11n1-2\/","title":{"rendered":"Vol 11. (1-2)"},"content":{"rendered":"<p><span style=\"color: #307068; font-size: 10pt;\"><strong>1982., Vol 11. (1-2)<\/strong><\/span><\/p>\n<ul style=\"list-style-type: none;\">\n<li style=\"list-style-type: none;\">\n<ul style=\"list-style-type: none;\">\n<li><strong><a href=\"https:\/\/stranijezici.ffzg.unizg.hr\/wp-content\/uploads\/2022\/05\/SJ_11_1-2_0.pdf\">STRANI JEZICI 1972-1982<\/a><\/strong> (str. 1)\n<ul style=\"list-style-type: none;\">\n<li>\u2003\u2003 Rudolf Filipovi\u0107<\/li>\n<li><\/li>\n<\/ul>\n<\/li>\n<\/ul>\n<\/li>\n<\/ul>\n<p>&nbsp;<\/p>\n<ul style=\"list-style-type: none;\">\n<li style=\"list-style-type: none;\">\n<ul style=\"list-style-type: none;\">\n<li>\n<h3>Lingvistika<\/h3>\n<\/li>\n<li><strong><a href=\"https:\/\/stranijezici.ffzg.unizg.hr\/wp-content\/uploads\/2022\/05\/SJ_11_1-2_1.pdf\">O PRILOZIMA I &gt;&gt;PRILOZIMA&lt;&lt; <\/a><\/strong> (str. 3)\n<ul style=\"list-style-type: none;\">\n<li>\u2003\u2003 Pavao Tekav\u010di\u0107<\/li>\n<li><\/li>\n<\/ul>\n<\/li>\n<\/ul>\n<\/li>\n<\/ul>\n<p>&nbsp;<\/p>\n<ul style=\"list-style-type: none;\">\n<li style=\"list-style-type: none;\">\n<ul style=\"list-style-type: none;\">\n<li><strong><a href=\"https:\/\/stranijezici.ffzg.unizg.hr\/wp-content\/uploads\/2022\/05\/SJ_11_1-2_2.pdf\">INTERFERENCIJE NA PODRU\u010cJU FRAZEOLOGIJE<\/a><\/strong> (str. 13)\n<ul style=\"list-style-type: none;\">\n<li>\u2003\u2003 Josip Jernej<\/li>\n<li><\/li>\n<\/ul>\n<\/li>\n<\/ul>\n<\/li>\n<\/ul>\n<p>&nbsp;<\/p>\n<ul style=\"list-style-type: none;\">\n<li style=\"list-style-type: none;\">\n<ul style=\"list-style-type: none;\">\n<li><strong><a href=\"https:\/\/stranijezici.ffzg.unizg.hr\/wp-content\/uploads\/2022\/05\/SJ_11_1-2_3.pdf\">NEKA RAZMI\u0160LJANJA O MOGU\u0106NOSTI PREVO\u0110ENJA &gt;&gt;ODRE\u0110ENOG&lt;&lt; I &gt;&gt;NEODRE\u0110ENOG&lt;&lt; \u010cLANA<\/a><\/strong> (str. 17)\n<ul style=\"list-style-type: none;\">\n<li>\u2003\u2003 Maslina Katu\u0161i\u0107<\/li>\n<li><\/li>\n<\/ul>\n<\/li>\n<\/ul>\n<\/li>\n<\/ul>\n<p>&nbsp;<\/p>\n<ul style=\"list-style-type: none;\">\n<li style=\"list-style-type: none;\">\n<ul style=\"list-style-type: none;\">\n<li><strong><a href=\"https:\/\/stranijezici.ffzg.unizg.hr\/wp-content\/uploads\/2022\/05\/SJ_11_1-2_4.pdf\">ODRE\u0110IVANJE ODNOSA IZME\u0110U DIJELOVA SLO\u017dENE RE\u010cENICE U NJEMA\u010cKIM GRAMATIKAMA<\/a><\/strong> (str. 27)\n<ul style=\"list-style-type: none;\">\n<li>\u2003\u2003 Zrinjka Glovacki-Bernardi<\/li>\n<li><\/li>\n<\/ul>\n<\/li>\n<\/ul>\n<\/li>\n<\/ul>\n<p>&nbsp;<\/p>\n<ul style=\"list-style-type: none;\">\n<li style=\"list-style-type: none;\">\n<ul style=\"list-style-type: none;\">\n<li><strong><a href=\"https:\/\/stranijezici.ffzg.unizg.hr\/wp-content\/uploads\/2022\/05\/SJ_11_1-2_5.pdf\">O PISANJU NASTAVKA U INSTRUMENTALU I LOKATIVU JEDNINE IMENICA U RUSKOM JEZIKU<\/a><\/strong> (str. 32)\n<ul style=\"list-style-type: none;\">\n<li>\u2003\u2003 Milenko Popovi\u0107<\/li>\n<li><\/li>\n<\/ul>\n<\/li>\n<\/ul>\n<\/li>\n<\/ul>\n<p>&nbsp;<\/p>\n<ul style=\"list-style-type: none;\">\n<li style=\"list-style-type: none;\">\n<ul style=\"list-style-type: none;\">\n<li><strong><a href=\"https:\/\/stranijezici.ffzg.unizg.hr\/wp-content\/uploads\/2022\/05\/SJ_11_1-2_6.pdf\">GLAVNE SEMANTI\u010cKE KARAKTERISTIKE IMENI\u010cKIH SLO\u017dENICA U ENGLESKOM JEZIKU SAOBRA\u0106AJNE STRUKE<\/a><\/strong> (str. 35)\n<ul style=\"list-style-type: none;\">\n<li>\u2003\u2003 Ana Fi\u0161er-Popovi\u0107<\/li>\n<li><\/li>\n<\/ul>\n<\/li>\n<\/ul>\n<\/li>\n<\/ul>\n<p>&nbsp;<\/p>\n<ul style=\"list-style-type: none;\">\n<li style=\"list-style-type: none;\">\n<ul style=\"list-style-type: none;\">\n<li><strong><a href=\"https:\/\/stranijezici.ffzg.unizg.hr\/wp-content\/uploads\/2022\/05\/SJ_11_1-2_7.pdf\">RAZVITAK SOCIOLINGVISTI\u010cKIH ISTRA\u017dIVANJA U ITALIJI<\/a><\/strong> (str. 42)\n<ul style=\"list-style-type: none;\">\n<li>\u2003\u2003 Nives Sironi\u0107-Bonefa\u010di\u0107<\/li>\n<li><\/li>\n<\/ul>\n<\/li>\n<\/ul>\n<\/li>\n<\/ul>\n<p>&nbsp;<\/p>\n<ul style=\"list-style-type: none;\">\n<li style=\"list-style-type: none;\">\n<ul style=\"list-style-type: none;\">\n<li>\n<h3>Metodika<\/h3>\n<\/li>\n<li><strong><a href=\"https:\/\/stranijezici.ffzg.unizg.hr\/wp-content\/uploads\/2022\/05\/SJ_11_1-2_8.pdf\">MJESTO I ULOGA GRAMATIKE U SADA\u0160NJEM TRENUTKU<\/a><\/strong> (str. 48)\n<ul style=\"list-style-type: none;\">\n<li>\u2003\u2003 Jasna Bilini\u0107-Zubak<\/li>\n<li><\/li>\n<\/ul>\n<\/li>\n<\/ul>\n<\/li>\n<\/ul>\n<p>&nbsp;<\/p>\n<ul style=\"list-style-type: none;\">\n<li style=\"list-style-type: none;\">\n<ul style=\"list-style-type: none;\">\n<li><strong><a href=\"https:\/\/stranijezici.ffzg.unizg.hr\/wp-content\/uploads\/2022\/05\/SJ_11_1-2_9.pdf\">PRIMJERENOST NASTAVE STRANOG JEZIKA POTREBAMA I MOGU\u0106NOSTIMA SKUPINE I POJEDINCA<\/a><\/strong> (str. 54)\n<ul style=\"list-style-type: none;\">\n<li>\u2003\u2003 Ivana Batu\u0161i\u0107<\/li>\n<li><\/li>\n<\/ul>\n<\/li>\n<\/ul>\n<\/li>\n<\/ul>\n<p>&nbsp;<\/p>\n<ul style=\"list-style-type: none;\">\n<li style=\"list-style-type: none;\">\n<ul style=\"list-style-type: none;\">\n<li><strong><a href=\"https:\/\/stranijezici.ffzg.unizg.hr\/wp-content\/uploads\/2022\/05\/SJ_11_1-2_10.pdf\">VRSTE I NA\u010cINI \u010cITANJA<\/a><\/strong> (str. 57)\n<ul style=\"list-style-type: none;\">\n<li>\u2003\u2003 Miho Skljarov<\/li>\n<li><\/li>\n<\/ul>\n<\/li>\n<\/ul>\n<\/li>\n<\/ul>\n<p>&nbsp;<\/p>\n<ul style=\"list-style-type: none;\">\n<li style=\"list-style-type: none;\">\n<ul style=\"list-style-type: none;\">\n<li><strong><a href=\"https:\/\/stranijezici.ffzg.unizg.hr\/wp-content\/uploads\/2022\/05\/SJ_11_1-2_11.pdf\">METODI\u010cKE SUGESTIJE ZA OBRADU TELEVIZIJSKE EMISIJE FRANCUSKOG JEZIKA<\/a><\/strong> (str. 68)\n<ul style=\"list-style-type: none;\">\n<li>\u2003\u2003 Bla\u017eenka Bubanj<\/li>\n<li><\/li>\n<\/ul>\n<\/li>\n<\/ul>\n<\/li>\n<\/ul>\n<p>&nbsp;<\/p>\n<ul style=\"list-style-type: none;\">\n<li style=\"list-style-type: none;\">\n<ul style=\"list-style-type: none;\">\n<li><strong><a href=\"https:\/\/stranijezici.ffzg.unizg.hr\/wp-content\/uploads\/2022\/05\/SJ_11_1-2_12.pdf\">METODOLO\u0160KE OSNOVE UD\u017dBENIKA JEZIKA STRUKE (NA PRIMJERU RUSKOG I ENGLESKOG)<\/a><\/strong> (str. 75)\n<ul style=\"list-style-type: none;\">\n<li>Damir Horga, Gordana Mikuli\u0107<\/li>\n<li><\/li>\n<\/ul>\n<\/li>\n<\/ul>\n<\/li>\n<\/ul>\n<p>&nbsp;<\/p>\n<ul style=\"list-style-type: none;\">\n<li style=\"list-style-type: none;\">\n<ul style=\"list-style-type: none;\">\n<li>\n<h3>Knji\u017eevnost u nastavi jezika<\/h3>\n<\/li>\n<li><strong><a href=\"https:\/\/stranijezici.ffzg.unizg.hr\/wp-content\/uploads\/2022\/05\/SJ_11_1-2_13.pdf\">UBERLEGUNGEN ZUM LITERATURUNTERRICHT IN DEN FREMDSPRACHEN<\/a><\/strong> (str. 82)\n<ul style=\"list-style-type: none;\">\n<li>\u2003\u2003 Diethelm Kaminski<\/li>\n<li><\/li>\n<\/ul>\n<\/li>\n<\/ul>\n<\/li>\n<\/ul>\n<p>&nbsp;<\/p>\n<ul style=\"list-style-type: none;\">\n<li style=\"list-style-type: none;\">\n<ul style=\"list-style-type: none;\">\n<li><strong><a href=\"https:\/\/stranijezici.ffzg.unizg.hr\/wp-content\/uploads\/2022\/05\/SJ_11_1-2_14.pdf\">LITERATURE IN FOREIGN LANGUAGE LEARNING<\/a><\/strong> (str. 85)\n<ul style=\"list-style-type: none;\">\n<li>\u2003\u2003 Sonia Bi\u0107ani\u0107<\/li>\n<li><\/li>\n<\/ul>\n<\/li>\n<\/ul>\n<\/li>\n<\/ul>\n<p>&nbsp;<\/p>\n<ul style=\"list-style-type: none;\">\n<li style=\"list-style-type: none;\">\n<ul style=\"list-style-type: none;\">\n<li><strong><a href=\"https:\/\/stranijezici.ffzg.unizg.hr\/wp-content\/uploads\/2022\/05\/SJ_11_1-2_15.pdf\">LE TEXTE LITTERAIRE DANS L&#8217;ENSEIGNEMENT DU FRAN\u00c7AIS LANGUE ETRANGERE<\/a><\/strong> (str. 88)\n<ul style=\"list-style-type: none;\">\n<li>Annette Henri-Dartigues, Jean-Pierre Dartigues<\/li>\n<\/ul>\n<\/li>\n<\/ul>\n<\/li>\n<\/ul>\n<p>&nbsp;<\/p>\n<ul style=\"list-style-type: none;\">\n<li style=\"list-style-type: none;\">\n<ul style=\"list-style-type: none;\">\n<li>\n<h3>\u017diva rije\u010d<\/h3>\n<\/li>\n<li><strong><a href=\"https:\/\/stranijezici.ffzg.unizg.hr\/wp-content\/uploads\/2022\/05\/SJ_11_1-2_16.pdf\">THE AMERICAN VIEW OF TIME IN LANGUAGE AND CULTURE STUDY <\/a><\/strong>(str. 93)<br \/>\nCatherine Taylor-\u0160karica<\/li>\n<\/ul>\n<\/li>\n<\/ul>\n<ul style=\"list-style-type: none;\">\n<li style=\"list-style-type: none;\">\n<ul style=\"list-style-type: none;\">\n<li>\n<h3>Na\u0161a iskustva<\/h3>\n<\/li>\n<li><strong><a href=\"https:\/\/stranijezici.ffzg.unizg.hr\/wp-content\/uploads\/2022\/05\/SJ_11_1-2_17.pdf\">ANALIZA PJESME U NASTAVI ENGLESKOG JEZIKA<\/a><\/strong> (str. 98)\n<ul style=\"list-style-type: none;\">\n<li>\u2003\u2003 Jasna Jemer\u0161i\u0107<\/li>\n<li><\/li>\n<\/ul>\n<\/li>\n<\/ul>\n<\/li>\n<\/ul>\n<p>&nbsp;<\/p>\n<ul style=\"list-style-type: none;\">\n<li style=\"list-style-type: none;\">\n<ul style=\"list-style-type: none;\">\n<li><strong><a href=\"https:\/\/stranijezici.ffzg.unizg.hr\/wp-content\/uploads\/2022\/05\/SJ_11_1-2_18.pdf\">KNJI\u017dEVNI TEKST KAO POTICAJ<\/a><\/strong> (str. 100)\n<ul style=\"list-style-type: none;\">\n<li>\u2003\u2003 Jasna Dvojkovi\u0107<\/li>\n<li><\/li>\n<\/ul>\n<\/li>\n<\/ul>\n<\/li>\n<\/ul>\n<p>&nbsp;<\/p>\n<ul style=\"list-style-type: none;\">\n<li style=\"list-style-type: none;\">\n<ul style=\"list-style-type: none;\">\n<li><strong><a href=\"https:\/\/stranijezici.ffzg.unizg.hr\/wp-content\/uploads\/2022\/05\/SJ_11_1-2_19.pdf\">OBRADA KRATKE PRI\u010cE<\/a><\/strong> (str. 106)\n<ul style=\"list-style-type: none;\">\n<li>\u2003\u2003 Divna Kern-Franceti\u0107<\/li>\n<li><\/li>\n<\/ul>\n<\/li>\n<\/ul>\n<\/li>\n<\/ul>\n<p>&nbsp;<\/p>\n<ul style=\"list-style-type: none;\">\n<li style=\"list-style-type: none;\">\n<ul style=\"list-style-type: none;\">\n<li><strong><a href=\"https:\/\/stranijezici.ffzg.unizg.hr\/wp-content\/uploads\/2022\/05\/SJ_11_1-2_20.pdf\">OBRADA PJESME NOUS IRONS A PARIS<\/a><\/strong> (str. 111)\n<ul style=\"list-style-type: none;\">\n<li>\u2003\u2003 \u017deljka Horvat-Vukelja<\/li>\n<li><\/li>\n<\/ul>\n<\/li>\n<\/ul>\n<\/li>\n<\/ul>\n<p>&nbsp;<\/p>\n<ul style=\"list-style-type: none;\">\n<li style=\"list-style-type: none;\">\n<ul style=\"list-style-type: none;\">\n<li><strong><a href=\"https:\/\/stranijezici.ffzg.unizg.hr\/wp-content\/uploads\/2022\/05\/SJ_11_1-2_21.pdf\">UD\u017dBENIK &gt;&gt;DEUTSCH F\u00dcR DEN ALLTAG&lt;&lt; U NASTAVI NJEMA\u010cKOG JEZIKA<\/a><\/strong> (str. 114)\n<ul style=\"list-style-type: none;\">\n<li>\u2003\u2003 Maja H\u00e4usler<\/li>\n<li><\/li>\n<\/ul>\n<\/li>\n<\/ul>\n<\/li>\n<\/ul>\n<p>&nbsp;<\/p>\n<ul style=\"list-style-type: none;\">\n<li style=\"list-style-type: none;\">\n<ul style=\"list-style-type: none;\">\n<li>\n<h3>Kronika<\/h3>\n<\/li>\n<li><strong><a href=\"https:\/\/stranijezici.ffzg.unizg.hr\/wp-content\/uploads\/2022\/05\/SJ_11_1-2_22.pdf\">STRANI JEZIK STRUKE U TEORIJI I PRAKSI &#8211; SAVJETOVANJE<\/a><\/strong> (str. 115)\n<ul style=\"list-style-type: none;\">\n<li>\u2003\u2003 Nade\u017eda Vinaver<\/li>\n<li><\/li>\n<\/ul>\n<\/li>\n<\/ul>\n<\/li>\n<\/ul>\n<p>&nbsp;<\/p>\n","protected":false},"excerpt":{"rendered":"<p>1982., Vol 11. (1-2) STRANI JEZICI 1972-1982 (str. 1) \u2003\u2003 Rudolf Filipovi\u0107 &nbsp; Lingvistika O PRILOZIMA I &gt;&gt;PRILOZIMA&lt;&lt; (str. 3) \u2003\u2003 Pavao Tekav\u010di\u0107 &nbsp; INTERFERENCIJE NA PODRU\u010cJU FRAZEOLOGIJE (str. 13) \u2003\u2003 Josip Jernej &nbsp; NEKA RAZMI\u0160LJANJA O MOGU\u0106NOSTI PREVO\u0110ENJA &gt;&gt;ODRE\u0110ENOG&lt;&lt; I &gt;&gt;NEODRE\u0110ENOG&lt;&lt; \u010cLANA (str. 17) \u2003\u2003 Maslina Katu\u0161i\u0107 &nbsp; ODRE\u0110IVANJE ODNOSA IZME\u0110U DIJELOVA SLO\u017dENE RE\u010cENICE &hellip; <\/p>\n<p class=\"link-more\"><a href=\"https:\/\/stranijezici.ffzg.unizg.hr\/index.php\/vol11n1-2\/\" class=\"more-link\">Continue reading<span class=\"screen-reader-text\"> &#8220;Vol 11. (1-2)&#8221;<\/span><\/a><\/p>\n","protected":false},"author":2,"featured_media":0,"parent":0,"menu_order":0,"comment_status":"closed","ping_status":"closed","template":"","meta":{"ngg_post_thumbnail":0,"footnotes":""},"class_list":["post-1468","page","type-page","status-publish","hentry"],"_links":{"self":[{"href":"https:\/\/stranijezici.ffzg.unizg.hr\/index.php\/wp-json\/wp\/v2\/pages\/1468","targetHints":{"allow":["GET"]}}],"collection":[{"href":"https:\/\/stranijezici.ffzg.unizg.hr\/index.php\/wp-json\/wp\/v2\/pages"}],"about":[{"href":"https:\/\/stranijezici.ffzg.unizg.hr\/index.php\/wp-json\/wp\/v2\/types\/page"}],"author":[{"embeddable":true,"href":"https:\/\/stranijezici.ffzg.unizg.hr\/index.php\/wp-json\/wp\/v2\/users\/2"}],"replies":[{"embeddable":true,"href":"https:\/\/stranijezici.ffzg.unizg.hr\/index.php\/wp-json\/wp\/v2\/comments?post=1468"}],"version-history":[{"count":31,"href":"https:\/\/stranijezici.ffzg.unizg.hr\/index.php\/wp-json\/wp\/v2\/pages\/1468\/revisions"}],"predecessor-version":[{"id":3655,"href":"https:\/\/stranijezici.ffzg.unizg.hr\/index.php\/wp-json\/wp\/v2\/pages\/1468\/revisions\/3655"}],"wp:attachment":[{"href":"https:\/\/stranijezici.ffzg.unizg.hr\/index.php\/wp-json\/wp\/v2\/media?parent=1468"}],"curies":[{"name":"wp","href":"https:\/\/api.w.org\/{rel}","templated":true}]}}