{"id":1451,"date":"2018-12-05T18:32:45","date_gmt":"2018-12-05T18:32:45","guid":{"rendered":"https:\/\/stranijezici.ffzg.unizg.hr\/?page_id=1451"},"modified":"2022-05-18T14:48:43","modified_gmt":"2022-05-18T14:48:43","slug":"vol10n4","status":"publish","type":"page","link":"https:\/\/stranijezici.ffzg.unizg.hr\/index.php\/vol10n4\/","title":{"rendered":"Vol 10. (4)"},"content":{"rendered":"<p><span style=\"color: #307068; font-size: 10pt;\"><strong>1981., Vol 10. (4)<\/strong><\/span><\/p>\n<ul style=\"list-style-type: none;\">\n<li style=\"list-style-type: none;\">\n<ul style=\"list-style-type: none;\">\n<li><a target=\"_blank\" rel=\"noopener\"><br \/>\n<\/a><\/p>\n<h3>Uvodna rije\u010d<\/h3>\n<p>&nbsp;<\/li>\n<\/ul>\n<\/li>\n<\/ul>\n<p>&nbsp;<\/p>\n<ul style=\"list-style-type: none;\">\n<li style=\"list-style-type: none;\">\n<ul style=\"list-style-type: none;\">\n<li>\n<h3>Sociolingvistika<\/h3>\n<\/li>\n<li><strong><a href=\"https:\/\/stranijezici.ffzg.unizg.hr\/wp-content\/uploads\/2022\/05\/SJ_10_4_1.pdf\">SOCIOLINGVISTIKA KAO NOVA LINGVISTIKA<\/a><\/strong> (str. 262)\n<ul style=\"list-style-type: none;\">\n<li>\u2003\u2003 Dubravko \u0160kiljan<\/li>\n<li><\/li>\n<\/ul>\n<\/li>\n<\/ul>\n<\/li>\n<\/ul>\n<p>&nbsp;<\/p>\n<ul style=\"list-style-type: none;\">\n<li style=\"list-style-type: none;\">\n<ul style=\"list-style-type: none;\">\n<li><strong><a href=\"https:\/\/stranijezici.ffzg.unizg.hr\/wp-content\/uploads\/2022\/05\/SJ_10_4_2.pdf\">IDENTITET I STATUS SOCIOLINGVISTIKE KAO NAU\u010cNE DISCIPLINE<\/a><\/strong> (str. 267)\n<ul style=\"list-style-type: none;\">\n<li>\u2003\u2003 Ranko Bugarski<\/li>\n<li><\/li>\n<\/ul>\n<\/li>\n<\/ul>\n<\/li>\n<\/ul>\n<p>&nbsp;<\/p>\n<ul style=\"list-style-type: none;\">\n<li style=\"list-style-type: none;\">\n<ul style=\"list-style-type: none;\">\n<li><strong><a href=\"https:\/\/stranijezici.ffzg.unizg.hr\/wp-content\/uploads\/2022\/05\/SJ_10_4_3.pdf\">NEKE IMPLIKACIJE SOCIOLINGVISTI\u010cKIH POJMOVA ZA NASTAVU JEZIKA<\/a><\/strong> (str. 275)\n<ul style=\"list-style-type: none;\">\n<li>\u2003\u2003 Damir Kalogjera<\/li>\n<li><\/li>\n<\/ul>\n<\/li>\n<\/ul>\n<\/li>\n<\/ul>\n<p>&nbsp;<\/p>\n<ul style=\"list-style-type: none;\">\n<li style=\"list-style-type: none;\">\n<ul style=\"list-style-type: none;\">\n<li><strong><a href=\"https:\/\/stranijezici.ffzg.unizg.hr\/wp-content\/uploads\/2022\/05\/SJ_10_4_4.pdf\">SITUACIONI KONTEKST STRU\u010cNOG JEZIKA<\/a><\/strong> (str. 282)\n<ul style=\"list-style-type: none;\">\n<li>\u2003\u2003 Ljubomir Mihailovi\u0107<\/li>\n<li><\/li>\n<\/ul>\n<\/li>\n<\/ul>\n<\/li>\n<\/ul>\n<p>&nbsp;<\/p>\n<ul style=\"list-style-type: none;\">\n<li style=\"list-style-type: none;\">\n<ul style=\"list-style-type: none;\">\n<li><strong><a href=\"https:\/\/stranijezici.ffzg.unizg.hr\/wp-content\/uploads\/2022\/05\/SJ_10_4_5.pdf\">O NEKIM SOCIOLINGVISTI\u010cKIM ASPEKTIMA NASTAVE STRANIH JEZIKA<\/a><\/strong> (str. 286)\n<ul style=\"list-style-type: none;\">\n<li>\u2003\u2003 Aleksandar Kolka<\/li>\n<li><\/li>\n<\/ul>\n<\/li>\n<\/ul>\n<\/li>\n<\/ul>\n<p>&nbsp;<\/p>\n<ul style=\"list-style-type: none;\">\n<li style=\"list-style-type: none;\">\n<ul style=\"list-style-type: none;\">\n<li><strong><a href=\"https:\/\/stranijezici.ffzg.unizg.hr\/wp-content\/uploads\/2022\/05\/SJ_10_4_6.pdf\">KOMUNIKACIJA U KONTAKTU<\/a><\/strong> (str. 294)\n<ul style=\"list-style-type: none;\">\n<li>\u2003\u2003 Jelisaveta Milojevi\u0107<\/li>\n<li><\/li>\n<\/ul>\n<\/li>\n<\/ul>\n<\/li>\n<\/ul>\n<p>&nbsp;<\/p>\n<ul style=\"list-style-type: none;\">\n<li style=\"list-style-type: none;\">\n<ul style=\"list-style-type: none;\">\n<li><strong><a href=\"https:\/\/stranijezici.ffzg.unizg.hr\/wp-content\/uploads\/2022\/05\/SJ_10_4_7.pdf\">MOTIVACIJA ZA U\u010cENJE STRANIH JEZIKA KAO FUNKCIJA LI\u010cNOSTI I DRU\u0160TVENE SREDINE<\/a><\/strong> (str. 299)\n<ul style=\"list-style-type: none;\">\n<li>\u2003\u2003 Biserka Limi\u0107<\/li>\n<li><\/li>\n<\/ul>\n<\/li>\n<\/ul>\n<\/li>\n<\/ul>\n<p>&nbsp;<\/p>\n<ul style=\"list-style-type: none;\">\n<li style=\"list-style-type: none;\">\n<ul style=\"list-style-type: none;\">\n<li><strong><a href=\"https:\/\/stranijezici.ffzg.unizg.hr\/wp-content\/uploads\/2022\/05\/SJ_10_4_8.pdf\">ANGLICIZMI, PSEUDOANGLICIZMI I BEOGRADSKI \u017dARGON<\/a><\/strong> (str. 303)\n<ul style=\"list-style-type: none;\">\n<li>\u2003\u2003 Smiljka Stojanovi\u0107<\/li>\n<li><\/li>\n<\/ul>\n<\/li>\n<\/ul>\n<\/li>\n<\/ul>\n<p>&nbsp;<\/p>\n<ul style=\"list-style-type: none;\">\n<li style=\"list-style-type: none;\">\n<ul style=\"list-style-type: none;\">\n<li><strong><a href=\"https:\/\/stranijezici.ffzg.unizg.hr\/wp-content\/uploads\/2022\/05\/SJ_10_4_9.pdf\">NEKI SOCIOLINGVISTI\u010cKI ASPEKTI GRAMATI\u010cKE TERMINOLOGIJE U NASTAVI FRANCUSKOG JEZIKA<\/a><\/strong> (str. 308)\n<ul style=\"list-style-type: none;\">\n<li>\u2003\u2003 Plemenka Vlahovi\u0107<\/li>\n<li><\/li>\n<\/ul>\n<\/li>\n<\/ul>\n<\/li>\n<\/ul>\n<p>&nbsp;<\/p>\n<ul style=\"list-style-type: none;\">\n<li style=\"list-style-type: none;\">\n<ul style=\"list-style-type: none;\">\n<li><strong><a href=\"https:\/\/stranijezici.ffzg.unizg.hr\/wp-content\/uploads\/2022\/05\/SJ_10_4_10.pdf\">ODNOS GOVORENOG I PISANOG JEZIKA U\u010cENIKA OSNOVNE \u0160KOLE S OBZIROM NA MATERINSKI I STRANI JEZIK<\/a><\/strong> (str. 312)\n<ul style=\"list-style-type: none;\">\n<li>\u2003\u2003 Jasna Gotovac<\/li>\n<li><\/li>\n<\/ul>\n<\/li>\n<\/ul>\n<\/li>\n<\/ul>\n<p>&nbsp;<\/p>\n<ul style=\"list-style-type: none;\">\n<li style=\"list-style-type: none;\">\n<ul style=\"list-style-type: none;\">\n<li><strong><a href=\"https:\/\/stranijezici.ffzg.unizg.hr\/wp-content\/uploads\/2022\/05\/SJ_10_4_11.pdf\">JEZI\u010cNE VARIJACIJE U POMORSKOM ENGLESKOM I TEHNI\u010cKI TEKST<\/a><\/strong> (str. 316)\n<ul style=\"list-style-type: none;\">\n<li>\u2003\u2003 Boris Pri\u010dard<\/li>\n<li><\/li>\n<\/ul>\n<\/li>\n<\/ul>\n<\/li>\n<\/ul>\n<p>&nbsp;<\/p>\n<ul style=\"list-style-type: none;\">\n<li style=\"list-style-type: none;\">\n<ul style=\"list-style-type: none;\">\n<li>\n<h3>Lingvistika<\/h3>\n<\/li>\n<li><strong><a href=\"https:\/\/stranijezici.ffzg.unizg.hr\/wp-content\/uploads\/2022\/05\/SJ_10_4_12.pdf\">VLASTITE IMENICE S \u010cLANOM U ENGLESKOM<\/a><\/strong> (str. 322)\n<ul style=\"list-style-type: none;\">\n<li>\u2003\u2003 Leonardo Spalatin<\/li>\n<li><\/li>\n<\/ul>\n<\/li>\n<\/ul>\n<\/li>\n<\/ul>\n<p>&nbsp;<\/p>\n<ul style=\"list-style-type: none;\">\n<li style=\"list-style-type: none;\">\n<ul style=\"list-style-type: none;\">\n<li>\n<h3>Metodika<\/h3>\n<\/li>\n<li><strong><a href=\"https:\/\/stranijezici.ffzg.unizg.hr\/wp-content\/uploads\/2022\/05\/SJ_10_4_13.pdf\">AKTIVNA PERCEPCIJA FORMALNE I SADR\u017dAJNE STRANE TEKSTA<\/a><\/strong> (str. 326)\n<ul style=\"list-style-type: none;\">\n<li>\u2003\u2003 Miho Skljarov<\/li>\n<li><\/li>\n<\/ul>\n<\/li>\n<\/ul>\n<\/li>\n<\/ul>\n<p>&nbsp;<\/p>\n<ul style=\"list-style-type: none;\">\n<li style=\"list-style-type: none;\">\n<ul style=\"list-style-type: none;\">\n<li><strong><a href=\"https:\/\/stranijezici.ffzg.unizg.hr\/wp-content\/uploads\/2022\/05\/SJ_10_4_14.pdf\">JEZI\u010cNE FORME U JEZIKU STRUKE<\/a><\/strong> (str. 334)\n<ul style=\"list-style-type: none;\">\n<li>\u2003\u2003 Vesna Izakovi\u0107<\/li>\n<li><\/li>\n<\/ul>\n<\/li>\n<\/ul>\n<\/li>\n<\/ul>\n<p>&nbsp;<\/p>\n<ul style=\"list-style-type: none;\">\n<li style=\"list-style-type: none;\">\n<ul style=\"list-style-type: none;\">\n<li><strong><a href=\"https:\/\/stranijezici.ffzg.unizg.hr\/wp-content\/uploads\/2022\/05\/SJ_10_4_15.pdf\">POUKA U GRAMATI\u010cKOM SUSTAVU KAO SREDSTVO ZA SIGURNIJU AKVIZICIJU I \u010cVR\u0160\u0106U SPONTANEIZACIJU STRUKTURA STRANOG JEZIKA<\/a><\/strong> (str. 341)\n<ul style=\"list-style-type: none;\">\n<li>\u2003\u2003 Svevlad Slaming<\/li>\n<li><\/li>\n<\/ul>\n<\/li>\n<\/ul>\n<\/li>\n<\/ul>\n<p>&nbsp;<\/p>\n<ul style=\"list-style-type: none;\">\n<li style=\"list-style-type: none;\">\n<ul style=\"list-style-type: none;\">\n<li>\n<h3>Na\u0161a iskustva<\/h3>\n<\/li>\n<li><strong><a href=\"https:\/\/stranijezici.ffzg.unizg.hr\/wp-content\/uploads\/2022\/05\/SJ_10_4_16.pdf\">O NASTAVI \u0160PANJOLSKOG JEZIKA U SREDNJOJ \u0160KOLI<\/a><\/strong> (str. 350)\n<ul style=\"list-style-type: none;\">\n<li>\u2003\u2003 Silvija Maru\u0161i\u0107<\/li>\n<li><\/li>\n<\/ul>\n<\/li>\n<\/ul>\n<\/li>\n<\/ul>\n<p>&nbsp;<\/p>\n<ul style=\"list-style-type: none;\">\n<li style=\"list-style-type: none;\">\n<ul style=\"list-style-type: none;\">\n<li><strong><a href=\"https:\/\/stranijezici.ffzg.unizg.hr\/wp-content\/uploads\/2022\/05\/SJ_10_4_17.pdf\">VA\u017dNOST TIHOG \u010cITANJA U NASTAVI STRANOG JEZIKA<\/a><\/strong> (str. 352)\n<ul style=\"list-style-type: none;\">\n<li>\u2003\u2003 Draga Ro\u0161ki\u0107<\/li>\n<li><\/li>\n<\/ul>\n<\/li>\n<\/ul>\n<\/li>\n<\/ul>\n<p>&nbsp;<\/p>\n<ul style=\"list-style-type: none;\">\n<li style=\"list-style-type: none;\">\n<ul style=\"list-style-type: none;\">\n<li><strong><a href=\"https:\/\/stranijezici.ffzg.unizg.hr\/wp-content\/uploads\/2022\/05\/SJ_10_4_18.pdf\">SITUACIJE POGODNE ZA USVAJANJE GENITIVA PLURALA<\/a><\/strong> (str. 355)\n<ul style=\"list-style-type: none;\">\n<li>\u2003\u2003 Vu\u010dina i Danica Rai\u010devi\u0107<\/li>\n<li><\/li>\n<\/ul>\n<\/li>\n<\/ul>\n<\/li>\n<\/ul>\n<p>&nbsp;<\/p>\n<ul style=\"list-style-type: none;\">\n<li>\n<h3>Prikazi knjiga<\/h3>\n<\/li>\n<li><strong><a href=\"https:\/\/stranijezici.ffzg.unizg.hr\/wp-content\/uploads\/2022\/05\/SJ_10_4_19.pdf\">GIOVANNI FREDDI &#8211; DIDATTICA DELLE LINGUE MODERNE<\/a><\/strong> (str. 361)<\/li>\n<\/ul>\n<ul style=\"list-style-type: none;\">\n<li>\u2003\u2003 Nives Sironi\u0107-Bonefa\u010di\u0107<\/li>\n<li><\/li>\n<\/ul>\n<p>&nbsp;<\/p>\n<ul style=\"list-style-type: none;\">\n<li><strong><a href=\"https:\/\/stranijezici.ffzg.unizg.hr\/wp-content\/uploads\/2022\/05\/SJ_10_4_20.pdf\">VELIMIR PETROVI\u0106 &#8211; EINF\u00dcHRUNG IN DIE DEUTSCHE WIRTSCHAFTSSPRACHE<\/a><\/strong> (str. 364)<\/li>\n<li>\u2003\u2003 Livija Veki\u0107<\/li>\n<li><\/li>\n<\/ul>\n<p>&nbsp;<\/p>\n<ul style=\"list-style-type: none;\">\n<li><strong><a href=\"https:\/\/stranijezici.ffzg.unizg.hr\/wp-content\/uploads\/2022\/05\/SJ_10_4_21.pdf\">MARTHA KOLLN &#8211; UNDERSTANDING ENGLISH GRAMMAR<\/a><\/strong> (str. 365)<\/li>\n<li>\u2003\u2003 Damir Kalogjera<\/li>\n<li><\/li>\n<\/ul>\n<p>&nbsp;<\/p>\n","protected":false},"excerpt":{"rendered":"<p>1981., Vol 10. (4) Uvodna rije\u010d &nbsp; &nbsp; Sociolingvistika SOCIOLINGVISTIKA KAO NOVA LINGVISTIKA (str. 262) \u2003\u2003 Dubravko \u0160kiljan &nbsp; IDENTITET I STATUS SOCIOLINGVISTIKE KAO NAU\u010cNE DISCIPLINE (str. 267) \u2003\u2003 Ranko Bugarski &nbsp; NEKE IMPLIKACIJE SOCIOLINGVISTI\u010cKIH POJMOVA ZA NASTAVU JEZIKA (str. 275) \u2003\u2003 Damir Kalogjera &nbsp; SITUACIONI KONTEKST STRU\u010cNOG JEZIKA (str. 282) \u2003\u2003 Ljubomir Mihailovi\u0107 &nbsp; &hellip; <\/p>\n<p class=\"link-more\"><a href=\"https:\/\/stranijezici.ffzg.unizg.hr\/index.php\/vol10n4\/\" class=\"more-link\">Continue reading<span class=\"screen-reader-text\"> &#8220;Vol 10. (4)&#8221;<\/span><\/a><\/p>\n","protected":false},"author":2,"featured_media":0,"parent":0,"menu_order":0,"comment_status":"closed","ping_status":"closed","template":"","meta":{"ngg_post_thumbnail":0,"footnotes":""},"class_list":["post-1451","page","type-page","status-publish","hentry"],"_links":{"self":[{"href":"https:\/\/stranijezici.ffzg.unizg.hr\/index.php\/wp-json\/wp\/v2\/pages\/1451","targetHints":{"allow":["GET"]}}],"collection":[{"href":"https:\/\/stranijezici.ffzg.unizg.hr\/index.php\/wp-json\/wp\/v2\/pages"}],"about":[{"href":"https:\/\/stranijezici.ffzg.unizg.hr\/index.php\/wp-json\/wp\/v2\/types\/page"}],"author":[{"embeddable":true,"href":"https:\/\/stranijezici.ffzg.unizg.hr\/index.php\/wp-json\/wp\/v2\/users\/2"}],"replies":[{"embeddable":true,"href":"https:\/\/stranijezici.ffzg.unizg.hr\/index.php\/wp-json\/wp\/v2\/comments?post=1451"}],"version-history":[{"count":28,"href":"https:\/\/stranijezici.ffzg.unizg.hr\/index.php\/wp-json\/wp\/v2\/pages\/1451\/revisions"}],"predecessor-version":[{"id":3600,"href":"https:\/\/stranijezici.ffzg.unizg.hr\/index.php\/wp-json\/wp\/v2\/pages\/1451\/revisions\/3600"}],"wp:attachment":[{"href":"https:\/\/stranijezici.ffzg.unizg.hr\/index.php\/wp-json\/wp\/v2\/media?parent=1451"}],"curies":[{"name":"wp","href":"https:\/\/api.w.org\/{rel}","templated":true}]}}